{"id":9891,"date":"2025-04-03T03:47:54","date_gmt":"2025-04-03T03:47:54","guid":{"rendered":"https:\/\/vertitec.designstudio.host\/product\/stihl-imow-7\/"},"modified":"2026-04-12T04:49:10","modified_gmt":"2026-04-12T04:49:10","slug":"stihl-imow-7","status":"publish","type":"product","link":"https:\/\/vertitec.designstudio.host\/fr\/produit\/stihl-imow-7\/","title":{"rendered":"iMOW\u00ae 7"},"content":{"rendered":"","protected":false},"excerpt":{"rendered":"","protected":false},"featured_media":23866,"template":"","meta":{"_acf_changed":false},"product_brand":[],"product_cat":[218,217,228],"product_tag":[402,590,401],"class_list":{"0":"post-9891","1":"product","2":"type-product","3":"status-publish","4":"has-post-thumbnail","6":"product_cat-appareils-et-outils","7":"product_cat-stihl-2","8":"product_cat-tondeuses-robots-imow","9":"product_tag-stihl","10":"product_tag-syndifie","11":"product_tag-syndified","13":"first","14":"instock","15":"shipping-taxable","16":"purchasable","17":"product-type-simple"},"acf":[],"yoast_head":"<!-- This site is optimized with the Yoast SEO plugin v27.4 - https:\/\/yoast.com\/product\/yoast-seo-wordpress\/ -->\n<title>STIHL iMOW\u00ae 7 - Tondeuse robot<\/title>\n<meta name=\"description\" content=\"STIHL iMOW 7 Tondeuse robot STIHL iMOW 7 avec syst\u00e8me Disc-Cut pour la tonte de pelouses jusqu \u00e0 5 000 m et pour des pentes jusqu \u00e0 40 . Acheter ma...\" \/>\n<meta name=\"robots\" content=\"noindex, follow, max-snippet:-1, max-image-preview:large, max-video-preview:-1\" \/>\n<meta property=\"og:locale\" content=\"fr_FR\" \/>\n<meta property=\"og:type\" content=\"article\" \/>\n<meta property=\"og:title\" content=\"STIHL iMOW\u00ae 7 - Tondeuse robot\" \/>\n<meta property=\"og:description\" content=\"STIHL iMOW 7 Tondeuse robot STIHL iMOW 7 avec syst\u00e8me Disc-Cut pour la tonte de pelouses jusqu \u00e0 5 000 m et pour des pentes jusqu \u00e0 40 . Acheter ma...\" \/>\n<meta property=\"og:url\" content=\"https:\/\/vertitec.designstudio.host\/fr\/produit\/stihl-imow-7\/\" \/>\n<meta property=\"og:site_name\" content=\"Vertitec BV\" \/>\n<meta property=\"article:modified_time\" content=\"2026-04-12T04:49:10+00:00\" \/>\n<meta property=\"og:image\" content=\"https:\/\/vertitec.designstudio.host\/wp-content\/uploads\/2025\/12\/95347_iMow-Basic-EU_HQ_P_2022-08_0005-3.webp\" \/>\n\t<meta property=\"og:image:width\" content=\"960\" \/>\n\t<meta property=\"og:image:height\" content=\"640\" \/>\n\t<meta property=\"og:image:type\" content=\"image\/webp\" \/>\n<meta name=\"twitter:card\" content=\"summary_large_image\" \/>\n<meta name=\"twitter:title\" content=\"STIHL iMOW\u00ae 7 - Tondeuse robot\" \/>\n<meta name=\"twitter:description\" content=\"STIHL iMOW 7 Tondeuse robot STIHL iMOW 7 avec syst\u00e8me Disc-Cut pour la tonte de pelouses jusqu \u00e0 5 000 m et pour des pentes jusqu \u00e0 40 . Acheter ma...\" \/>\n<meta name=\"twitter:image\" content=\"https:\/\/vertitec.designstudio.host\/wp-content\/uploads\/2025\/12\/95347_iMow-Basic-EU_HQ_P_2022-08_0005-3.webp\" \/>\n<script type=\"application\/ld+json\" class=\"yoast-schema-graph\">{\"@context\":\"https:\\\/\\\/schema.org\",\"@graph\":[{\"@type\":\"WebPage\",\"@id\":\"https:\\\/\\\/vertitec.designstudio.host\\\/fr\\\/produit\\\/stihl-imow-7\\\/\",\"url\":\"https:\\\/\\\/vertitec.designstudio.host\\\/fr\\\/produit\\\/stihl-imow-7\\\/\",\"name\":\"STIHL iMOW\u00ae 7 - Tondeuse robot\",\"isPartOf\":{\"@id\":\"https:\\\/\\\/vertitec.designstudio.host\\\/fr\\\/#website\"},\"primaryImageOfPage\":{\"@id\":\"https:\\\/\\\/vertitec.designstudio.host\\\/fr\\\/produit\\\/stihl-imow-7\\\/#primaryimage\"},\"image\":{\"@id\":\"https:\\\/\\\/vertitec.designstudio.host\\\/fr\\\/produit\\\/stihl-imow-7\\\/#primaryimage\"},\"thumbnailUrl\":\"https:\\\/\\\/vertitec.designstudio.host\\\/wp-content\\\/uploads\\\/2025\\\/12\\\/95347_iMow-Basic-EU_HQ_P_2022-08_0005-3.webp\",\"datePublished\":\"2025-04-03T03:47:54+00:00\",\"dateModified\":\"2026-04-12T04:49:10+00:00\",\"description\":\"STIHL iMOW 7 Tondeuse robot STIHL iMOW 7 avec syst\u00e8me Disc-Cut pour la tonte de pelouses jusqu \u00e0 5 000 m et pour des pentes jusqu \u00e0 40 . Acheter ma...\",\"breadcrumb\":{\"@id\":\"https:\\\/\\\/vertitec.designstudio.host\\\/fr\\\/produit\\\/stihl-imow-7\\\/#breadcrumb\"},\"inLanguage\":\"fr-FR\",\"potentialAction\":[{\"@type\":\"ReadAction\",\"target\":[\"https:\\\/\\\/vertitec.designstudio.host\\\/fr\\\/produit\\\/stihl-imow-7\\\/\"]}]},{\"@type\":\"ImageObject\",\"inLanguage\":\"fr-FR\",\"@id\":\"https:\\\/\\\/vertitec.designstudio.host\\\/fr\\\/produit\\\/stihl-imow-7\\\/#primaryimage\",\"url\":\"https:\\\/\\\/vertitec.designstudio.host\\\/wp-content\\\/uploads\\\/2025\\\/12\\\/95347_iMow-Basic-EU_HQ_P_2022-08_0005-3.webp\",\"contentUrl\":\"https:\\\/\\\/vertitec.designstudio.host\\\/wp-content\\\/uploads\\\/2025\\\/12\\\/95347_iMow-Basic-EU_HQ_P_2022-08_0005-3.webp\",\"width\":960,\"height\":640},{\"@type\":\"BreadcrumbList\",\"@id\":\"https:\\\/\\\/vertitec.designstudio.host\\\/fr\\\/produit\\\/stihl-imow-7\\\/#breadcrumb\",\"itemListElement\":[{\"@type\":\"ListItem\",\"position\":1,\"name\":\"Accueil\",\"item\":\"https:\\\/\\\/vertitec.designstudio.host\\\/fr\\\/\"},{\"@type\":\"ListItem\",\"position\":2,\"name\":\"Boutique\",\"item\":\"https:\\\/\\\/vertitec.designstudio.host\\\/fr\\\/boutique\\\/\"},{\"@type\":\"ListItem\",\"position\":3,\"name\":\"iMOW\u00ae 7\"}]},{\"@type\":\"WebSite\",\"@id\":\"https:\\\/\\\/vertitec.designstudio.host\\\/fr\\\/#website\",\"url\":\"https:\\\/\\\/vertitec.designstudio.host\\\/fr\\\/\",\"name\":\"Vertitec BV\",\"description\":\"\",\"potentialAction\":[{\"@type\":\"SearchAction\",\"target\":{\"@type\":\"EntryPoint\",\"urlTemplate\":\"https:\\\/\\\/vertitec.designstudio.host\\\/fr\\\/?s={search_term_string}\"},\"query-input\":{\"@type\":\"PropertyValueSpecification\",\"valueRequired\":true,\"valueName\":\"search_term_string\"}}],\"inLanguage\":\"fr-FR\"}]}<\/script>\n<!-- \/ Yoast SEO plugin. -->","yoast_head_json":{"title":"STIHL iMOW\u00ae 7 - Tondeuse robot","description":"STIHL iMOW 7 Tondeuse robot STIHL iMOW 7 avec syst\u00e8me Disc-Cut pour la tonte de pelouses jusqu \u00e0 5 000 m et pour des pentes jusqu \u00e0 40 . Acheter ma...","robots":{"index":"noindex","follow":"follow","max-snippet":"max-snippet:-1","max-image-preview":"max-image-preview:large","max-video-preview":"max-video-preview:-1"},"og_locale":"fr_FR","og_type":"article","og_title":"STIHL iMOW\u00ae 7 - Tondeuse robot","og_description":"STIHL iMOW 7 Tondeuse robot STIHL iMOW 7 avec syst\u00e8me Disc-Cut pour la tonte de pelouses jusqu \u00e0 5 000 m et pour des pentes jusqu \u00e0 40 . Acheter ma...","og_url":"https:\/\/vertitec.designstudio.host\/fr\/produit\/stihl-imow-7\/","og_site_name":"Vertitec BV","article_modified_time":"2026-04-12T04:49:10+00:00","og_image":[{"width":960,"height":640,"url":"https:\/\/vertitec.designstudio.host\/wp-content\/uploads\/2025\/12\/95347_iMow-Basic-EU_HQ_P_2022-08_0005-3.webp","type":"image\/webp"}],"twitter_card":"summary_large_image","twitter_title":"STIHL iMOW\u00ae 7 - Tondeuse robot","twitter_description":"STIHL iMOW 7 Tondeuse robot STIHL iMOW 7 avec syst\u00e8me Disc-Cut pour la tonte de pelouses jusqu \u00e0 5 000 m et pour des pentes jusqu \u00e0 40 . Acheter ma...","twitter_image":"https:\/\/vertitec.designstudio.host\/wp-content\/uploads\/2025\/12\/95347_iMow-Basic-EU_HQ_P_2022-08_0005-3.webp","schema":{"@context":"https:\/\/schema.org","@graph":[{"@type":"WebPage","@id":"https:\/\/vertitec.designstudio.host\/fr\/produit\/stihl-imow-7\/","url":"https:\/\/vertitec.designstudio.host\/fr\/produit\/stihl-imow-7\/","name":"STIHL iMOW\u00ae 7 - Tondeuse robot","isPartOf":{"@id":"https:\/\/vertitec.designstudio.host\/fr\/#website"},"primaryImageOfPage":{"@id":"https:\/\/vertitec.designstudio.host\/fr\/produit\/stihl-imow-7\/#primaryimage"},"image":{"@id":"https:\/\/vertitec.designstudio.host\/fr\/produit\/stihl-imow-7\/#primaryimage"},"thumbnailUrl":"https:\/\/vertitec.designstudio.host\/wp-content\/uploads\/2025\/12\/95347_iMow-Basic-EU_HQ_P_2022-08_0005-3.webp","datePublished":"2025-04-03T03:47:54+00:00","dateModified":"2026-04-12T04:49:10+00:00","description":"STIHL iMOW 7 Tondeuse robot STIHL iMOW 7 avec syst\u00e8me Disc-Cut pour la tonte de pelouses jusqu \u00e0 5 000 m et pour des pentes jusqu \u00e0 40 . Acheter ma...","breadcrumb":{"@id":"https:\/\/vertitec.designstudio.host\/fr\/produit\/stihl-imow-7\/#breadcrumb"},"inLanguage":"fr-FR","potentialAction":[{"@type":"ReadAction","target":["https:\/\/vertitec.designstudio.host\/fr\/produit\/stihl-imow-7\/"]}]},{"@type":"ImageObject","inLanguage":"fr-FR","@id":"https:\/\/vertitec.designstudio.host\/fr\/produit\/stihl-imow-7\/#primaryimage","url":"https:\/\/vertitec.designstudio.host\/wp-content\/uploads\/2025\/12\/95347_iMow-Basic-EU_HQ_P_2022-08_0005-3.webp","contentUrl":"https:\/\/vertitec.designstudio.host\/wp-content\/uploads\/2025\/12\/95347_iMow-Basic-EU_HQ_P_2022-08_0005-3.webp","width":960,"height":640},{"@type":"BreadcrumbList","@id":"https:\/\/vertitec.designstudio.host\/fr\/produit\/stihl-imow-7\/#breadcrumb","itemListElement":[{"@type":"ListItem","position":1,"name":"Accueil","item":"https:\/\/vertitec.designstudio.host\/fr\/"},{"@type":"ListItem","position":2,"name":"Boutique","item":"https:\/\/vertitec.designstudio.host\/fr\/boutique\/"},{"@type":"ListItem","position":3,"name":"iMOW\u00ae 7"}]},{"@type":"WebSite","@id":"https:\/\/vertitec.designstudio.host\/fr\/#website","url":"https:\/\/vertitec.designstudio.host\/fr\/","name":"Vertitec BV","description":"","potentialAction":[{"@type":"SearchAction","target":{"@type":"EntryPoint","urlTemplate":"https:\/\/vertitec.designstudio.host\/fr\/?s={search_term_string}"},"query-input":{"@type":"PropertyValueSpecification","valueRequired":true,"valueName":"search_term_string"}}],"inLanguage":"fr-FR"}]}},"_links":{"self":[{"href":"https:\/\/vertitec.designstudio.host\/fr\/wp-json\/wp\/v2\/product\/9891","targetHints":{"allow":["GET"]}}],"collection":[{"href":"https:\/\/vertitec.designstudio.host\/fr\/wp-json\/wp\/v2\/product"}],"about":[{"href":"https:\/\/vertitec.designstudio.host\/fr\/wp-json\/wp\/v2\/types\/product"}],"wp:featuredmedia":[{"embeddable":true,"href":"https:\/\/vertitec.designstudio.host\/fr\/wp-json\/wp\/v2\/media\/23866"}],"wp:attachment":[{"href":"https:\/\/vertitec.designstudio.host\/fr\/wp-json\/wp\/v2\/media?parent=9891"}],"wp:term":[{"taxonomy":"product_brand","embeddable":true,"href":"https:\/\/vertitec.designstudio.host\/fr\/wp-json\/wp\/v2\/product_brand?post=9891"},{"taxonomy":"product_cat","embeddable":true,"href":"https:\/\/vertitec.designstudio.host\/fr\/wp-json\/wp\/v2\/product_cat?post=9891"},{"taxonomy":"product_tag","embeddable":true,"href":"https:\/\/vertitec.designstudio.host\/fr\/wp-json\/wp\/v2\/product_tag?post=9891"}],"curies":[{"name":"wp","href":"https:\/\/api.w.org\/{rel}","templated":true}]}}