{"id":9147,"date":"2025-04-03T02:26:31","date_gmt":"2025-04-03T02:26:31","guid":{"rendered":"https:\/\/vertitec.designstudio.host\/product\/stihl-ms-261-c-m-40-cm-rs-pro-325-r\/"},"modified":"2026-04-14T14:33:32","modified_gmt":"2026-04-14T14:33:32","slug":"stihl-ms-261-c-m-40-cm-rs-pro-325-r","status":"publish","type":"product","link":"https:\/\/vertitec.designstudio.host\/fr\/produit\/stihl-ms-261-c-m-40-cm-rs-pro-325-r\/","title":{"rendered":"MS 261 C-M, 40 cm, RS Pro, .325&Prime; R"},"content":{"rendered":"","protected":false},"excerpt":{"rendered":"","protected":false},"featured_media":23695,"template":"","meta":{"_acf_changed":false},"product_brand":[],"product_cat":[218,217,220],"product_tag":[402,590,401],"class_list":{"0":"post-9147","1":"product","2":"type-product","3":"status-publish","4":"has-post-thumbnail","6":"product_cat-appareils-et-outils","7":"product_cat-stihl-2","8":"product_cat-tronconneuses","9":"product_tag-stihl","10":"product_tag-syndifie","11":"product_tag-syndified","13":"first","14":"instock","15":"shipping-taxable","16":"purchasable","17":"product-type-simple"},"acf":[],"yoast_head":"<!-- This site is optimized with the Yoast SEO plugin v27.4 - https:\/\/yoast.com\/product\/yoast-seo-wordpress\/ -->\n<title>STIHL Tron\u00e7onneuse thermique MS 261 C-M<\/title>\n<meta name=\"description\" content=\"STIHL MS 261 C-M, 40 cm, RS Pro, .325 R Tron\u00e7onneuse thermique durable d une puissance de 3,0 kW. Extr\u00eamement robuste gr\u00e2ce \u00e0 STIHL M-Tronic, avec...\" \/>\n<meta name=\"robots\" content=\"noindex, follow, max-snippet:-1, max-image-preview:large, max-video-preview:-1\" \/>\n<meta property=\"og:locale\" content=\"fr_FR\" \/>\n<meta property=\"og:type\" content=\"article\" \/>\n<meta property=\"og:title\" content=\"STIHL Tron\u00e7onneuse thermique MS 261 C-M\" \/>\n<meta property=\"og:description\" content=\"STIHL MS 261 C-M, 40 cm, RS Pro, .325 R Tron\u00e7onneuse thermique durable d une puissance de 3,0 kW. Extr\u00eamement robuste gr\u00e2ce \u00e0 STIHL M-Tronic, avec...\" \/>\n<meta property=\"og:url\" content=\"https:\/\/vertitec.designstudio.host\/fr\/produit\/stihl-ms-261-c-m-40-cm-rs-pro-325-r\/\" \/>\n<meta property=\"og:site_name\" content=\"Vertitec BV\" \/>\n<meta property=\"article:modified_time\" content=\"2026-04-14T14:33:32+00:00\" \/>\n<meta property=\"og:image\" content=\"https:\/\/vertitec.designstudio.host\/wp-content\/uploads\/2025\/12\/13547_MS-MS261CM-SR-001.webp\" \/>\n\t<meta property=\"og:image:width\" content=\"960\" \/>\n\t<meta property=\"og:image:height\" content=\"640\" \/>\n\t<meta property=\"og:image:type\" content=\"image\/webp\" \/>\n<meta name=\"twitter:card\" content=\"summary_large_image\" \/>\n<meta name=\"twitter:title\" content=\"STIHL Tron\u00e7onneuse thermique MS 261 C-M\" \/>\n<meta name=\"twitter:description\" content=\"STIHL MS 261 C-M, 40 cm, RS Pro, .325 R Tron\u00e7onneuse thermique durable d une puissance de 3,0 kW. Extr\u00eamement robuste gr\u00e2ce \u00e0 STIHL M-Tronic, avec...\" \/>\n<meta name=\"twitter:image\" content=\"https:\/\/vertitec.designstudio.host\/wp-content\/uploads\/2025\/12\/13547_MS-MS261CM-SR-001.webp\" \/>\n<script type=\"application\/ld+json\" class=\"yoast-schema-graph\">{\"@context\":\"https:\\\/\\\/schema.org\",\"@graph\":[{\"@type\":\"WebPage\",\"@id\":\"https:\\\/\\\/vertitec.designstudio.host\\\/fr\\\/produit\\\/stihl-ms-261-c-m-40-cm-rs-pro-325-r\\\/\",\"url\":\"https:\\\/\\\/vertitec.designstudio.host\\\/fr\\\/produit\\\/stihl-ms-261-c-m-40-cm-rs-pro-325-r\\\/\",\"name\":\"STIHL Tron\u00e7onneuse thermique MS 261 C-M\",\"isPartOf\":{\"@id\":\"https:\\\/\\\/vertitec.designstudio.host\\\/fr\\\/#website\"},\"primaryImageOfPage\":{\"@id\":\"https:\\\/\\\/vertitec.designstudio.host\\\/fr\\\/produit\\\/stihl-ms-261-c-m-40-cm-rs-pro-325-r\\\/#primaryimage\"},\"image\":{\"@id\":\"https:\\\/\\\/vertitec.designstudio.host\\\/fr\\\/produit\\\/stihl-ms-261-c-m-40-cm-rs-pro-325-r\\\/#primaryimage\"},\"thumbnailUrl\":\"https:\\\/\\\/vertitec.designstudio.host\\\/wp-content\\\/uploads\\\/2025\\\/12\\\/13547_MS-MS261CM-SR-001.webp\",\"datePublished\":\"2025-04-03T02:26:31+00:00\",\"dateModified\":\"2026-04-14T14:33:32+00:00\",\"description\":\"STIHL MS 261 C-M, 40 cm, RS Pro, .325 R Tron\u00e7onneuse thermique durable d une puissance de 3,0 kW. Extr\u00eamement robuste gr\u00e2ce \u00e0 STIHL M-Tronic, avec...\",\"breadcrumb\":{\"@id\":\"https:\\\/\\\/vertitec.designstudio.host\\\/fr\\\/produit\\\/stihl-ms-261-c-m-40-cm-rs-pro-325-r\\\/#breadcrumb\"},\"inLanguage\":\"fr-FR\",\"potentialAction\":[{\"@type\":\"ReadAction\",\"target\":[\"https:\\\/\\\/vertitec.designstudio.host\\\/fr\\\/produit\\\/stihl-ms-261-c-m-40-cm-rs-pro-325-r\\\/\"]}]},{\"@type\":\"ImageObject\",\"inLanguage\":\"fr-FR\",\"@id\":\"https:\\\/\\\/vertitec.designstudio.host\\\/fr\\\/produit\\\/stihl-ms-261-c-m-40-cm-rs-pro-325-r\\\/#primaryimage\",\"url\":\"https:\\\/\\\/vertitec.designstudio.host\\\/wp-content\\\/uploads\\\/2025\\\/12\\\/13547_MS-MS261CM-SR-001.webp\",\"contentUrl\":\"https:\\\/\\\/vertitec.designstudio.host\\\/wp-content\\\/uploads\\\/2025\\\/12\\\/13547_MS-MS261CM-SR-001.webp\",\"width\":960,\"height\":640},{\"@type\":\"BreadcrumbList\",\"@id\":\"https:\\\/\\\/vertitec.designstudio.host\\\/fr\\\/produit\\\/stihl-ms-261-c-m-40-cm-rs-pro-325-r\\\/#breadcrumb\",\"itemListElement\":[{\"@type\":\"ListItem\",\"position\":1,\"name\":\"Accueil\",\"item\":\"https:\\\/\\\/vertitec.designstudio.host\\\/fr\\\/\"},{\"@type\":\"ListItem\",\"position\":2,\"name\":\"Boutique\",\"item\":\"https:\\\/\\\/vertitec.designstudio.host\\\/fr\\\/boutique\\\/\"},{\"@type\":\"ListItem\",\"position\":3,\"name\":\"MS 261 C-M, 40 cm, RS Pro, .325&#8243; R\"}]},{\"@type\":\"WebSite\",\"@id\":\"https:\\\/\\\/vertitec.designstudio.host\\\/fr\\\/#website\",\"url\":\"https:\\\/\\\/vertitec.designstudio.host\\\/fr\\\/\",\"name\":\"Vertitec BV\",\"description\":\"\",\"potentialAction\":[{\"@type\":\"SearchAction\",\"target\":{\"@type\":\"EntryPoint\",\"urlTemplate\":\"https:\\\/\\\/vertitec.designstudio.host\\\/fr\\\/?s={search_term_string}\"},\"query-input\":{\"@type\":\"PropertyValueSpecification\",\"valueRequired\":true,\"valueName\":\"search_term_string\"}}],\"inLanguage\":\"fr-FR\"}]}<\/script>\n<!-- \/ Yoast SEO plugin. -->","yoast_head_json":{"title":"STIHL Tron\u00e7onneuse thermique MS 261 C-M","description":"STIHL MS 261 C-M, 40 cm, RS Pro, .325 R Tron\u00e7onneuse thermique durable d une puissance de 3,0 kW. Extr\u00eamement robuste gr\u00e2ce \u00e0 STIHL M-Tronic, avec...","robots":{"index":"noindex","follow":"follow","max-snippet":"max-snippet:-1","max-image-preview":"max-image-preview:large","max-video-preview":"max-video-preview:-1"},"og_locale":"fr_FR","og_type":"article","og_title":"STIHL Tron\u00e7onneuse thermique MS 261 C-M","og_description":"STIHL MS 261 C-M, 40 cm, RS Pro, .325 R Tron\u00e7onneuse thermique durable d une puissance de 3,0 kW. Extr\u00eamement robuste gr\u00e2ce \u00e0 STIHL M-Tronic, avec...","og_url":"https:\/\/vertitec.designstudio.host\/fr\/produit\/stihl-ms-261-c-m-40-cm-rs-pro-325-r\/","og_site_name":"Vertitec BV","article_modified_time":"2026-04-14T14:33:32+00:00","og_image":[{"width":960,"height":640,"url":"https:\/\/vertitec.designstudio.host\/wp-content\/uploads\/2025\/12\/13547_MS-MS261CM-SR-001.webp","type":"image\/webp"}],"twitter_card":"summary_large_image","twitter_title":"STIHL Tron\u00e7onneuse thermique MS 261 C-M","twitter_description":"STIHL MS 261 C-M, 40 cm, RS Pro, .325 R Tron\u00e7onneuse thermique durable d une puissance de 3,0 kW. Extr\u00eamement robuste gr\u00e2ce \u00e0 STIHL M-Tronic, avec...","twitter_image":"https:\/\/vertitec.designstudio.host\/wp-content\/uploads\/2025\/12\/13547_MS-MS261CM-SR-001.webp","schema":{"@context":"https:\/\/schema.org","@graph":[{"@type":"WebPage","@id":"https:\/\/vertitec.designstudio.host\/fr\/produit\/stihl-ms-261-c-m-40-cm-rs-pro-325-r\/","url":"https:\/\/vertitec.designstudio.host\/fr\/produit\/stihl-ms-261-c-m-40-cm-rs-pro-325-r\/","name":"STIHL Tron\u00e7onneuse thermique MS 261 C-M","isPartOf":{"@id":"https:\/\/vertitec.designstudio.host\/fr\/#website"},"primaryImageOfPage":{"@id":"https:\/\/vertitec.designstudio.host\/fr\/produit\/stihl-ms-261-c-m-40-cm-rs-pro-325-r\/#primaryimage"},"image":{"@id":"https:\/\/vertitec.designstudio.host\/fr\/produit\/stihl-ms-261-c-m-40-cm-rs-pro-325-r\/#primaryimage"},"thumbnailUrl":"https:\/\/vertitec.designstudio.host\/wp-content\/uploads\/2025\/12\/13547_MS-MS261CM-SR-001.webp","datePublished":"2025-04-03T02:26:31+00:00","dateModified":"2026-04-14T14:33:32+00:00","description":"STIHL MS 261 C-M, 40 cm, RS Pro, .325 R Tron\u00e7onneuse thermique durable d une puissance de 3,0 kW. Extr\u00eamement robuste gr\u00e2ce \u00e0 STIHL M-Tronic, avec...","breadcrumb":{"@id":"https:\/\/vertitec.designstudio.host\/fr\/produit\/stihl-ms-261-c-m-40-cm-rs-pro-325-r\/#breadcrumb"},"inLanguage":"fr-FR","potentialAction":[{"@type":"ReadAction","target":["https:\/\/vertitec.designstudio.host\/fr\/produit\/stihl-ms-261-c-m-40-cm-rs-pro-325-r\/"]}]},{"@type":"ImageObject","inLanguage":"fr-FR","@id":"https:\/\/vertitec.designstudio.host\/fr\/produit\/stihl-ms-261-c-m-40-cm-rs-pro-325-r\/#primaryimage","url":"https:\/\/vertitec.designstudio.host\/wp-content\/uploads\/2025\/12\/13547_MS-MS261CM-SR-001.webp","contentUrl":"https:\/\/vertitec.designstudio.host\/wp-content\/uploads\/2025\/12\/13547_MS-MS261CM-SR-001.webp","width":960,"height":640},{"@type":"BreadcrumbList","@id":"https:\/\/vertitec.designstudio.host\/fr\/produit\/stihl-ms-261-c-m-40-cm-rs-pro-325-r\/#breadcrumb","itemListElement":[{"@type":"ListItem","position":1,"name":"Accueil","item":"https:\/\/vertitec.designstudio.host\/fr\/"},{"@type":"ListItem","position":2,"name":"Boutique","item":"https:\/\/vertitec.designstudio.host\/fr\/boutique\/"},{"@type":"ListItem","position":3,"name":"MS 261 C-M, 40 cm, RS Pro, .325&#8243; R"}]},{"@type":"WebSite","@id":"https:\/\/vertitec.designstudio.host\/fr\/#website","url":"https:\/\/vertitec.designstudio.host\/fr\/","name":"Vertitec BV","description":"","potentialAction":[{"@type":"SearchAction","target":{"@type":"EntryPoint","urlTemplate":"https:\/\/vertitec.designstudio.host\/fr\/?s={search_term_string}"},"query-input":{"@type":"PropertyValueSpecification","valueRequired":true,"valueName":"search_term_string"}}],"inLanguage":"fr-FR"}]}},"_links":{"self":[{"href":"https:\/\/vertitec.designstudio.host\/fr\/wp-json\/wp\/v2\/product\/9147","targetHints":{"allow":["GET"]}}],"collection":[{"href":"https:\/\/vertitec.designstudio.host\/fr\/wp-json\/wp\/v2\/product"}],"about":[{"href":"https:\/\/vertitec.designstudio.host\/fr\/wp-json\/wp\/v2\/types\/product"}],"wp:featuredmedia":[{"embeddable":true,"href":"https:\/\/vertitec.designstudio.host\/fr\/wp-json\/wp\/v2\/media\/23695"}],"wp:attachment":[{"href":"https:\/\/vertitec.designstudio.host\/fr\/wp-json\/wp\/v2\/media?parent=9147"}],"wp:term":[{"taxonomy":"product_brand","embeddable":true,"href":"https:\/\/vertitec.designstudio.host\/fr\/wp-json\/wp\/v2\/product_brand?post=9147"},{"taxonomy":"product_cat","embeddable":true,"href":"https:\/\/vertitec.designstudio.host\/fr\/wp-json\/wp\/v2\/product_cat?post=9147"},{"taxonomy":"product_tag","embeddable":true,"href":"https:\/\/vertitec.designstudio.host\/fr\/wp-json\/wp\/v2\/product_tag?post=9147"}],"curies":[{"name":"wp","href":"https:\/\/api.w.org\/{rel}","templated":true}]}}