{"id":33260,"date":"2026-04-11T07:47:25","date_gmt":"2026-04-11T07:47:25","guid":{"rendered":"https:\/\/vertitec.designstudio.host\/product\/stihl-hsa-26-avec-als-31-et-as-2-fr\/"},"modified":"2026-04-12T05:58:31","modified_gmt":"2026-04-12T05:58:31","slug":"stihl-hsa-26-avec-als-31-et-as-2-fr","status":"publish","type":"product","link":"https:\/\/vertitec.designstudio.host\/fr\/produit\/stihl-hsa-26-avec-als-31-et-as-2-fr\/","title":{"rendered":"HSA 26, avec ALS 31 et AS 2"},"content":{"rendered":"","protected":false},"excerpt":{"rendered":"","protected":false},"featured_media":33261,"template":"","meta":{"_acf_changed":false},"product_brand":[],"product_cat":[218,217,221],"product_tag":[402,401],"class_list":{"0":"post-33260","1":"product","2":"type-product","3":"status-publish","4":"has-post-thumbnail","6":"product_cat-appareils-et-outils","7":"product_cat-stihl-2","8":"product_cat-taille-haies-taille-haies-sur-perche","9":"product_tag-stihl","10":"product_tag-syndified","12":"first","13":"instock","14":"shipping-taxable","15":"purchasable","16":"product-type-simple"},"acf":[],"yoast_head":"<!-- This site is optimized with the Yoast SEO plugin v27.4 - https:\/\/yoast.com\/product\/yoast-seo-wordpress\/ -->\n<title>STIHL HSA 26 en set - Taille-haie sur batterie<\/title>\n<meta name=\"description\" content=\"STIHL HSA 26, avec ALS 31 et AS 2 par Vertitec BV \u00e0 Enghien, Belgique. Cisaille \u00e0 gazon et taille-buis l\u00e9ger sur batterie STIHL HSA 26, disponible ...\" \/>\n<meta name=\"robots\" content=\"noindex, follow, max-snippet:-1, max-image-preview:large, max-video-preview:-1\" \/>\n<meta property=\"og:locale\" content=\"fr_FR\" \/>\n<meta property=\"og:type\" content=\"article\" \/>\n<meta property=\"og:title\" content=\"STIHL HSA 26 en set - Taille-haie sur batterie\" \/>\n<meta property=\"og:description\" content=\"STIHL HSA 26, avec ALS 31 et AS 2 par Vertitec BV \u00e0 Enghien, Belgique. Cisaille \u00e0 gazon et taille-buis l\u00e9ger sur batterie STIHL HSA 26, disponible ...\" \/>\n<meta property=\"og:url\" content=\"https:\/\/vertitec.designstudio.host\/fr\/produit\/stihl-hsa-26-avec-als-31-et-as-2-fr\/\" \/>\n<meta property=\"og:site_name\" content=\"Vertitec BV\" \/>\n<meta property=\"article:modified_time\" content=\"2026-04-12T05:58:31+00:00\" \/>\n<meta property=\"og:image\" content=\"https:\/\/vertitec.designstudio.host\/wp-content\/uploads\/2026\/04\/143867_Set-HSA26-AS2-1xALS31_HQ_P_2026-01_0001-1.webp\" \/>\n\t<meta property=\"og:image:width\" content=\"960\" \/>\n\t<meta property=\"og:image:height\" content=\"720\" \/>\n\t<meta property=\"og:image:type\" content=\"image\/webp\" \/>\n<meta name=\"twitter:card\" content=\"summary_large_image\" \/>\n<meta name=\"twitter:title\" content=\"STIHL HSA 26 en set - Taille-haie sur batterie\" \/>\n<meta name=\"twitter:description\" content=\"STIHL HSA 26, avec ALS 31 et AS 2 par Vertitec BV \u00e0 Enghien, Belgique. Cisaille \u00e0 gazon et taille-buis l\u00e9ger sur batterie STIHL HSA 26, disponible ...\" \/>\n<meta name=\"twitter:image\" content=\"https:\/\/vertitec.designstudio.host\/wp-content\/uploads\/2026\/04\/143867_Set-HSA26-AS2-1xALS31_HQ_P_2026-01_0001-1.webp\" \/>\n<script type=\"application\/ld+json\" class=\"yoast-schema-graph\">{\"@context\":\"https:\\\/\\\/schema.org\",\"@graph\":[{\"@type\":\"WebPage\",\"@id\":\"https:\\\/\\\/vertitec.designstudio.host\\\/fr\\\/produit\\\/stihl-hsa-26-avec-als-31-et-as-2-fr\\\/\",\"url\":\"https:\\\/\\\/vertitec.designstudio.host\\\/fr\\\/produit\\\/stihl-hsa-26-avec-als-31-et-as-2-fr\\\/\",\"name\":\"STIHL HSA 26 en set - Taille-haie sur batterie\",\"isPartOf\":{\"@id\":\"https:\\\/\\\/vertitec.designstudio.host\\\/fr\\\/#website\"},\"primaryImageOfPage\":{\"@id\":\"https:\\\/\\\/vertitec.designstudio.host\\\/fr\\\/produit\\\/stihl-hsa-26-avec-als-31-et-as-2-fr\\\/#primaryimage\"},\"image\":{\"@id\":\"https:\\\/\\\/vertitec.designstudio.host\\\/fr\\\/produit\\\/stihl-hsa-26-avec-als-31-et-as-2-fr\\\/#primaryimage\"},\"thumbnailUrl\":\"https:\\\/\\\/vertitec.designstudio.host\\\/wp-content\\\/uploads\\\/2026\\\/04\\\/143867_Set-HSA26-AS2-1xALS31_HQ_P_2026-01_0001-1.webp\",\"datePublished\":\"2026-04-11T07:47:25+00:00\",\"dateModified\":\"2026-04-12T05:58:31+00:00\",\"description\":\"STIHL HSA 26, avec ALS 31 et AS 2 par Vertitec BV \u00e0 Enghien, Belgique. Cisaille \u00e0 gazon et taille-buis l\u00e9ger sur batterie STIHL HSA 26, disponible ...\",\"breadcrumb\":{\"@id\":\"https:\\\/\\\/vertitec.designstudio.host\\\/fr\\\/produit\\\/stihl-hsa-26-avec-als-31-et-as-2-fr\\\/#breadcrumb\"},\"inLanguage\":\"fr-FR\",\"potentialAction\":[{\"@type\":\"ReadAction\",\"target\":[\"https:\\\/\\\/vertitec.designstudio.host\\\/fr\\\/produit\\\/stihl-hsa-26-avec-als-31-et-as-2-fr\\\/\"]}]},{\"@type\":\"ImageObject\",\"inLanguage\":\"fr-FR\",\"@id\":\"https:\\\/\\\/vertitec.designstudio.host\\\/fr\\\/produit\\\/stihl-hsa-26-avec-als-31-et-as-2-fr\\\/#primaryimage\",\"url\":\"https:\\\/\\\/vertitec.designstudio.host\\\/wp-content\\\/uploads\\\/2026\\\/04\\\/143867_Set-HSA26-AS2-1xALS31_HQ_P_2026-01_0001-1.webp\",\"contentUrl\":\"https:\\\/\\\/vertitec.designstudio.host\\\/wp-content\\\/uploads\\\/2026\\\/04\\\/143867_Set-HSA26-AS2-1xALS31_HQ_P_2026-01_0001-1.webp\",\"width\":960,\"height\":720},{\"@type\":\"BreadcrumbList\",\"@id\":\"https:\\\/\\\/vertitec.designstudio.host\\\/fr\\\/produit\\\/stihl-hsa-26-avec-als-31-et-as-2-fr\\\/#breadcrumb\",\"itemListElement\":[{\"@type\":\"ListItem\",\"position\":1,\"name\":\"Accueil\",\"item\":\"https:\\\/\\\/vertitec.designstudio.host\\\/fr\\\/\"},{\"@type\":\"ListItem\",\"position\":2,\"name\":\"Boutique\",\"item\":\"https:\\\/\\\/vertitec.designstudio.host\\\/fr\\\/boutique\\\/\"},{\"@type\":\"ListItem\",\"position\":3,\"name\":\"HSA 26, avec ALS 31 et AS 2\"}]},{\"@type\":\"WebSite\",\"@id\":\"https:\\\/\\\/vertitec.designstudio.host\\\/fr\\\/#website\",\"url\":\"https:\\\/\\\/vertitec.designstudio.host\\\/fr\\\/\",\"name\":\"Vertitec BV\",\"description\":\"\",\"potentialAction\":[{\"@type\":\"SearchAction\",\"target\":{\"@type\":\"EntryPoint\",\"urlTemplate\":\"https:\\\/\\\/vertitec.designstudio.host\\\/fr\\\/?s={search_term_string}\"},\"query-input\":{\"@type\":\"PropertyValueSpecification\",\"valueRequired\":true,\"valueName\":\"search_term_string\"}}],\"inLanguage\":\"fr-FR\"}]}<\/script>\n<!-- \/ Yoast SEO plugin. -->","yoast_head_json":{"title":"STIHL HSA 26 en set - Taille-haie sur batterie","description":"STIHL HSA 26, avec ALS 31 et AS 2 par Vertitec BV \u00e0 Enghien, Belgique. Cisaille \u00e0 gazon et taille-buis l\u00e9ger sur batterie STIHL HSA 26, disponible ...","robots":{"index":"noindex","follow":"follow","max-snippet":"max-snippet:-1","max-image-preview":"max-image-preview:large","max-video-preview":"max-video-preview:-1"},"og_locale":"fr_FR","og_type":"article","og_title":"STIHL HSA 26 en set - Taille-haie sur batterie","og_description":"STIHL HSA 26, avec ALS 31 et AS 2 par Vertitec BV \u00e0 Enghien, Belgique. Cisaille \u00e0 gazon et taille-buis l\u00e9ger sur batterie STIHL HSA 26, disponible ...","og_url":"https:\/\/vertitec.designstudio.host\/fr\/produit\/stihl-hsa-26-avec-als-31-et-as-2-fr\/","og_site_name":"Vertitec BV","article_modified_time":"2026-04-12T05:58:31+00:00","og_image":[{"width":960,"height":720,"url":"https:\/\/vertitec.designstudio.host\/wp-content\/uploads\/2026\/04\/143867_Set-HSA26-AS2-1xALS31_HQ_P_2026-01_0001-1.webp","type":"image\/webp"}],"twitter_card":"summary_large_image","twitter_title":"STIHL HSA 26 en set - Taille-haie sur batterie","twitter_description":"STIHL HSA 26, avec ALS 31 et AS 2 par Vertitec BV \u00e0 Enghien, Belgique. Cisaille \u00e0 gazon et taille-buis l\u00e9ger sur batterie STIHL HSA 26, disponible ...","twitter_image":"https:\/\/vertitec.designstudio.host\/wp-content\/uploads\/2026\/04\/143867_Set-HSA26-AS2-1xALS31_HQ_P_2026-01_0001-1.webp","schema":{"@context":"https:\/\/schema.org","@graph":[{"@type":"WebPage","@id":"https:\/\/vertitec.designstudio.host\/fr\/produit\/stihl-hsa-26-avec-als-31-et-as-2-fr\/","url":"https:\/\/vertitec.designstudio.host\/fr\/produit\/stihl-hsa-26-avec-als-31-et-as-2-fr\/","name":"STIHL HSA 26 en set - Taille-haie sur batterie","isPartOf":{"@id":"https:\/\/vertitec.designstudio.host\/fr\/#website"},"primaryImageOfPage":{"@id":"https:\/\/vertitec.designstudio.host\/fr\/produit\/stihl-hsa-26-avec-als-31-et-as-2-fr\/#primaryimage"},"image":{"@id":"https:\/\/vertitec.designstudio.host\/fr\/produit\/stihl-hsa-26-avec-als-31-et-as-2-fr\/#primaryimage"},"thumbnailUrl":"https:\/\/vertitec.designstudio.host\/wp-content\/uploads\/2026\/04\/143867_Set-HSA26-AS2-1xALS31_HQ_P_2026-01_0001-1.webp","datePublished":"2026-04-11T07:47:25+00:00","dateModified":"2026-04-12T05:58:31+00:00","description":"STIHL HSA 26, avec ALS 31 et AS 2 par Vertitec BV \u00e0 Enghien, Belgique. Cisaille \u00e0 gazon et taille-buis l\u00e9ger sur batterie STIHL HSA 26, disponible ...","breadcrumb":{"@id":"https:\/\/vertitec.designstudio.host\/fr\/produit\/stihl-hsa-26-avec-als-31-et-as-2-fr\/#breadcrumb"},"inLanguage":"fr-FR","potentialAction":[{"@type":"ReadAction","target":["https:\/\/vertitec.designstudio.host\/fr\/produit\/stihl-hsa-26-avec-als-31-et-as-2-fr\/"]}]},{"@type":"ImageObject","inLanguage":"fr-FR","@id":"https:\/\/vertitec.designstudio.host\/fr\/produit\/stihl-hsa-26-avec-als-31-et-as-2-fr\/#primaryimage","url":"https:\/\/vertitec.designstudio.host\/wp-content\/uploads\/2026\/04\/143867_Set-HSA26-AS2-1xALS31_HQ_P_2026-01_0001-1.webp","contentUrl":"https:\/\/vertitec.designstudio.host\/wp-content\/uploads\/2026\/04\/143867_Set-HSA26-AS2-1xALS31_HQ_P_2026-01_0001-1.webp","width":960,"height":720},{"@type":"BreadcrumbList","@id":"https:\/\/vertitec.designstudio.host\/fr\/produit\/stihl-hsa-26-avec-als-31-et-as-2-fr\/#breadcrumb","itemListElement":[{"@type":"ListItem","position":1,"name":"Accueil","item":"https:\/\/vertitec.designstudio.host\/fr\/"},{"@type":"ListItem","position":2,"name":"Boutique","item":"https:\/\/vertitec.designstudio.host\/fr\/boutique\/"},{"@type":"ListItem","position":3,"name":"HSA 26, avec ALS 31 et AS 2"}]},{"@type":"WebSite","@id":"https:\/\/vertitec.designstudio.host\/fr\/#website","url":"https:\/\/vertitec.designstudio.host\/fr\/","name":"Vertitec BV","description":"","potentialAction":[{"@type":"SearchAction","target":{"@type":"EntryPoint","urlTemplate":"https:\/\/vertitec.designstudio.host\/fr\/?s={search_term_string}"},"query-input":{"@type":"PropertyValueSpecification","valueRequired":true,"valueName":"search_term_string"}}],"inLanguage":"fr-FR"}]}},"_links":{"self":[{"href":"https:\/\/vertitec.designstudio.host\/fr\/wp-json\/wp\/v2\/product\/33260","targetHints":{"allow":["GET"]}}],"collection":[{"href":"https:\/\/vertitec.designstudio.host\/fr\/wp-json\/wp\/v2\/product"}],"about":[{"href":"https:\/\/vertitec.designstudio.host\/fr\/wp-json\/wp\/v2\/types\/product"}],"wp:featuredmedia":[{"embeddable":true,"href":"https:\/\/vertitec.designstudio.host\/fr\/wp-json\/wp\/v2\/media\/33261"}],"wp:attachment":[{"href":"https:\/\/vertitec.designstudio.host\/fr\/wp-json\/wp\/v2\/media?parent=33260"}],"wp:term":[{"taxonomy":"product_brand","embeddable":true,"href":"https:\/\/vertitec.designstudio.host\/fr\/wp-json\/wp\/v2\/product_brand?post=33260"},{"taxonomy":"product_cat","embeddable":true,"href":"https:\/\/vertitec.designstudio.host\/fr\/wp-json\/wp\/v2\/product_cat?post=33260"},{"taxonomy":"product_tag","embeddable":true,"href":"https:\/\/vertitec.designstudio.host\/fr\/wp-json\/wp\/v2\/product_tag?post=33260"}],"curies":[{"name":"wp","href":"https:\/\/api.w.org\/{rel}","templated":true}]}}