{"id":27760,"date":"2025-10-14T11:46:24","date_gmt":"2025-10-14T11:46:24","guid":{"rendered":"https:\/\/vertitec.designstudio.host\/product\/john-deere-premium-6520-forst-ritter-aufbau-ohne-kotschenreuther\/"},"modified":"2025-10-14T11:46:24","modified_gmt":"2025-10-14T11:46:24","slug":"john-deere-premium-6520-forst-ritter-aufbau-ohne-kotschenreuther","status":"publish","type":"product","link":"https:\/\/vertitec.designstudio.host\/fr\/produit\/john-deere-premium-6520-forst-ritter-aufbau-ohne-kotschenreuther\/","title":{"rendered":"John Deere Premium 6520 Forst Ritter Aufbau ohne Kotschenreuther"},"content":{"rendered":"","protected":false},"excerpt":{"rendered":"<div class=\"block--all block--price none--medium\">\n<h3 class=\"price txtcenter\"><strong><span class=\"h1-like u-bold\">Prix sur demande<\/span><\/strong><\/h3>\n<\/div>\n<div class=\"logo-img flex-container\"><\/div>\n<div>\n<p><b>Notes :<\/b><\/p>\n<ul>\n<li>John Deere Premium 6520 Forst Ritter Aufbau<br \/>\n47,900,- Netto + 19 % MwSt.<\/li>\n<li>Power Quad 24 Gang<\/li>\n<li>JOHN DEERE 6520 Premium avec un nouvel \u00e9quipement<\/li>\n<li>divers Neuteile verbaut in den letzten Jahren<\/li>\n<li>tr\u00e8s bon \u00e9tat<\/li>\n<li>2x 8t Winde Ritter<\/li>\n<li>Ritter Kran<\/li>\n<li>6 cylindres en Z 115 PS<\/li>\n<\/ul>\n<\/div>\n","protected":false},"featured_media":19426,"template":"","meta":{"_acf_changed":false},"product_brand":[],"product_cat":[585,583,577],"product_tag":[],"class_list":{"0":"post-27760","1":"product","2":"type-product","3":"status-publish","4":"has-post-thumbnail","6":"product_cat-john-deere","7":"product_cat-tracteur-forestier","8":"product_cat-tracteurs-doccasion","10":"first","11":"on_reserve","12":"shipping-taxable","13":"product-type-simple"},"acf":[],"yoast_head":"<!-- This site is optimized with the Yoast SEO plugin v27.4 - https:\/\/yoast.com\/product\/yoast-seo-wordpress\/ -->\n<title>John Deere Premium 6520 Forst Ritter Aufbau ohne Kotschen\u2026<\/title>\n<meta name=\"robots\" content=\"noindex, follow, max-snippet:-1, max-image-preview:large, max-video-preview:-1\" \/>\n<meta property=\"og:locale\" content=\"fr_FR\" \/>\n<meta property=\"og:type\" content=\"article\" \/>\n<meta property=\"og:title\" content=\"John Deere Premium 6520 Forst Ritter Aufbau ohne Kotschenreuther - Vertitec BV\" \/>\n<meta property=\"og:description\" content=\"Prix sur demande   Notes :  John Deere Premium 6520 Forst Ritter Aufbau 47,900,- Netto + 19 % MwSt.  Power Quad 24 Gang  JOHN DEERE 6520 Premium avec un nouvel \u00e9quipement  divers Neuteile verbaut in den letzten Jahren  tr\u00e8s bon \u00e9tat  2x 8t Winde Ritter  Ritter Kran  6 cylindres en Z 115 PS\" \/>\n<meta property=\"og:url\" content=\"https:\/\/vertitec.designstudio.host\/fr\/produit\/john-deere-premium-6520-forst-ritter-aufbau-ohne-kotschenreuther\/\" \/>\n<meta property=\"og:site_name\" content=\"Vertitec BV\" \/>\n<meta property=\"og:image\" content=\"https:\/\/vertitec.designstudio.host\/wp-content\/uploads\/2025\/10\/bosbouwtractoren-1.png\" \/>\n\t<meta property=\"og:image:width\" content=\"800\" \/>\n\t<meta property=\"og:image:height\" content=\"600\" \/>\n\t<meta property=\"og:image:type\" content=\"image\/png\" \/>\n<meta name=\"twitter:card\" content=\"summary_large_image\" \/>\n<script type=\"application\/ld+json\" class=\"yoast-schema-graph\">{\"@context\":\"https:\\\/\\\/schema.org\",\"@graph\":[{\"@type\":\"WebPage\",\"@id\":\"https:\\\/\\\/vertitec.designstudio.host\\\/fr\\\/produit\\\/john-deere-premium-6520-forst-ritter-aufbau-ohne-kotschenreuther\\\/\",\"url\":\"https:\\\/\\\/vertitec.designstudio.host\\\/fr\\\/produit\\\/john-deere-premium-6520-forst-ritter-aufbau-ohne-kotschenreuther\\\/\",\"name\":\"John Deere Premium 6520 Forst Ritter Aufbau ohne Kotschenreuther - Vertitec BV\",\"isPartOf\":{\"@id\":\"https:\\\/\\\/vertitec.designstudio.host\\\/fr\\\/#website\"},\"primaryImageOfPage\":{\"@id\":\"https:\\\/\\\/vertitec.designstudio.host\\\/fr\\\/produit\\\/john-deere-premium-6520-forst-ritter-aufbau-ohne-kotschenreuther\\\/#primaryimage\"},\"image\":{\"@id\":\"https:\\\/\\\/vertitec.designstudio.host\\\/fr\\\/produit\\\/john-deere-premium-6520-forst-ritter-aufbau-ohne-kotschenreuther\\\/#primaryimage\"},\"thumbnailUrl\":\"https:\\\/\\\/vertitec.designstudio.host\\\/wp-content\\\/uploads\\\/2025\\\/10\\\/bosbouwtractoren-1.png\",\"datePublished\":\"2025-10-14T11:46:24+00:00\",\"breadcrumb\":{\"@id\":\"https:\\\/\\\/vertitec.designstudio.host\\\/fr\\\/produit\\\/john-deere-premium-6520-forst-ritter-aufbau-ohne-kotschenreuther\\\/#breadcrumb\"},\"inLanguage\":\"fr-FR\",\"potentialAction\":[{\"@type\":\"ReadAction\",\"target\":[\"https:\\\/\\\/vertitec.designstudio.host\\\/fr\\\/produit\\\/john-deere-premium-6520-forst-ritter-aufbau-ohne-kotschenreuther\\\/\"]}]},{\"@type\":\"ImageObject\",\"inLanguage\":\"fr-FR\",\"@id\":\"https:\\\/\\\/vertitec.designstudio.host\\\/fr\\\/produit\\\/john-deere-premium-6520-forst-ritter-aufbau-ohne-kotschenreuther\\\/#primaryimage\",\"url\":\"https:\\\/\\\/vertitec.designstudio.host\\\/wp-content\\\/uploads\\\/2025\\\/10\\\/bosbouwtractoren-1.png\",\"contentUrl\":\"https:\\\/\\\/vertitec.designstudio.host\\\/wp-content\\\/uploads\\\/2025\\\/10\\\/bosbouwtractoren-1.png\",\"width\":800,\"height\":600,\"caption\":\"bosbouwtractoren\"},{\"@type\":\"BreadcrumbList\",\"@id\":\"https:\\\/\\\/vertitec.designstudio.host\\\/fr\\\/produit\\\/john-deere-premium-6520-forst-ritter-aufbau-ohne-kotschenreuther\\\/#breadcrumb\",\"itemListElement\":[{\"@type\":\"ListItem\",\"position\":1,\"name\":\"Accueil\",\"item\":\"https:\\\/\\\/vertitec.designstudio.host\\\/fr\\\/\"},{\"@type\":\"ListItem\",\"position\":2,\"name\":\"Boutique\",\"item\":\"https:\\\/\\\/vertitec.designstudio.host\\\/fr\\\/boutique\\\/\"},{\"@type\":\"ListItem\",\"position\":3,\"name\":\"John Deere Premium 6520 Forst Ritter Aufbau ohne Kotschenreuther\"}]},{\"@type\":\"WebSite\",\"@id\":\"https:\\\/\\\/vertitec.designstudio.host\\\/fr\\\/#website\",\"url\":\"https:\\\/\\\/vertitec.designstudio.host\\\/fr\\\/\",\"name\":\"Vertitec BV\",\"description\":\"\",\"potentialAction\":[{\"@type\":\"SearchAction\",\"target\":{\"@type\":\"EntryPoint\",\"urlTemplate\":\"https:\\\/\\\/vertitec.designstudio.host\\\/fr\\\/?s={search_term_string}\"},\"query-input\":{\"@type\":\"PropertyValueSpecification\",\"valueRequired\":true,\"valueName\":\"search_term_string\"}}],\"inLanguage\":\"fr-FR\"}]}<\/script>\n<!-- \/ Yoast SEO plugin. -->","yoast_head_json":{"title":"John Deere Premium 6520 Forst Ritter Aufbau ohne Kotschen\u2026","robots":{"index":"noindex","follow":"follow","max-snippet":"max-snippet:-1","max-image-preview":"max-image-preview:large","max-video-preview":"max-video-preview:-1"},"og_locale":"fr_FR","og_type":"article","og_title":"John Deere Premium 6520 Forst Ritter Aufbau ohne Kotschenreuther - Vertitec BV","og_description":"Prix sur demande   Notes :  John Deere Premium 6520 Forst Ritter Aufbau 47,900,- Netto + 19 % MwSt.  Power Quad 24 Gang  JOHN DEERE 6520 Premium avec un nouvel \u00e9quipement  divers Neuteile verbaut in den letzten Jahren  tr\u00e8s bon \u00e9tat  2x 8t Winde Ritter  Ritter Kran  6 cylindres en Z 115 PS","og_url":"https:\/\/vertitec.designstudio.host\/fr\/produit\/john-deere-premium-6520-forst-ritter-aufbau-ohne-kotschenreuther\/","og_site_name":"Vertitec BV","og_image":[{"width":800,"height":600,"url":"https:\/\/vertitec.designstudio.host\/wp-content\/uploads\/2025\/10\/bosbouwtractoren-1.png","type":"image\/png"}],"twitter_card":"summary_large_image","schema":{"@context":"https:\/\/schema.org","@graph":[{"@type":"WebPage","@id":"https:\/\/vertitec.designstudio.host\/fr\/produit\/john-deere-premium-6520-forst-ritter-aufbau-ohne-kotschenreuther\/","url":"https:\/\/vertitec.designstudio.host\/fr\/produit\/john-deere-premium-6520-forst-ritter-aufbau-ohne-kotschenreuther\/","name":"John Deere Premium 6520 Forst Ritter Aufbau ohne Kotschenreuther - Vertitec BV","isPartOf":{"@id":"https:\/\/vertitec.designstudio.host\/fr\/#website"},"primaryImageOfPage":{"@id":"https:\/\/vertitec.designstudio.host\/fr\/produit\/john-deere-premium-6520-forst-ritter-aufbau-ohne-kotschenreuther\/#primaryimage"},"image":{"@id":"https:\/\/vertitec.designstudio.host\/fr\/produit\/john-deere-premium-6520-forst-ritter-aufbau-ohne-kotschenreuther\/#primaryimage"},"thumbnailUrl":"https:\/\/vertitec.designstudio.host\/wp-content\/uploads\/2025\/10\/bosbouwtractoren-1.png","datePublished":"2025-10-14T11:46:24+00:00","breadcrumb":{"@id":"https:\/\/vertitec.designstudio.host\/fr\/produit\/john-deere-premium-6520-forst-ritter-aufbau-ohne-kotschenreuther\/#breadcrumb"},"inLanguage":"fr-FR","potentialAction":[{"@type":"ReadAction","target":["https:\/\/vertitec.designstudio.host\/fr\/produit\/john-deere-premium-6520-forst-ritter-aufbau-ohne-kotschenreuther\/"]}]},{"@type":"ImageObject","inLanguage":"fr-FR","@id":"https:\/\/vertitec.designstudio.host\/fr\/produit\/john-deere-premium-6520-forst-ritter-aufbau-ohne-kotschenreuther\/#primaryimage","url":"https:\/\/vertitec.designstudio.host\/wp-content\/uploads\/2025\/10\/bosbouwtractoren-1.png","contentUrl":"https:\/\/vertitec.designstudio.host\/wp-content\/uploads\/2025\/10\/bosbouwtractoren-1.png","width":800,"height":600,"caption":"bosbouwtractoren"},{"@type":"BreadcrumbList","@id":"https:\/\/vertitec.designstudio.host\/fr\/produit\/john-deere-premium-6520-forst-ritter-aufbau-ohne-kotschenreuther\/#breadcrumb","itemListElement":[{"@type":"ListItem","position":1,"name":"Accueil","item":"https:\/\/vertitec.designstudio.host\/fr\/"},{"@type":"ListItem","position":2,"name":"Boutique","item":"https:\/\/vertitec.designstudio.host\/fr\/boutique\/"},{"@type":"ListItem","position":3,"name":"John Deere Premium 6520 Forst Ritter Aufbau ohne Kotschenreuther"}]},{"@type":"WebSite","@id":"https:\/\/vertitec.designstudio.host\/fr\/#website","url":"https:\/\/vertitec.designstudio.host\/fr\/","name":"Vertitec BV","description":"","potentialAction":[{"@type":"SearchAction","target":{"@type":"EntryPoint","urlTemplate":"https:\/\/vertitec.designstudio.host\/fr\/?s={search_term_string}"},"query-input":{"@type":"PropertyValueSpecification","valueRequired":true,"valueName":"search_term_string"}}],"inLanguage":"fr-FR"}]}},"_links":{"self":[{"href":"https:\/\/vertitec.designstudio.host\/fr\/wp-json\/wp\/v2\/product\/27760","targetHints":{"allow":["GET"]}}],"collection":[{"href":"https:\/\/vertitec.designstudio.host\/fr\/wp-json\/wp\/v2\/product"}],"about":[{"href":"https:\/\/vertitec.designstudio.host\/fr\/wp-json\/wp\/v2\/types\/product"}],"wp:featuredmedia":[{"embeddable":true,"href":"https:\/\/vertitec.designstudio.host\/fr\/wp-json\/wp\/v2\/media\/19426"}],"wp:attachment":[{"href":"https:\/\/vertitec.designstudio.host\/fr\/wp-json\/wp\/v2\/media?parent=27760"}],"wp:term":[{"taxonomy":"product_brand","embeddable":true,"href":"https:\/\/vertitec.designstudio.host\/fr\/wp-json\/wp\/v2\/product_brand?post=27760"},{"taxonomy":"product_cat","embeddable":true,"href":"https:\/\/vertitec.designstudio.host\/fr\/wp-json\/wp\/v2\/product_cat?post=27760"},{"taxonomy":"product_tag","embeddable":true,"href":"https:\/\/vertitec.designstudio.host\/fr\/wp-json\/wp\/v2\/product_tag?post=27760"}],"curies":[{"name":"wp","href":"https:\/\/api.w.org\/{rel}","templated":true}]}}