{"id":27758,"date":"2025-10-14T11:38:07","date_gmt":"2025-10-14T11:38:07","guid":{"rendered":"https:\/\/vertitec.designstudio.host\/product\/new-holland-boomer-25\/"},"modified":"2025-10-14T11:38:07","modified_gmt":"2025-10-14T11:38:07","slug":"new-holland-boomer-25","status":"publish","type":"product","link":"https:\/\/vertitec.designstudio.host\/fr\/produit\/new-holland-boomer-25\/","title":{"rendered":"New Holland Boomer 25"},"content":{"rendered":"","protected":false},"excerpt":{"rendered":"<div class=\"block--all block--price none--medium\">\n<h3 class=\"price txtcenter\"><strong><span class=\"h1-like u-bold\">Prix sur demande<\/span><\/strong><\/h3>\n<p>&nbsp;<\/p>\n<\/div>\n<div>\n<p><b>Notes :<\/b><\/p>\n<ul>\n<li>Transmission hydrostatique avec 2 gammes et r\u00e9gulateur de vitesse<\/li>\n<li>Quatre roues motrices<\/li>\n<li>Moteur diesel 3 cylindres 25HP<\/li>\n<li>1 valve hydraulique arri\u00e8re \u00e0 double effet<\/li>\n<\/ul>\n<\/div>\n<div class=\"block--all none--medium block--contact-desktop\">\n<div class=\"flex-container \">\n<div class=\"logo-img flex-container\"><\/div>\n<\/div>\n<\/div>\n","protected":false},"featured_media":19442,"template":"","meta":{"_acf_changed":false},"product_brand":[],"product_cat":[589,581,577],"product_tag":[],"class_list":{"0":"post-27758","1":"product","2":"type-product","3":"status-publish","4":"has-post-thumbnail","6":"product_cat-new-holland","7":"product_cat-petits-tracteurs","8":"product_cat-tracteurs-doccasion","10":"first","11":"on_reserve","12":"shipping-taxable","13":"product-type-simple"},"acf":[],"yoast_head":"<!-- This site is optimized with the Yoast SEO plugin v27.4 - https:\/\/yoast.com\/product\/yoast-seo-wordpress\/ -->\n<title>New Holland Boomer 25 - Vertitec BV<\/title>\n<meta name=\"robots\" content=\"noindex, follow, max-snippet:-1, max-image-preview:large, max-video-preview:-1\" \/>\n<meta property=\"og:locale\" content=\"fr_FR\" \/>\n<meta property=\"og:type\" content=\"article\" \/>\n<meta property=\"og:title\" content=\"New Holland Boomer 25 - Vertitec BV\" \/>\n<meta property=\"og:description\" content=\"Prix sur demande &nbsp;   Notes :  Transmission hydrostatique avec 2 gammes et r\u00e9gulateur de vitesse  Quatre roues motrices  Moteur diesel 3 cylindres 25HP  1 valve hydraulique arri\u00e8re \u00e0 double effet\" \/>\n<meta property=\"og:url\" content=\"https:\/\/vertitec.designstudio.host\/fr\/produit\/new-holland-boomer-25\/\" \/>\n<meta property=\"og:site_name\" content=\"Vertitec BV\" \/>\n<meta property=\"og:image\" content=\"https:\/\/vertitec.designstudio.host\/wp-content\/uploads\/2025\/10\/tweedehand-New-Holland-Boomer-25-.png\" \/>\n\t<meta property=\"og:image:width\" content=\"800\" \/>\n\t<meta property=\"og:image:height\" content=\"600\" \/>\n\t<meta property=\"og:image:type\" content=\"image\/png\" \/>\n<meta name=\"twitter:card\" content=\"summary_large_image\" \/>\n<script type=\"application\/ld+json\" class=\"yoast-schema-graph\">{\"@context\":\"https:\\\/\\\/schema.org\",\"@graph\":[{\"@type\":\"WebPage\",\"@id\":\"https:\\\/\\\/vertitec.designstudio.host\\\/fr\\\/produit\\\/new-holland-boomer-25\\\/\",\"url\":\"https:\\\/\\\/vertitec.designstudio.host\\\/fr\\\/produit\\\/new-holland-boomer-25\\\/\",\"name\":\"New Holland Boomer 25 - Vertitec BV\",\"isPartOf\":{\"@id\":\"https:\\\/\\\/vertitec.designstudio.host\\\/fr\\\/#website\"},\"primaryImageOfPage\":{\"@id\":\"https:\\\/\\\/vertitec.designstudio.host\\\/fr\\\/produit\\\/new-holland-boomer-25\\\/#primaryimage\"},\"image\":{\"@id\":\"https:\\\/\\\/vertitec.designstudio.host\\\/fr\\\/produit\\\/new-holland-boomer-25\\\/#primaryimage\"},\"thumbnailUrl\":\"https:\\\/\\\/vertitec.designstudio.host\\\/wp-content\\\/uploads\\\/2025\\\/10\\\/tweedehand-New-Holland-Boomer-25-.png\",\"datePublished\":\"2025-10-14T11:38:07+00:00\",\"breadcrumb\":{\"@id\":\"https:\\\/\\\/vertitec.designstudio.host\\\/fr\\\/produit\\\/new-holland-boomer-25\\\/#breadcrumb\"},\"inLanguage\":\"fr-FR\",\"potentialAction\":[{\"@type\":\"ReadAction\",\"target\":[\"https:\\\/\\\/vertitec.designstudio.host\\\/fr\\\/produit\\\/new-holland-boomer-25\\\/\"]}]},{\"@type\":\"ImageObject\",\"inLanguage\":\"fr-FR\",\"@id\":\"https:\\\/\\\/vertitec.designstudio.host\\\/fr\\\/produit\\\/new-holland-boomer-25\\\/#primaryimage\",\"url\":\"https:\\\/\\\/vertitec.designstudio.host\\\/wp-content\\\/uploads\\\/2025\\\/10\\\/tweedehand-New-Holland-Boomer-25-.png\",\"contentUrl\":\"https:\\\/\\\/vertitec.designstudio.host\\\/wp-content\\\/uploads\\\/2025\\\/10\\\/tweedehand-New-Holland-Boomer-25-.png\",\"width\":800,\"height\":600,\"caption\":\"New Holland Boomer 25\"},{\"@type\":\"BreadcrumbList\",\"@id\":\"https:\\\/\\\/vertitec.designstudio.host\\\/fr\\\/produit\\\/new-holland-boomer-25\\\/#breadcrumb\",\"itemListElement\":[{\"@type\":\"ListItem\",\"position\":1,\"name\":\"Accueil\",\"item\":\"https:\\\/\\\/vertitec.designstudio.host\\\/fr\\\/\"},{\"@type\":\"ListItem\",\"position\":2,\"name\":\"Boutique\",\"item\":\"https:\\\/\\\/vertitec.designstudio.host\\\/fr\\\/boutique\\\/\"},{\"@type\":\"ListItem\",\"position\":3,\"name\":\"New Holland Boomer 25\"}]},{\"@type\":\"WebSite\",\"@id\":\"https:\\\/\\\/vertitec.designstudio.host\\\/fr\\\/#website\",\"url\":\"https:\\\/\\\/vertitec.designstudio.host\\\/fr\\\/\",\"name\":\"Vertitec BV\",\"description\":\"\",\"potentialAction\":[{\"@type\":\"SearchAction\",\"target\":{\"@type\":\"EntryPoint\",\"urlTemplate\":\"https:\\\/\\\/vertitec.designstudio.host\\\/fr\\\/?s={search_term_string}\"},\"query-input\":{\"@type\":\"PropertyValueSpecification\",\"valueRequired\":true,\"valueName\":\"search_term_string\"}}],\"inLanguage\":\"fr-FR\"}]}<\/script>\n<!-- \/ Yoast SEO plugin. -->","yoast_head_json":{"title":"New Holland Boomer 25 - Vertitec BV","robots":{"index":"noindex","follow":"follow","max-snippet":"max-snippet:-1","max-image-preview":"max-image-preview:large","max-video-preview":"max-video-preview:-1"},"og_locale":"fr_FR","og_type":"article","og_title":"New Holland Boomer 25 - Vertitec BV","og_description":"Prix sur demande &nbsp;   Notes :  Transmission hydrostatique avec 2 gammes et r\u00e9gulateur de vitesse  Quatre roues motrices  Moteur diesel 3 cylindres 25HP  1 valve hydraulique arri\u00e8re \u00e0 double effet","og_url":"https:\/\/vertitec.designstudio.host\/fr\/produit\/new-holland-boomer-25\/","og_site_name":"Vertitec BV","og_image":[{"width":800,"height":600,"url":"https:\/\/vertitec.designstudio.host\/wp-content\/uploads\/2025\/10\/tweedehand-New-Holland-Boomer-25-.png","type":"image\/png"}],"twitter_card":"summary_large_image","schema":{"@context":"https:\/\/schema.org","@graph":[{"@type":"WebPage","@id":"https:\/\/vertitec.designstudio.host\/fr\/produit\/new-holland-boomer-25\/","url":"https:\/\/vertitec.designstudio.host\/fr\/produit\/new-holland-boomer-25\/","name":"New Holland Boomer 25 - Vertitec BV","isPartOf":{"@id":"https:\/\/vertitec.designstudio.host\/fr\/#website"},"primaryImageOfPage":{"@id":"https:\/\/vertitec.designstudio.host\/fr\/produit\/new-holland-boomer-25\/#primaryimage"},"image":{"@id":"https:\/\/vertitec.designstudio.host\/fr\/produit\/new-holland-boomer-25\/#primaryimage"},"thumbnailUrl":"https:\/\/vertitec.designstudio.host\/wp-content\/uploads\/2025\/10\/tweedehand-New-Holland-Boomer-25-.png","datePublished":"2025-10-14T11:38:07+00:00","breadcrumb":{"@id":"https:\/\/vertitec.designstudio.host\/fr\/produit\/new-holland-boomer-25\/#breadcrumb"},"inLanguage":"fr-FR","potentialAction":[{"@type":"ReadAction","target":["https:\/\/vertitec.designstudio.host\/fr\/produit\/new-holland-boomer-25\/"]}]},{"@type":"ImageObject","inLanguage":"fr-FR","@id":"https:\/\/vertitec.designstudio.host\/fr\/produit\/new-holland-boomer-25\/#primaryimage","url":"https:\/\/vertitec.designstudio.host\/wp-content\/uploads\/2025\/10\/tweedehand-New-Holland-Boomer-25-.png","contentUrl":"https:\/\/vertitec.designstudio.host\/wp-content\/uploads\/2025\/10\/tweedehand-New-Holland-Boomer-25-.png","width":800,"height":600,"caption":"New Holland Boomer 25"},{"@type":"BreadcrumbList","@id":"https:\/\/vertitec.designstudio.host\/fr\/produit\/new-holland-boomer-25\/#breadcrumb","itemListElement":[{"@type":"ListItem","position":1,"name":"Accueil","item":"https:\/\/vertitec.designstudio.host\/fr\/"},{"@type":"ListItem","position":2,"name":"Boutique","item":"https:\/\/vertitec.designstudio.host\/fr\/boutique\/"},{"@type":"ListItem","position":3,"name":"New Holland Boomer 25"}]},{"@type":"WebSite","@id":"https:\/\/vertitec.designstudio.host\/fr\/#website","url":"https:\/\/vertitec.designstudio.host\/fr\/","name":"Vertitec BV","description":"","potentialAction":[{"@type":"SearchAction","target":{"@type":"EntryPoint","urlTemplate":"https:\/\/vertitec.designstudio.host\/fr\/?s={search_term_string}"},"query-input":{"@type":"PropertyValueSpecification","valueRequired":true,"valueName":"search_term_string"}}],"inLanguage":"fr-FR"}]}},"_links":{"self":[{"href":"https:\/\/vertitec.designstudio.host\/fr\/wp-json\/wp\/v2\/product\/27758","targetHints":{"allow":["GET"]}}],"collection":[{"href":"https:\/\/vertitec.designstudio.host\/fr\/wp-json\/wp\/v2\/product"}],"about":[{"href":"https:\/\/vertitec.designstudio.host\/fr\/wp-json\/wp\/v2\/types\/product"}],"wp:featuredmedia":[{"embeddable":true,"href":"https:\/\/vertitec.designstudio.host\/fr\/wp-json\/wp\/v2\/media\/19442"}],"wp:attachment":[{"href":"https:\/\/vertitec.designstudio.host\/fr\/wp-json\/wp\/v2\/media?parent=27758"}],"wp:term":[{"taxonomy":"product_brand","embeddable":true,"href":"https:\/\/vertitec.designstudio.host\/fr\/wp-json\/wp\/v2\/product_brand?post=27758"},{"taxonomy":"product_cat","embeddable":true,"href":"https:\/\/vertitec.designstudio.host\/fr\/wp-json\/wp\/v2\/product_cat?post=27758"},{"taxonomy":"product_tag","embeddable":true,"href":"https:\/\/vertitec.designstudio.host\/fr\/wp-json\/wp\/v2\/product_tag?post=27758"}],"curies":[{"name":"wp","href":"https:\/\/api.w.org\/{rel}","templated":true}]}}