{"id":27345,"date":"2025-10-14T11:24:53","date_gmt":"2025-10-14T11:24:53","guid":{"rendered":"https:\/\/vertitec.designstudio.host\/product\/fendt-828-vario-profi-plus\/"},"modified":"2025-10-14T11:24:53","modified_gmt":"2025-10-14T11:24:53","slug":"fendt-828-vario-profi-plus","status":"publish","type":"product","link":"https:\/\/vertitec.designstudio.host\/fr\/produit\/fendt-828-vario-profi-plus\/","title":{"rendered":"Fendt 828 Vario Profi Plus"},"content":{"rendered":"","protected":false},"excerpt":{"rendered":"<p>Fendt 828 Vario Profi Plus &#8211; 280 ch &#8211; Ann\u00e9e de construction : 2011 &#8211; Moteur Deutz 6 cylindres, r\u00e9vis\u00e9 \u00e0 8.000 heures &#8211; Transmission Vario, r\u00e9vis\u00e9e \u00e0 9.500 heures &#8211; Poids : 9,5 tonnes &#8211; Environ 10.000 heures de fonctionnement &#8211; Suspension compl\u00e8te &#8211; Remorque avec freins \u00e0 air et \u00e0 huile &#8211; Charge utile : 20 tonnes &#8211; Complet avec prise de force et relevage avant &#8211; Barre sup\u00e9rieure avant &#8211; Barre sup\u00e9rieure arri\u00e8re hydraulique &#8211; Pneus arri\u00e8re 710\/70R42 et pneus avant 600\/70R30 &#8211; Cabine enti\u00e8rement \u00e9quip\u00e9e &#8211; Toujours stock\u00e9 \u00e0 l&rsquo;int\u00e9rieur.<\/p>\n<p>NB : Ce v\u00e9hicule peut \u00eatre achet\u00e9 avec 12 mois de garantie \u00ab\u00a0Sicura\u00a0\u00bb &#8211; extensible (uniquement sur le march\u00e9 europ\u00e9en).<\/p>\n","protected":false},"featured_media":19440,"template":"","meta":{"_acf_changed":false},"product_brand":[],"product_cat":[587,579,577],"product_tag":[],"class_list":{"0":"post-27345","1":"product","2":"type-product","3":"status-publish","4":"has-post-thumbnail","6":"product_cat-fendt","7":"product_cat-tracteur-agricole","8":"product_cat-tracteurs-doccasion","10":"first","11":"on_reserve","12":"shipping-taxable","13":"purchasable","14":"product-type-simple"},"acf":[],"yoast_head":"<!-- This site is optimized with the Yoast SEO plugin v27.4 - https:\/\/yoast.com\/product\/yoast-seo-wordpress\/ -->\n<title>Fendt 828 Vario Profi Plus - Vertitec BV<\/title>\n<meta name=\"robots\" content=\"noindex, follow, max-snippet:-1, max-image-preview:large, max-video-preview:-1\" \/>\n<meta property=\"og:locale\" content=\"fr_FR\" \/>\n<meta property=\"og:type\" content=\"article\" \/>\n<meta property=\"og:title\" content=\"Fendt 828 Vario Profi Plus - Vertitec BV\" \/>\n<meta property=\"og:description\" content=\"Fendt 828 Vario Profi Plus - 280 ch - Ann\u00e9e de construction : 2011 - Moteur Deutz 6 cylindres, r\u00e9vis\u00e9 \u00e0 8.000 heures - Transmission Vario, r\u00e9vis\u00e9e \u00e0 9.500 heures - Poids : 9,5 tonnes - Environ 10.000 heures de fonctionnement - Suspension compl\u00e8te - Remorque avec freins \u00e0 air et \u00e0 huile - Charge utile : 20 tonnes - Complet avec prise de force et relevage avant - Barre sup\u00e9rieure avant - Barre sup\u00e9rieure arri\u00e8re hydraulique - Pneus arri\u00e8re 710\/70R42 et pneus avant 600\/70R30 - Cabine enti\u00e8rement \u00e9quip\u00e9e - Toujours stock\u00e9 \u00e0 l&#039;int\u00e9rieur. NB : Ce v\u00e9hicule peut \u00eatre achet\u00e9 avec 12 mois de garantie &quot;Sicura&quot; - extensible (uniquement sur le march\u00e9 europ\u00e9en).\" \/>\n<meta property=\"og:url\" content=\"https:\/\/vertitec.designstudio.host\/fr\/produit\/fendt-828-vario-profi-plus\/\" \/>\n<meta property=\"og:site_name\" content=\"Vertitec BV\" \/>\n<meta property=\"og:image\" content=\"https:\/\/vertitec.designstudio.host\/wp-content\/uploads\/2025\/10\/tweedehand-Fendt-828-Vario-Profi-Plus-.png\" \/>\n\t<meta property=\"og:image:width\" content=\"800\" \/>\n\t<meta property=\"og:image:height\" content=\"600\" \/>\n\t<meta property=\"og:image:type\" content=\"image\/png\" \/>\n<meta name=\"twitter:card\" content=\"summary_large_image\" \/>\n<script type=\"application\/ld+json\" class=\"yoast-schema-graph\">{\"@context\":\"https:\\\/\\\/schema.org\",\"@graph\":[{\"@type\":\"WebPage\",\"@id\":\"https:\\\/\\\/vertitec.designstudio.host\\\/fr\\\/produit\\\/fendt-828-vario-profi-plus\\\/\",\"url\":\"https:\\\/\\\/vertitec.designstudio.host\\\/fr\\\/produit\\\/fendt-828-vario-profi-plus\\\/\",\"name\":\"Fendt 828 Vario Profi Plus - Vertitec BV\",\"isPartOf\":{\"@id\":\"https:\\\/\\\/vertitec.designstudio.host\\\/fr\\\/#website\"},\"primaryImageOfPage\":{\"@id\":\"https:\\\/\\\/vertitec.designstudio.host\\\/fr\\\/produit\\\/fendt-828-vario-profi-plus\\\/#primaryimage\"},\"image\":{\"@id\":\"https:\\\/\\\/vertitec.designstudio.host\\\/fr\\\/produit\\\/fendt-828-vario-profi-plus\\\/#primaryimage\"},\"thumbnailUrl\":\"https:\\\/\\\/vertitec.designstudio.host\\\/wp-content\\\/uploads\\\/2025\\\/10\\\/tweedehand-Fendt-828-Vario-Profi-Plus-.png\",\"datePublished\":\"2025-10-14T11:24:53+00:00\",\"breadcrumb\":{\"@id\":\"https:\\\/\\\/vertitec.designstudio.host\\\/fr\\\/produit\\\/fendt-828-vario-profi-plus\\\/#breadcrumb\"},\"inLanguage\":\"fr-FR\",\"potentialAction\":[{\"@type\":\"ReadAction\",\"target\":[\"https:\\\/\\\/vertitec.designstudio.host\\\/fr\\\/produit\\\/fendt-828-vario-profi-plus\\\/\"]}]},{\"@type\":\"ImageObject\",\"inLanguage\":\"fr-FR\",\"@id\":\"https:\\\/\\\/vertitec.designstudio.host\\\/fr\\\/produit\\\/fendt-828-vario-profi-plus\\\/#primaryimage\",\"url\":\"https:\\\/\\\/vertitec.designstudio.host\\\/wp-content\\\/uploads\\\/2025\\\/10\\\/tweedehand-Fendt-828-Vario-Profi-Plus-.png\",\"contentUrl\":\"https:\\\/\\\/vertitec.designstudio.host\\\/wp-content\\\/uploads\\\/2025\\\/10\\\/tweedehand-Fendt-828-Vario-Profi-Plus-.png\",\"width\":800,\"height\":600,\"caption\":\"Fendt 828 Vario Profi Plus\"},{\"@type\":\"BreadcrumbList\",\"@id\":\"https:\\\/\\\/vertitec.designstudio.host\\\/fr\\\/produit\\\/fendt-828-vario-profi-plus\\\/#breadcrumb\",\"itemListElement\":[{\"@type\":\"ListItem\",\"position\":1,\"name\":\"Accueil\",\"item\":\"https:\\\/\\\/vertitec.designstudio.host\\\/fr\\\/\"},{\"@type\":\"ListItem\",\"position\":2,\"name\":\"Boutique\",\"item\":\"https:\\\/\\\/vertitec.designstudio.host\\\/fr\\\/boutique\\\/\"},{\"@type\":\"ListItem\",\"position\":3,\"name\":\"Fendt 828 Vario Profi Plus\"}]},{\"@type\":\"WebSite\",\"@id\":\"https:\\\/\\\/vertitec.designstudio.host\\\/fr\\\/#website\",\"url\":\"https:\\\/\\\/vertitec.designstudio.host\\\/fr\\\/\",\"name\":\"Vertitec BV\",\"description\":\"\",\"potentialAction\":[{\"@type\":\"SearchAction\",\"target\":{\"@type\":\"EntryPoint\",\"urlTemplate\":\"https:\\\/\\\/vertitec.designstudio.host\\\/fr\\\/?s={search_term_string}\"},\"query-input\":{\"@type\":\"PropertyValueSpecification\",\"valueRequired\":true,\"valueName\":\"search_term_string\"}}],\"inLanguage\":\"fr-FR\"}]}<\/script>\n<!-- \/ Yoast SEO plugin. -->","yoast_head_json":{"title":"Fendt 828 Vario Profi Plus - Vertitec BV","robots":{"index":"noindex","follow":"follow","max-snippet":"max-snippet:-1","max-image-preview":"max-image-preview:large","max-video-preview":"max-video-preview:-1"},"og_locale":"fr_FR","og_type":"article","og_title":"Fendt 828 Vario Profi Plus - Vertitec BV","og_description":"Fendt 828 Vario Profi Plus - 280 ch - Ann\u00e9e de construction : 2011 - Moteur Deutz 6 cylindres, r\u00e9vis\u00e9 \u00e0 8.000 heures - Transmission Vario, r\u00e9vis\u00e9e \u00e0 9.500 heures - Poids : 9,5 tonnes - Environ 10.000 heures de fonctionnement - Suspension compl\u00e8te - Remorque avec freins \u00e0 air et \u00e0 huile - Charge utile : 20 tonnes - Complet avec prise de force et relevage avant - Barre sup\u00e9rieure avant - Barre sup\u00e9rieure arri\u00e8re hydraulique - Pneus arri\u00e8re 710\/70R42 et pneus avant 600\/70R30 - Cabine enti\u00e8rement \u00e9quip\u00e9e - Toujours stock\u00e9 \u00e0 l'int\u00e9rieur. NB : Ce v\u00e9hicule peut \u00eatre achet\u00e9 avec 12 mois de garantie \"Sicura\" - extensible (uniquement sur le march\u00e9 europ\u00e9en).","og_url":"https:\/\/vertitec.designstudio.host\/fr\/produit\/fendt-828-vario-profi-plus\/","og_site_name":"Vertitec BV","og_image":[{"width":800,"height":600,"url":"https:\/\/vertitec.designstudio.host\/wp-content\/uploads\/2025\/10\/tweedehand-Fendt-828-Vario-Profi-Plus-.png","type":"image\/png"}],"twitter_card":"summary_large_image","schema":{"@context":"https:\/\/schema.org","@graph":[{"@type":"WebPage","@id":"https:\/\/vertitec.designstudio.host\/fr\/produit\/fendt-828-vario-profi-plus\/","url":"https:\/\/vertitec.designstudio.host\/fr\/produit\/fendt-828-vario-profi-plus\/","name":"Fendt 828 Vario Profi Plus - Vertitec BV","isPartOf":{"@id":"https:\/\/vertitec.designstudio.host\/fr\/#website"},"primaryImageOfPage":{"@id":"https:\/\/vertitec.designstudio.host\/fr\/produit\/fendt-828-vario-profi-plus\/#primaryimage"},"image":{"@id":"https:\/\/vertitec.designstudio.host\/fr\/produit\/fendt-828-vario-profi-plus\/#primaryimage"},"thumbnailUrl":"https:\/\/vertitec.designstudio.host\/wp-content\/uploads\/2025\/10\/tweedehand-Fendt-828-Vario-Profi-Plus-.png","datePublished":"2025-10-14T11:24:53+00:00","breadcrumb":{"@id":"https:\/\/vertitec.designstudio.host\/fr\/produit\/fendt-828-vario-profi-plus\/#breadcrumb"},"inLanguage":"fr-FR","potentialAction":[{"@type":"ReadAction","target":["https:\/\/vertitec.designstudio.host\/fr\/produit\/fendt-828-vario-profi-plus\/"]}]},{"@type":"ImageObject","inLanguage":"fr-FR","@id":"https:\/\/vertitec.designstudio.host\/fr\/produit\/fendt-828-vario-profi-plus\/#primaryimage","url":"https:\/\/vertitec.designstudio.host\/wp-content\/uploads\/2025\/10\/tweedehand-Fendt-828-Vario-Profi-Plus-.png","contentUrl":"https:\/\/vertitec.designstudio.host\/wp-content\/uploads\/2025\/10\/tweedehand-Fendt-828-Vario-Profi-Plus-.png","width":800,"height":600,"caption":"Fendt 828 Vario Profi Plus"},{"@type":"BreadcrumbList","@id":"https:\/\/vertitec.designstudio.host\/fr\/produit\/fendt-828-vario-profi-plus\/#breadcrumb","itemListElement":[{"@type":"ListItem","position":1,"name":"Accueil","item":"https:\/\/vertitec.designstudio.host\/fr\/"},{"@type":"ListItem","position":2,"name":"Boutique","item":"https:\/\/vertitec.designstudio.host\/fr\/boutique\/"},{"@type":"ListItem","position":3,"name":"Fendt 828 Vario Profi Plus"}]},{"@type":"WebSite","@id":"https:\/\/vertitec.designstudio.host\/fr\/#website","url":"https:\/\/vertitec.designstudio.host\/fr\/","name":"Vertitec BV","description":"","potentialAction":[{"@type":"SearchAction","target":{"@type":"EntryPoint","urlTemplate":"https:\/\/vertitec.designstudio.host\/fr\/?s={search_term_string}"},"query-input":{"@type":"PropertyValueSpecification","valueRequired":true,"valueName":"search_term_string"}}],"inLanguage":"fr-FR"}]}},"_links":{"self":[{"href":"https:\/\/vertitec.designstudio.host\/fr\/wp-json\/wp\/v2\/product\/27345","targetHints":{"allow":["GET"]}}],"collection":[{"href":"https:\/\/vertitec.designstudio.host\/fr\/wp-json\/wp\/v2\/product"}],"about":[{"href":"https:\/\/vertitec.designstudio.host\/fr\/wp-json\/wp\/v2\/types\/product"}],"wp:featuredmedia":[{"embeddable":true,"href":"https:\/\/vertitec.designstudio.host\/fr\/wp-json\/wp\/v2\/media\/19440"}],"wp:attachment":[{"href":"https:\/\/vertitec.designstudio.host\/fr\/wp-json\/wp\/v2\/media?parent=27345"}],"wp:term":[{"taxonomy":"product_brand","embeddable":true,"href":"https:\/\/vertitec.designstudio.host\/fr\/wp-json\/wp\/v2\/product_brand?post=27345"},{"taxonomy":"product_cat","embeddable":true,"href":"https:\/\/vertitec.designstudio.host\/fr\/wp-json\/wp\/v2\/product_cat?post=27345"},{"taxonomy":"product_tag","embeddable":true,"href":"https:\/\/vertitec.designstudio.host\/fr\/wp-json\/wp\/v2\/product_tag?post=27345"}],"curies":[{"name":"wp","href":"https:\/\/api.w.org\/{rel}","templated":true}]}}