{"id":26090,"date":"2025-11-03T16:28:19","date_gmt":"2025-11-03T16:28:19","guid":{"rendered":"https:\/\/vertitec.designstudio.host\/product\/honda-hrm-1000-fr\/"},"modified":"2026-01-24T11:37:42","modified_gmt":"2026-01-24T11:37:42","slug":"honda-hrm-1000-fr","status":"publish","type":"product","link":"https:\/\/vertitec.designstudio.host\/fr\/produit\/honda-hrm-1000-fr\/","title":{"rendered":"HRM 1000"},"content":{"rendered":"","protected":false},"excerpt":{"rendered":"","protected":false},"featured_media":26091,"template":"","meta":{"_acf_changed":false},"product_brand":[],"product_cat":[525,546],"product_tag":[565,590,401],"class_list":{"0":"post-26090","1":"product","2":"type-product","3":"status-publish","4":"has-post-thumbnail","6":"product_cat-honda-lawn-and-garden-fr","7":"product_cat-tondeuses-robots-honda-fr","8":"product_tag-honda","9":"product_tag-syndifie","10":"product_tag-syndified","12":"first","13":"instock","14":"shipping-taxable","15":"purchasable","16":"product-type-simple"},"acf":[],"yoast_head":"<!-- This site is optimized with the Yoast SEO plugin v27.4 - https:\/\/yoast.com\/product\/yoast-seo-wordpress\/ -->\n<title>Honda HRM 1000<\/title>\n<meta name=\"description\" content=\"Honda HRM 1000 par Vertitec BV \u00e0 Enghien, Belgique. Surface couverte jusqu&#039;\u00e0 1000 m \u00c9cran simple Capteurs sensibles Conception am\u00e9lior\u00e9e et intel...\" \/>\n<meta name=\"robots\" content=\"noindex, follow, max-snippet:-1, max-image-preview:large, max-video-preview:-1\" \/>\n<meta property=\"og:locale\" content=\"fr_FR\" \/>\n<meta property=\"og:type\" content=\"article\" \/>\n<meta property=\"og:title\" content=\"Honda HRM 1000\" \/>\n<meta property=\"og:description\" content=\"Honda HRM 1000 par Vertitec BV \u00e0 Enghien, Belgique. Surface couverte jusqu&#039;\u00e0 1000 m \u00c9cran simple Capteurs sensibles Conception am\u00e9lior\u00e9e et intel...\" \/>\n<meta property=\"og:url\" content=\"https:\/\/vertitec.designstudio.host\/fr\/produit\/honda-hrm-1000-fr\/\" \/>\n<meta property=\"og:site_name\" content=\"Vertitec BV\" \/>\n<meta property=\"article:modified_time\" content=\"2026-01-24T11:37:42+00:00\" \/>\n<meta property=\"og:image\" content=\"https:\/\/vertitec.designstudio.host\/wp-content\/uploads\/2025\/12\/hrm-1000-1.jpg\" \/>\n\t<meta property=\"og:image:width\" content=\"1000\" \/>\n\t<meta property=\"og:image:height\" content=\"1000\" \/>\n\t<meta property=\"og:image:type\" content=\"image\/jpeg\" \/>\n<meta name=\"twitter:card\" content=\"summary_large_image\" \/>\n<meta name=\"twitter:title\" content=\"Honda HRM 1000\" \/>\n<meta name=\"twitter:description\" content=\"Honda HRM 1000 par Vertitec BV \u00e0 Enghien, Belgique. Surface couverte jusqu&#039;\u00e0 1000 m \u00c9cran simple Capteurs sensibles Conception am\u00e9lior\u00e9e et intel...\" \/>\n<meta name=\"twitter:image\" content=\"https:\/\/vertitec.designstudio.host\/wp-content\/uploads\/2025\/12\/hrm-1000-1.jpg\" \/>\n<script type=\"application\/ld+json\" class=\"yoast-schema-graph\">{\"@context\":\"https:\\\/\\\/schema.org\",\"@graph\":[{\"@type\":\"WebPage\",\"@id\":\"https:\\\/\\\/vertitec.designstudio.host\\\/fr\\\/produit\\\/honda-hrm-1000-fr\\\/\",\"url\":\"https:\\\/\\\/vertitec.designstudio.host\\\/fr\\\/produit\\\/honda-hrm-1000-fr\\\/\",\"name\":\"Honda HRM 1000\",\"isPartOf\":{\"@id\":\"https:\\\/\\\/vertitec.designstudio.host\\\/fr\\\/#website\"},\"primaryImageOfPage\":{\"@id\":\"https:\\\/\\\/vertitec.designstudio.host\\\/fr\\\/produit\\\/honda-hrm-1000-fr\\\/#primaryimage\"},\"image\":{\"@id\":\"https:\\\/\\\/vertitec.designstudio.host\\\/fr\\\/produit\\\/honda-hrm-1000-fr\\\/#primaryimage\"},\"thumbnailUrl\":\"https:\\\/\\\/vertitec.designstudio.host\\\/wp-content\\\/uploads\\\/2025\\\/12\\\/hrm-1000-1.jpg\",\"datePublished\":\"2025-11-03T16:28:19+00:00\",\"dateModified\":\"2026-01-24T11:37:42+00:00\",\"description\":\"Honda HRM 1000 par Vertitec BV \u00e0 Enghien, Belgique. Surface couverte jusqu'\u00e0 1000 m \u00c9cran simple Capteurs sensibles Conception am\u00e9lior\u00e9e et intel...\",\"breadcrumb\":{\"@id\":\"https:\\\/\\\/vertitec.designstudio.host\\\/fr\\\/produit\\\/honda-hrm-1000-fr\\\/#breadcrumb\"},\"inLanguage\":\"fr-FR\",\"potentialAction\":[{\"@type\":\"ReadAction\",\"target\":[\"https:\\\/\\\/vertitec.designstudio.host\\\/fr\\\/produit\\\/honda-hrm-1000-fr\\\/\"]}]},{\"@type\":\"ImageObject\",\"inLanguage\":\"fr-FR\",\"@id\":\"https:\\\/\\\/vertitec.designstudio.host\\\/fr\\\/produit\\\/honda-hrm-1000-fr\\\/#primaryimage\",\"url\":\"https:\\\/\\\/vertitec.designstudio.host\\\/wp-content\\\/uploads\\\/2025\\\/12\\\/hrm-1000-1.jpg\",\"contentUrl\":\"https:\\\/\\\/vertitec.designstudio.host\\\/wp-content\\\/uploads\\\/2025\\\/12\\\/hrm-1000-1.jpg\",\"width\":1000,\"height\":1000},{\"@type\":\"BreadcrumbList\",\"@id\":\"https:\\\/\\\/vertitec.designstudio.host\\\/fr\\\/produit\\\/honda-hrm-1000-fr\\\/#breadcrumb\",\"itemListElement\":[{\"@type\":\"ListItem\",\"position\":1,\"name\":\"Accueil\",\"item\":\"https:\\\/\\\/vertitec.designstudio.host\\\/fr\\\/\"},{\"@type\":\"ListItem\",\"position\":2,\"name\":\"Boutique\",\"item\":\"https:\\\/\\\/vertitec.designstudio.host\\\/fr\\\/boutique\\\/\"},{\"@type\":\"ListItem\",\"position\":3,\"name\":\"HRM 1000\"}]},{\"@type\":\"WebSite\",\"@id\":\"https:\\\/\\\/vertitec.designstudio.host\\\/fr\\\/#website\",\"url\":\"https:\\\/\\\/vertitec.designstudio.host\\\/fr\\\/\",\"name\":\"Vertitec BV\",\"description\":\"\",\"potentialAction\":[{\"@type\":\"SearchAction\",\"target\":{\"@type\":\"EntryPoint\",\"urlTemplate\":\"https:\\\/\\\/vertitec.designstudio.host\\\/fr\\\/?s={search_term_string}\"},\"query-input\":{\"@type\":\"PropertyValueSpecification\",\"valueRequired\":true,\"valueName\":\"search_term_string\"}}],\"inLanguage\":\"fr-FR\"}]}<\/script>\n<!-- \/ Yoast SEO plugin. -->","yoast_head_json":{"title":"Honda HRM 1000","description":"Honda HRM 1000 par Vertitec BV \u00e0 Enghien, Belgique. Surface couverte jusqu'\u00e0 1000 m \u00c9cran simple Capteurs sensibles Conception am\u00e9lior\u00e9e et intel...","robots":{"index":"noindex","follow":"follow","max-snippet":"max-snippet:-1","max-image-preview":"max-image-preview:large","max-video-preview":"max-video-preview:-1"},"og_locale":"fr_FR","og_type":"article","og_title":"Honda HRM 1000","og_description":"Honda HRM 1000 par Vertitec BV \u00e0 Enghien, Belgique. Surface couverte jusqu'\u00e0 1000 m \u00c9cran simple Capteurs sensibles Conception am\u00e9lior\u00e9e et intel...","og_url":"https:\/\/vertitec.designstudio.host\/fr\/produit\/honda-hrm-1000-fr\/","og_site_name":"Vertitec BV","article_modified_time":"2026-01-24T11:37:42+00:00","og_image":[{"width":1000,"height":1000,"url":"https:\/\/vertitec.designstudio.host\/wp-content\/uploads\/2025\/12\/hrm-1000-1.jpg","type":"image\/jpeg"}],"twitter_card":"summary_large_image","twitter_title":"Honda HRM 1000","twitter_description":"Honda HRM 1000 par Vertitec BV \u00e0 Enghien, Belgique. Surface couverte jusqu'\u00e0 1000 m \u00c9cran simple Capteurs sensibles Conception am\u00e9lior\u00e9e et intel...","twitter_image":"https:\/\/vertitec.designstudio.host\/wp-content\/uploads\/2025\/12\/hrm-1000-1.jpg","schema":{"@context":"https:\/\/schema.org","@graph":[{"@type":"WebPage","@id":"https:\/\/vertitec.designstudio.host\/fr\/produit\/honda-hrm-1000-fr\/","url":"https:\/\/vertitec.designstudio.host\/fr\/produit\/honda-hrm-1000-fr\/","name":"Honda HRM 1000","isPartOf":{"@id":"https:\/\/vertitec.designstudio.host\/fr\/#website"},"primaryImageOfPage":{"@id":"https:\/\/vertitec.designstudio.host\/fr\/produit\/honda-hrm-1000-fr\/#primaryimage"},"image":{"@id":"https:\/\/vertitec.designstudio.host\/fr\/produit\/honda-hrm-1000-fr\/#primaryimage"},"thumbnailUrl":"https:\/\/vertitec.designstudio.host\/wp-content\/uploads\/2025\/12\/hrm-1000-1.jpg","datePublished":"2025-11-03T16:28:19+00:00","dateModified":"2026-01-24T11:37:42+00:00","description":"Honda HRM 1000 par Vertitec BV \u00e0 Enghien, Belgique. Surface couverte jusqu'\u00e0 1000 m \u00c9cran simple Capteurs sensibles Conception am\u00e9lior\u00e9e et intel...","breadcrumb":{"@id":"https:\/\/vertitec.designstudio.host\/fr\/produit\/honda-hrm-1000-fr\/#breadcrumb"},"inLanguage":"fr-FR","potentialAction":[{"@type":"ReadAction","target":["https:\/\/vertitec.designstudio.host\/fr\/produit\/honda-hrm-1000-fr\/"]}]},{"@type":"ImageObject","inLanguage":"fr-FR","@id":"https:\/\/vertitec.designstudio.host\/fr\/produit\/honda-hrm-1000-fr\/#primaryimage","url":"https:\/\/vertitec.designstudio.host\/wp-content\/uploads\/2025\/12\/hrm-1000-1.jpg","contentUrl":"https:\/\/vertitec.designstudio.host\/wp-content\/uploads\/2025\/12\/hrm-1000-1.jpg","width":1000,"height":1000},{"@type":"BreadcrumbList","@id":"https:\/\/vertitec.designstudio.host\/fr\/produit\/honda-hrm-1000-fr\/#breadcrumb","itemListElement":[{"@type":"ListItem","position":1,"name":"Accueil","item":"https:\/\/vertitec.designstudio.host\/fr\/"},{"@type":"ListItem","position":2,"name":"Boutique","item":"https:\/\/vertitec.designstudio.host\/fr\/boutique\/"},{"@type":"ListItem","position":3,"name":"HRM 1000"}]},{"@type":"WebSite","@id":"https:\/\/vertitec.designstudio.host\/fr\/#website","url":"https:\/\/vertitec.designstudio.host\/fr\/","name":"Vertitec BV","description":"","potentialAction":[{"@type":"SearchAction","target":{"@type":"EntryPoint","urlTemplate":"https:\/\/vertitec.designstudio.host\/fr\/?s={search_term_string}"},"query-input":{"@type":"PropertyValueSpecification","valueRequired":true,"valueName":"search_term_string"}}],"inLanguage":"fr-FR"}]}},"_links":{"self":[{"href":"https:\/\/vertitec.designstudio.host\/fr\/wp-json\/wp\/v2\/product\/26090","targetHints":{"allow":["GET"]}}],"collection":[{"href":"https:\/\/vertitec.designstudio.host\/fr\/wp-json\/wp\/v2\/product"}],"about":[{"href":"https:\/\/vertitec.designstudio.host\/fr\/wp-json\/wp\/v2\/types\/product"}],"wp:featuredmedia":[{"embeddable":true,"href":"https:\/\/vertitec.designstudio.host\/fr\/wp-json\/wp\/v2\/media\/26091"}],"wp:attachment":[{"href":"https:\/\/vertitec.designstudio.host\/fr\/wp-json\/wp\/v2\/media?parent=26090"}],"wp:term":[{"taxonomy":"product_brand","embeddable":true,"href":"https:\/\/vertitec.designstudio.host\/fr\/wp-json\/wp\/v2\/product_brand?post=26090"},{"taxonomy":"product_cat","embeddable":true,"href":"https:\/\/vertitec.designstudio.host\/fr\/wp-json\/wp\/v2\/product_cat?post=26090"},{"taxonomy":"product_tag","embeddable":true,"href":"https:\/\/vertitec.designstudio.host\/fr\/wp-json\/wp\/v2\/product_tag?post=26090"}],"curies":[{"name":"wp","href":"https:\/\/api.w.org\/{rel}","templated":true}]}}