{"id":18604,"date":"2025-07-13T15:34:16","date_gmt":"2025-07-13T15:34:16","guid":{"rendered":"https:\/\/vertitec.designstudio.host\/product\/iseki-sf-544-fr\/"},"modified":"2025-11-23T09:28:33","modified_gmt":"2025-11-23T09:28:33","slug":"iseki-sf-544-fr","status":"publish","type":"product","link":"https:\/\/vertitec.designstudio.host\/fr\/produit\/iseki-sf-544-fr\/","title":{"rendered":"SF 544"},"content":{"rendered":"","protected":false},"excerpt":{"rendered":"","protected":false},"featured_media":18605,"template":"","meta":{"_acf_changed":false},"product_brand":[],"product_cat":[443,456,448],"product_tag":[460,401],"class_list":{"0":"post-18604","1":"product","2":"type-product","3":"status-publish","4":"has-post-thumbnail","6":"product_cat-iseki-fr","7":"product_cat-iseki-tondeuses-autoportees-avec-ramassage-fr","8":"product_cat-iseki-tondeuses-frontales-fr","9":"product_tag-iseki","10":"product_tag-syndified","12":"first","13":"instock","14":"shipping-taxable","15":"product-type-simple"},"acf":[],"yoast_head":"<!-- This site is optimized with the Yoast SEO plugin v27.4 - https:\/\/yoast.com\/product\/yoast-seo-wordpress\/ -->\n<title>Iseki SF 544<\/title>\n<meta name=\"description\" content=\"Iseki SF 544 par Vertitec BV \u00e0 Enghien, Belgique. Si la capacit\u00e9 la plus \u00e9lev\u00e9e est votre norme Avec la SF 544, Iseki allie les avantages d&#039;une to...\" \/>\n<meta name=\"robots\" content=\"noindex, follow, max-snippet:-1, max-image-preview:large, max-video-preview:-1\" \/>\n<meta property=\"og:locale\" content=\"fr_FR\" \/>\n<meta property=\"og:type\" content=\"article\" \/>\n<meta property=\"og:title\" content=\"Iseki SF 544\" \/>\n<meta property=\"og:description\" content=\"Iseki SF 544 par Vertitec BV \u00e0 Enghien, Belgique. Si la capacit\u00e9 la plus \u00e9lev\u00e9e est votre norme Avec la SF 544, Iseki allie les avantages d&#039;une to...\" \/>\n<meta property=\"og:url\" content=\"https:\/\/vertitec.designstudio.host\/fr\/produit\/iseki-sf-544-fr\/\" \/>\n<meta property=\"og:site_name\" content=\"Vertitec BV\" \/>\n<meta property=\"article:modified_time\" content=\"2025-11-23T09:28:33+00:00\" \/>\n<meta property=\"og:image\" content=\"https:\/\/vertitec.designstudio.host\/wp-content\/uploads\/2025\/10\/SF-544-1.jpg\" \/>\n\t<meta property=\"og:image:width\" content=\"720\" \/>\n\t<meta property=\"og:image:height\" content=\"557\" \/>\n\t<meta property=\"og:image:type\" content=\"image\/jpeg\" \/>\n<meta name=\"twitter:card\" content=\"summary_large_image\" \/>\n<meta name=\"twitter:title\" content=\"Iseki SF 544\" \/>\n<meta name=\"twitter:description\" content=\"Iseki SF 544 par Vertitec BV \u00e0 Enghien, Belgique. Si la capacit\u00e9 la plus \u00e9lev\u00e9e est votre norme Avec la SF 544, Iseki allie les avantages d&#039;une to...\" \/>\n<meta name=\"twitter:image\" content=\"https:\/\/vertitec.designstudio.host\/wp-content\/uploads\/2025\/10\/SF-544-1.jpg\" \/>\n<script type=\"application\/ld+json\" class=\"yoast-schema-graph\">{\"@context\":\"https:\\\/\\\/schema.org\",\"@graph\":[{\"@type\":\"WebPage\",\"@id\":\"https:\\\/\\\/vertitec.designstudio.host\\\/fr\\\/produit\\\/iseki-sf-544-fr\\\/\",\"url\":\"https:\\\/\\\/vertitec.designstudio.host\\\/fr\\\/produit\\\/iseki-sf-544-fr\\\/\",\"name\":\"Iseki SF 544\",\"isPartOf\":{\"@id\":\"https:\\\/\\\/vertitec.designstudio.host\\\/fr\\\/#website\"},\"primaryImageOfPage\":{\"@id\":\"https:\\\/\\\/vertitec.designstudio.host\\\/fr\\\/produit\\\/iseki-sf-544-fr\\\/#primaryimage\"},\"image\":{\"@id\":\"https:\\\/\\\/vertitec.designstudio.host\\\/fr\\\/produit\\\/iseki-sf-544-fr\\\/#primaryimage\"},\"thumbnailUrl\":\"https:\\\/\\\/vertitec.designstudio.host\\\/wp-content\\\/uploads\\\/2025\\\/10\\\/SF-544-1.jpg\",\"datePublished\":\"2025-07-13T15:34:16+00:00\",\"dateModified\":\"2025-11-23T09:28:33+00:00\",\"description\":\"Iseki SF 544 par Vertitec BV \u00e0 Enghien, Belgique. Si la capacit\u00e9 la plus \u00e9lev\u00e9e est votre norme Avec la SF 544, Iseki allie les avantages d'une to...\",\"breadcrumb\":{\"@id\":\"https:\\\/\\\/vertitec.designstudio.host\\\/fr\\\/produit\\\/iseki-sf-544-fr\\\/#breadcrumb\"},\"inLanguage\":\"fr-FR\",\"potentialAction\":[{\"@type\":\"ReadAction\",\"target\":[\"https:\\\/\\\/vertitec.designstudio.host\\\/fr\\\/produit\\\/iseki-sf-544-fr\\\/\"]}]},{\"@type\":\"ImageObject\",\"inLanguage\":\"fr-FR\",\"@id\":\"https:\\\/\\\/vertitec.designstudio.host\\\/fr\\\/produit\\\/iseki-sf-544-fr\\\/#primaryimage\",\"url\":\"https:\\\/\\\/vertitec.designstudio.host\\\/wp-content\\\/uploads\\\/2025\\\/10\\\/SF-544-1.jpg\",\"contentUrl\":\"https:\\\/\\\/vertitec.designstudio.host\\\/wp-content\\\/uploads\\\/2025\\\/10\\\/SF-544-1.jpg\",\"width\":720,\"height\":557},{\"@type\":\"BreadcrumbList\",\"@id\":\"https:\\\/\\\/vertitec.designstudio.host\\\/fr\\\/produit\\\/iseki-sf-544-fr\\\/#breadcrumb\",\"itemListElement\":[{\"@type\":\"ListItem\",\"position\":1,\"name\":\"Accueil\",\"item\":\"https:\\\/\\\/vertitec.designstudio.host\\\/fr\\\/\"},{\"@type\":\"ListItem\",\"position\":2,\"name\":\"Boutique\",\"item\":\"https:\\\/\\\/vertitec.designstudio.host\\\/fr\\\/boutique\\\/\"},{\"@type\":\"ListItem\",\"position\":3,\"name\":\"SF 544\"}]},{\"@type\":\"WebSite\",\"@id\":\"https:\\\/\\\/vertitec.designstudio.host\\\/fr\\\/#website\",\"url\":\"https:\\\/\\\/vertitec.designstudio.host\\\/fr\\\/\",\"name\":\"Vertitec BV\",\"description\":\"\",\"potentialAction\":[{\"@type\":\"SearchAction\",\"target\":{\"@type\":\"EntryPoint\",\"urlTemplate\":\"https:\\\/\\\/vertitec.designstudio.host\\\/fr\\\/?s={search_term_string}\"},\"query-input\":{\"@type\":\"PropertyValueSpecification\",\"valueRequired\":true,\"valueName\":\"search_term_string\"}}],\"inLanguage\":\"fr-FR\"}]}<\/script>\n<!-- \/ Yoast SEO plugin. -->","yoast_head_json":{"title":"Iseki SF 544","description":"Iseki SF 544 par Vertitec BV \u00e0 Enghien, Belgique. Si la capacit\u00e9 la plus \u00e9lev\u00e9e est votre norme Avec la SF 544, Iseki allie les avantages d'une to...","robots":{"index":"noindex","follow":"follow","max-snippet":"max-snippet:-1","max-image-preview":"max-image-preview:large","max-video-preview":"max-video-preview:-1"},"og_locale":"fr_FR","og_type":"article","og_title":"Iseki SF 544","og_description":"Iseki SF 544 par Vertitec BV \u00e0 Enghien, Belgique. Si la capacit\u00e9 la plus \u00e9lev\u00e9e est votre norme Avec la SF 544, Iseki allie les avantages d'une to...","og_url":"https:\/\/vertitec.designstudio.host\/fr\/produit\/iseki-sf-544-fr\/","og_site_name":"Vertitec BV","article_modified_time":"2025-11-23T09:28:33+00:00","og_image":[{"width":720,"height":557,"url":"https:\/\/vertitec.designstudio.host\/wp-content\/uploads\/2025\/10\/SF-544-1.jpg","type":"image\/jpeg"}],"twitter_card":"summary_large_image","twitter_title":"Iseki SF 544","twitter_description":"Iseki SF 544 par Vertitec BV \u00e0 Enghien, Belgique. Si la capacit\u00e9 la plus \u00e9lev\u00e9e est votre norme Avec la SF 544, Iseki allie les avantages d'une to...","twitter_image":"https:\/\/vertitec.designstudio.host\/wp-content\/uploads\/2025\/10\/SF-544-1.jpg","schema":{"@context":"https:\/\/schema.org","@graph":[{"@type":"WebPage","@id":"https:\/\/vertitec.designstudio.host\/fr\/produit\/iseki-sf-544-fr\/","url":"https:\/\/vertitec.designstudio.host\/fr\/produit\/iseki-sf-544-fr\/","name":"Iseki SF 544","isPartOf":{"@id":"https:\/\/vertitec.designstudio.host\/fr\/#website"},"primaryImageOfPage":{"@id":"https:\/\/vertitec.designstudio.host\/fr\/produit\/iseki-sf-544-fr\/#primaryimage"},"image":{"@id":"https:\/\/vertitec.designstudio.host\/fr\/produit\/iseki-sf-544-fr\/#primaryimage"},"thumbnailUrl":"https:\/\/vertitec.designstudio.host\/wp-content\/uploads\/2025\/10\/SF-544-1.jpg","datePublished":"2025-07-13T15:34:16+00:00","dateModified":"2025-11-23T09:28:33+00:00","description":"Iseki SF 544 par Vertitec BV \u00e0 Enghien, Belgique. Si la capacit\u00e9 la plus \u00e9lev\u00e9e est votre norme Avec la SF 544, Iseki allie les avantages d'une to...","breadcrumb":{"@id":"https:\/\/vertitec.designstudio.host\/fr\/produit\/iseki-sf-544-fr\/#breadcrumb"},"inLanguage":"fr-FR","potentialAction":[{"@type":"ReadAction","target":["https:\/\/vertitec.designstudio.host\/fr\/produit\/iseki-sf-544-fr\/"]}]},{"@type":"ImageObject","inLanguage":"fr-FR","@id":"https:\/\/vertitec.designstudio.host\/fr\/produit\/iseki-sf-544-fr\/#primaryimage","url":"https:\/\/vertitec.designstudio.host\/wp-content\/uploads\/2025\/10\/SF-544-1.jpg","contentUrl":"https:\/\/vertitec.designstudio.host\/wp-content\/uploads\/2025\/10\/SF-544-1.jpg","width":720,"height":557},{"@type":"BreadcrumbList","@id":"https:\/\/vertitec.designstudio.host\/fr\/produit\/iseki-sf-544-fr\/#breadcrumb","itemListElement":[{"@type":"ListItem","position":1,"name":"Accueil","item":"https:\/\/vertitec.designstudio.host\/fr\/"},{"@type":"ListItem","position":2,"name":"Boutique","item":"https:\/\/vertitec.designstudio.host\/fr\/boutique\/"},{"@type":"ListItem","position":3,"name":"SF 544"}]},{"@type":"WebSite","@id":"https:\/\/vertitec.designstudio.host\/fr\/#website","url":"https:\/\/vertitec.designstudio.host\/fr\/","name":"Vertitec BV","description":"","potentialAction":[{"@type":"SearchAction","target":{"@type":"EntryPoint","urlTemplate":"https:\/\/vertitec.designstudio.host\/fr\/?s={search_term_string}"},"query-input":{"@type":"PropertyValueSpecification","valueRequired":true,"valueName":"search_term_string"}}],"inLanguage":"fr-FR"}]}},"_links":{"self":[{"href":"https:\/\/vertitec.designstudio.host\/fr\/wp-json\/wp\/v2\/product\/18604","targetHints":{"allow":["GET"]}}],"collection":[{"href":"https:\/\/vertitec.designstudio.host\/fr\/wp-json\/wp\/v2\/product"}],"about":[{"href":"https:\/\/vertitec.designstudio.host\/fr\/wp-json\/wp\/v2\/types\/product"}],"wp:featuredmedia":[{"embeddable":true,"href":"https:\/\/vertitec.designstudio.host\/fr\/wp-json\/wp\/v2\/media\/18605"}],"wp:attachment":[{"href":"https:\/\/vertitec.designstudio.host\/fr\/wp-json\/wp\/v2\/media?parent=18604"}],"wp:term":[{"taxonomy":"product_brand","embeddable":true,"href":"https:\/\/vertitec.designstudio.host\/fr\/wp-json\/wp\/v2\/product_brand?post=18604"},{"taxonomy":"product_cat","embeddable":true,"href":"https:\/\/vertitec.designstudio.host\/fr\/wp-json\/wp\/v2\/product_cat?post=18604"},{"taxonomy":"product_tag","embeddable":true,"href":"https:\/\/vertitec.designstudio.host\/fr\/wp-json\/wp\/v2\/product_tag?post=18604"}],"curies":[{"name":"wp","href":"https:\/\/api.w.org\/{rel}","templated":true}]}}