{"id":32700,"date":"2026-03-19T10:39:14","date_gmt":"2026-03-19T10:39:14","guid":{"rendered":"https:\/\/vertitec.designstudio.host\/vie-privee\/"},"modified":"2026-03-19T10:39:14","modified_gmt":"2026-03-19T10:39:14","slug":"vie-privee","status":"publish","type":"page","link":"https:\/\/vertitec.designstudio.host\/fr\/vie-privee\/","title":{"rendered":"Vie priv\u00e9e"},"content":{"rendered":"<div style=\"max-width: 900px; margin: 0 auto;\">\n<h1 data-start=\"361\" data-end=\"384\"><strong data-start=\"363\" data-end=\"384\">D\u00e9claration de confidentialit\u00e9<\/strong><\/h1>\n<p data-start=\"386\" data-end=\"416\"><strong data-start=\"386\" data-end=\"408\">Derni\u00e8re mise \u00e0 jour :<\/strong> 19\/03\/2026<\/p>\n<p data-start=\"418\" data-end=\"588\"><strong data-start=\"418\" data-end=\"450\">Contr\u00f4leur<\/strong><\/p>\n<p>Vertitec BV<\/p>\n<p class=\"dsn:m-0 dsn:text-base dsn:lg:text-xl\">Pav\u00e9 de Soignies 89<\/p>\n<p class=\"dsn:m-0 dsn:mt-1 dsn:text-base dsn:lg:text-xl\">Enghien, 7850<\/p>\n<p>T\u00e9l\u00e9phone :  <a class=\"footer-link-color\" href=\"tel:tel:+32476423364\"><span class=\"dsn:ml-2 dsn:text-base dsn:2xl:text-xl dsn:hover:text-white\">+ 32 476 42 33 64<\/span><\/a><\/p>\n<p data-start=\"590\" data-end=\"885\">Vertitec BV (ci-apr\u00e8s \u00a0\u00bb nous \u00ab\u00a0) attache une grande importance \u00e0 la protection de vos donn\u00e9es personnelles. Dans cette d\u00e9claration de confidentialit\u00e9, nous expliquons quelles donn\u00e9es personnelles nous collectons, comment nous les utilisons et quels sont les droits dont vous disposez en vertu du <strong data-start=\"834\" data-end=\"884\">r\u00e8glement g\u00e9n\u00e9ral sur la protection des donn\u00e9es (RGPD)<\/strong>. <\/p>\n<hr data-start=\"887\" data-end=\"890\">\n<h2 data-start=\"892\" data-end=\"940\"><strong data-start=\"895\" data-end=\"940\">1. Quelles sont les donn\u00e9es personnelles que nous collectons ?<\/strong><\/h2>\n<p data-start=\"942\" data-end=\"985\">Nous traitons les donn\u00e9es personnelles suivantes :<\/p>\n<h3 data-start=\"987\" data-end=\"1026\"><strong data-start=\"991\" data-end=\"1026\">a. Donn\u00e9es personnelles et coordonn\u00e9es <\/strong><\/h3>\n<ul data-start=\"1027\" data-end=\"1144\">\n<li data-start=\"1027\" data-end=\"1050\">\n<p data-start=\"1029\" data-end=\"1050\">Pr\u00e9nom et nom<\/p>\n<\/li>\n<li data-start=\"1051\" data-end=\"1091\">\n<p data-start=\"1053\" data-end=\"1091\">Nom de l&rsquo;entreprise (le cas \u00e9ch\u00e9ant)<\/p>\n<\/li>\n<li data-start=\"1092\" data-end=\"1109\">\n<p data-start=\"1094\" data-end=\"1109\">Coordonn\u00e9es<\/p>\n<\/li>\n<li data-start=\"1110\" data-end=\"1125\">\n<p data-start=\"1112\" data-end=\"1125\">Adresse \u00e9lectronique<\/p>\n<\/li>\n<li data-start=\"1126\" data-end=\"1144\">\n<p data-start=\"1128\" data-end=\"1144\">Num\u00e9ro de t\u00e9l\u00e9phone<\/p>\n<\/li>\n<\/ul>\n<h3 data-start=\"1146\" data-end=\"1182\"><strong data-start=\"1150\" data-end=\"1182\">b. D\u00e9tails de la commande et du paiement <\/strong><\/h3>\n<ul data-start=\"1183\" data-end=\"1296\">\n<li data-start=\"1183\" data-end=\"1205\">\n<p data-start=\"1185\" data-end=\"1205\">Historique des commandes<\/p>\n<\/li>\n<li data-start=\"1206\" data-end=\"1234\">\n<p data-start=\"1208\" data-end=\"1234\">Facture et adresse de livraison<\/p>\n<\/li>\n<li data-start=\"1235\" data-end=\"1296\">\n<p data-start=\"1237\" data-end=\"1296\">Donn\u00e9es de paiement (trait\u00e9es par l&rsquo;interm\u00e9diaire d&rsquo;un prestataire de services de paiement s\u00e9curis\u00e9)<\/p>\n<\/li>\n<\/ul>\n<h3 data-start=\"1298\" data-end=\"1324\"><strong data-start=\"1302\" data-end=\"1324\">c. D\u00e9tails du compte <\/strong><\/h3>\n<ul data-start=\"1325\" data-end=\"1381\">\n<li data-start=\"1325\" data-end=\"1343\">\n<p data-start=\"1327\" data-end=\"1343\">Nom d&rsquo;utilisateur<\/p>\n<\/li>\n<li data-start=\"1344\" data-end=\"1381\">\n<p data-start=\"1346\" data-end=\"1381\">Mot de passe (crypt\u00e9)<\/p>\n<\/li>\n<\/ul>\n<h3 data-start=\"1383\" data-end=\"1424\"><strong data-start=\"1387\" data-end=\"1424\">d. Donn\u00e9es techniques et op\u00e9rationnelles <\/strong><\/h3>\n<ul data-start=\"1425\" data-end=\"1532\">\n<li data-start=\"1425\" data-end=\"1437\">\n<p data-start=\"1427\" data-end=\"1437\">Adresse IP<\/p>\n<\/li>\n<li data-start=\"1438\" data-end=\"1470\">\n<p data-start=\"1440\" data-end=\"1470\">Donn\u00e9es relatives au navigateur et \u00e0 l&rsquo;appareil<\/p>\n<\/li>\n<li data-start=\"1471\" data-end=\"1492\">\n<p data-start=\"1473\" data-end=\"1492\">Pages visit\u00e9es<\/p>\n<\/li>\n<li data-start=\"1493\" data-end=\"1532\">\n<p data-start=\"1495\" data-end=\"1532\">Cookies et techniques similaires<\/p>\n<\/li>\n<\/ul>\n<h3 data-start=\"1534\" data-end=\"1562\"><strong data-start=\"1538\" data-end=\"1562\">e. Donn\u00e9es de marketing <\/strong><\/h3>\n<ul data-start=\"1563\" data-end=\"1629\">\n<li data-start=\"1563\" data-end=\"1592\">\n<p data-start=\"1565\" data-end=\"1592\">Abonnement \u00e0 la lettre d&rsquo;information<\/p>\n<\/li>\n<li data-start=\"1593\" data-end=\"1629\">\n<p data-start=\"1595\" data-end=\"1629\">Pr\u00e9f\u00e9rences et consentement en mati\u00e8re de marketing<\/p>\n<\/li>\n<\/ul>\n<hr data-start=\"1631\" data-end=\"1634\">\n<h2 data-start=\"1636\" data-end=\"1682\"><strong data-start=\"1639\" data-end=\"1682\">2. Comment collectons-nous les donn\u00e9es \u00e0 caract\u00e8re personnel ?<\/strong><\/h2>\n<p data-start=\"1684\" data-end=\"1727\">Nous recueillons des donn\u00e9es \u00e0 caract\u00e8re personnel lorsque vous :<\/p>\n<ul data-start=\"1728\" data-end=\"1882\">\n<li data-start=\"1728\" data-end=\"1754\">\n<p data-start=\"1730\" data-end=\"1754\">Passer une commande<\/p>\n<\/li>\n<li data-start=\"1755\" data-end=\"1779\">\n<p data-start=\"1757\" data-end=\"1779\">Cr\u00e9er un compte<\/p>\n<\/li>\n<li data-start=\"1780\" data-end=\"1807\">\n<p data-start=\"1782\" data-end=\"1807\">Contactez nous<\/p>\n<\/li>\n<li data-start=\"1808\" data-end=\"1845\">\n<p data-start=\"1810\" data-end=\"1845\">S&rsquo;abonner \u00e0 la lettre d&rsquo;information<\/p>\n<\/li>\n<li data-start=\"1846\" data-end=\"1882\">\n<p data-start=\"1848\" data-end=\"1882\">Visiter notre site web (via des cookies)<\/p>\n<\/li>\n<\/ul>\n<hr data-start=\"1884\" data-end=\"1887\">\n<h2 data-start=\"1889\" data-end=\"1924\"><strong data-start=\"1892\" data-end=\"1924\">3. Finalit\u00e9s et base juridique<\/strong><\/h2>\n<p data-start=\"1926\" data-end=\"1990\">Nous traitons vos donn\u00e9es personnelles aux fins suivantes :<\/p>\n<div class=\"TyagGW_tableContainer\">\n<div class=\"group TyagGW_tableWrapper flex flex-col-reverse w-fit\" tabindex=\"-1\">\n<table class=\"w-fit min-w-(--thread-content-width)\" data-start=\"1992\" data-end=\"2291\">\n<thead data-start=\"1992\" data-end=\"2014\">\n<tr data-start=\"1992\" data-end=\"2014\">\n<th data-start=\"1992\" data-end=\"1999\" data-col-size=\"sm\">Finalit\u00e9<\/th>\n<th data-start=\"1999\" data-end=\"2014\" data-col-size=\"sm\">Base juridique<\/th>\n<\/tr>\n<\/thead>\n<tbody data-start=\"2036\" data-end=\"2291\">\n<tr data-start=\"2036\" data-end=\"2092\">\n<td data-start=\"2036\" data-end=\"2065\" data-col-size=\"sm\">Ex\u00e9cution des ordres<\/td>\n<td data-col-size=\"sm\" data-start=\"2065\" data-end=\"2092\">Ex\u00e9cution de l&rsquo;accord<\/td>\n<\/tr>\n<tr data-start=\"2093\" data-end=\"2137\">\n<td data-start=\"2093\" data-end=\"2110\" data-col-size=\"sm\">Service client\u00e8le<\/td>\n<td data-col-size=\"sm\" data-start=\"2110\" data-end=\"2137\">Ex\u00e9cution de l&rsquo;accord<\/td>\n<\/tr>\n<tr data-start=\"2138\" data-end=\"2195\">\n<td data-start=\"2138\" data-end=\"2168\" data-col-size=\"sm\">Facturation et administration<\/td>\n<td data-col-size=\"sm\" data-start=\"2168\" data-end=\"2195\">Obligations l\u00e9gales<\/td>\n<\/tr>\n<tr data-start=\"2196\" data-end=\"2246\">\n<td data-start=\"2196\" data-end=\"2220\" data-col-size=\"sm\">Optimisation du site web<\/td>\n<td data-col-size=\"sm\" data-start=\"2220\" data-end=\"2246\">Int\u00e9r\u00eat l\u00e9gitime<\/td>\n<\/tr>\n<tr data-start=\"2247\" data-end=\"2291\">\n<td data-start=\"2247\" data-end=\"2276\" data-col-size=\"sm\">Marketing et lettres d&rsquo;information<\/td>\n<td data-col-size=\"sm\" data-start=\"2276\" data-end=\"2291\">Consentement<\/td>\n<\/tr>\n<\/tbody>\n<\/table>\n<\/div>\n<\/div>\n<hr data-start=\"2293\" data-end=\"2296\">\n<h2 data-start=\"2298\" data-end=\"2345\"><strong data-start=\"2301\" data-end=\"2345\">4. Partage de donn\u00e9es \u00e0 caract\u00e8re personnel avec des tiers<\/strong><\/h2>\n<p data-start=\"2347\" data-end=\"2428\">Nous ne partageons les donn\u00e9es personnelles avec des tiers que lorsque cela est n\u00e9cessaire, par exemple :<\/p>\n<ul data-start=\"2429\" data-end=\"2599\">\n<li data-start=\"2429\" data-end=\"2488\">\n<p data-start=\"2431\" data-end=\"2488\">Prestataires de services de paiement (par exemple, iDEAL, soci\u00e9t\u00e9s de cartes de cr\u00e9dit)<\/p>\n<\/li>\n<li data-start=\"2489\" data-end=\"2507\">\n<p data-start=\"2491\" data-end=\"2507\">Services de livraison<\/p>\n<\/li>\n<li data-start=\"2508\" data-end=\"2542\">\n<p data-start=\"2510\" data-end=\"2542\">Fournisseurs d&rsquo;h\u00e9bergement et de services informatiques<\/p>\n<\/li>\n<li data-start=\"2543\" data-end=\"2599\">\n<p data-start=\"2545\" data-end=\"2599\">Services d&rsquo;analyse et de marketing (tels que Google Analytics)<\/p>\n<\/li>\n<\/ul>\n<p data-start=\"2601\" data-end=\"2690\">Nous concluons des <strong data-start=\"2631\" data-end=\"2659\">accords de traitement<\/strong> avec ces parties afin de garantir le respect de votre vie priv\u00e9e.<\/p>\n<p data-start=\"2692\" data-end=\"2740\">Nous <strong data-start=\"2719\" data-end=\"2728\">ne<\/strong> vendons <strong data-start=\"2719\" data-end=\"2728\">jamais<\/strong> vos donn\u00e9es \u00e0 des tiers.<\/p>\n<hr data-start=\"2742\" data-end=\"2745\">\n<h2 data-start=\"2747\" data-end=\"2764\"><strong data-start=\"2750\" data-end=\"2764\">5. Cookies<\/strong><\/h2>\n<p data-start=\"2766\" data-end=\"2929\">Notre site web utilise des cookies pour fonctionner correctement et pour analyser l&rsquo;utilisation. Pour les cookies analytiques et marketing, nous demandons un consentement pr\u00e9alable. <\/p>\n<p data-start=\"2931\" data-end=\"2987\">Vous trouverez plus d&rsquo;informations dans notre <a href=\"\/cookiebeleid\/\"><strong data-start=\"2962\" data-end=\"2978\">Politique en mati\u00e8re de cookies<\/strong><\/a><\/p>\n<hr data-start=\"2989\" data-end=\"2992\">\n<h2 data-start=\"2994\" data-end=\"3026\"><strong data-start=\"2997\" data-end=\"3026\">6. Transfert en dehors de l&rsquo;UE<\/strong><\/h2>\n<p data-start=\"3028\" data-end=\"3251\">Si les donn\u00e9es \u00e0 caract\u00e8re personnel sont trait\u00e9es en dehors de l&rsquo;Espace \u00e9conomique europ\u00e9en (EEE), nous mettrons en place des garanties appropri\u00e9es, telles que des <strong data-start=\"3156\" data-end=\"3196\">clauses contractuelles types (CCN)<\/strong> ou une d\u00e9cision d&rsquo;ad\u00e9quation de la Commission europ\u00e9enne.<\/p>\n<hr data-start=\"3253\" data-end=\"3256\">\n<h2 data-start=\"3258\" data-end=\"3283\"><strong data-start=\"3261\" data-end=\"3283\">7. D\u00e9lais de conservation<\/strong><\/h2>\n<p data-start=\"3285\" data-end=\"3343\">Nous ne conservons pas les donn\u00e9es personnelles plus longtemps que n\u00e9cessaire :<\/p>\n<ul data-start=\"3344\" data-end=\"3520\">\n<li data-start=\"3344\" data-end=\"3412\">\n<p data-start=\"3346\" data-end=\"3412\">Donn\u00e9es relatives aux commandes et aux factures : minimum 7 ans (l\u00e9gislation fiscale)<\/p>\n<\/li>\n<li data-start=\"3413\" data-end=\"3462\">\n<p data-start=\"3415\" data-end=\"3462\">Donn\u00e9es du compte : tant que le compte est actif<\/p>\n<\/li>\n<li data-start=\"3463\" data-end=\"3520\">\n<p data-start=\"3465\" data-end=\"3520\">Donn\u00e9es marketing : jusqu&rsquo;\u00e0 ce que le consentement soit retir\u00e9<\/p>\n<\/li>\n<\/ul>\n<hr data-start=\"3522\" data-end=\"3525\">\n<h2 data-start=\"3527\" data-end=\"3549\"><strong data-start=\"3530\" data-end=\"3549\">8. Vos droits<\/strong><\/h2>\n<p data-start=\"3551\" data-end=\"3587\">Vous avez le droit, en vertu de la loi sur la protection des animaux, de.. :<\/p>\n<ul data-start=\"3588\" data-end=\"3844\">\n<li data-start=\"3588\" data-end=\"3634\">\n<p data-start=\"3590\" data-end=\"3634\">Acc\u00e9der \u00e0 vos donn\u00e9es personnelles<\/p>\n<\/li>\n<li data-start=\"3635\" data-end=\"3667\">\n<p data-start=\"3637\" data-end=\"3667\">Faire corriger les donn\u00e9es<\/p>\n<\/li>\n<li data-start=\"3668\" data-end=\"3701\">\n<p data-start=\"3670\" data-end=\"3701\">Faire effacer des donn\u00e9es<\/p>\n<\/li>\n<li data-start=\"3702\" data-end=\"3728\">\n<p data-start=\"3704\" data-end=\"3728\">Limitation de la transformation<\/p>\n<\/li>\n<li data-start=\"3729\" data-end=\"3766\">\n<p data-start=\"3731\" data-end=\"3766\">S&rsquo;opposer au traitement<\/p>\n<\/li>\n<li data-start=\"3767\" data-end=\"3814\">\n<p data-start=\"3769\" data-end=\"3814\">Transfert de donn\u00e9es (portabilit\u00e9 des donn\u00e9es)<\/p>\n<\/li>\n<li data-start=\"3815\" data-end=\"3844\">\n<p data-start=\"3817\" data-end=\"3844\">Consentement au retrait<\/p>\n<\/li>\n<\/ul>\n<p data-start=\"3916\" data-end=\"4044\">En outre, vous avez le droit d&rsquo;introduire une r\u00e9clamation aupr\u00e8s de l&rsquo;<strong data-start=\"3974\" data-end=\"4005\">Autorit\u00e9 des donn\u00e9es personnelles<\/strong><br data-start=\"4005\" data-end=\"4008\"><a class=\"decorated-link\" href=\"http:\/\/www.autoriteitpersoonsgegevens.nl\" target=\"_new\" rel=\"noopener\" data-start=\"4011\" data-end=\"4044\">\ud83c\udf10 www.autoriteitpersoonsgegevens.nl<\/a><\/p>\n<hr data-start=\"4046\" data-end=\"4049\">\n<h2 data-start=\"4051\" data-end=\"4072\"><strong data-start=\"4054\" data-end=\"4072\">9. S\u00e9curit\u00e9<\/strong><\/h2>\n<p data-start=\"4074\" data-end=\"4223\">Nous prenons des mesures techniques et organisationnelles appropri\u00e9es pour prot\u00e9ger les donn\u00e9es \u00e0 caract\u00e8re personnel contre la perte, l&rsquo;utilisation abusive et l&rsquo;acc\u00e8s non autoris\u00e9 :<\/p>\n<ul data-start=\"4224\" data-end=\"4310\">\n<li data-start=\"4224\" data-end=\"4245\">\n<p data-start=\"4226\" data-end=\"4245\">Cryptage SSL\/TLS<\/p>\n<\/li>\n<li data-start=\"4246\" data-end=\"4274\">\n<p data-start=\"4248\" data-end=\"4274\">Droits d&rsquo;acc\u00e8s limit\u00e9s<\/p>\n<\/li>\n<li data-start=\"4275\" data-end=\"4310\">\n<p data-start=\"4277\" data-end=\"4310\">Mises \u00e0 jour r\u00e9guli\u00e8res de la s\u00e9curit\u00e9<\/p>\n<\/li>\n<\/ul>\n<hr data-start=\"4312\" data-end=\"4315\">\n<h2 data-start=\"4317\" data-end=\"4341\"><strong data-start=\"4320\" data-end=\"4341\">10. Mineurs<\/strong><\/h2>\n<p data-start=\"4343\" data-end=\"4510\">Notre site web n&rsquo;est pas destin\u00e9 aux personnes de moins de 16 ans. Nous ne collectons pas sciemment de donn\u00e9es personnelles aupr\u00e8s de mineurs sans le consentement d&rsquo;un parent ou d&rsquo;un tuteur. <\/p>\n<hr data-start=\"4512\" data-end=\"4515\">\n<h2 data-start=\"4517\" data-end=\"4565\"><strong data-start=\"4520\" data-end=\"4565\">11. Modifications de la pr\u00e9sente d\u00e9claration de confidentialit\u00e9<\/strong><\/h2>\n<p data-start=\"4567\" data-end=\"4723\">Nous nous r\u00e9servons le droit de modifier cette d\u00e9claration de confidentialit\u00e9. La version la plus r\u00e9cente est toujours disponible \u00e0 l&rsquo;adresse suivante :<br data-start=\"4682\" data-end=\"4685\">\ud83d\udccd https:\/\/www.vertitec<strong data-start=\"4688\" data-end=\"4723\">.be\/privacy<\/strong> <\/p>\n<hr data-start=\"4725\" data-end=\"4728\">\n<h2 data-start=\"4730\" data-end=\"4748\"><strong data-start=\"4733\" data-end=\"4748\">12. Contact<\/strong><\/h2>\n<p data-start=\"4750\" data-end=\"4817\">Pour toute question concernant le pr\u00e9sent avis de confidentialit\u00e9, veuillez contacter :<\/p>\n<p>Vertitec BV<\/p>\n<p class=\"dsn:m-0 dsn:text-base dsn:lg:text-xl\">Pav\u00e9 de Soignies 89<\/p>\n<p class=\"dsn:m-0 dsn:mt-1 dsn:text-base dsn:lg:text-xl\">Enghien, 7850<\/p>\n<p>T\u00e9l\u00e9phone :  <a class=\"footer-link-color\" href=\"tel:tel:+32476423364\"><span class=\"dsn:ml-2 dsn:text-base dsn:2xl:text-xl dsn:hover:text-white\">+ 32 476 42 33 64<\/span><\/a><\/p>\n<p><a href=\"mailto:info@vertitec.be\">info@vertitec.be<\/a><\/p>\n<\/div>\n","protected":false},"excerpt":{"rendered":"<p>D\u00e9claration de confidentialit\u00e9 Derni\u00e8re mise \u00e0 jour : 19\/03\/2026 Contr\u00f4leur Vertitec BV Pav\u00e9 de Soignies 89 Enghien, 7850 T\u00e9l\u00e9phone : + 32 476 42 33 64 Vertitec BV (ci-apr\u00e8s \u00a0\u00bb nous \u00ab\u00a0) attache une grande importance \u00e0 la protection de vos donn\u00e9es personnelles. Dans cette d\u00e9claration de confidentialit\u00e9, nous expliquons quelles donn\u00e9es personnelles nous collectons, [&hellip;]<\/p>\n","protected":false},"author":1,"featured_media":0,"parent":0,"menu_order":0,"comment_status":"closed","ping_status":"closed","template":"","meta":{"_acf_changed":false,"footnotes":""},"class_list":["post-32700","page","type-page","status-publish","hentry"],"acf":[],"yoast_head":"<!-- This site is optimized with the Yoast SEO plugin v27.4 - https:\/\/yoast.com\/product\/yoast-seo-wordpress\/ -->\n<title>Vie priv\u00e9e - Vertitec BV<\/title>\n<meta name=\"robots\" content=\"noindex, follow, max-snippet:-1, max-image-preview:large, max-video-preview:-1\" \/>\n<meta property=\"og:locale\" content=\"fr_FR\" \/>\n<meta property=\"og:type\" content=\"article\" \/>\n<meta property=\"og:title\" content=\"Vie priv\u00e9e - Vertitec BV\" \/>\n<meta property=\"og:description\" content=\"D\u00e9claration de confidentialit\u00e9 Derni\u00e8re mise \u00e0 jour : 19\/03\/2026 Contr\u00f4leur Vertitec BV Pav\u00e9 de Soignies 89 Enghien, 7850 T\u00e9l\u00e9phone : + 32 476 42 33 64 Vertitec BV (ci-apr\u00e8s \u00a0\u00bb nous \u00ab\u00a0) attache une grande importance \u00e0 la protection de vos donn\u00e9es personnelles. Dans cette d\u00e9claration de confidentialit\u00e9, nous expliquons quelles donn\u00e9es personnelles nous collectons, [&hellip;]\" \/>\n<meta property=\"og:url\" content=\"https:\/\/vertitec.designstudio.host\/fr\/vie-privee\/\" \/>\n<meta property=\"og:site_name\" content=\"Vertitec BV\" \/>\n<meta name=\"twitter:card\" content=\"summary_large_image\" \/>\n<meta name=\"twitter:label1\" content=\"Dur\u00e9e de lecture estim\u00e9e\" \/>\n\t<meta name=\"twitter:data1\" content=\"4 minutes\" \/>\n<script type=\"application\/ld+json\" class=\"yoast-schema-graph\">{\"@context\":\"https:\\\/\\\/schema.org\",\"@graph\":[{\"@type\":\"WebPage\",\"@id\":\"https:\\\/\\\/vertitec.designstudio.host\\\/fr\\\/vie-privee\\\/\",\"url\":\"https:\\\/\\\/vertitec.designstudio.host\\\/fr\\\/vie-privee\\\/\",\"name\":\"Vie priv\u00e9e - Vertitec BV\",\"isPartOf\":{\"@id\":\"https:\\\/\\\/vertitec.designstudio.host\\\/fr\\\/#website\"},\"datePublished\":\"2026-03-19T10:39:14+00:00\",\"breadcrumb\":{\"@id\":\"https:\\\/\\\/vertitec.designstudio.host\\\/fr\\\/vie-privee\\\/#breadcrumb\"},\"inLanguage\":\"fr-FR\",\"potentialAction\":[{\"@type\":\"ReadAction\",\"target\":[\"https:\\\/\\\/vertitec.designstudio.host\\\/fr\\\/vie-privee\\\/\"]}]},{\"@type\":\"BreadcrumbList\",\"@id\":\"https:\\\/\\\/vertitec.designstudio.host\\\/fr\\\/vie-privee\\\/#breadcrumb\",\"itemListElement\":[{\"@type\":\"ListItem\",\"position\":1,\"name\":\"Accueil\",\"item\":\"https:\\\/\\\/vertitec.designstudio.host\\\/fr\\\/\"},{\"@type\":\"ListItem\",\"position\":2,\"name\":\"Vie priv\u00e9e\"}]},{\"@type\":\"WebSite\",\"@id\":\"https:\\\/\\\/vertitec.designstudio.host\\\/fr\\\/#website\",\"url\":\"https:\\\/\\\/vertitec.designstudio.host\\\/fr\\\/\",\"name\":\"Vertitec BV\",\"description\":\"\",\"potentialAction\":[{\"@type\":\"SearchAction\",\"target\":{\"@type\":\"EntryPoint\",\"urlTemplate\":\"https:\\\/\\\/vertitec.designstudio.host\\\/fr\\\/?s={search_term_string}\"},\"query-input\":{\"@type\":\"PropertyValueSpecification\",\"valueRequired\":true,\"valueName\":\"search_term_string\"}}],\"inLanguage\":\"fr-FR\"}]}<\/script>\n<!-- \/ Yoast SEO plugin. -->","yoast_head_json":{"title":"Vie priv\u00e9e - Vertitec BV","robots":{"index":"noindex","follow":"follow","max-snippet":"max-snippet:-1","max-image-preview":"max-image-preview:large","max-video-preview":"max-video-preview:-1"},"og_locale":"fr_FR","og_type":"article","og_title":"Vie priv\u00e9e - Vertitec BV","og_description":"D\u00e9claration de confidentialit\u00e9 Derni\u00e8re mise \u00e0 jour : 19\/03\/2026 Contr\u00f4leur Vertitec BV Pav\u00e9 de Soignies 89 Enghien, 7850 T\u00e9l\u00e9phone : + 32 476 42 33 64 Vertitec BV (ci-apr\u00e8s \u00a0\u00bb nous \u00ab\u00a0) attache une grande importance \u00e0 la protection de vos donn\u00e9es personnelles. Dans cette d\u00e9claration de confidentialit\u00e9, nous expliquons quelles donn\u00e9es personnelles nous collectons, [&hellip;]","og_url":"https:\/\/vertitec.designstudio.host\/fr\/vie-privee\/","og_site_name":"Vertitec BV","twitter_card":"summary_large_image","twitter_misc":{"Dur\u00e9e de lecture estim\u00e9e":"4 minutes"},"schema":{"@context":"https:\/\/schema.org","@graph":[{"@type":"WebPage","@id":"https:\/\/vertitec.designstudio.host\/fr\/vie-privee\/","url":"https:\/\/vertitec.designstudio.host\/fr\/vie-privee\/","name":"Vie priv\u00e9e - Vertitec BV","isPartOf":{"@id":"https:\/\/vertitec.designstudio.host\/fr\/#website"},"datePublished":"2026-03-19T10:39:14+00:00","breadcrumb":{"@id":"https:\/\/vertitec.designstudio.host\/fr\/vie-privee\/#breadcrumb"},"inLanguage":"fr-FR","potentialAction":[{"@type":"ReadAction","target":["https:\/\/vertitec.designstudio.host\/fr\/vie-privee\/"]}]},{"@type":"BreadcrumbList","@id":"https:\/\/vertitec.designstudio.host\/fr\/vie-privee\/#breadcrumb","itemListElement":[{"@type":"ListItem","position":1,"name":"Accueil","item":"https:\/\/vertitec.designstudio.host\/fr\/"},{"@type":"ListItem","position":2,"name":"Vie priv\u00e9e"}]},{"@type":"WebSite","@id":"https:\/\/vertitec.designstudio.host\/fr\/#website","url":"https:\/\/vertitec.designstudio.host\/fr\/","name":"Vertitec BV","description":"","potentialAction":[{"@type":"SearchAction","target":{"@type":"EntryPoint","urlTemplate":"https:\/\/vertitec.designstudio.host\/fr\/?s={search_term_string}"},"query-input":{"@type":"PropertyValueSpecification","valueRequired":true,"valueName":"search_term_string"}}],"inLanguage":"fr-FR"}]}},"_links":{"self":[{"href":"https:\/\/vertitec.designstudio.host\/fr\/wp-json\/wp\/v2\/pages\/32700","targetHints":{"allow":["GET"]}}],"collection":[{"href":"https:\/\/vertitec.designstudio.host\/fr\/wp-json\/wp\/v2\/pages"}],"about":[{"href":"https:\/\/vertitec.designstudio.host\/fr\/wp-json\/wp\/v2\/types\/page"}],"author":[{"embeddable":true,"href":"https:\/\/vertitec.designstudio.host\/fr\/wp-json\/wp\/v2\/users\/1"}],"replies":[{"embeddable":true,"href":"https:\/\/vertitec.designstudio.host\/fr\/wp-json\/wp\/v2\/comments?post=32700"}],"version-history":[{"count":0,"href":"https:\/\/vertitec.designstudio.host\/fr\/wp-json\/wp\/v2\/pages\/32700\/revisions"}],"wp:attachment":[{"href":"https:\/\/vertitec.designstudio.host\/fr\/wp-json\/wp\/v2\/media?parent=32700"}],"curies":[{"name":"wp","href":"https:\/\/api.w.org\/{rel}","templated":true}]}}