{"id":30702,"date":"2026-01-31T13:11:46","date_gmt":"2026-01-31T13:11:46","guid":{"rendered":"https:\/\/vertitec.designstudio.host\/demarrage-dune-tronconneuse-stihl\/"},"modified":"2026-01-31T13:11:46","modified_gmt":"2026-01-31T13:11:46","slug":"demarrage-dune-tronconneuse-stihl","status":"publish","type":"page","link":"https:\/\/vertitec.designstudio.host\/fr\/demarrage-dune-tronconneuse-stihl\/","title":{"rendered":"D\u00e9marrage d&rsquo;une tron\u00e7onneuse STIHL"},"content":{"rendered":"","protected":false},"excerpt":{"rendered":"","protected":false},"author":1,"featured_media":0,"parent":0,"menu_order":0,"comment_status":"closed","ping_status":"closed","template":"page.php","meta":{"_acf_changed":false,"footnotes":""},"class_list":["post-30702","page","type-page","status-publish","hentry"],"acf":[],"yoast_head":"<!-- This site is optimized with the Yoast SEO plugin v27.4 - https:\/\/yoast.com\/product\/yoast-seo-wordpress\/ -->\n<title>STIHL D\u00e9marrage d&#039;une tron\u00e7onneuse STIHL<\/title>\n<meta name=\"description\" content=\"Nous allons vous montrer comment d\u00e9marrer une tron\u00e7onneuse STIHL en toute s\u00e9curit\u00e9 et correctement. Ainsi, vous prendrez plaisir \u00e0 travailler\u00a0 I...\" \/>\n<meta name=\"robots\" content=\"noindex, follow, max-snippet:-1, max-image-preview:large, max-video-preview:-1\" \/>\n<meta property=\"og:locale\" content=\"fr_FR\" \/>\n<meta property=\"og:type\" content=\"article\" \/>\n<meta property=\"og:title\" content=\"STIHL D\u00e9marrage d&#039;une tron\u00e7onneuse STIHL\" \/>\n<meta property=\"og:description\" content=\"Nous allons vous montrer comment d\u00e9marrer une tron\u00e7onneuse STIHL en toute s\u00e9curit\u00e9 et correctement. Ainsi, vous prendrez plaisir \u00e0 travailler\u00a0 I...\" \/>\n<meta property=\"og:url\" content=\"https:\/\/vertitec.designstudio.host\/fr\/demarrage-dune-tronconneuse-stihl\/\" \/>\n<meta property=\"og:site_name\" content=\"Vertitec BV\" \/>\n<meta name=\"twitter:card\" content=\"summary_large_image\" \/>\n<meta name=\"twitter:title\" content=\"STIHL D\u00e9marrage d&#039;une tron\u00e7onneuse STIHL\" \/>\n<meta name=\"twitter:description\" content=\"Nous allons vous montrer comment d\u00e9marrer une tron\u00e7onneuse STIHL en toute s\u00e9curit\u00e9 et correctement. Ainsi, vous prendrez plaisir \u00e0 travailler\u00a0 I...\" \/>\n<script type=\"application\/ld+json\" class=\"yoast-schema-graph\">{\"@context\":\"https:\\\/\\\/schema.org\",\"@graph\":[{\"@type\":\"WebPage\",\"@id\":\"https:\\\/\\\/vertitec.designstudio.host\\\/fr\\\/demarrage-dune-tronconneuse-stihl\\\/\",\"url\":\"https:\\\/\\\/vertitec.designstudio.host\\\/fr\\\/demarrage-dune-tronconneuse-stihl\\\/\",\"name\":\"STIHL D\u00e9marrage d'une tron\u00e7onneuse STIHL\",\"isPartOf\":{\"@id\":\"https:\\\/\\\/vertitec.designstudio.host\\\/fr\\\/#website\"},\"datePublished\":\"2026-01-31T13:11:46+00:00\",\"description\":\"Nous allons vous montrer comment d\u00e9marrer une tron\u00e7onneuse STIHL en toute s\u00e9curit\u00e9 et correctement. Ainsi, vous prendrez plaisir \u00e0 travailler\u00a0 I...\",\"breadcrumb\":{\"@id\":\"https:\\\/\\\/vertitec.designstudio.host\\\/fr\\\/demarrage-dune-tronconneuse-stihl\\\/#breadcrumb\"},\"inLanguage\":\"fr-FR\",\"potentialAction\":[{\"@type\":\"ReadAction\",\"target\":[\"https:\\\/\\\/vertitec.designstudio.host\\\/fr\\\/demarrage-dune-tronconneuse-stihl\\\/\"]}]},{\"@type\":\"BreadcrumbList\",\"@id\":\"https:\\\/\\\/vertitec.designstudio.host\\\/fr\\\/demarrage-dune-tronconneuse-stihl\\\/#breadcrumb\",\"itemListElement\":[{\"@type\":\"ListItem\",\"position\":1,\"name\":\"Accueil\",\"item\":\"https:\\\/\\\/vertitec.designstudio.host\\\/fr\\\/\"},{\"@type\":\"ListItem\",\"position\":2,\"name\":\"D\u00e9marrage d&#8217;une tron\u00e7onneuse STIHL\"}]},{\"@type\":\"WebSite\",\"@id\":\"https:\\\/\\\/vertitec.designstudio.host\\\/fr\\\/#website\",\"url\":\"https:\\\/\\\/vertitec.designstudio.host\\\/fr\\\/\",\"name\":\"Vertitec BV\",\"description\":\"\",\"potentialAction\":[{\"@type\":\"SearchAction\",\"target\":{\"@type\":\"EntryPoint\",\"urlTemplate\":\"https:\\\/\\\/vertitec.designstudio.host\\\/fr\\\/?s={search_term_string}\"},\"query-input\":{\"@type\":\"PropertyValueSpecification\",\"valueRequired\":true,\"valueName\":\"search_term_string\"}}],\"inLanguage\":\"fr-FR\"}]}<\/script>\n<!-- \/ Yoast SEO plugin. -->","yoast_head_json":{"title":"STIHL D\u00e9marrage d'une tron\u00e7onneuse STIHL","description":"Nous allons vous montrer comment d\u00e9marrer une tron\u00e7onneuse STIHL en toute s\u00e9curit\u00e9 et correctement. Ainsi, vous prendrez plaisir \u00e0 travailler\u00a0 I...","robots":{"index":"noindex","follow":"follow","max-snippet":"max-snippet:-1","max-image-preview":"max-image-preview:large","max-video-preview":"max-video-preview:-1"},"og_locale":"fr_FR","og_type":"article","og_title":"STIHL D\u00e9marrage d'une tron\u00e7onneuse STIHL","og_description":"Nous allons vous montrer comment d\u00e9marrer une tron\u00e7onneuse STIHL en toute s\u00e9curit\u00e9 et correctement. Ainsi, vous prendrez plaisir \u00e0 travailler\u00a0 I...","og_url":"https:\/\/vertitec.designstudio.host\/fr\/demarrage-dune-tronconneuse-stihl\/","og_site_name":"Vertitec BV","twitter_card":"summary_large_image","twitter_title":"STIHL D\u00e9marrage d'une tron\u00e7onneuse STIHL","twitter_description":"Nous allons vous montrer comment d\u00e9marrer une tron\u00e7onneuse STIHL en toute s\u00e9curit\u00e9 et correctement. Ainsi, vous prendrez plaisir \u00e0 travailler\u00a0 I...","schema":{"@context":"https:\/\/schema.org","@graph":[{"@type":"WebPage","@id":"https:\/\/vertitec.designstudio.host\/fr\/demarrage-dune-tronconneuse-stihl\/","url":"https:\/\/vertitec.designstudio.host\/fr\/demarrage-dune-tronconneuse-stihl\/","name":"STIHL D\u00e9marrage d'une tron\u00e7onneuse STIHL","isPartOf":{"@id":"https:\/\/vertitec.designstudio.host\/fr\/#website"},"datePublished":"2026-01-31T13:11:46+00:00","description":"Nous allons vous montrer comment d\u00e9marrer une tron\u00e7onneuse STIHL en toute s\u00e9curit\u00e9 et correctement. Ainsi, vous prendrez plaisir \u00e0 travailler\u00a0 I...","breadcrumb":{"@id":"https:\/\/vertitec.designstudio.host\/fr\/demarrage-dune-tronconneuse-stihl\/#breadcrumb"},"inLanguage":"fr-FR","potentialAction":[{"@type":"ReadAction","target":["https:\/\/vertitec.designstudio.host\/fr\/demarrage-dune-tronconneuse-stihl\/"]}]},{"@type":"BreadcrumbList","@id":"https:\/\/vertitec.designstudio.host\/fr\/demarrage-dune-tronconneuse-stihl\/#breadcrumb","itemListElement":[{"@type":"ListItem","position":1,"name":"Accueil","item":"https:\/\/vertitec.designstudio.host\/fr\/"},{"@type":"ListItem","position":2,"name":"D\u00e9marrage d&#8217;une tron\u00e7onneuse STIHL"}]},{"@type":"WebSite","@id":"https:\/\/vertitec.designstudio.host\/fr\/#website","url":"https:\/\/vertitec.designstudio.host\/fr\/","name":"Vertitec BV","description":"","potentialAction":[{"@type":"SearchAction","target":{"@type":"EntryPoint","urlTemplate":"https:\/\/vertitec.designstudio.host\/fr\/?s={search_term_string}"},"query-input":{"@type":"PropertyValueSpecification","valueRequired":true,"valueName":"search_term_string"}}],"inLanguage":"fr-FR"}]}},"_links":{"self":[{"href":"https:\/\/vertitec.designstudio.host\/fr\/wp-json\/wp\/v2\/pages\/30702","targetHints":{"allow":["GET"]}}],"collection":[{"href":"https:\/\/vertitec.designstudio.host\/fr\/wp-json\/wp\/v2\/pages"}],"about":[{"href":"https:\/\/vertitec.designstudio.host\/fr\/wp-json\/wp\/v2\/types\/page"}],"author":[{"embeddable":true,"href":"https:\/\/vertitec.designstudio.host\/fr\/wp-json\/wp\/v2\/users\/1"}],"replies":[{"embeddable":true,"href":"https:\/\/vertitec.designstudio.host\/fr\/wp-json\/wp\/v2\/comments?post=30702"}],"version-history":[{"count":0,"href":"https:\/\/vertitec.designstudio.host\/fr\/wp-json\/wp\/v2\/pages\/30702\/revisions"}],"wp:attachment":[{"href":"https:\/\/vertitec.designstudio.host\/fr\/wp-json\/wp\/v2\/media?parent=30702"}],"curies":[{"name":"wp","href":"https:\/\/api.w.org\/{rel}","templated":true}]}}