{"id":302,"date":"2025-10-04T06:38:42","date_gmt":"2025-10-04T06:38:42","guid":{"rendered":"https:\/\/vertitec.designstudio.host\/stihl-accessoires-2\/carburants-huiles-detergents-graisses\/bidons-dessence-systemes-de-remplissage\/"},"modified":"2026-04-12T03:28:40","modified_gmt":"2026-04-12T03:28:40","slug":"bidons-dessence-systemes-de-remplissage","status":"publish","type":"page","link":"https:\/\/vertitec.designstudio.host\/fr\/stihl-accessoires-2\/carburants-huiles-detergents-graisses\/bidons-dessence-systemes-de-remplissage\/","title":{"rendered":"Bidons d&rsquo;essence \/ syst\u00e8mes de remplissage"},"content":{"rendered":"","protected":false},"excerpt":{"rendered":"","protected":false},"author":1,"featured_media":0,"parent":299,"menu_order":0,"comment_status":"closed","ping_status":"closed","template":"page.php","meta":{"_acf_changed":false,"footnotes":""},"class_list":["post-302","page","type-page","status-publish","hentry"],"acf":[],"yoast_head":"<!-- This site is optimized with the Yoast SEO plugin v27.4 - https:\/\/yoast.com\/product\/yoast-seo-wordpress\/ -->\n<title>STIHL Bidons d&#039;essence \/ syst\u00e8mes de remplissage<\/title>\n<meta name=\"description\" content=\"Avec les bidons et les syst\u00e8mes de remplissage STIHL, vous pouvez faire le plein de vos outils de mani\u00e8re propre et s\u00fbre. De cette fa\u00e7on, vous ser...\" \/>\n<meta name=\"robots\" content=\"noindex, follow, max-snippet:-1, max-image-preview:large, max-video-preview:-1\" \/>\n<meta property=\"og:locale\" content=\"fr_FR\" \/>\n<meta property=\"og:type\" content=\"article\" \/>\n<meta property=\"og:title\" content=\"STIHL Bidons d&#039;essence \/ syst\u00e8mes de remplissage\" \/>\n<meta property=\"og:description\" content=\"Avec les bidons et les syst\u00e8mes de remplissage STIHL, vous pouvez faire le plein de vos outils de mani\u00e8re propre et s\u00fbre. De cette fa\u00e7on, vous ser...\" \/>\n<meta property=\"og:url\" content=\"https:\/\/vertitec.designstudio.host\/fr\/stihl-accessoires-2\/carburants-huiles-detergents-graisses\/bidons-dessence-systemes-de-remplissage\/\" \/>\n<meta property=\"og:site_name\" content=\"Vertitec BV\" \/>\n<meta property=\"article:modified_time\" content=\"2026-04-12T03:28:40+00:00\" \/>\n<meta name=\"twitter:card\" content=\"summary_large_image\" \/>\n<script type=\"application\/ld+json\" class=\"yoast-schema-graph\">{\"@context\":\"https:\\\/\\\/schema.org\",\"@graph\":[{\"@type\":\"WebPage\",\"@id\":\"https:\\\/\\\/vertitec.designstudio.host\\\/fr\\\/stihl-accessoires-2\\\/carburants-huiles-detergents-graisses\\\/bidons-dessence-systemes-de-remplissage\\\/\",\"url\":\"https:\\\/\\\/vertitec.designstudio.host\\\/fr\\\/stihl-accessoires-2\\\/carburants-huiles-detergents-graisses\\\/bidons-dessence-systemes-de-remplissage\\\/\",\"name\":\"STIHL Bidons d'essence \\\/ syst\u00e8mes de remplissage\",\"isPartOf\":{\"@id\":\"https:\\\/\\\/vertitec.designstudio.host\\\/fr\\\/#website\"},\"datePublished\":\"2025-10-04T06:38:42+00:00\",\"dateModified\":\"2026-04-12T03:28:40+00:00\",\"description\":\"Avec les bidons et les syst\u00e8mes de remplissage STIHL, vous pouvez faire le plein de vos outils de mani\u00e8re propre et s\u00fbre. De cette fa\u00e7on, vous ser...\",\"breadcrumb\":{\"@id\":\"https:\\\/\\\/vertitec.designstudio.host\\\/fr\\\/stihl-accessoires-2\\\/carburants-huiles-detergents-graisses\\\/bidons-dessence-systemes-de-remplissage\\\/#breadcrumb\"},\"inLanguage\":\"fr-FR\",\"potentialAction\":[{\"@type\":\"ReadAction\",\"target\":[\"https:\\\/\\\/vertitec.designstudio.host\\\/fr\\\/stihl-accessoires-2\\\/carburants-huiles-detergents-graisses\\\/bidons-dessence-systemes-de-remplissage\\\/\"]}]},{\"@type\":\"BreadcrumbList\",\"@id\":\"https:\\\/\\\/vertitec.designstudio.host\\\/fr\\\/stihl-accessoires-2\\\/carburants-huiles-detergents-graisses\\\/bidons-dessence-systemes-de-remplissage\\\/#breadcrumb\",\"itemListElement\":[{\"@type\":\"ListItem\",\"position\":1,\"name\":\"Accueil\",\"item\":\"https:\\\/\\\/vertitec.designstudio.host\\\/fr\\\/\"},{\"@type\":\"ListItem\",\"position\":2,\"name\":\"STIHL Accessoires\",\"item\":\"https:\\\/\\\/vertitec.designstudio.host\\\/fr\\\/stihl-accessoires-2\\\/\"},{\"@type\":\"ListItem\",\"position\":3,\"name\":\"Carburants \\\/ huiles \\\/ d\u00e9tergents \\\/ graisses\",\"item\":\"https:\\\/\\\/vertitec.designstudio.host\\\/fr\\\/stihl-accessoires-2\\\/carburants-huiles-detergents-graisses\\\/\"},{\"@type\":\"ListItem\",\"position\":4,\"name\":\"Bidons d&#8217;essence \\\/ syst\u00e8mes de remplissage\"}]},{\"@type\":\"WebSite\",\"@id\":\"https:\\\/\\\/vertitec.designstudio.host\\\/fr\\\/#website\",\"url\":\"https:\\\/\\\/vertitec.designstudio.host\\\/fr\\\/\",\"name\":\"Vertitec BV\",\"description\":\"\",\"potentialAction\":[{\"@type\":\"SearchAction\",\"target\":{\"@type\":\"EntryPoint\",\"urlTemplate\":\"https:\\\/\\\/vertitec.designstudio.host\\\/fr\\\/?s={search_term_string}\"},\"query-input\":{\"@type\":\"PropertyValueSpecification\",\"valueRequired\":true,\"valueName\":\"search_term_string\"}}],\"inLanguage\":\"fr-FR\"}]}<\/script>\n<!-- \/ Yoast SEO plugin. -->","yoast_head_json":{"title":"STIHL Bidons d'essence \/ syst\u00e8mes de remplissage","description":"Avec les bidons et les syst\u00e8mes de remplissage STIHL, vous pouvez faire le plein de vos outils de mani\u00e8re propre et s\u00fbre. De cette fa\u00e7on, vous ser...","robots":{"index":"noindex","follow":"follow","max-snippet":"max-snippet:-1","max-image-preview":"max-image-preview:large","max-video-preview":"max-video-preview:-1"},"og_locale":"fr_FR","og_type":"article","og_title":"STIHL Bidons d'essence \/ syst\u00e8mes de remplissage","og_description":"Avec les bidons et les syst\u00e8mes de remplissage STIHL, vous pouvez faire le plein de vos outils de mani\u00e8re propre et s\u00fbre. De cette fa\u00e7on, vous ser...","og_url":"https:\/\/vertitec.designstudio.host\/fr\/stihl-accessoires-2\/carburants-huiles-detergents-graisses\/bidons-dessence-systemes-de-remplissage\/","og_site_name":"Vertitec BV","article_modified_time":"2026-04-12T03:28:40+00:00","twitter_card":"summary_large_image","schema":{"@context":"https:\/\/schema.org","@graph":[{"@type":"WebPage","@id":"https:\/\/vertitec.designstudio.host\/fr\/stihl-accessoires-2\/carburants-huiles-detergents-graisses\/bidons-dessence-systemes-de-remplissage\/","url":"https:\/\/vertitec.designstudio.host\/fr\/stihl-accessoires-2\/carburants-huiles-detergents-graisses\/bidons-dessence-systemes-de-remplissage\/","name":"STIHL Bidons d'essence \/ syst\u00e8mes de remplissage","isPartOf":{"@id":"https:\/\/vertitec.designstudio.host\/fr\/#website"},"datePublished":"2025-10-04T06:38:42+00:00","dateModified":"2026-04-12T03:28:40+00:00","description":"Avec les bidons et les syst\u00e8mes de remplissage STIHL, vous pouvez faire le plein de vos outils de mani\u00e8re propre et s\u00fbre. De cette fa\u00e7on, vous ser...","breadcrumb":{"@id":"https:\/\/vertitec.designstudio.host\/fr\/stihl-accessoires-2\/carburants-huiles-detergents-graisses\/bidons-dessence-systemes-de-remplissage\/#breadcrumb"},"inLanguage":"fr-FR","potentialAction":[{"@type":"ReadAction","target":["https:\/\/vertitec.designstudio.host\/fr\/stihl-accessoires-2\/carburants-huiles-detergents-graisses\/bidons-dessence-systemes-de-remplissage\/"]}]},{"@type":"BreadcrumbList","@id":"https:\/\/vertitec.designstudio.host\/fr\/stihl-accessoires-2\/carburants-huiles-detergents-graisses\/bidons-dessence-systemes-de-remplissage\/#breadcrumb","itemListElement":[{"@type":"ListItem","position":1,"name":"Accueil","item":"https:\/\/vertitec.designstudio.host\/fr\/"},{"@type":"ListItem","position":2,"name":"STIHL Accessoires","item":"https:\/\/vertitec.designstudio.host\/fr\/stihl-accessoires-2\/"},{"@type":"ListItem","position":3,"name":"Carburants \/ huiles \/ d\u00e9tergents \/ graisses","item":"https:\/\/vertitec.designstudio.host\/fr\/stihl-accessoires-2\/carburants-huiles-detergents-graisses\/"},{"@type":"ListItem","position":4,"name":"Bidons d&#8217;essence \/ syst\u00e8mes de remplissage"}]},{"@type":"WebSite","@id":"https:\/\/vertitec.designstudio.host\/fr\/#website","url":"https:\/\/vertitec.designstudio.host\/fr\/","name":"Vertitec BV","description":"","potentialAction":[{"@type":"SearchAction","target":{"@type":"EntryPoint","urlTemplate":"https:\/\/vertitec.designstudio.host\/fr\/?s={search_term_string}"},"query-input":{"@type":"PropertyValueSpecification","valueRequired":true,"valueName":"search_term_string"}}],"inLanguage":"fr-FR"}]}},"_links":{"self":[{"href":"https:\/\/vertitec.designstudio.host\/fr\/wp-json\/wp\/v2\/pages\/302","targetHints":{"allow":["GET"]}}],"collection":[{"href":"https:\/\/vertitec.designstudio.host\/fr\/wp-json\/wp\/v2\/pages"}],"about":[{"href":"https:\/\/vertitec.designstudio.host\/fr\/wp-json\/wp\/v2\/types\/page"}],"author":[{"embeddable":true,"href":"https:\/\/vertitec.designstudio.host\/fr\/wp-json\/wp\/v2\/users\/1"}],"replies":[{"embeddable":true,"href":"https:\/\/vertitec.designstudio.host\/fr\/wp-json\/wp\/v2\/comments?post=302"}],"version-history":[{"count":1,"href":"https:\/\/vertitec.designstudio.host\/fr\/wp-json\/wp\/v2\/pages\/302\/revisions"}],"predecessor-version":[{"id":19526,"href":"https:\/\/vertitec.designstudio.host\/fr\/wp-json\/wp\/v2\/pages\/302\/revisions\/19526"}],"up":[{"embeddable":true,"href":"https:\/\/vertitec.designstudio.host\/fr\/wp-json\/wp\/v2\/pages\/299"}],"wp:attachment":[{"href":"https:\/\/vertitec.designstudio.host\/fr\/wp-json\/wp\/v2\/media?parent=302"}],"curies":[{"name":"wp","href":"https:\/\/api.w.org\/{rel}","templated":true}]}}