{"id":27753,"date":"2025-10-04T11:55:26","date_gmt":"2025-10-04T11:55:26","guid":{"rendered":"https:\/\/vertitec.designstudio.host\/nettoyage-des-gouttieres-comment-nettoyer-les-gouttieres-2\/"},"modified":"2025-10-04T11:55:26","modified_gmt":"2025-10-04T11:55:26","slug":"nettoyage-des-gouttieres-comment-nettoyer-les-gouttieres-2","status":"publish","type":"page","link":"https:\/\/vertitec.designstudio.host\/fr\/nettoyage-des-gouttieres-comment-nettoyer-les-gouttieres-2\/","title":{"rendered":"Nettoyage des goutti\u00e8res : Comment nettoyer les goutti\u00e8res ?"},"content":{"rendered":"","protected":false},"excerpt":{"rendered":"","protected":false},"author":1,"featured_media":0,"parent":0,"menu_order":0,"comment_status":"closed","ping_status":"closed","template":"page.php","meta":{"_acf_changed":false,"footnotes":""},"class_list":["post-27753","page","type-page","status-publish","hentry"],"acf":[],"yoast_head":"<!-- This site is optimized with the Yoast SEO plugin v27.4 - https:\/\/yoast.com\/product\/yoast-seo-wordpress\/ -->\n<title>STIHL Nettoyage des goutti\u00e8res : Comment nettoyer les go\u2026<\/title>\n<meta name=\"description\" content=\"Les goutti\u00e8res drainent l&#039;eau qui s&#039;\u00e9coule du toit, prot\u00e9geant ainsi les murs de votre maison et le sol qui l&#039;entoure d&#039;une humidit\u00e9 excessive qui cause des dommages...\" \/>\n<meta name=\"robots\" content=\"noindex, follow, max-snippet:-1, max-image-preview:large, max-video-preview:-1\" \/>\n<meta property=\"og:locale\" content=\"fr_FR\" \/>\n<meta property=\"og:type\" content=\"article\" \/>\n<meta property=\"og:title\" content=\"STIHL Nettoyage des goutti\u00e8res : Comment nettoyer les goutti\u00e8res.\" \/>\n<meta property=\"og:description\" content=\"Les goutti\u00e8res drainent l&#039;eau qui s&#039;\u00e9coule du toit, prot\u00e9geant ainsi les murs de votre maison et le sol qui l&#039;entoure d&#039;une humidit\u00e9 excessive qui cause des dommages...\" \/>\n<meta property=\"og:url\" content=\"https:\/\/vertitec.designstudio.host\/fr\/nettoyage-des-gouttieres-comment-nettoyer-les-gouttieres-2\/\" \/>\n<meta property=\"og:site_name\" content=\"Vertitec BV\" \/>\n<meta name=\"twitter:card\" content=\"summary_large_image\" \/>\n<meta name=\"twitter:title\" content=\"STIHL Nettoyage des goutti\u00e8res : Comment nettoyer les goutti\u00e8res.\" \/>\n<meta name=\"twitter:description\" content=\"Les goutti\u00e8res drainent l&#039;eau qui s&#039;\u00e9coule du toit, prot\u00e9geant ainsi les murs de votre maison et le sol qui l&#039;entoure d&#039;une humidit\u00e9 excessive qui cause des dommages...\" \/>\n<script type=\"application\/ld+json\" class=\"yoast-schema-graph\">{\"@context\":\"https:\\\/\\\/schema.org\",\"@graph\":[{\"@type\":\"WebPage\",\"@id\":\"https:\\\/\\\/vertitec.designstudio.host\\\/fr\\\/nettoyage-des-gouttieres-comment-nettoyer-les-gouttieres-2\\\/\",\"url\":\"https:\\\/\\\/vertitec.designstudio.host\\\/fr\\\/nettoyage-des-gouttieres-comment-nettoyer-les-gouttieres-2\\\/\",\"name\":\"STIHL Nettoyage des goutti\u00e8res : Comment nettoyer les goutti\u00e8res.\",\"isPartOf\":{\"@id\":\"https:\\\/\\\/vertitec.designstudio.host\\\/fr\\\/#website\"},\"datePublished\":\"2025-10-04T11:55:26+00:00\",\"description\":\"Les goutti\u00e8res drainent l'eau qui s'\u00e9coule du toit, prot\u00e9geant ainsi les murs de votre maison et le sol qui l'entoure d'une humidit\u00e9 excessive qui cause des dommages...\",\"breadcrumb\":{\"@id\":\"https:\\\/\\\/vertitec.designstudio.host\\\/fr\\\/nettoyage-des-gouttieres-comment-nettoyer-les-gouttieres-2\\\/#breadcrumb\"},\"inLanguage\":\"fr-FR\",\"potentialAction\":[{\"@type\":\"ReadAction\",\"target\":[\"https:\\\/\\\/vertitec.designstudio.host\\\/fr\\\/nettoyage-des-gouttieres-comment-nettoyer-les-gouttieres-2\\\/\"]}]},{\"@type\":\"BreadcrumbList\",\"@id\":\"https:\\\/\\\/vertitec.designstudio.host\\\/fr\\\/nettoyage-des-gouttieres-comment-nettoyer-les-gouttieres-2\\\/#breadcrumb\",\"itemListElement\":[{\"@type\":\"ListItem\",\"position\":1,\"name\":\"Accueil\",\"item\":\"https:\\\/\\\/vertitec.designstudio.host\\\/fr\\\/\"},{\"@type\":\"ListItem\",\"position\":2,\"name\":\"Nettoyage des goutti\u00e8res : Comment nettoyer les goutti\u00e8res ?\"}]},{\"@type\":\"WebSite\",\"@id\":\"https:\\\/\\\/vertitec.designstudio.host\\\/fr\\\/#website\",\"url\":\"https:\\\/\\\/vertitec.designstudio.host\\\/fr\\\/\",\"name\":\"Vertitec BV\",\"description\":\"\",\"potentialAction\":[{\"@type\":\"SearchAction\",\"target\":{\"@type\":\"EntryPoint\",\"urlTemplate\":\"https:\\\/\\\/vertitec.designstudio.host\\\/fr\\\/?s={search_term_string}\"},\"query-input\":{\"@type\":\"PropertyValueSpecification\",\"valueRequired\":true,\"valueName\":\"search_term_string\"}}],\"inLanguage\":\"fr-FR\"}]}<\/script>\n<!-- \/ Yoast SEO plugin. -->","yoast_head_json":{"title":"STIHL Nettoyage des goutti\u00e8res : Comment nettoyer les go\u2026","description":"Les goutti\u00e8res drainent l'eau qui s'\u00e9coule du toit, prot\u00e9geant ainsi les murs de votre maison et le sol qui l'entoure d'une humidit\u00e9 excessive qui cause des dommages...","robots":{"index":"noindex","follow":"follow","max-snippet":"max-snippet:-1","max-image-preview":"max-image-preview:large","max-video-preview":"max-video-preview:-1"},"og_locale":"fr_FR","og_type":"article","og_title":"STIHL Nettoyage des goutti\u00e8res : Comment nettoyer les goutti\u00e8res.","og_description":"Les goutti\u00e8res drainent l'eau qui s'\u00e9coule du toit, prot\u00e9geant ainsi les murs de votre maison et le sol qui l'entoure d'une humidit\u00e9 excessive qui cause des dommages...","og_url":"https:\/\/vertitec.designstudio.host\/fr\/nettoyage-des-gouttieres-comment-nettoyer-les-gouttieres-2\/","og_site_name":"Vertitec BV","twitter_card":"summary_large_image","twitter_title":"STIHL Nettoyage des goutti\u00e8res : Comment nettoyer les goutti\u00e8res.","twitter_description":"Les goutti\u00e8res drainent l'eau qui s'\u00e9coule du toit, prot\u00e9geant ainsi les murs de votre maison et le sol qui l'entoure d'une humidit\u00e9 excessive qui cause des dommages...","schema":{"@context":"https:\/\/schema.org","@graph":[{"@type":"WebPage","@id":"https:\/\/vertitec.designstudio.host\/fr\/nettoyage-des-gouttieres-comment-nettoyer-les-gouttieres-2\/","url":"https:\/\/vertitec.designstudio.host\/fr\/nettoyage-des-gouttieres-comment-nettoyer-les-gouttieres-2\/","name":"STIHL Nettoyage des goutti\u00e8res : Comment nettoyer les goutti\u00e8res.","isPartOf":{"@id":"https:\/\/vertitec.designstudio.host\/fr\/#website"},"datePublished":"2025-10-04T11:55:26+00:00","description":"Les goutti\u00e8res drainent l'eau qui s'\u00e9coule du toit, prot\u00e9geant ainsi les murs de votre maison et le sol qui l'entoure d'une humidit\u00e9 excessive qui cause des dommages...","breadcrumb":{"@id":"https:\/\/vertitec.designstudio.host\/fr\/nettoyage-des-gouttieres-comment-nettoyer-les-gouttieres-2\/#breadcrumb"},"inLanguage":"fr-FR","potentialAction":[{"@type":"ReadAction","target":["https:\/\/vertitec.designstudio.host\/fr\/nettoyage-des-gouttieres-comment-nettoyer-les-gouttieres-2\/"]}]},{"@type":"BreadcrumbList","@id":"https:\/\/vertitec.designstudio.host\/fr\/nettoyage-des-gouttieres-comment-nettoyer-les-gouttieres-2\/#breadcrumb","itemListElement":[{"@type":"ListItem","position":1,"name":"Accueil","item":"https:\/\/vertitec.designstudio.host\/fr\/"},{"@type":"ListItem","position":2,"name":"Nettoyage des goutti\u00e8res : Comment nettoyer les goutti\u00e8res ?"}]},{"@type":"WebSite","@id":"https:\/\/vertitec.designstudio.host\/fr\/#website","url":"https:\/\/vertitec.designstudio.host\/fr\/","name":"Vertitec BV","description":"","potentialAction":[{"@type":"SearchAction","target":{"@type":"EntryPoint","urlTemplate":"https:\/\/vertitec.designstudio.host\/fr\/?s={search_term_string}"},"query-input":{"@type":"PropertyValueSpecification","valueRequired":true,"valueName":"search_term_string"}}],"inLanguage":"fr-FR"}]}},"_links":{"self":[{"href":"https:\/\/vertitec.designstudio.host\/fr\/wp-json\/wp\/v2\/pages\/27753","targetHints":{"allow":["GET"]}}],"collection":[{"href":"https:\/\/vertitec.designstudio.host\/fr\/wp-json\/wp\/v2\/pages"}],"about":[{"href":"https:\/\/vertitec.designstudio.host\/fr\/wp-json\/wp\/v2\/types\/page"}],"author":[{"embeddable":true,"href":"https:\/\/vertitec.designstudio.host\/fr\/wp-json\/wp\/v2\/users\/1"}],"replies":[{"embeddable":true,"href":"https:\/\/vertitec.designstudio.host\/fr\/wp-json\/wp\/v2\/comments?post=27753"}],"version-history":[{"count":0,"href":"https:\/\/vertitec.designstudio.host\/fr\/wp-json\/wp\/v2\/pages\/27753\/revisions"}],"wp:attachment":[{"href":"https:\/\/vertitec.designstudio.host\/fr\/wp-json\/wp\/v2\/media?parent=27753"}],"curies":[{"name":"wp","href":"https:\/\/api.w.org\/{rel}","templated":true}]}}