{"id":27751,"date":"2025-10-04T11:55:32","date_gmt":"2025-10-04T11:55:32","guid":{"rendered":"https:\/\/vertitec.designstudio.host\/caracteristiques-des-vetements-de-securite-stihl-2\/"},"modified":"2025-10-04T11:55:32","modified_gmt":"2025-10-04T11:55:32","slug":"caracteristiques-des-vetements-de-securite-stihl-2","status":"publish","type":"page","link":"https:\/\/vertitec.designstudio.host\/fr\/caracteristiques-des-vetements-de-securite-stihl-2\/","title":{"rendered":"Caract\u00e9ristiques des v\u00eatements de s\u00e9curit\u00e9 STIHL"},"content":{"rendered":"","protected":false},"excerpt":{"rendered":"","protected":false},"author":1,"featured_media":0,"parent":0,"menu_order":0,"comment_status":"closed","ping_status":"closed","template":"page.php","meta":{"_acf_changed":false,"footnotes":""},"class_list":["post-27751","page","type-page","status-publish","hentry"],"acf":[],"yoast_head":"<!-- This site is optimized with the Yoast SEO plugin v27.4 - https:\/\/yoast.com\/product\/yoast-seo-wordpress\/ -->\n<title>Caract\u00e9ristiques des v\u00eatements de s\u00e9curit\u00e9 STIHL<\/title>\n<meta name=\"description\" content=\"Nous avons d\u00e9velopp\u00e9 les v\u00eatements de s\u00e9curit\u00e9 STIHL sp\u00e9cialement pour vous prot\u00e9ger lorsque vous travaillez avec des produits STIHL. Vous trouverez les symboles correspondants directement ...\" \/>\n<meta name=\"robots\" content=\"noindex, follow, max-snippet:-1, max-image-preview:large, max-video-preview:-1\" \/>\n<meta property=\"og:locale\" content=\"fr_FR\" \/>\n<meta property=\"og:type\" content=\"article\" \/>\n<meta property=\"og:title\" content=\"Caract\u00e9ristiques des v\u00eatements de s\u00e9curit\u00e9 STIHL\" \/>\n<meta property=\"og:description\" content=\"Nous avons d\u00e9velopp\u00e9 les v\u00eatements de s\u00e9curit\u00e9 STIHL sp\u00e9cialement pour vous prot\u00e9ger lorsque vous travaillez avec des produits STIHL. Vous trouverez les symboles correspondants directement ...\" \/>\n<meta property=\"og:url\" content=\"https:\/\/vertitec.designstudio.host\/fr\/caracteristiques-des-vetements-de-securite-stihl-2\/\" \/>\n<meta property=\"og:site_name\" content=\"Vertitec BV\" \/>\n<meta name=\"twitter:card\" content=\"summary_large_image\" \/>\n<meta name=\"twitter:title\" content=\"Caract\u00e9ristiques des v\u00eatements de s\u00e9curit\u00e9 STIHL\" \/>\n<meta name=\"twitter:description\" content=\"Nous avons d\u00e9velopp\u00e9 les v\u00eatements de s\u00e9curit\u00e9 STIHL sp\u00e9cialement pour vous prot\u00e9ger lorsque vous travaillez avec des produits STIHL. Vous trouverez les symboles correspondants directement ...\" \/>\n<script type=\"application\/ld+json\" class=\"yoast-schema-graph\">{\"@context\":\"https:\\\/\\\/schema.org\",\"@graph\":[{\"@type\":\"WebPage\",\"@id\":\"https:\\\/\\\/vertitec.designstudio.host\\\/fr\\\/caracteristiques-des-vetements-de-securite-stihl-2\\\/\",\"url\":\"https:\\\/\\\/vertitec.designstudio.host\\\/fr\\\/caracteristiques-des-vetements-de-securite-stihl-2\\\/\",\"name\":\"Caract\u00e9ristiques des v\u00eatements de s\u00e9curit\u00e9 STIHL\",\"isPartOf\":{\"@id\":\"https:\\\/\\\/vertitec.designstudio.host\\\/fr\\\/#website\"},\"datePublished\":\"2025-10-04T11:55:32+00:00\",\"description\":\"Nous avons d\u00e9velopp\u00e9 les v\u00eatements de s\u00e9curit\u00e9 STIHL sp\u00e9cialement pour vous prot\u00e9ger lorsque vous travaillez avec des produits STIHL. Vous trouverez les symboles correspondants directement ...\",\"breadcrumb\":{\"@id\":\"https:\\\/\\\/vertitec.designstudio.host\\\/fr\\\/caracteristiques-des-vetements-de-securite-stihl-2\\\/#breadcrumb\"},\"inLanguage\":\"fr-FR\",\"potentialAction\":[{\"@type\":\"ReadAction\",\"target\":[\"https:\\\/\\\/vertitec.designstudio.host\\\/fr\\\/caracteristiques-des-vetements-de-securite-stihl-2\\\/\"]}]},{\"@type\":\"BreadcrumbList\",\"@id\":\"https:\\\/\\\/vertitec.designstudio.host\\\/fr\\\/caracteristiques-des-vetements-de-securite-stihl-2\\\/#breadcrumb\",\"itemListElement\":[{\"@type\":\"ListItem\",\"position\":1,\"name\":\"Accueil\",\"item\":\"https:\\\/\\\/vertitec.designstudio.host\\\/fr\\\/\"},{\"@type\":\"ListItem\",\"position\":2,\"name\":\"Caract\u00e9ristiques des v\u00eatements de s\u00e9curit\u00e9 STIHL\"}]},{\"@type\":\"WebSite\",\"@id\":\"https:\\\/\\\/vertitec.designstudio.host\\\/fr\\\/#website\",\"url\":\"https:\\\/\\\/vertitec.designstudio.host\\\/fr\\\/\",\"name\":\"Vertitec BV\",\"description\":\"\",\"potentialAction\":[{\"@type\":\"SearchAction\",\"target\":{\"@type\":\"EntryPoint\",\"urlTemplate\":\"https:\\\/\\\/vertitec.designstudio.host\\\/fr\\\/?s={search_term_string}\"},\"query-input\":{\"@type\":\"PropertyValueSpecification\",\"valueRequired\":true,\"valueName\":\"search_term_string\"}}],\"inLanguage\":\"fr-FR\"}]}<\/script>\n<!-- \/ Yoast SEO plugin. -->","yoast_head_json":{"title":"Caract\u00e9ristiques des v\u00eatements de s\u00e9curit\u00e9 STIHL","description":"Nous avons d\u00e9velopp\u00e9 les v\u00eatements de s\u00e9curit\u00e9 STIHL sp\u00e9cialement pour vous prot\u00e9ger lorsque vous travaillez avec des produits STIHL. Vous trouverez les symboles correspondants directement ...","robots":{"index":"noindex","follow":"follow","max-snippet":"max-snippet:-1","max-image-preview":"max-image-preview:large","max-video-preview":"max-video-preview:-1"},"og_locale":"fr_FR","og_type":"article","og_title":"Caract\u00e9ristiques des v\u00eatements de s\u00e9curit\u00e9 STIHL","og_description":"Nous avons d\u00e9velopp\u00e9 les v\u00eatements de s\u00e9curit\u00e9 STIHL sp\u00e9cialement pour vous prot\u00e9ger lorsque vous travaillez avec des produits STIHL. Vous trouverez les symboles correspondants directement ...","og_url":"https:\/\/vertitec.designstudio.host\/fr\/caracteristiques-des-vetements-de-securite-stihl-2\/","og_site_name":"Vertitec BV","twitter_card":"summary_large_image","twitter_title":"Caract\u00e9ristiques des v\u00eatements de s\u00e9curit\u00e9 STIHL","twitter_description":"Nous avons d\u00e9velopp\u00e9 les v\u00eatements de s\u00e9curit\u00e9 STIHL sp\u00e9cialement pour vous prot\u00e9ger lorsque vous travaillez avec des produits STIHL. Vous trouverez les symboles correspondants directement ...","schema":{"@context":"https:\/\/schema.org","@graph":[{"@type":"WebPage","@id":"https:\/\/vertitec.designstudio.host\/fr\/caracteristiques-des-vetements-de-securite-stihl-2\/","url":"https:\/\/vertitec.designstudio.host\/fr\/caracteristiques-des-vetements-de-securite-stihl-2\/","name":"Caract\u00e9ristiques des v\u00eatements de s\u00e9curit\u00e9 STIHL","isPartOf":{"@id":"https:\/\/vertitec.designstudio.host\/fr\/#website"},"datePublished":"2025-10-04T11:55:32+00:00","description":"Nous avons d\u00e9velopp\u00e9 les v\u00eatements de s\u00e9curit\u00e9 STIHL sp\u00e9cialement pour vous prot\u00e9ger lorsque vous travaillez avec des produits STIHL. Vous trouverez les symboles correspondants directement ...","breadcrumb":{"@id":"https:\/\/vertitec.designstudio.host\/fr\/caracteristiques-des-vetements-de-securite-stihl-2\/#breadcrumb"},"inLanguage":"fr-FR","potentialAction":[{"@type":"ReadAction","target":["https:\/\/vertitec.designstudio.host\/fr\/caracteristiques-des-vetements-de-securite-stihl-2\/"]}]},{"@type":"BreadcrumbList","@id":"https:\/\/vertitec.designstudio.host\/fr\/caracteristiques-des-vetements-de-securite-stihl-2\/#breadcrumb","itemListElement":[{"@type":"ListItem","position":1,"name":"Accueil","item":"https:\/\/vertitec.designstudio.host\/fr\/"},{"@type":"ListItem","position":2,"name":"Caract\u00e9ristiques des v\u00eatements de s\u00e9curit\u00e9 STIHL"}]},{"@type":"WebSite","@id":"https:\/\/vertitec.designstudio.host\/fr\/#website","url":"https:\/\/vertitec.designstudio.host\/fr\/","name":"Vertitec BV","description":"","potentialAction":[{"@type":"SearchAction","target":{"@type":"EntryPoint","urlTemplate":"https:\/\/vertitec.designstudio.host\/fr\/?s={search_term_string}"},"query-input":{"@type":"PropertyValueSpecification","valueRequired":true,"valueName":"search_term_string"}}],"inLanguage":"fr-FR"}]}},"_links":{"self":[{"href":"https:\/\/vertitec.designstudio.host\/fr\/wp-json\/wp\/v2\/pages\/27751","targetHints":{"allow":["GET"]}}],"collection":[{"href":"https:\/\/vertitec.designstudio.host\/fr\/wp-json\/wp\/v2\/pages"}],"about":[{"href":"https:\/\/vertitec.designstudio.host\/fr\/wp-json\/wp\/v2\/types\/page"}],"author":[{"embeddable":true,"href":"https:\/\/vertitec.designstudio.host\/fr\/wp-json\/wp\/v2\/users\/1"}],"replies":[{"embeddable":true,"href":"https:\/\/vertitec.designstudio.host\/fr\/wp-json\/wp\/v2\/comments?post=27751"}],"version-history":[{"count":0,"href":"https:\/\/vertitec.designstudio.host\/fr\/wp-json\/wp\/v2\/pages\/27751\/revisions"}],"wp:attachment":[{"href":"https:\/\/vertitec.designstudio.host\/fr\/wp-json\/wp\/v2\/media?parent=27751"}],"curies":[{"name":"wp","href":"https:\/\/api.w.org\/{rel}","templated":true}]}}