{"id":27745,"date":"2025-10-04T11:55:43","date_gmt":"2025-10-04T11:55:43","guid":{"rendered":"https:\/\/vertitec.designstudio.host\/combustibles-speciaux\/"},"modified":"2025-10-04T11:55:43","modified_gmt":"2025-10-04T11:55:43","slug":"combustibles-speciaux","status":"publish","type":"page","link":"https:\/\/vertitec.designstudio.host\/fr\/combustibles-speciaux\/","title":{"rendered":"Combustibles sp\u00e9ciaux"},"content":{"rendered":"","protected":false},"excerpt":{"rendered":"","protected":false},"author":1,"featured_media":0,"parent":0,"menu_order":0,"comment_status":"closed","ping_status":"closed","template":"page.php","meta":{"_acf_changed":false,"footnotes":""},"class_list":["post-27745","page","type-page","status-publish","hentry"],"acf":[],"yoast_head":"<!-- This site is optimized with the Yoast SEO plugin v27.4 - https:\/\/yoast.com\/product\/yoast-seo-wordpress\/ -->\n<title>Carburants sp\u00e9ciaux STIHL<\/title>\n<meta name=\"description\" content=\"Vous trouverez ici toutes les informations importantes concernant le transport, le stockage et l&#039;\u00e9limination des carburants sp\u00e9ciaux STIHL et VIKING. V\u00e9rifiez l&#039;\u00e9tike...\" \/>\n<meta name=\"robots\" content=\"noindex, follow, max-snippet:-1, max-image-preview:large, max-video-preview:-1\" \/>\n<meta property=\"og:locale\" content=\"fr_FR\" \/>\n<meta property=\"og:type\" content=\"article\" \/>\n<meta property=\"og:title\" content=\"Carburants sp\u00e9ciaux STIHL\" \/>\n<meta property=\"og:description\" content=\"Vous trouverez ici toutes les informations importantes concernant le transport, le stockage et l&#039;\u00e9limination des carburants sp\u00e9ciaux STIHL et VIKING. V\u00e9rifiez l&#039;\u00e9tike...\" \/>\n<meta property=\"og:url\" content=\"https:\/\/vertitec.designstudio.host\/fr\/combustibles-speciaux\/\" \/>\n<meta property=\"og:site_name\" content=\"Vertitec BV\" \/>\n<meta name=\"twitter:card\" content=\"summary_large_image\" \/>\n<meta name=\"twitter:title\" content=\"Carburants sp\u00e9ciaux STIHL\" \/>\n<meta name=\"twitter:description\" content=\"Vous trouverez ici toutes les informations importantes concernant le transport, le stockage et l&#039;\u00e9limination des carburants sp\u00e9ciaux STIHL et VIKING. V\u00e9rifiez l&#039;\u00e9tike...\" \/>\n<script type=\"application\/ld+json\" class=\"yoast-schema-graph\">{\"@context\":\"https:\\\/\\\/schema.org\",\"@graph\":[{\"@type\":\"WebPage\",\"@id\":\"https:\\\/\\\/vertitec.designstudio.host\\\/fr\\\/combustibles-speciaux\\\/\",\"url\":\"https:\\\/\\\/vertitec.designstudio.host\\\/fr\\\/combustibles-speciaux\\\/\",\"name\":\"Carburants sp\u00e9ciaux STIHL\",\"isPartOf\":{\"@id\":\"https:\\\/\\\/vertitec.designstudio.host\\\/fr\\\/#website\"},\"datePublished\":\"2025-10-04T11:55:43+00:00\",\"description\":\"Vous trouverez ici toutes les informations importantes concernant le transport, le stockage et l'\u00e9limination des carburants sp\u00e9ciaux STIHL et VIKING. V\u00e9rifiez l'\u00e9tike...\",\"breadcrumb\":{\"@id\":\"https:\\\/\\\/vertitec.designstudio.host\\\/fr\\\/combustibles-speciaux\\\/#breadcrumb\"},\"inLanguage\":\"fr-FR\",\"potentialAction\":[{\"@type\":\"ReadAction\",\"target\":[\"https:\\\/\\\/vertitec.designstudio.host\\\/fr\\\/combustibles-speciaux\\\/\"]}]},{\"@type\":\"BreadcrumbList\",\"@id\":\"https:\\\/\\\/vertitec.designstudio.host\\\/fr\\\/combustibles-speciaux\\\/#breadcrumb\",\"itemListElement\":[{\"@type\":\"ListItem\",\"position\":1,\"name\":\"Accueil\",\"item\":\"https:\\\/\\\/vertitec.designstudio.host\\\/fr\\\/\"},{\"@type\":\"ListItem\",\"position\":2,\"name\":\"Combustibles sp\u00e9ciaux\"}]},{\"@type\":\"WebSite\",\"@id\":\"https:\\\/\\\/vertitec.designstudio.host\\\/fr\\\/#website\",\"url\":\"https:\\\/\\\/vertitec.designstudio.host\\\/fr\\\/\",\"name\":\"Vertitec BV\",\"description\":\"\",\"potentialAction\":[{\"@type\":\"SearchAction\",\"target\":{\"@type\":\"EntryPoint\",\"urlTemplate\":\"https:\\\/\\\/vertitec.designstudio.host\\\/fr\\\/?s={search_term_string}\"},\"query-input\":{\"@type\":\"PropertyValueSpecification\",\"valueRequired\":true,\"valueName\":\"search_term_string\"}}],\"inLanguage\":\"fr-FR\"}]}<\/script>\n<!-- \/ Yoast SEO plugin. -->","yoast_head_json":{"title":"Carburants sp\u00e9ciaux STIHL","description":"Vous trouverez ici toutes les informations importantes concernant le transport, le stockage et l'\u00e9limination des carburants sp\u00e9ciaux STIHL et VIKING. V\u00e9rifiez l'\u00e9tike...","robots":{"index":"noindex","follow":"follow","max-snippet":"max-snippet:-1","max-image-preview":"max-image-preview:large","max-video-preview":"max-video-preview:-1"},"og_locale":"fr_FR","og_type":"article","og_title":"Carburants sp\u00e9ciaux STIHL","og_description":"Vous trouverez ici toutes les informations importantes concernant le transport, le stockage et l'\u00e9limination des carburants sp\u00e9ciaux STIHL et VIKING. V\u00e9rifiez l'\u00e9tike...","og_url":"https:\/\/vertitec.designstudio.host\/fr\/combustibles-speciaux\/","og_site_name":"Vertitec BV","twitter_card":"summary_large_image","twitter_title":"Carburants sp\u00e9ciaux STIHL","twitter_description":"Vous trouverez ici toutes les informations importantes concernant le transport, le stockage et l'\u00e9limination des carburants sp\u00e9ciaux STIHL et VIKING. V\u00e9rifiez l'\u00e9tike...","schema":{"@context":"https:\/\/schema.org","@graph":[{"@type":"WebPage","@id":"https:\/\/vertitec.designstudio.host\/fr\/combustibles-speciaux\/","url":"https:\/\/vertitec.designstudio.host\/fr\/combustibles-speciaux\/","name":"Carburants sp\u00e9ciaux STIHL","isPartOf":{"@id":"https:\/\/vertitec.designstudio.host\/fr\/#website"},"datePublished":"2025-10-04T11:55:43+00:00","description":"Vous trouverez ici toutes les informations importantes concernant le transport, le stockage et l'\u00e9limination des carburants sp\u00e9ciaux STIHL et VIKING. V\u00e9rifiez l'\u00e9tike...","breadcrumb":{"@id":"https:\/\/vertitec.designstudio.host\/fr\/combustibles-speciaux\/#breadcrumb"},"inLanguage":"fr-FR","potentialAction":[{"@type":"ReadAction","target":["https:\/\/vertitec.designstudio.host\/fr\/combustibles-speciaux\/"]}]},{"@type":"BreadcrumbList","@id":"https:\/\/vertitec.designstudio.host\/fr\/combustibles-speciaux\/#breadcrumb","itemListElement":[{"@type":"ListItem","position":1,"name":"Accueil","item":"https:\/\/vertitec.designstudio.host\/fr\/"},{"@type":"ListItem","position":2,"name":"Combustibles sp\u00e9ciaux"}]},{"@type":"WebSite","@id":"https:\/\/vertitec.designstudio.host\/fr\/#website","url":"https:\/\/vertitec.designstudio.host\/fr\/","name":"Vertitec BV","description":"","potentialAction":[{"@type":"SearchAction","target":{"@type":"EntryPoint","urlTemplate":"https:\/\/vertitec.designstudio.host\/fr\/?s={search_term_string}"},"query-input":{"@type":"PropertyValueSpecification","valueRequired":true,"valueName":"search_term_string"}}],"inLanguage":"fr-FR"}]}},"_links":{"self":[{"href":"https:\/\/vertitec.designstudio.host\/fr\/wp-json\/wp\/v2\/pages\/27745","targetHints":{"allow":["GET"]}}],"collection":[{"href":"https:\/\/vertitec.designstudio.host\/fr\/wp-json\/wp\/v2\/pages"}],"about":[{"href":"https:\/\/vertitec.designstudio.host\/fr\/wp-json\/wp\/v2\/types\/page"}],"author":[{"embeddable":true,"href":"https:\/\/vertitec.designstudio.host\/fr\/wp-json\/wp\/v2\/users\/1"}],"replies":[{"embeddable":true,"href":"https:\/\/vertitec.designstudio.host\/fr\/wp-json\/wp\/v2\/comments?post=27745"}],"version-history":[{"count":0,"href":"https:\/\/vertitec.designstudio.host\/fr\/wp-json\/wp\/v2\/pages\/27745\/revisions"}],"wp:attachment":[{"href":"https:\/\/vertitec.designstudio.host\/fr\/wp-json\/wp\/v2\/media?parent=27745"}],"curies":[{"name":"wp","href":"https:\/\/api.w.org\/{rel}","templated":true}]}}