{"id":27737,"date":"2025-10-04T11:58:36","date_gmt":"2025-10-04T11:58:36","guid":{"rendered":"https:\/\/vertitec.designstudio.host\/entretenir-votre-taille-haie\/"},"modified":"2025-10-04T11:58:36","modified_gmt":"2025-10-04T11:58:36","slug":"entretenir-votre-taille-haie","status":"publish","type":"page","link":"https:\/\/vertitec.designstudio.host\/fr\/entretenir-votre-taille-haie\/","title":{"rendered":"Entretenir votre taille-haie"},"content":{"rendered":"","protected":false},"excerpt":{"rendered":"","protected":false},"author":1,"featured_media":0,"parent":0,"menu_order":0,"comment_status":"closed","ping_status":"closed","template":"page.php","meta":{"_acf_changed":false,"footnotes":""},"class_list":["post-27737","page","type-page","status-publish","hentry"],"acf":[],"yoast_head":"<!-- This site is optimized with the Yoast SEO plugin v27.4 - https:\/\/yoast.com\/product\/yoast-seo-wordpress\/ -->\n<title>STIHL Entretenir votre taille-haie<\/title>\n<meta name=\"description\" content=\"Un entretien r\u00e9gulier et professionnel de votre taille-haie est la garantie d&#039;une longue dur\u00e9e de vie de votre machine. Nous vous montrons \u00e0 quel f...\" \/>\n<meta name=\"robots\" content=\"noindex, follow, max-snippet:-1, max-image-preview:large, max-video-preview:-1\" \/>\n<meta property=\"og:locale\" content=\"fr_FR\" \/>\n<meta property=\"og:type\" content=\"article\" \/>\n<meta property=\"og:title\" content=\"STIHL Entretenir votre taille-haie\" \/>\n<meta property=\"og:description\" content=\"Un entretien r\u00e9gulier et professionnel de votre taille-haie est la garantie d&#039;une longue dur\u00e9e de vie de votre machine. Nous vous montrons \u00e0 quel f...\" \/>\n<meta property=\"og:url\" content=\"https:\/\/vertitec.designstudio.host\/fr\/entretenir-votre-taille-haie\/\" \/>\n<meta property=\"og:site_name\" content=\"Vertitec BV\" \/>\n<meta name=\"twitter:card\" content=\"summary_large_image\" \/>\n<meta name=\"twitter:title\" content=\"STIHL Entretenir votre taille-haie\" \/>\n<meta name=\"twitter:description\" content=\"Un entretien r\u00e9gulier et professionnel de votre taille-haie est la garantie d&#039;une longue dur\u00e9e de vie de votre machine. Nous vous montrons \u00e0 quel f...\" \/>\n<script type=\"application\/ld+json\" class=\"yoast-schema-graph\">{\"@context\":\"https:\\\/\\\/schema.org\",\"@graph\":[{\"@type\":\"WebPage\",\"@id\":\"https:\\\/\\\/vertitec.designstudio.host\\\/fr\\\/entretenir-votre-taille-haie\\\/\",\"url\":\"https:\\\/\\\/vertitec.designstudio.host\\\/fr\\\/entretenir-votre-taille-haie\\\/\",\"name\":\"STIHL Entretenir votre taille-haie\",\"isPartOf\":{\"@id\":\"https:\\\/\\\/vertitec.designstudio.host\\\/fr\\\/#website\"},\"datePublished\":\"2025-10-04T11:58:36+00:00\",\"description\":\"Un entretien r\u00e9gulier et professionnel de votre taille-haie est la garantie d'une longue dur\u00e9e de vie de votre machine. Nous vous montrons \u00e0 quel f...\",\"breadcrumb\":{\"@id\":\"https:\\\/\\\/vertitec.designstudio.host\\\/fr\\\/entretenir-votre-taille-haie\\\/#breadcrumb\"},\"inLanguage\":\"fr-FR\",\"potentialAction\":[{\"@type\":\"ReadAction\",\"target\":[\"https:\\\/\\\/vertitec.designstudio.host\\\/fr\\\/entretenir-votre-taille-haie\\\/\"]}]},{\"@type\":\"BreadcrumbList\",\"@id\":\"https:\\\/\\\/vertitec.designstudio.host\\\/fr\\\/entretenir-votre-taille-haie\\\/#breadcrumb\",\"itemListElement\":[{\"@type\":\"ListItem\",\"position\":1,\"name\":\"Accueil\",\"item\":\"https:\\\/\\\/vertitec.designstudio.host\\\/fr\\\/\"},{\"@type\":\"ListItem\",\"position\":2,\"name\":\"Entretenir votre taille-haie\"}]},{\"@type\":\"WebSite\",\"@id\":\"https:\\\/\\\/vertitec.designstudio.host\\\/fr\\\/#website\",\"url\":\"https:\\\/\\\/vertitec.designstudio.host\\\/fr\\\/\",\"name\":\"Vertitec BV\",\"description\":\"\",\"potentialAction\":[{\"@type\":\"SearchAction\",\"target\":{\"@type\":\"EntryPoint\",\"urlTemplate\":\"https:\\\/\\\/vertitec.designstudio.host\\\/fr\\\/?s={search_term_string}\"},\"query-input\":{\"@type\":\"PropertyValueSpecification\",\"valueRequired\":true,\"valueName\":\"search_term_string\"}}],\"inLanguage\":\"fr-FR\"}]}<\/script>\n<!-- \/ Yoast SEO plugin. -->","yoast_head_json":{"title":"STIHL Entretenir votre taille-haie","description":"Un entretien r\u00e9gulier et professionnel de votre taille-haie est la garantie d'une longue dur\u00e9e de vie de votre machine. Nous vous montrons \u00e0 quel f...","robots":{"index":"noindex","follow":"follow","max-snippet":"max-snippet:-1","max-image-preview":"max-image-preview:large","max-video-preview":"max-video-preview:-1"},"og_locale":"fr_FR","og_type":"article","og_title":"STIHL Entretenir votre taille-haie","og_description":"Un entretien r\u00e9gulier et professionnel de votre taille-haie est la garantie d'une longue dur\u00e9e de vie de votre machine. Nous vous montrons \u00e0 quel f...","og_url":"https:\/\/vertitec.designstudio.host\/fr\/entretenir-votre-taille-haie\/","og_site_name":"Vertitec BV","twitter_card":"summary_large_image","twitter_title":"STIHL Entretenir votre taille-haie","twitter_description":"Un entretien r\u00e9gulier et professionnel de votre taille-haie est la garantie d'une longue dur\u00e9e de vie de votre machine. Nous vous montrons \u00e0 quel f...","schema":{"@context":"https:\/\/schema.org","@graph":[{"@type":"WebPage","@id":"https:\/\/vertitec.designstudio.host\/fr\/entretenir-votre-taille-haie\/","url":"https:\/\/vertitec.designstudio.host\/fr\/entretenir-votre-taille-haie\/","name":"STIHL Entretenir votre taille-haie","isPartOf":{"@id":"https:\/\/vertitec.designstudio.host\/fr\/#website"},"datePublished":"2025-10-04T11:58:36+00:00","description":"Un entretien r\u00e9gulier et professionnel de votre taille-haie est la garantie d'une longue dur\u00e9e de vie de votre machine. Nous vous montrons \u00e0 quel f...","breadcrumb":{"@id":"https:\/\/vertitec.designstudio.host\/fr\/entretenir-votre-taille-haie\/#breadcrumb"},"inLanguage":"fr-FR","potentialAction":[{"@type":"ReadAction","target":["https:\/\/vertitec.designstudio.host\/fr\/entretenir-votre-taille-haie\/"]}]},{"@type":"BreadcrumbList","@id":"https:\/\/vertitec.designstudio.host\/fr\/entretenir-votre-taille-haie\/#breadcrumb","itemListElement":[{"@type":"ListItem","position":1,"name":"Accueil","item":"https:\/\/vertitec.designstudio.host\/fr\/"},{"@type":"ListItem","position":2,"name":"Entretenir votre taille-haie"}]},{"@type":"WebSite","@id":"https:\/\/vertitec.designstudio.host\/fr\/#website","url":"https:\/\/vertitec.designstudio.host\/fr\/","name":"Vertitec BV","description":"","potentialAction":[{"@type":"SearchAction","target":{"@type":"EntryPoint","urlTemplate":"https:\/\/vertitec.designstudio.host\/fr\/?s={search_term_string}"},"query-input":{"@type":"PropertyValueSpecification","valueRequired":true,"valueName":"search_term_string"}}],"inLanguage":"fr-FR"}]}},"_links":{"self":[{"href":"https:\/\/vertitec.designstudio.host\/fr\/wp-json\/wp\/v2\/pages\/27737","targetHints":{"allow":["GET"]}}],"collection":[{"href":"https:\/\/vertitec.designstudio.host\/fr\/wp-json\/wp\/v2\/pages"}],"about":[{"href":"https:\/\/vertitec.designstudio.host\/fr\/wp-json\/wp\/v2\/types\/page"}],"author":[{"embeddable":true,"href":"https:\/\/vertitec.designstudio.host\/fr\/wp-json\/wp\/v2\/users\/1"}],"replies":[{"embeddable":true,"href":"https:\/\/vertitec.designstudio.host\/fr\/wp-json\/wp\/v2\/comments?post=27737"}],"version-history":[{"count":0,"href":"https:\/\/vertitec.designstudio.host\/fr\/wp-json\/wp\/v2\/pages\/27737\/revisions"}],"wp:attachment":[{"href":"https:\/\/vertitec.designstudio.host\/fr\/wp-json\/wp\/v2\/media?parent=27737"}],"curies":[{"name":"wp","href":"https:\/\/api.w.org\/{rel}","templated":true}]}}