{"id":27423,"date":"2025-10-04T11:54:12","date_gmt":"2025-10-04T11:54:12","guid":{"rendered":"https:\/\/vertitec.designstudio.host\/chaines-de-scie-et-tiges-de-guidage\/"},"modified":"2025-10-04T11:54:12","modified_gmt":"2025-10-04T11:54:12","slug":"chaines-de-scie-et-tiges-de-guidage","status":"publish","type":"page","link":"https:\/\/vertitec.designstudio.host\/fr\/chaines-de-scie-et-tiges-de-guidage\/","title":{"rendered":"Cha\u00eenes de scie et tiges de guidage"},"content":{"rendered":"","protected":false},"excerpt":{"rendered":"","protected":false},"author":1,"featured_media":0,"parent":0,"menu_order":0,"comment_status":"closed","ping_status":"closed","template":"page.php","meta":{"_acf_changed":false,"footnotes":""},"class_list":["post-27423","page","type-page","status-publish","hentry"],"acf":[],"yoast_head":"<!-- This site is optimized with the Yoast SEO plugin v27.4 - https:\/\/yoast.com\/product\/yoast-seo-wordpress\/ -->\n<title>Cha\u00eenes de scie et guide-cha\u00eene STIHL<\/title>\n<meta name=\"description\" content=\"Nous avons d\u00e9velopp\u00e9 nous-m\u00eames toutes les cha\u00eenes et tous les guides de scie STIHL. Nous pouvons ainsi garantir que les accessoires et le moteur sont toujours parfaitement adapt\u00e9s...\" \/>\n<meta name=\"robots\" content=\"noindex, follow, max-snippet:-1, max-image-preview:large, max-video-preview:-1\" \/>\n<meta property=\"og:locale\" content=\"fr_FR\" \/>\n<meta property=\"og:type\" content=\"article\" \/>\n<meta property=\"og:title\" content=\"Cha\u00eenes de scie et guide-cha\u00eene STIHL\" \/>\n<meta property=\"og:description\" content=\"Nous avons d\u00e9velopp\u00e9 nous-m\u00eames toutes les cha\u00eenes et tous les guides de scie STIHL. Nous pouvons ainsi garantir que les accessoires et le moteur sont toujours parfaitement adapt\u00e9s...\" \/>\n<meta property=\"og:url\" content=\"https:\/\/vertitec.designstudio.host\/fr\/chaines-de-scie-et-tiges-de-guidage\/\" \/>\n<meta property=\"og:site_name\" content=\"Vertitec BV\" \/>\n<meta name=\"twitter:card\" content=\"summary_large_image\" \/>\n<meta name=\"twitter:title\" content=\"Cha\u00eenes de scie et guide-cha\u00eene STIHL\" \/>\n<meta name=\"twitter:description\" content=\"Nous avons d\u00e9velopp\u00e9 nous-m\u00eames toutes les cha\u00eenes et tous les guides de scie STIHL. Nous pouvons ainsi garantir que les accessoires et le moteur sont toujours parfaitement adapt\u00e9s...\" \/>\n<script type=\"application\/ld+json\" class=\"yoast-schema-graph\">{\"@context\":\"https:\\\/\\\/schema.org\",\"@graph\":[{\"@type\":\"WebPage\",\"@id\":\"https:\\\/\\\/vertitec.designstudio.host\\\/fr\\\/chaines-de-scie-et-tiges-de-guidage\\\/\",\"url\":\"https:\\\/\\\/vertitec.designstudio.host\\\/fr\\\/chaines-de-scie-et-tiges-de-guidage\\\/\",\"name\":\"Cha\u00eenes de scie et guide-cha\u00eene STIHL\",\"isPartOf\":{\"@id\":\"https:\\\/\\\/vertitec.designstudio.host\\\/fr\\\/#website\"},\"datePublished\":\"2025-10-04T11:54:12+00:00\",\"description\":\"Nous avons d\u00e9velopp\u00e9 nous-m\u00eames toutes les cha\u00eenes et tous les guides de scie STIHL. Nous pouvons ainsi garantir que les accessoires et le moteur sont toujours parfaitement adapt\u00e9s...\",\"breadcrumb\":{\"@id\":\"https:\\\/\\\/vertitec.designstudio.host\\\/fr\\\/chaines-de-scie-et-tiges-de-guidage\\\/#breadcrumb\"},\"inLanguage\":\"fr-FR\",\"potentialAction\":[{\"@type\":\"ReadAction\",\"target\":[\"https:\\\/\\\/vertitec.designstudio.host\\\/fr\\\/chaines-de-scie-et-tiges-de-guidage\\\/\"]}]},{\"@type\":\"BreadcrumbList\",\"@id\":\"https:\\\/\\\/vertitec.designstudio.host\\\/fr\\\/chaines-de-scie-et-tiges-de-guidage\\\/#breadcrumb\",\"itemListElement\":[{\"@type\":\"ListItem\",\"position\":1,\"name\":\"Accueil\",\"item\":\"https:\\\/\\\/vertitec.designstudio.host\\\/fr\\\/\"},{\"@type\":\"ListItem\",\"position\":2,\"name\":\"Cha\u00eenes de scie et tiges de guidage\"}]},{\"@type\":\"WebSite\",\"@id\":\"https:\\\/\\\/vertitec.designstudio.host\\\/fr\\\/#website\",\"url\":\"https:\\\/\\\/vertitec.designstudio.host\\\/fr\\\/\",\"name\":\"Vertitec BV\",\"description\":\"\",\"potentialAction\":[{\"@type\":\"SearchAction\",\"target\":{\"@type\":\"EntryPoint\",\"urlTemplate\":\"https:\\\/\\\/vertitec.designstudio.host\\\/fr\\\/?s={search_term_string}\"},\"query-input\":{\"@type\":\"PropertyValueSpecification\",\"valueRequired\":true,\"valueName\":\"search_term_string\"}}],\"inLanguage\":\"fr-FR\"}]}<\/script>\n<!-- \/ Yoast SEO plugin. -->","yoast_head_json":{"title":"Cha\u00eenes de scie et guide-cha\u00eene STIHL","description":"Nous avons d\u00e9velopp\u00e9 nous-m\u00eames toutes les cha\u00eenes et tous les guides de scie STIHL. Nous pouvons ainsi garantir que les accessoires et le moteur sont toujours parfaitement adapt\u00e9s...","robots":{"index":"noindex","follow":"follow","max-snippet":"max-snippet:-1","max-image-preview":"max-image-preview:large","max-video-preview":"max-video-preview:-1"},"og_locale":"fr_FR","og_type":"article","og_title":"Cha\u00eenes de scie et guide-cha\u00eene STIHL","og_description":"Nous avons d\u00e9velopp\u00e9 nous-m\u00eames toutes les cha\u00eenes et tous les guides de scie STIHL. Nous pouvons ainsi garantir que les accessoires et le moteur sont toujours parfaitement adapt\u00e9s...","og_url":"https:\/\/vertitec.designstudio.host\/fr\/chaines-de-scie-et-tiges-de-guidage\/","og_site_name":"Vertitec BV","twitter_card":"summary_large_image","twitter_title":"Cha\u00eenes de scie et guide-cha\u00eene STIHL","twitter_description":"Nous avons d\u00e9velopp\u00e9 nous-m\u00eames toutes les cha\u00eenes et tous les guides de scie STIHL. Nous pouvons ainsi garantir que les accessoires et le moteur sont toujours parfaitement adapt\u00e9s...","schema":{"@context":"https:\/\/schema.org","@graph":[{"@type":"WebPage","@id":"https:\/\/vertitec.designstudio.host\/fr\/chaines-de-scie-et-tiges-de-guidage\/","url":"https:\/\/vertitec.designstudio.host\/fr\/chaines-de-scie-et-tiges-de-guidage\/","name":"Cha\u00eenes de scie et guide-cha\u00eene STIHL","isPartOf":{"@id":"https:\/\/vertitec.designstudio.host\/fr\/#website"},"datePublished":"2025-10-04T11:54:12+00:00","description":"Nous avons d\u00e9velopp\u00e9 nous-m\u00eames toutes les cha\u00eenes et tous les guides de scie STIHL. Nous pouvons ainsi garantir que les accessoires et le moteur sont toujours parfaitement adapt\u00e9s...","breadcrumb":{"@id":"https:\/\/vertitec.designstudio.host\/fr\/chaines-de-scie-et-tiges-de-guidage\/#breadcrumb"},"inLanguage":"fr-FR","potentialAction":[{"@type":"ReadAction","target":["https:\/\/vertitec.designstudio.host\/fr\/chaines-de-scie-et-tiges-de-guidage\/"]}]},{"@type":"BreadcrumbList","@id":"https:\/\/vertitec.designstudio.host\/fr\/chaines-de-scie-et-tiges-de-guidage\/#breadcrumb","itemListElement":[{"@type":"ListItem","position":1,"name":"Accueil","item":"https:\/\/vertitec.designstudio.host\/fr\/"},{"@type":"ListItem","position":2,"name":"Cha\u00eenes de scie et tiges de guidage"}]},{"@type":"WebSite","@id":"https:\/\/vertitec.designstudio.host\/fr\/#website","url":"https:\/\/vertitec.designstudio.host\/fr\/","name":"Vertitec BV","description":"","potentialAction":[{"@type":"SearchAction","target":{"@type":"EntryPoint","urlTemplate":"https:\/\/vertitec.designstudio.host\/fr\/?s={search_term_string}"},"query-input":{"@type":"PropertyValueSpecification","valueRequired":true,"valueName":"search_term_string"}}],"inLanguage":"fr-FR"}]}},"_links":{"self":[{"href":"https:\/\/vertitec.designstudio.host\/fr\/wp-json\/wp\/v2\/pages\/27423","targetHints":{"allow":["GET"]}}],"collection":[{"href":"https:\/\/vertitec.designstudio.host\/fr\/wp-json\/wp\/v2\/pages"}],"about":[{"href":"https:\/\/vertitec.designstudio.host\/fr\/wp-json\/wp\/v2\/types\/page"}],"author":[{"embeddable":true,"href":"https:\/\/vertitec.designstudio.host\/fr\/wp-json\/wp\/v2\/users\/1"}],"replies":[{"embeddable":true,"href":"https:\/\/vertitec.designstudio.host\/fr\/wp-json\/wp\/v2\/comments?post=27423"}],"version-history":[{"count":0,"href":"https:\/\/vertitec.designstudio.host\/fr\/wp-json\/wp\/v2\/pages\/27423\/revisions"}],"wp:attachment":[{"href":"https:\/\/vertitec.designstudio.host\/fr\/wp-json\/wp\/v2\/media?parent=27423"}],"curies":[{"name":"wp","href":"https:\/\/api.w.org\/{rel}","templated":true}]}}