{"id":27416,"date":"2025-10-04T11:54:23","date_gmt":"2025-10-04T11:54:23","guid":{"rendered":"https:\/\/vertitec.designstudio.host\/bien-tondre-lherbe\/"},"modified":"2025-10-04T11:54:23","modified_gmt":"2025-10-04T11:54:23","slug":"bien-tondre-lherbe","status":"publish","type":"page","link":"https:\/\/vertitec.designstudio.host\/fr\/bien-tondre-lherbe\/","title":{"rendered":"Bien tondre l&rsquo;herbe"},"content":{"rendered":"","protected":false},"excerpt":{"rendered":"","protected":false},"author":1,"featured_media":0,"parent":0,"menu_order":0,"comment_status":"closed","ping_status":"closed","template":"page.php","meta":{"_acf_changed":false,"footnotes":""},"class_list":["post-27416","page","type-page","status-publish","hentry"],"acf":[],"yoast_head":"<!-- This site is optimized with the Yoast SEO plugin v27.4 - https:\/\/yoast.com\/product\/yoast-seo-wordpress\/ -->\n<title>STIHL Bonne tonte du gazon<\/title>\n<meta name=\"description\" content=\"Une tonte r\u00e9guli\u00e8re renforce votre pelouse et garantit un gazon dense et durable. D\u00e9couvrez ce qui est important pour la tonte et une croissance saine. Le...\" \/>\n<meta name=\"robots\" content=\"noindex, follow, max-snippet:-1, max-image-preview:large, max-video-preview:-1\" \/>\n<meta property=\"og:locale\" content=\"fr_FR\" \/>\n<meta property=\"og:type\" content=\"article\" \/>\n<meta property=\"og:title\" content=\"STIHL Bonne tonte du gazon\" \/>\n<meta property=\"og:description\" content=\"Une tonte r\u00e9guli\u00e8re renforce votre pelouse et garantit un gazon dense et durable. D\u00e9couvrez ce qui est important pour la tonte et une croissance saine. Le...\" \/>\n<meta property=\"og:url\" content=\"https:\/\/vertitec.designstudio.host\/fr\/bien-tondre-lherbe\/\" \/>\n<meta property=\"og:site_name\" content=\"Vertitec BV\" \/>\n<meta name=\"twitter:card\" content=\"summary_large_image\" \/>\n<meta name=\"twitter:title\" content=\"STIHL Bonne tonte du gazon\" \/>\n<meta name=\"twitter:description\" content=\"Une tonte r\u00e9guli\u00e8re renforce votre pelouse et garantit un gazon dense et durable. D\u00e9couvrez ce qui est important pour la tonte et une croissance saine. Le...\" \/>\n<script type=\"application\/ld+json\" class=\"yoast-schema-graph\">{\"@context\":\"https:\\\/\\\/schema.org\",\"@graph\":[{\"@type\":\"WebPage\",\"@id\":\"https:\\\/\\\/vertitec.designstudio.host\\\/fr\\\/bien-tondre-lherbe\\\/\",\"url\":\"https:\\\/\\\/vertitec.designstudio.host\\\/fr\\\/bien-tondre-lherbe\\\/\",\"name\":\"STIHL Bonne tonte du gazon\",\"isPartOf\":{\"@id\":\"https:\\\/\\\/vertitec.designstudio.host\\\/fr\\\/#website\"},\"datePublished\":\"2025-10-04T11:54:23+00:00\",\"description\":\"Une tonte r\u00e9guli\u00e8re renforce votre pelouse et garantit un gazon dense et durable. D\u00e9couvrez ce qui est important pour la tonte et une croissance saine. Le...\",\"breadcrumb\":{\"@id\":\"https:\\\/\\\/vertitec.designstudio.host\\\/fr\\\/bien-tondre-lherbe\\\/#breadcrumb\"},\"inLanguage\":\"fr-FR\",\"potentialAction\":[{\"@type\":\"ReadAction\",\"target\":[\"https:\\\/\\\/vertitec.designstudio.host\\\/fr\\\/bien-tondre-lherbe\\\/\"]}]},{\"@type\":\"BreadcrumbList\",\"@id\":\"https:\\\/\\\/vertitec.designstudio.host\\\/fr\\\/bien-tondre-lherbe\\\/#breadcrumb\",\"itemListElement\":[{\"@type\":\"ListItem\",\"position\":1,\"name\":\"Accueil\",\"item\":\"https:\\\/\\\/vertitec.designstudio.host\\\/fr\\\/\"},{\"@type\":\"ListItem\",\"position\":2,\"name\":\"Bien tondre l&#8217;herbe\"}]},{\"@type\":\"WebSite\",\"@id\":\"https:\\\/\\\/vertitec.designstudio.host\\\/fr\\\/#website\",\"url\":\"https:\\\/\\\/vertitec.designstudio.host\\\/fr\\\/\",\"name\":\"Vertitec BV\",\"description\":\"\",\"potentialAction\":[{\"@type\":\"SearchAction\",\"target\":{\"@type\":\"EntryPoint\",\"urlTemplate\":\"https:\\\/\\\/vertitec.designstudio.host\\\/fr\\\/?s={search_term_string}\"},\"query-input\":{\"@type\":\"PropertyValueSpecification\",\"valueRequired\":true,\"valueName\":\"search_term_string\"}}],\"inLanguage\":\"fr-FR\"}]}<\/script>\n<!-- \/ Yoast SEO plugin. -->","yoast_head_json":{"title":"STIHL Bonne tonte du gazon","description":"Une tonte r\u00e9guli\u00e8re renforce votre pelouse et garantit un gazon dense et durable. D\u00e9couvrez ce qui est important pour la tonte et une croissance saine. Le...","robots":{"index":"noindex","follow":"follow","max-snippet":"max-snippet:-1","max-image-preview":"max-image-preview:large","max-video-preview":"max-video-preview:-1"},"og_locale":"fr_FR","og_type":"article","og_title":"STIHL Bonne tonte du gazon","og_description":"Une tonte r\u00e9guli\u00e8re renforce votre pelouse et garantit un gazon dense et durable. D\u00e9couvrez ce qui est important pour la tonte et une croissance saine. Le...","og_url":"https:\/\/vertitec.designstudio.host\/fr\/bien-tondre-lherbe\/","og_site_name":"Vertitec BV","twitter_card":"summary_large_image","twitter_title":"STIHL Bonne tonte du gazon","twitter_description":"Une tonte r\u00e9guli\u00e8re renforce votre pelouse et garantit un gazon dense et durable. D\u00e9couvrez ce qui est important pour la tonte et une croissance saine. Le...","schema":{"@context":"https:\/\/schema.org","@graph":[{"@type":"WebPage","@id":"https:\/\/vertitec.designstudio.host\/fr\/bien-tondre-lherbe\/","url":"https:\/\/vertitec.designstudio.host\/fr\/bien-tondre-lherbe\/","name":"STIHL Bonne tonte du gazon","isPartOf":{"@id":"https:\/\/vertitec.designstudio.host\/fr\/#website"},"datePublished":"2025-10-04T11:54:23+00:00","description":"Une tonte r\u00e9guli\u00e8re renforce votre pelouse et garantit un gazon dense et durable. D\u00e9couvrez ce qui est important pour la tonte et une croissance saine. Le...","breadcrumb":{"@id":"https:\/\/vertitec.designstudio.host\/fr\/bien-tondre-lherbe\/#breadcrumb"},"inLanguage":"fr-FR","potentialAction":[{"@type":"ReadAction","target":["https:\/\/vertitec.designstudio.host\/fr\/bien-tondre-lherbe\/"]}]},{"@type":"BreadcrumbList","@id":"https:\/\/vertitec.designstudio.host\/fr\/bien-tondre-lherbe\/#breadcrumb","itemListElement":[{"@type":"ListItem","position":1,"name":"Accueil","item":"https:\/\/vertitec.designstudio.host\/fr\/"},{"@type":"ListItem","position":2,"name":"Bien tondre l&#8217;herbe"}]},{"@type":"WebSite","@id":"https:\/\/vertitec.designstudio.host\/fr\/#website","url":"https:\/\/vertitec.designstudio.host\/fr\/","name":"Vertitec BV","description":"","potentialAction":[{"@type":"SearchAction","target":{"@type":"EntryPoint","urlTemplate":"https:\/\/vertitec.designstudio.host\/fr\/?s={search_term_string}"},"query-input":{"@type":"PropertyValueSpecification","valueRequired":true,"valueName":"search_term_string"}}],"inLanguage":"fr-FR"}]}},"_links":{"self":[{"href":"https:\/\/vertitec.designstudio.host\/fr\/wp-json\/wp\/v2\/pages\/27416","targetHints":{"allow":["GET"]}}],"collection":[{"href":"https:\/\/vertitec.designstudio.host\/fr\/wp-json\/wp\/v2\/pages"}],"about":[{"href":"https:\/\/vertitec.designstudio.host\/fr\/wp-json\/wp\/v2\/types\/page"}],"author":[{"embeddable":true,"href":"https:\/\/vertitec.designstudio.host\/fr\/wp-json\/wp\/v2\/users\/1"}],"replies":[{"embeddable":true,"href":"https:\/\/vertitec.designstudio.host\/fr\/wp-json\/wp\/v2\/comments?post=27416"}],"version-history":[{"count":0,"href":"https:\/\/vertitec.designstudio.host\/fr\/wp-json\/wp\/v2\/pages\/27416\/revisions"}],"wp:attachment":[{"href":"https:\/\/vertitec.designstudio.host\/fr\/wp-json\/wp\/v2\/media?parent=27416"}],"curies":[{"name":"wp","href":"https:\/\/api.w.org\/{rel}","templated":true}]}}