{"id":27394,"date":"2025-10-04T11:59:22","date_gmt":"2025-10-04T11:59:22","guid":{"rendered":"https:\/\/vertitec.designstudio.host\/utilisation-dun-nettoyeur-a-pression-pour-laver-la-voiture-2\/"},"modified":"2025-10-04T11:59:22","modified_gmt":"2025-10-04T11:59:22","slug":"utilisation-dun-nettoyeur-a-pression-pour-laver-la-voiture-2","status":"publish","type":"page","link":"https:\/\/vertitec.designstudio.host\/fr\/utilisation-dun-nettoyeur-a-pression-pour-laver-la-voiture-2\/","title":{"rendered":"Utilisation d&rsquo;un nettoyeur \u00e0 pression pour laver la voiture"},"content":{"rendered":"","protected":false},"excerpt":{"rendered":"","protected":false},"author":1,"featured_media":0,"parent":0,"menu_order":0,"comment_status":"closed","ping_status":"closed","template":"page.php","meta":{"_acf_changed":false,"footnotes":""},"class_list":["post-27394","page","type-page","status-publish","hentry"],"acf":[],"yoast_head":"<!-- This site is optimized with the Yoast SEO plugin v27.4 - https:\/\/yoast.com\/product\/yoast-seo-wordpress\/ -->\n<title>STIHL Laver la voiture avec un nettoyeur haute pression<\/title>\n<meta name=\"description\" content=\"Lorsque vous choisissez un nettoyeur haute pression pour nettoyer votre voiture, la premi\u00e8re chose \u00e0 prendre en compte est de savoir si vous pouvez facilement utiliser et d\u00e9placer la machine, car vous ...\" \/>\n<meta name=\"robots\" content=\"noindex, follow, max-snippet:-1, max-image-preview:large, max-video-preview:-1\" \/>\n<meta property=\"og:locale\" content=\"fr_FR\" \/>\n<meta property=\"og:type\" content=\"article\" \/>\n<meta property=\"og:title\" content=\"STIHL Laver la voiture avec un nettoyeur haute pression\" \/>\n<meta property=\"og:description\" content=\"Lorsque vous choisissez un nettoyeur haute pression pour nettoyer votre voiture, la premi\u00e8re chose \u00e0 prendre en compte est de savoir si vous pouvez facilement utiliser et d\u00e9placer la machine, car vous ...\" \/>\n<meta property=\"og:url\" content=\"https:\/\/vertitec.designstudio.host\/fr\/utilisation-dun-nettoyeur-a-pression-pour-laver-la-voiture-2\/\" \/>\n<meta property=\"og:site_name\" content=\"Vertitec BV\" \/>\n<meta name=\"twitter:card\" content=\"summary_large_image\" \/>\n<meta name=\"twitter:title\" content=\"STIHL Laver la voiture avec un nettoyeur haute pression\" \/>\n<meta name=\"twitter:description\" content=\"Lorsque vous choisissez un nettoyeur haute pression pour nettoyer votre voiture, la premi\u00e8re chose \u00e0 prendre en compte est de savoir si vous pouvez facilement utiliser et d\u00e9placer la machine, car vous ...\" \/>\n<script type=\"application\/ld+json\" class=\"yoast-schema-graph\">{\"@context\":\"https:\\\/\\\/schema.org\",\"@graph\":[{\"@type\":\"WebPage\",\"@id\":\"https:\\\/\\\/vertitec.designstudio.host\\\/fr\\\/utilisation-dun-nettoyeur-a-pression-pour-laver-la-voiture-2\\\/\",\"url\":\"https:\\\/\\\/vertitec.designstudio.host\\\/fr\\\/utilisation-dun-nettoyeur-a-pression-pour-laver-la-voiture-2\\\/\",\"name\":\"STIHL Laver la voiture avec un nettoyeur haute pression\",\"isPartOf\":{\"@id\":\"https:\\\/\\\/vertitec.designstudio.host\\\/fr\\\/#website\"},\"datePublished\":\"2025-10-04T11:59:22+00:00\",\"description\":\"Lorsque vous choisissez un nettoyeur haute pression pour nettoyer votre voiture, la premi\u00e8re chose \u00e0 prendre en compte est de savoir si vous pouvez facilement utiliser et d\u00e9placer la machine, car vous ...\",\"breadcrumb\":{\"@id\":\"https:\\\/\\\/vertitec.designstudio.host\\\/fr\\\/utilisation-dun-nettoyeur-a-pression-pour-laver-la-voiture-2\\\/#breadcrumb\"},\"inLanguage\":\"fr-FR\",\"potentialAction\":[{\"@type\":\"ReadAction\",\"target\":[\"https:\\\/\\\/vertitec.designstudio.host\\\/fr\\\/utilisation-dun-nettoyeur-a-pression-pour-laver-la-voiture-2\\\/\"]}]},{\"@type\":\"BreadcrumbList\",\"@id\":\"https:\\\/\\\/vertitec.designstudio.host\\\/fr\\\/utilisation-dun-nettoyeur-a-pression-pour-laver-la-voiture-2\\\/#breadcrumb\",\"itemListElement\":[{\"@type\":\"ListItem\",\"position\":1,\"name\":\"Accueil\",\"item\":\"https:\\\/\\\/vertitec.designstudio.host\\\/fr\\\/\"},{\"@type\":\"ListItem\",\"position\":2,\"name\":\"Utilisation d&rsquo;un nettoyeur \u00e0 pression pour laver la voiture\"}]},{\"@type\":\"WebSite\",\"@id\":\"https:\\\/\\\/vertitec.designstudio.host\\\/fr\\\/#website\",\"url\":\"https:\\\/\\\/vertitec.designstudio.host\\\/fr\\\/\",\"name\":\"Vertitec BV\",\"description\":\"\",\"potentialAction\":[{\"@type\":\"SearchAction\",\"target\":{\"@type\":\"EntryPoint\",\"urlTemplate\":\"https:\\\/\\\/vertitec.designstudio.host\\\/fr\\\/?s={search_term_string}\"},\"query-input\":{\"@type\":\"PropertyValueSpecification\",\"valueRequired\":true,\"valueName\":\"search_term_string\"}}],\"inLanguage\":\"fr-FR\"}]}<\/script>\n<!-- \/ Yoast SEO plugin. -->","yoast_head_json":{"title":"STIHL Laver la voiture avec un nettoyeur haute pression","description":"Lorsque vous choisissez un nettoyeur haute pression pour nettoyer votre voiture, la premi\u00e8re chose \u00e0 prendre en compte est de savoir si vous pouvez facilement utiliser et d\u00e9placer la machine, car vous ...","robots":{"index":"noindex","follow":"follow","max-snippet":"max-snippet:-1","max-image-preview":"max-image-preview:large","max-video-preview":"max-video-preview:-1"},"og_locale":"fr_FR","og_type":"article","og_title":"STIHL Laver la voiture avec un nettoyeur haute pression","og_description":"Lorsque vous choisissez un nettoyeur haute pression pour nettoyer votre voiture, la premi\u00e8re chose \u00e0 prendre en compte est de savoir si vous pouvez facilement utiliser et d\u00e9placer la machine, car vous ...","og_url":"https:\/\/vertitec.designstudio.host\/fr\/utilisation-dun-nettoyeur-a-pression-pour-laver-la-voiture-2\/","og_site_name":"Vertitec BV","twitter_card":"summary_large_image","twitter_title":"STIHL Laver la voiture avec un nettoyeur haute pression","twitter_description":"Lorsque vous choisissez un nettoyeur haute pression pour nettoyer votre voiture, la premi\u00e8re chose \u00e0 prendre en compte est de savoir si vous pouvez facilement utiliser et d\u00e9placer la machine, car vous ...","schema":{"@context":"https:\/\/schema.org","@graph":[{"@type":"WebPage","@id":"https:\/\/vertitec.designstudio.host\/fr\/utilisation-dun-nettoyeur-a-pression-pour-laver-la-voiture-2\/","url":"https:\/\/vertitec.designstudio.host\/fr\/utilisation-dun-nettoyeur-a-pression-pour-laver-la-voiture-2\/","name":"STIHL Laver la voiture avec un nettoyeur haute pression","isPartOf":{"@id":"https:\/\/vertitec.designstudio.host\/fr\/#website"},"datePublished":"2025-10-04T11:59:22+00:00","description":"Lorsque vous choisissez un nettoyeur haute pression pour nettoyer votre voiture, la premi\u00e8re chose \u00e0 prendre en compte est de savoir si vous pouvez facilement utiliser et d\u00e9placer la machine, car vous ...","breadcrumb":{"@id":"https:\/\/vertitec.designstudio.host\/fr\/utilisation-dun-nettoyeur-a-pression-pour-laver-la-voiture-2\/#breadcrumb"},"inLanguage":"fr-FR","potentialAction":[{"@type":"ReadAction","target":["https:\/\/vertitec.designstudio.host\/fr\/utilisation-dun-nettoyeur-a-pression-pour-laver-la-voiture-2\/"]}]},{"@type":"BreadcrumbList","@id":"https:\/\/vertitec.designstudio.host\/fr\/utilisation-dun-nettoyeur-a-pression-pour-laver-la-voiture-2\/#breadcrumb","itemListElement":[{"@type":"ListItem","position":1,"name":"Accueil","item":"https:\/\/vertitec.designstudio.host\/fr\/"},{"@type":"ListItem","position":2,"name":"Utilisation d&rsquo;un nettoyeur \u00e0 pression pour laver la voiture"}]},{"@type":"WebSite","@id":"https:\/\/vertitec.designstudio.host\/fr\/#website","url":"https:\/\/vertitec.designstudio.host\/fr\/","name":"Vertitec BV","description":"","potentialAction":[{"@type":"SearchAction","target":{"@type":"EntryPoint","urlTemplate":"https:\/\/vertitec.designstudio.host\/fr\/?s={search_term_string}"},"query-input":{"@type":"PropertyValueSpecification","valueRequired":true,"valueName":"search_term_string"}}],"inLanguage":"fr-FR"}]}},"_links":{"self":[{"href":"https:\/\/vertitec.designstudio.host\/fr\/wp-json\/wp\/v2\/pages\/27394","targetHints":{"allow":["GET"]}}],"collection":[{"href":"https:\/\/vertitec.designstudio.host\/fr\/wp-json\/wp\/v2\/pages"}],"about":[{"href":"https:\/\/vertitec.designstudio.host\/fr\/wp-json\/wp\/v2\/types\/page"}],"author":[{"embeddable":true,"href":"https:\/\/vertitec.designstudio.host\/fr\/wp-json\/wp\/v2\/users\/1"}],"replies":[{"embeddable":true,"href":"https:\/\/vertitec.designstudio.host\/fr\/wp-json\/wp\/v2\/comments?post=27394"}],"version-history":[{"count":0,"href":"https:\/\/vertitec.designstudio.host\/fr\/wp-json\/wp\/v2\/pages\/27394\/revisions"}],"wp:attachment":[{"href":"https:\/\/vertitec.designstudio.host\/fr\/wp-json\/wp\/v2\/media?parent=27394"}],"curies":[{"name":"wp","href":"https:\/\/api.w.org\/{rel}","templated":true}]}}