{"id":27391,"date":"2025-10-04T11:59:10","date_gmt":"2025-10-04T11:59:10","guid":{"rendered":"https:\/\/vertitec.designstudio.host\/nettoyage-de-printemps-pour-lexterieur-nettoyer-votre-terrasse-en-bois\/"},"modified":"2025-10-04T11:59:10","modified_gmt":"2025-10-04T11:59:10","slug":"nettoyage-de-printemps-pour-lexterieur-nettoyer-votre-terrasse-en-bois","status":"publish","type":"page","link":"https:\/\/vertitec.designstudio.host\/fr\/nettoyage-de-printemps-pour-lexterieur-nettoyer-votre-terrasse-en-bois\/","title":{"rendered":"Nettoyage de printemps pour l\u2019ext\u00e9rieur : nettoyer votre terrasse en bois"},"content":{"rendered":"","protected":false},"excerpt":{"rendered":"","protected":false},"author":1,"featured_media":0,"parent":0,"menu_order":0,"comment_status":"closed","ping_status":"closed","template":"page.php","meta":{"_acf_changed":false,"footnotes":""},"class_list":["post-27391","page","type-page","status-publish","hentry"],"acf":[],"yoast_head":"<!-- This site is optimized with the Yoast SEO plugin v27.4 - https:\/\/yoast.com\/product\/yoast-seo-wordpress\/ -->\n<title>Nettoyage de printemps ext\u00e9rieur STIHL : nettoyage de vo\u2026<\/title>\n<meta name=\"description\" content=\"En derni\u00e8re \u00e9tape apr\u00e8s le nettoyage, prot\u00e9gez le bois avec de l\u2019huile. Apr\u00e8s le nettoyage, attendez environ 24 heures pour que l\u2019huile appliqu\u00e9e sur le bois humide puisse \u00e9liminer l\u2019humidit\u00e9.\" \/>\n<meta name=\"robots\" content=\"noindex, follow, max-snippet:-1, max-image-preview:large, max-video-preview:-1\" \/>\n<meta property=\"og:locale\" content=\"fr_FR\" \/>\n<meta property=\"og:type\" content=\"article\" \/>\n<meta property=\"og:title\" content=\"Nettoyage de printemps ext\u00e9rieur STIHL : nettoyage de votre patio en bois\" \/>\n<meta property=\"og:description\" content=\"En derni\u00e8re \u00e9tape apr\u00e8s le nettoyage, prot\u00e9gez le bois avec de l\u2019huile. Apr\u00e8s le nettoyage, attendez environ 24 heures pour que l\u2019huile appliqu\u00e9e sur le bois humide puisse \u00e9liminer l\u2019humidit\u00e9.\" \/>\n<meta property=\"og:url\" content=\"https:\/\/vertitec.designstudio.host\/fr\/nettoyage-de-printemps-pour-lexterieur-nettoyer-votre-terrasse-en-bois\/\" \/>\n<meta property=\"og:site_name\" content=\"Vertitec BV\" \/>\n<meta name=\"twitter:card\" content=\"summary_large_image\" \/>\n<meta name=\"twitter:title\" content=\"Nettoyage de printemps ext\u00e9rieur STIHL : nettoyage de votre patio en bois\" \/>\n<meta name=\"twitter:description\" content=\"En derni\u00e8re \u00e9tape apr\u00e8s le nettoyage, prot\u00e9gez le bois avec de l\u2019huile. Apr\u00e8s le nettoyage, attendez environ 24 heures pour que l\u2019huile appliqu\u00e9e sur le bois humide puisse \u00e9liminer l\u2019humidit\u00e9.\" \/>\n<script type=\"application\/ld+json\" class=\"yoast-schema-graph\">{\"@context\":\"https:\\\/\\\/schema.org\",\"@graph\":[{\"@type\":\"WebPage\",\"@id\":\"https:\\\/\\\/vertitec.designstudio.host\\\/fr\\\/nettoyage-de-printemps-pour-lexterieur-nettoyer-votre-terrasse-en-bois\\\/\",\"url\":\"https:\\\/\\\/vertitec.designstudio.host\\\/fr\\\/nettoyage-de-printemps-pour-lexterieur-nettoyer-votre-terrasse-en-bois\\\/\",\"name\":\"Nettoyage de printemps ext\u00e9rieur STIHL : nettoyage de votre patio en bois\",\"isPartOf\":{\"@id\":\"https:\\\/\\\/vertitec.designstudio.host\\\/fr\\\/#website\"},\"datePublished\":\"2025-10-04T11:59:10+00:00\",\"description\":\"En derni\u00e8re \u00e9tape apr\u00e8s le nettoyage, prot\u00e9gez le bois avec de l\u2019huile. Apr\u00e8s le nettoyage, attendez environ 24 heures pour que l\u2019huile appliqu\u00e9e sur le bois humide puisse \u00e9liminer l\u2019humidit\u00e9.\",\"breadcrumb\":{\"@id\":\"https:\\\/\\\/vertitec.designstudio.host\\\/fr\\\/nettoyage-de-printemps-pour-lexterieur-nettoyer-votre-terrasse-en-bois\\\/#breadcrumb\"},\"inLanguage\":\"fr-FR\",\"potentialAction\":[{\"@type\":\"ReadAction\",\"target\":[\"https:\\\/\\\/vertitec.designstudio.host\\\/fr\\\/nettoyage-de-printemps-pour-lexterieur-nettoyer-votre-terrasse-en-bois\\\/\"]}]},{\"@type\":\"BreadcrumbList\",\"@id\":\"https:\\\/\\\/vertitec.designstudio.host\\\/fr\\\/nettoyage-de-printemps-pour-lexterieur-nettoyer-votre-terrasse-en-bois\\\/#breadcrumb\",\"itemListElement\":[{\"@type\":\"ListItem\",\"position\":1,\"name\":\"Accueil\",\"item\":\"https:\\\/\\\/vertitec.designstudio.host\\\/fr\\\/\"},{\"@type\":\"ListItem\",\"position\":2,\"name\":\"Nettoyage de printemps pour l\u2019ext\u00e9rieur : nettoyer votre terrasse en bois\"}]},{\"@type\":\"WebSite\",\"@id\":\"https:\\\/\\\/vertitec.designstudio.host\\\/fr\\\/#website\",\"url\":\"https:\\\/\\\/vertitec.designstudio.host\\\/fr\\\/\",\"name\":\"Vertitec BV\",\"description\":\"\",\"potentialAction\":[{\"@type\":\"SearchAction\",\"target\":{\"@type\":\"EntryPoint\",\"urlTemplate\":\"https:\\\/\\\/vertitec.designstudio.host\\\/fr\\\/?s={search_term_string}\"},\"query-input\":{\"@type\":\"PropertyValueSpecification\",\"valueRequired\":true,\"valueName\":\"search_term_string\"}}],\"inLanguage\":\"fr-FR\"}]}<\/script>\n<!-- \/ Yoast SEO plugin. -->","yoast_head_json":{"title":"Nettoyage de printemps ext\u00e9rieur STIHL : nettoyage de vo\u2026","description":"En derni\u00e8re \u00e9tape apr\u00e8s le nettoyage, prot\u00e9gez le bois avec de l\u2019huile. Apr\u00e8s le nettoyage, attendez environ 24 heures pour que l\u2019huile appliqu\u00e9e sur le bois humide puisse \u00e9liminer l\u2019humidit\u00e9.","robots":{"index":"noindex","follow":"follow","max-snippet":"max-snippet:-1","max-image-preview":"max-image-preview:large","max-video-preview":"max-video-preview:-1"},"og_locale":"fr_FR","og_type":"article","og_title":"Nettoyage de printemps ext\u00e9rieur STIHL : nettoyage de votre patio en bois","og_description":"En derni\u00e8re \u00e9tape apr\u00e8s le nettoyage, prot\u00e9gez le bois avec de l\u2019huile. Apr\u00e8s le nettoyage, attendez environ 24 heures pour que l\u2019huile appliqu\u00e9e sur le bois humide puisse \u00e9liminer l\u2019humidit\u00e9.","og_url":"https:\/\/vertitec.designstudio.host\/fr\/nettoyage-de-printemps-pour-lexterieur-nettoyer-votre-terrasse-en-bois\/","og_site_name":"Vertitec BV","twitter_card":"summary_large_image","twitter_title":"Nettoyage de printemps ext\u00e9rieur STIHL : nettoyage de votre patio en bois","twitter_description":"En derni\u00e8re \u00e9tape apr\u00e8s le nettoyage, prot\u00e9gez le bois avec de l\u2019huile. Apr\u00e8s le nettoyage, attendez environ 24 heures pour que l\u2019huile appliqu\u00e9e sur le bois humide puisse \u00e9liminer l\u2019humidit\u00e9.","schema":{"@context":"https:\/\/schema.org","@graph":[{"@type":"WebPage","@id":"https:\/\/vertitec.designstudio.host\/fr\/nettoyage-de-printemps-pour-lexterieur-nettoyer-votre-terrasse-en-bois\/","url":"https:\/\/vertitec.designstudio.host\/fr\/nettoyage-de-printemps-pour-lexterieur-nettoyer-votre-terrasse-en-bois\/","name":"Nettoyage de printemps ext\u00e9rieur STIHL : nettoyage de votre patio en bois","isPartOf":{"@id":"https:\/\/vertitec.designstudio.host\/fr\/#website"},"datePublished":"2025-10-04T11:59:10+00:00","description":"En derni\u00e8re \u00e9tape apr\u00e8s le nettoyage, prot\u00e9gez le bois avec de l\u2019huile. Apr\u00e8s le nettoyage, attendez environ 24 heures pour que l\u2019huile appliqu\u00e9e sur le bois humide puisse \u00e9liminer l\u2019humidit\u00e9.","breadcrumb":{"@id":"https:\/\/vertitec.designstudio.host\/fr\/nettoyage-de-printemps-pour-lexterieur-nettoyer-votre-terrasse-en-bois\/#breadcrumb"},"inLanguage":"fr-FR","potentialAction":[{"@type":"ReadAction","target":["https:\/\/vertitec.designstudio.host\/fr\/nettoyage-de-printemps-pour-lexterieur-nettoyer-votre-terrasse-en-bois\/"]}]},{"@type":"BreadcrumbList","@id":"https:\/\/vertitec.designstudio.host\/fr\/nettoyage-de-printemps-pour-lexterieur-nettoyer-votre-terrasse-en-bois\/#breadcrumb","itemListElement":[{"@type":"ListItem","position":1,"name":"Accueil","item":"https:\/\/vertitec.designstudio.host\/fr\/"},{"@type":"ListItem","position":2,"name":"Nettoyage de printemps pour l\u2019ext\u00e9rieur : nettoyer votre terrasse en bois"}]},{"@type":"WebSite","@id":"https:\/\/vertitec.designstudio.host\/fr\/#website","url":"https:\/\/vertitec.designstudio.host\/fr\/","name":"Vertitec BV","description":"","potentialAction":[{"@type":"SearchAction","target":{"@type":"EntryPoint","urlTemplate":"https:\/\/vertitec.designstudio.host\/fr\/?s={search_term_string}"},"query-input":{"@type":"PropertyValueSpecification","valueRequired":true,"valueName":"search_term_string"}}],"inLanguage":"fr-FR"}]}},"_links":{"self":[{"href":"https:\/\/vertitec.designstudio.host\/fr\/wp-json\/wp\/v2\/pages\/27391","targetHints":{"allow":["GET"]}}],"collection":[{"href":"https:\/\/vertitec.designstudio.host\/fr\/wp-json\/wp\/v2\/pages"}],"about":[{"href":"https:\/\/vertitec.designstudio.host\/fr\/wp-json\/wp\/v2\/types\/page"}],"author":[{"embeddable":true,"href":"https:\/\/vertitec.designstudio.host\/fr\/wp-json\/wp\/v2\/users\/1"}],"replies":[{"embeddable":true,"href":"https:\/\/vertitec.designstudio.host\/fr\/wp-json\/wp\/v2\/comments?post=27391"}],"version-history":[{"count":0,"href":"https:\/\/vertitec.designstudio.host\/fr\/wp-json\/wp\/v2\/pages\/27391\/revisions"}],"wp:attachment":[{"href":"https:\/\/vertitec.designstudio.host\/fr\/wp-json\/wp\/v2\/media?parent=27391"}],"curies":[{"name":"wp","href":"https:\/\/api.w.org\/{rel}","templated":true}]}}