{"id":27386,"date":"2025-10-04T11:59:55","date_gmt":"2025-10-04T11:59:55","guid":{"rendered":"https:\/\/vertitec.designstudio.host\/fiches-de-donnees-de-securite\/"},"modified":"2025-10-04T11:59:55","modified_gmt":"2025-10-04T11:59:55","slug":"fiches-de-donnees-de-securite","status":"publish","type":"page","link":"https:\/\/vertitec.designstudio.host\/fr\/fiches-de-donnees-de-securite\/","title":{"rendered":"Fiches de donn\u00e9es de s\u00e9curit\u00e9"},"content":{"rendered":"","protected":false},"excerpt":{"rendered":"","protected":false},"author":1,"featured_media":0,"parent":0,"menu_order":0,"comment_status":"closed","ping_status":"closed","template":"page.php","meta":{"_acf_changed":false,"footnotes":""},"class_list":["post-27386","page","type-page","status-publish","hentry"],"acf":[],"yoast_head":"<!-- This site is optimized with the Yoast SEO plugin v27.4 - https:\/\/yoast.com\/product\/yoast-seo-wordpress\/ -->\n<title>STIHL Fiches de donn\u00e9es de s\u00e9curit\u00e9<\/title>\n<meta name=\"description\" content=\"Vous trouverez ici les fiches de donn\u00e9es de s\u00e9curit\u00e9 de nos carburants lubrifiants et accessoires respectueux de l&#039;environnement.\" \/>\n<meta name=\"robots\" content=\"noindex, follow, max-snippet:-1, max-image-preview:large, max-video-preview:-1\" \/>\n<meta property=\"og:locale\" content=\"fr_FR\" \/>\n<meta property=\"og:type\" content=\"article\" \/>\n<meta property=\"og:title\" content=\"STIHL Fiches de donn\u00e9es de s\u00e9curit\u00e9\" \/>\n<meta property=\"og:description\" content=\"Vous trouverez ici les fiches de donn\u00e9es de s\u00e9curit\u00e9 de nos carburants lubrifiants et accessoires respectueux de l&#039;environnement.\" \/>\n<meta property=\"og:url\" content=\"https:\/\/vertitec.designstudio.host\/fr\/fiches-de-donnees-de-securite\/\" \/>\n<meta property=\"og:site_name\" content=\"Vertitec BV\" \/>\n<meta name=\"twitter:card\" content=\"summary_large_image\" \/>\n<meta name=\"twitter:title\" content=\"STIHL Fiches de donn\u00e9es de s\u00e9curit\u00e9\" \/>\n<meta name=\"twitter:description\" content=\"Vous trouverez ici les fiches de donn\u00e9es de s\u00e9curit\u00e9 de nos carburants lubrifiants et accessoires respectueux de l&#039;environnement.\" \/>\n<script type=\"application\/ld+json\" class=\"yoast-schema-graph\">{\"@context\":\"https:\\\/\\\/schema.org\",\"@graph\":[{\"@type\":\"WebPage\",\"@id\":\"https:\\\/\\\/vertitec.designstudio.host\\\/fr\\\/fiches-de-donnees-de-securite\\\/\",\"url\":\"https:\\\/\\\/vertitec.designstudio.host\\\/fr\\\/fiches-de-donnees-de-securite\\\/\",\"name\":\"STIHL Fiches de donn\u00e9es de s\u00e9curit\u00e9\",\"isPartOf\":{\"@id\":\"https:\\\/\\\/vertitec.designstudio.host\\\/fr\\\/#website\"},\"datePublished\":\"2025-10-04T11:59:55+00:00\",\"description\":\"Vous trouverez ici les fiches de donn\u00e9es de s\u00e9curit\u00e9 de nos carburants lubrifiants et accessoires respectueux de l'environnement.\",\"breadcrumb\":{\"@id\":\"https:\\\/\\\/vertitec.designstudio.host\\\/fr\\\/fiches-de-donnees-de-securite\\\/#breadcrumb\"},\"inLanguage\":\"fr-FR\",\"potentialAction\":[{\"@type\":\"ReadAction\",\"target\":[\"https:\\\/\\\/vertitec.designstudio.host\\\/fr\\\/fiches-de-donnees-de-securite\\\/\"]}]},{\"@type\":\"BreadcrumbList\",\"@id\":\"https:\\\/\\\/vertitec.designstudio.host\\\/fr\\\/fiches-de-donnees-de-securite\\\/#breadcrumb\",\"itemListElement\":[{\"@type\":\"ListItem\",\"position\":1,\"name\":\"Accueil\",\"item\":\"https:\\\/\\\/vertitec.designstudio.host\\\/fr\\\/\"},{\"@type\":\"ListItem\",\"position\":2,\"name\":\"Fiches de donn\u00e9es de s\u00e9curit\u00e9\"}]},{\"@type\":\"WebSite\",\"@id\":\"https:\\\/\\\/vertitec.designstudio.host\\\/fr\\\/#website\",\"url\":\"https:\\\/\\\/vertitec.designstudio.host\\\/fr\\\/\",\"name\":\"Vertitec BV\",\"description\":\"\",\"potentialAction\":[{\"@type\":\"SearchAction\",\"target\":{\"@type\":\"EntryPoint\",\"urlTemplate\":\"https:\\\/\\\/vertitec.designstudio.host\\\/fr\\\/?s={search_term_string}\"},\"query-input\":{\"@type\":\"PropertyValueSpecification\",\"valueRequired\":true,\"valueName\":\"search_term_string\"}}],\"inLanguage\":\"fr-FR\"}]}<\/script>\n<!-- \/ Yoast SEO plugin. -->","yoast_head_json":{"title":"STIHL Fiches de donn\u00e9es de s\u00e9curit\u00e9","description":"Vous trouverez ici les fiches de donn\u00e9es de s\u00e9curit\u00e9 de nos carburants lubrifiants et accessoires respectueux de l'environnement.","robots":{"index":"noindex","follow":"follow","max-snippet":"max-snippet:-1","max-image-preview":"max-image-preview:large","max-video-preview":"max-video-preview:-1"},"og_locale":"fr_FR","og_type":"article","og_title":"STIHL Fiches de donn\u00e9es de s\u00e9curit\u00e9","og_description":"Vous trouverez ici les fiches de donn\u00e9es de s\u00e9curit\u00e9 de nos carburants lubrifiants et accessoires respectueux de l'environnement.","og_url":"https:\/\/vertitec.designstudio.host\/fr\/fiches-de-donnees-de-securite\/","og_site_name":"Vertitec BV","twitter_card":"summary_large_image","twitter_title":"STIHL Fiches de donn\u00e9es de s\u00e9curit\u00e9","twitter_description":"Vous trouverez ici les fiches de donn\u00e9es de s\u00e9curit\u00e9 de nos carburants lubrifiants et accessoires respectueux de l'environnement.","schema":{"@context":"https:\/\/schema.org","@graph":[{"@type":"WebPage","@id":"https:\/\/vertitec.designstudio.host\/fr\/fiches-de-donnees-de-securite\/","url":"https:\/\/vertitec.designstudio.host\/fr\/fiches-de-donnees-de-securite\/","name":"STIHL Fiches de donn\u00e9es de s\u00e9curit\u00e9","isPartOf":{"@id":"https:\/\/vertitec.designstudio.host\/fr\/#website"},"datePublished":"2025-10-04T11:59:55+00:00","description":"Vous trouverez ici les fiches de donn\u00e9es de s\u00e9curit\u00e9 de nos carburants lubrifiants et accessoires respectueux de l'environnement.","breadcrumb":{"@id":"https:\/\/vertitec.designstudio.host\/fr\/fiches-de-donnees-de-securite\/#breadcrumb"},"inLanguage":"fr-FR","potentialAction":[{"@type":"ReadAction","target":["https:\/\/vertitec.designstudio.host\/fr\/fiches-de-donnees-de-securite\/"]}]},{"@type":"BreadcrumbList","@id":"https:\/\/vertitec.designstudio.host\/fr\/fiches-de-donnees-de-securite\/#breadcrumb","itemListElement":[{"@type":"ListItem","position":1,"name":"Accueil","item":"https:\/\/vertitec.designstudio.host\/fr\/"},{"@type":"ListItem","position":2,"name":"Fiches de donn\u00e9es de s\u00e9curit\u00e9"}]},{"@type":"WebSite","@id":"https:\/\/vertitec.designstudio.host\/fr\/#website","url":"https:\/\/vertitec.designstudio.host\/fr\/","name":"Vertitec BV","description":"","potentialAction":[{"@type":"SearchAction","target":{"@type":"EntryPoint","urlTemplate":"https:\/\/vertitec.designstudio.host\/fr\/?s={search_term_string}"},"query-input":{"@type":"PropertyValueSpecification","valueRequired":true,"valueName":"search_term_string"}}],"inLanguage":"fr-FR"}]}},"_links":{"self":[{"href":"https:\/\/vertitec.designstudio.host\/fr\/wp-json\/wp\/v2\/pages\/27386","targetHints":{"allow":["GET"]}}],"collection":[{"href":"https:\/\/vertitec.designstudio.host\/fr\/wp-json\/wp\/v2\/pages"}],"about":[{"href":"https:\/\/vertitec.designstudio.host\/fr\/wp-json\/wp\/v2\/types\/page"}],"author":[{"embeddable":true,"href":"https:\/\/vertitec.designstudio.host\/fr\/wp-json\/wp\/v2\/users\/1"}],"replies":[{"embeddable":true,"href":"https:\/\/vertitec.designstudio.host\/fr\/wp-json\/wp\/v2\/comments?post=27386"}],"version-history":[{"count":0,"href":"https:\/\/vertitec.designstudio.host\/fr\/wp-json\/wp\/v2\/pages\/27386\/revisions"}],"wp:attachment":[{"href":"https:\/\/vertitec.designstudio.host\/fr\/wp-json\/wp\/v2\/media?parent=27386"}],"curies":[{"name":"wp","href":"https:\/\/api.w.org\/{rel}","templated":true}]}}