{"id":272,"date":"2025-10-04T06:38:35","date_gmt":"2025-10-04T06:38:35","guid":{"rendered":"https:\/\/vertitec.designstudio.host\/scier-et-couper\/stihl-connected-solutions-connectees\/"},"modified":"2026-04-12T03:28:25","modified_gmt":"2026-04-12T03:28:25","slug":"stihl-connected-solutions-connectees","status":"publish","type":"page","link":"https:\/\/vertitec.designstudio.host\/fr\/approvisionnement-fr\/stihl-connected-solutions-connectees\/","title":{"rendered":"STIHL connected \/ solutions connect\u00e9es"},"content":{"rendered":"","protected":false},"excerpt":{"rendered":"","protected":false},"author":1,"featured_media":0,"parent":19483,"menu_order":0,"comment_status":"closed","ping_status":"closed","template":"page.php","meta":{"_acf_changed":false,"footnotes":""},"class_list":["post-272","page","type-page","status-publish","hentry"],"acf":[],"yoast_head":"<!-- This site is optimized with the Yoast SEO plugin v27.4 - https:\/\/yoast.com\/product\/yoast-seo-wordpress\/ -->\n<title>Appareils et outils STIHL connected \/ solutions connect\u00e9es<\/title>\n<meta name=\"description\" content=\"Nous vous proposons un moyen facile pour g\u00e9rer, contr\u00f4ler et entretenir votre \u00e9quipement STIHL. Nos solutions connect\u00e9es vous aident \u00e0 planifier ...\" \/>\n<meta name=\"robots\" content=\"noindex, follow, max-snippet:-1, max-image-preview:large, max-video-preview:-1\" \/>\n<meta property=\"og:locale\" content=\"fr_FR\" \/>\n<meta property=\"og:type\" content=\"article\" \/>\n<meta property=\"og:title\" content=\"Appareils et outils STIHL connected \/ solutions connect\u00e9es\" \/>\n<meta property=\"og:description\" content=\"Nous vous proposons un moyen facile pour g\u00e9rer, contr\u00f4ler et entretenir votre \u00e9quipement STIHL. Nos solutions connect\u00e9es vous aident \u00e0 planifier ...\" \/>\n<meta property=\"og:url\" content=\"https:\/\/vertitec.designstudio.host\/fr\/approvisionnement-fr\/stihl-connected-solutions-connectees\/\" \/>\n<meta property=\"og:site_name\" content=\"Vertitec BV\" \/>\n<meta property=\"article:modified_time\" content=\"2026-04-12T03:28:25+00:00\" \/>\n<meta name=\"twitter:card\" content=\"summary_large_image\" \/>\n<script type=\"application\/ld+json\" class=\"yoast-schema-graph\">{\"@context\":\"https:\\\/\\\/schema.org\",\"@graph\":[{\"@type\":\"WebPage\",\"@id\":\"https:\\\/\\\/vertitec.designstudio.host\\\/fr\\\/approvisionnement-fr\\\/stihl-connected-solutions-connectees\\\/\",\"url\":\"https:\\\/\\\/vertitec.designstudio.host\\\/fr\\\/approvisionnement-fr\\\/stihl-connected-solutions-connectees\\\/\",\"name\":\"Appareils et outils STIHL connected \\\/ solutions connect\u00e9es\",\"isPartOf\":{\"@id\":\"https:\\\/\\\/vertitec.designstudio.host\\\/fr\\\/#website\"},\"datePublished\":\"2025-10-04T06:38:35+00:00\",\"dateModified\":\"2026-04-12T03:28:25+00:00\",\"description\":\"Nous vous proposons un moyen facile pour g\u00e9rer, contr\u00f4ler et entretenir votre \u00e9quipement STIHL. Nos solutions connect\u00e9es vous aident \u00e0 planifier ...\",\"breadcrumb\":{\"@id\":\"https:\\\/\\\/vertitec.designstudio.host\\\/fr\\\/approvisionnement-fr\\\/stihl-connected-solutions-connectees\\\/#breadcrumb\"},\"inLanguage\":\"fr-FR\",\"potentialAction\":[{\"@type\":\"ReadAction\",\"target\":[\"https:\\\/\\\/vertitec.designstudio.host\\\/fr\\\/approvisionnement-fr\\\/stihl-connected-solutions-connectees\\\/\"]}]},{\"@type\":\"BreadcrumbList\",\"@id\":\"https:\\\/\\\/vertitec.designstudio.host\\\/fr\\\/approvisionnement-fr\\\/stihl-connected-solutions-connectees\\\/#breadcrumb\",\"itemListElement\":[{\"@type\":\"ListItem\",\"position\":1,\"name\":\"Accueil\",\"item\":\"https:\\\/\\\/vertitec.designstudio.host\\\/fr\\\/\"},{\"@type\":\"ListItem\",\"position\":2,\"name\":\"Alimentation en \u00e9lectricit\u00e9 et en eau\",\"item\":\"https:\\\/\\\/vertitec.designstudio.host\\\/fr\\\/approvisionnement-fr\\\/\"},{\"@type\":\"ListItem\",\"position\":3,\"name\":\"STIHL connected \\\/ solutions connect\u00e9es\"}]},{\"@type\":\"WebSite\",\"@id\":\"https:\\\/\\\/vertitec.designstudio.host\\\/fr\\\/#website\",\"url\":\"https:\\\/\\\/vertitec.designstudio.host\\\/fr\\\/\",\"name\":\"Vertitec BV\",\"description\":\"\",\"potentialAction\":[{\"@type\":\"SearchAction\",\"target\":{\"@type\":\"EntryPoint\",\"urlTemplate\":\"https:\\\/\\\/vertitec.designstudio.host\\\/fr\\\/?s={search_term_string}\"},\"query-input\":{\"@type\":\"PropertyValueSpecification\",\"valueRequired\":true,\"valueName\":\"search_term_string\"}}],\"inLanguage\":\"fr-FR\"}]}<\/script>\n<!-- \/ Yoast SEO plugin. -->","yoast_head_json":{"title":"Appareils et outils STIHL connected \/ solutions connect\u00e9es","description":"Nous vous proposons un moyen facile pour g\u00e9rer, contr\u00f4ler et entretenir votre \u00e9quipement STIHL. Nos solutions connect\u00e9es vous aident \u00e0 planifier ...","robots":{"index":"noindex","follow":"follow","max-snippet":"max-snippet:-1","max-image-preview":"max-image-preview:large","max-video-preview":"max-video-preview:-1"},"og_locale":"fr_FR","og_type":"article","og_title":"Appareils et outils STIHL connected \/ solutions connect\u00e9es","og_description":"Nous vous proposons un moyen facile pour g\u00e9rer, contr\u00f4ler et entretenir votre \u00e9quipement STIHL. Nos solutions connect\u00e9es vous aident \u00e0 planifier ...","og_url":"https:\/\/vertitec.designstudio.host\/fr\/approvisionnement-fr\/stihl-connected-solutions-connectees\/","og_site_name":"Vertitec BV","article_modified_time":"2026-04-12T03:28:25+00:00","twitter_card":"summary_large_image","schema":{"@context":"https:\/\/schema.org","@graph":[{"@type":"WebPage","@id":"https:\/\/vertitec.designstudio.host\/fr\/approvisionnement-fr\/stihl-connected-solutions-connectees\/","url":"https:\/\/vertitec.designstudio.host\/fr\/approvisionnement-fr\/stihl-connected-solutions-connectees\/","name":"Appareils et outils STIHL connected \/ solutions connect\u00e9es","isPartOf":{"@id":"https:\/\/vertitec.designstudio.host\/fr\/#website"},"datePublished":"2025-10-04T06:38:35+00:00","dateModified":"2026-04-12T03:28:25+00:00","description":"Nous vous proposons un moyen facile pour g\u00e9rer, contr\u00f4ler et entretenir votre \u00e9quipement STIHL. Nos solutions connect\u00e9es vous aident \u00e0 planifier ...","breadcrumb":{"@id":"https:\/\/vertitec.designstudio.host\/fr\/approvisionnement-fr\/stihl-connected-solutions-connectees\/#breadcrumb"},"inLanguage":"fr-FR","potentialAction":[{"@type":"ReadAction","target":["https:\/\/vertitec.designstudio.host\/fr\/approvisionnement-fr\/stihl-connected-solutions-connectees\/"]}]},{"@type":"BreadcrumbList","@id":"https:\/\/vertitec.designstudio.host\/fr\/approvisionnement-fr\/stihl-connected-solutions-connectees\/#breadcrumb","itemListElement":[{"@type":"ListItem","position":1,"name":"Accueil","item":"https:\/\/vertitec.designstudio.host\/fr\/"},{"@type":"ListItem","position":2,"name":"Alimentation en \u00e9lectricit\u00e9 et en eau","item":"https:\/\/vertitec.designstudio.host\/fr\/approvisionnement-fr\/"},{"@type":"ListItem","position":3,"name":"STIHL connected \/ solutions connect\u00e9es"}]},{"@type":"WebSite","@id":"https:\/\/vertitec.designstudio.host\/fr\/#website","url":"https:\/\/vertitec.designstudio.host\/fr\/","name":"Vertitec BV","description":"","potentialAction":[{"@type":"SearchAction","target":{"@type":"EntryPoint","urlTemplate":"https:\/\/vertitec.designstudio.host\/fr\/?s={search_term_string}"},"query-input":{"@type":"PropertyValueSpecification","valueRequired":true,"valueName":"search_term_string"}}],"inLanguage":"fr-FR"}]}},"_links":{"self":[{"href":"https:\/\/vertitec.designstudio.host\/fr\/wp-json\/wp\/v2\/pages\/272","targetHints":{"allow":["GET"]}}],"collection":[{"href":"https:\/\/vertitec.designstudio.host\/fr\/wp-json\/wp\/v2\/pages"}],"about":[{"href":"https:\/\/vertitec.designstudio.host\/fr\/wp-json\/wp\/v2\/types\/page"}],"author":[{"embeddable":true,"href":"https:\/\/vertitec.designstudio.host\/fr\/wp-json\/wp\/v2\/users\/1"}],"replies":[{"embeddable":true,"href":"https:\/\/vertitec.designstudio.host\/fr\/wp-json\/wp\/v2\/comments?post=272"}],"version-history":[{"count":1,"href":"https:\/\/vertitec.designstudio.host\/fr\/wp-json\/wp\/v2\/pages\/272\/revisions"}],"predecessor-version":[{"id":19496,"href":"https:\/\/vertitec.designstudio.host\/fr\/wp-json\/wp\/v2\/pages\/272\/revisions\/19496"}],"up":[{"embeddable":true,"href":"https:\/\/vertitec.designstudio.host\/fr\/wp-json\/wp\/v2\/pages\/19483"}],"wp:attachment":[{"href":"https:\/\/vertitec.designstudio.host\/fr\/wp-json\/wp\/v2\/media?parent=272"}],"curies":[{"name":"wp","href":"https:\/\/api.w.org\/{rel}","templated":true}]}}