{"id":268,"date":"2025-10-04T06:38:33","date_gmt":"2025-10-04T06:38:33","guid":{"rendered":"https:\/\/vertitec.designstudio.host\/scier-et-couper\/decoupeuses-a-disque\/"},"modified":"2026-04-12T03:28:22","modified_gmt":"2026-04-12T03:28:22","slug":"decoupeuses-a-disque","status":"publish","type":"page","link":"https:\/\/vertitec.designstudio.host\/fr\/scier-et-couper-fr\/decoupeuses-a-disque\/","title":{"rendered":"D\u00e9coupeuses \u00e0 disque"},"content":{"rendered":"","protected":false},"excerpt":{"rendered":"","protected":false},"author":1,"featured_media":0,"parent":17395,"menu_order":0,"comment_status":"closed","ping_status":"closed","template":"page.php","meta":{"_acf_changed":false,"footnotes":""},"class_list":["post-268","page","type-page","status-publish","hentry"],"acf":[],"yoast_head":"<!-- This site is optimized with the Yoast SEO plugin v27.4 - https:\/\/yoast.com\/product\/yoast-seo-wordpress\/ -->\n<title>STIHL Appareils et outils D\u00e9coupeuses \u00e0 disque<\/title>\n<meta name=\"description\" content=\"Qu il s agisse de b\u00e9ton, de pierre, d asphalte ou d acier de construction, gr\u00e2ce \u00e0 nos d\u00e9coupeuses robustes, vous pouvez d\u00e9couper avec pr\u00e9cision...\" \/>\n<meta name=\"robots\" content=\"noindex, follow, max-snippet:-1, max-image-preview:large, max-video-preview:-1\" \/>\n<meta property=\"og:locale\" content=\"fr_FR\" \/>\n<meta property=\"og:type\" content=\"article\" \/>\n<meta property=\"og:title\" content=\"STIHL Appareils et outils D\u00e9coupeuses \u00e0 disque\" \/>\n<meta property=\"og:description\" content=\"Qu il s agisse de b\u00e9ton, de pierre, d asphalte ou d acier de construction, gr\u00e2ce \u00e0 nos d\u00e9coupeuses robustes, vous pouvez d\u00e9couper avec pr\u00e9cision...\" \/>\n<meta property=\"og:url\" content=\"https:\/\/vertitec.designstudio.host\/fr\/scier-et-couper-fr\/decoupeuses-a-disque\/\" \/>\n<meta property=\"og:site_name\" content=\"Vertitec BV\" \/>\n<meta property=\"article:modified_time\" content=\"2026-04-12T03:28:22+00:00\" \/>\n<meta name=\"twitter:card\" content=\"summary_large_image\" \/>\n<script type=\"application\/ld+json\" class=\"yoast-schema-graph\">{\"@context\":\"https:\\\/\\\/schema.org\",\"@graph\":[{\"@type\":\"WebPage\",\"@id\":\"https:\\\/\\\/vertitec.designstudio.host\\\/fr\\\/scier-et-couper-fr\\\/decoupeuses-a-disque\\\/\",\"url\":\"https:\\\/\\\/vertitec.designstudio.host\\\/fr\\\/scier-et-couper-fr\\\/decoupeuses-a-disque\\\/\",\"name\":\"STIHL Appareils et outils D\u00e9coupeuses \u00e0 disque\",\"isPartOf\":{\"@id\":\"https:\\\/\\\/vertitec.designstudio.host\\\/fr\\\/#website\"},\"datePublished\":\"2025-10-04T06:38:33+00:00\",\"dateModified\":\"2026-04-12T03:28:22+00:00\",\"description\":\"Qu il s agisse de b\u00e9ton, de pierre, d asphalte ou d acier de construction, gr\u00e2ce \u00e0 nos d\u00e9coupeuses robustes, vous pouvez d\u00e9couper avec pr\u00e9cision...\",\"breadcrumb\":{\"@id\":\"https:\\\/\\\/vertitec.designstudio.host\\\/fr\\\/scier-et-couper-fr\\\/decoupeuses-a-disque\\\/#breadcrumb\"},\"inLanguage\":\"fr-FR\",\"potentialAction\":[{\"@type\":\"ReadAction\",\"target\":[\"https:\\\/\\\/vertitec.designstudio.host\\\/fr\\\/scier-et-couper-fr\\\/decoupeuses-a-disque\\\/\"]}]},{\"@type\":\"BreadcrumbList\",\"@id\":\"https:\\\/\\\/vertitec.designstudio.host\\\/fr\\\/scier-et-couper-fr\\\/decoupeuses-a-disque\\\/#breadcrumb\",\"itemListElement\":[{\"@type\":\"ListItem\",\"position\":1,\"name\":\"Accueil\",\"item\":\"https:\\\/\\\/vertitec.designstudio.host\\\/fr\\\/\"},{\"@type\":\"ListItem\",\"position\":2,\"name\":\"Sciage et taille\",\"item\":\"https:\\\/\\\/vertitec.designstudio.host\\\/fr\\\/zagen-en-snoeien\\\/\"},{\"@type\":\"ListItem\",\"position\":3,\"name\":\"D\u00e9coupeuses \u00e0 disque\"}]},{\"@type\":\"WebSite\",\"@id\":\"https:\\\/\\\/vertitec.designstudio.host\\\/fr\\\/#website\",\"url\":\"https:\\\/\\\/vertitec.designstudio.host\\\/fr\\\/\",\"name\":\"Vertitec BV\",\"description\":\"\",\"potentialAction\":[{\"@type\":\"SearchAction\",\"target\":{\"@type\":\"EntryPoint\",\"urlTemplate\":\"https:\\\/\\\/vertitec.designstudio.host\\\/fr\\\/?s={search_term_string}\"},\"query-input\":{\"@type\":\"PropertyValueSpecification\",\"valueRequired\":true,\"valueName\":\"search_term_string\"}}],\"inLanguage\":\"fr-FR\"}]}<\/script>\n<!-- \/ Yoast SEO plugin. -->","yoast_head_json":{"title":"STIHL Appareils et outils D\u00e9coupeuses \u00e0 disque","description":"Qu il s agisse de b\u00e9ton, de pierre, d asphalte ou d acier de construction, gr\u00e2ce \u00e0 nos d\u00e9coupeuses robustes, vous pouvez d\u00e9couper avec pr\u00e9cision...","robots":{"index":"noindex","follow":"follow","max-snippet":"max-snippet:-1","max-image-preview":"max-image-preview:large","max-video-preview":"max-video-preview:-1"},"og_locale":"fr_FR","og_type":"article","og_title":"STIHL Appareils et outils D\u00e9coupeuses \u00e0 disque","og_description":"Qu il s agisse de b\u00e9ton, de pierre, d asphalte ou d acier de construction, gr\u00e2ce \u00e0 nos d\u00e9coupeuses robustes, vous pouvez d\u00e9couper avec pr\u00e9cision...","og_url":"https:\/\/vertitec.designstudio.host\/fr\/scier-et-couper-fr\/decoupeuses-a-disque\/","og_site_name":"Vertitec BV","article_modified_time":"2026-04-12T03:28:22+00:00","twitter_card":"summary_large_image","schema":{"@context":"https:\/\/schema.org","@graph":[{"@type":"WebPage","@id":"https:\/\/vertitec.designstudio.host\/fr\/scier-et-couper-fr\/decoupeuses-a-disque\/","url":"https:\/\/vertitec.designstudio.host\/fr\/scier-et-couper-fr\/decoupeuses-a-disque\/","name":"STIHL Appareils et outils D\u00e9coupeuses \u00e0 disque","isPartOf":{"@id":"https:\/\/vertitec.designstudio.host\/fr\/#website"},"datePublished":"2025-10-04T06:38:33+00:00","dateModified":"2026-04-12T03:28:22+00:00","description":"Qu il s agisse de b\u00e9ton, de pierre, d asphalte ou d acier de construction, gr\u00e2ce \u00e0 nos d\u00e9coupeuses robustes, vous pouvez d\u00e9couper avec pr\u00e9cision...","breadcrumb":{"@id":"https:\/\/vertitec.designstudio.host\/fr\/scier-et-couper-fr\/decoupeuses-a-disque\/#breadcrumb"},"inLanguage":"fr-FR","potentialAction":[{"@type":"ReadAction","target":["https:\/\/vertitec.designstudio.host\/fr\/scier-et-couper-fr\/decoupeuses-a-disque\/"]}]},{"@type":"BreadcrumbList","@id":"https:\/\/vertitec.designstudio.host\/fr\/scier-et-couper-fr\/decoupeuses-a-disque\/#breadcrumb","itemListElement":[{"@type":"ListItem","position":1,"name":"Accueil","item":"https:\/\/vertitec.designstudio.host\/fr\/"},{"@type":"ListItem","position":2,"name":"Sciage et taille","item":"https:\/\/vertitec.designstudio.host\/fr\/zagen-en-snoeien\/"},{"@type":"ListItem","position":3,"name":"D\u00e9coupeuses \u00e0 disque"}]},{"@type":"WebSite","@id":"https:\/\/vertitec.designstudio.host\/fr\/#website","url":"https:\/\/vertitec.designstudio.host\/fr\/","name":"Vertitec BV","description":"","potentialAction":[{"@type":"SearchAction","target":{"@type":"EntryPoint","urlTemplate":"https:\/\/vertitec.designstudio.host\/fr\/?s={search_term_string}"},"query-input":{"@type":"PropertyValueSpecification","valueRequired":true,"valueName":"search_term_string"}}],"inLanguage":"fr-FR"}]}},"_links":{"self":[{"href":"https:\/\/vertitec.designstudio.host\/fr\/wp-json\/wp\/v2\/pages\/268","targetHints":{"allow":["GET"]}}],"collection":[{"href":"https:\/\/vertitec.designstudio.host\/fr\/wp-json\/wp\/v2\/pages"}],"about":[{"href":"https:\/\/vertitec.designstudio.host\/fr\/wp-json\/wp\/v2\/types\/page"}],"author":[{"embeddable":true,"href":"https:\/\/vertitec.designstudio.host\/fr\/wp-json\/wp\/v2\/users\/1"}],"replies":[{"embeddable":true,"href":"https:\/\/vertitec.designstudio.host\/fr\/wp-json\/wp\/v2\/comments?post=268"}],"version-history":[{"count":1,"href":"https:\/\/vertitec.designstudio.host\/fr\/wp-json\/wp\/v2\/pages\/268\/revisions"}],"predecessor-version":[{"id":19492,"href":"https:\/\/vertitec.designstudio.host\/fr\/wp-json\/wp\/v2\/pages\/268\/revisions\/19492"}],"up":[{"embeddable":true,"href":"https:\/\/vertitec.designstudio.host\/fr\/wp-json\/wp\/v2\/pages\/17395"}],"wp:attachment":[{"href":"https:\/\/vertitec.designstudio.host\/fr\/wp-json\/wp\/v2\/media?parent=268"}],"curies":[{"name":"wp","href":"https:\/\/api.w.org\/{rel}","templated":true}]}}