{"id":266,"date":"2025-10-04T06:38:33","date_gmt":"2025-10-04T06:38:33","guid":{"rendered":"https:\/\/vertitec.designstudio.host\/tondre-et-entretenir-la-terre\/atomiseurs-pulverisateurs\/"},"modified":"2026-04-12T03:28:21","modified_gmt":"2026-04-12T03:28:21","slug":"atomiseurs-pulverisateurs","status":"publish","type":"page","link":"https:\/\/vertitec.designstudio.host\/fr\/tondre-et-entretenir-la-terre-fr\/atomiseurs-pulverisateurs\/","title":{"rendered":"Atomiseurs \/ pulv\u00e9risateurs"},"content":{"rendered":"","protected":false},"excerpt":{"rendered":"","protected":false},"author":1,"featured_media":0,"parent":17389,"menu_order":0,"comment_status":"closed","ping_status":"closed","template":"page.php","meta":{"_acf_changed":false,"footnotes":""},"class_list":["post-266","page","type-page","status-publish","hentry"],"acf":[],"yoast_head":"<!-- This site is optimized with the Yoast SEO plugin v27.4 - https:\/\/yoast.com\/product\/yoast-seo-wordpress\/ -->\n<title>STIHL Appareils et outils Atomiseurs \/ pulv\u00e9risateurs<\/title>\n<meta name=\"description\" content=\"Les puissants atomiseurs STIHL vous permettent d appliquer des semences, des granul\u00e9s, des engrais ou des produits phytosanitaires avec facilit\u00e9 et ...\" \/>\n<meta name=\"robots\" content=\"noindex, follow, max-snippet:-1, max-image-preview:large, max-video-preview:-1\" \/>\n<meta property=\"og:locale\" content=\"fr_FR\" \/>\n<meta property=\"og:type\" content=\"article\" \/>\n<meta property=\"og:title\" content=\"STIHL Appareils et outils Atomiseurs \/ pulv\u00e9risateurs\" \/>\n<meta property=\"og:description\" content=\"Les puissants atomiseurs STIHL vous permettent d appliquer des semences, des granul\u00e9s, des engrais ou des produits phytosanitaires avec facilit\u00e9 et ...\" \/>\n<meta property=\"og:url\" content=\"https:\/\/vertitec.designstudio.host\/fr\/tondre-et-entretenir-la-terre-fr\/atomiseurs-pulverisateurs\/\" \/>\n<meta property=\"og:site_name\" content=\"Vertitec BV\" \/>\n<meta property=\"article:modified_time\" content=\"2026-04-12T03:28:21+00:00\" \/>\n<meta name=\"twitter:card\" content=\"summary_large_image\" \/>\n<script type=\"application\/ld+json\" class=\"yoast-schema-graph\">{\"@context\":\"https:\\\/\\\/schema.org\",\"@graph\":[{\"@type\":\"WebPage\",\"@id\":\"https:\\\/\\\/vertitec.designstudio.host\\\/fr\\\/tondre-et-entretenir-la-terre-fr\\\/atomiseurs-pulverisateurs\\\/\",\"url\":\"https:\\\/\\\/vertitec.designstudio.host\\\/fr\\\/tondre-et-entretenir-la-terre-fr\\\/atomiseurs-pulverisateurs\\\/\",\"name\":\"STIHL Appareils et outils Atomiseurs \\\/ pulv\u00e9risateurs\",\"isPartOf\":{\"@id\":\"https:\\\/\\\/vertitec.designstudio.host\\\/fr\\\/#website\"},\"datePublished\":\"2025-10-04T06:38:33+00:00\",\"dateModified\":\"2026-04-12T03:28:21+00:00\",\"description\":\"Les puissants atomiseurs STIHL vous permettent d appliquer des semences, des granul\u00e9s, des engrais ou des produits phytosanitaires avec facilit\u00e9 et ...\",\"breadcrumb\":{\"@id\":\"https:\\\/\\\/vertitec.designstudio.host\\\/fr\\\/tondre-et-entretenir-la-terre-fr\\\/atomiseurs-pulverisateurs\\\/#breadcrumb\"},\"inLanguage\":\"fr-FR\",\"potentialAction\":[{\"@type\":\"ReadAction\",\"target\":[\"https:\\\/\\\/vertitec.designstudio.host\\\/fr\\\/tondre-et-entretenir-la-terre-fr\\\/atomiseurs-pulverisateurs\\\/\"]}]},{\"@type\":\"BreadcrumbList\",\"@id\":\"https:\\\/\\\/vertitec.designstudio.host\\\/fr\\\/tondre-et-entretenir-la-terre-fr\\\/atomiseurs-pulverisateurs\\\/#breadcrumb\",\"itemListElement\":[{\"@type\":\"ListItem\",\"position\":1,\"name\":\"Accueil\",\"item\":\"https:\\\/\\\/vertitec.designstudio.host\\\/fr\\\/\"},{\"@type\":\"ListItem\",\"position\":2,\"name\":\"Tonte et travail du sol\",\"item\":\"https:\\\/\\\/vertitec.designstudio.host\\\/fr\\\/maaien-en-grond-bewerken\\\/\"},{\"@type\":\"ListItem\",\"position\":3,\"name\":\"Atomiseurs \\\/ pulv\u00e9risateurs\"}]},{\"@type\":\"WebSite\",\"@id\":\"https:\\\/\\\/vertitec.designstudio.host\\\/fr\\\/#website\",\"url\":\"https:\\\/\\\/vertitec.designstudio.host\\\/fr\\\/\",\"name\":\"Vertitec BV\",\"description\":\"\",\"potentialAction\":[{\"@type\":\"SearchAction\",\"target\":{\"@type\":\"EntryPoint\",\"urlTemplate\":\"https:\\\/\\\/vertitec.designstudio.host\\\/fr\\\/?s={search_term_string}\"},\"query-input\":{\"@type\":\"PropertyValueSpecification\",\"valueRequired\":true,\"valueName\":\"search_term_string\"}}],\"inLanguage\":\"fr-FR\"}]}<\/script>\n<!-- \/ Yoast SEO plugin. -->","yoast_head_json":{"title":"STIHL Appareils et outils Atomiseurs \/ pulv\u00e9risateurs","description":"Les puissants atomiseurs STIHL vous permettent d appliquer des semences, des granul\u00e9s, des engrais ou des produits phytosanitaires avec facilit\u00e9 et ...","robots":{"index":"noindex","follow":"follow","max-snippet":"max-snippet:-1","max-image-preview":"max-image-preview:large","max-video-preview":"max-video-preview:-1"},"og_locale":"fr_FR","og_type":"article","og_title":"STIHL Appareils et outils Atomiseurs \/ pulv\u00e9risateurs","og_description":"Les puissants atomiseurs STIHL vous permettent d appliquer des semences, des granul\u00e9s, des engrais ou des produits phytosanitaires avec facilit\u00e9 et ...","og_url":"https:\/\/vertitec.designstudio.host\/fr\/tondre-et-entretenir-la-terre-fr\/atomiseurs-pulverisateurs\/","og_site_name":"Vertitec BV","article_modified_time":"2026-04-12T03:28:21+00:00","twitter_card":"summary_large_image","schema":{"@context":"https:\/\/schema.org","@graph":[{"@type":"WebPage","@id":"https:\/\/vertitec.designstudio.host\/fr\/tondre-et-entretenir-la-terre-fr\/atomiseurs-pulverisateurs\/","url":"https:\/\/vertitec.designstudio.host\/fr\/tondre-et-entretenir-la-terre-fr\/atomiseurs-pulverisateurs\/","name":"STIHL Appareils et outils Atomiseurs \/ pulv\u00e9risateurs","isPartOf":{"@id":"https:\/\/vertitec.designstudio.host\/fr\/#website"},"datePublished":"2025-10-04T06:38:33+00:00","dateModified":"2026-04-12T03:28:21+00:00","description":"Les puissants atomiseurs STIHL vous permettent d appliquer des semences, des granul\u00e9s, des engrais ou des produits phytosanitaires avec facilit\u00e9 et ...","breadcrumb":{"@id":"https:\/\/vertitec.designstudio.host\/fr\/tondre-et-entretenir-la-terre-fr\/atomiseurs-pulverisateurs\/#breadcrumb"},"inLanguage":"fr-FR","potentialAction":[{"@type":"ReadAction","target":["https:\/\/vertitec.designstudio.host\/fr\/tondre-et-entretenir-la-terre-fr\/atomiseurs-pulverisateurs\/"]}]},{"@type":"BreadcrumbList","@id":"https:\/\/vertitec.designstudio.host\/fr\/tondre-et-entretenir-la-terre-fr\/atomiseurs-pulverisateurs\/#breadcrumb","itemListElement":[{"@type":"ListItem","position":1,"name":"Accueil","item":"https:\/\/vertitec.designstudio.host\/fr\/"},{"@type":"ListItem","position":2,"name":"Tonte et travail du sol","item":"https:\/\/vertitec.designstudio.host\/fr\/maaien-en-grond-bewerken\/"},{"@type":"ListItem","position":3,"name":"Atomiseurs \/ pulv\u00e9risateurs"}]},{"@type":"WebSite","@id":"https:\/\/vertitec.designstudio.host\/fr\/#website","url":"https:\/\/vertitec.designstudio.host\/fr\/","name":"Vertitec BV","description":"","potentialAction":[{"@type":"SearchAction","target":{"@type":"EntryPoint","urlTemplate":"https:\/\/vertitec.designstudio.host\/fr\/?s={search_term_string}"},"query-input":{"@type":"PropertyValueSpecification","valueRequired":true,"valueName":"search_term_string"}}],"inLanguage":"fr-FR"}]}},"_links":{"self":[{"href":"https:\/\/vertitec.designstudio.host\/fr\/wp-json\/wp\/v2\/pages\/266","targetHints":{"allow":["GET"]}}],"collection":[{"href":"https:\/\/vertitec.designstudio.host\/fr\/wp-json\/wp\/v2\/pages"}],"about":[{"href":"https:\/\/vertitec.designstudio.host\/fr\/wp-json\/wp\/v2\/types\/page"}],"author":[{"embeddable":true,"href":"https:\/\/vertitec.designstudio.host\/fr\/wp-json\/wp\/v2\/users\/1"}],"replies":[{"embeddable":true,"href":"https:\/\/vertitec.designstudio.host\/fr\/wp-json\/wp\/v2\/comments?post=266"}],"version-history":[{"count":1,"href":"https:\/\/vertitec.designstudio.host\/fr\/wp-json\/wp\/v2\/pages\/266\/revisions"}],"predecessor-version":[{"id":19490,"href":"https:\/\/vertitec.designstudio.host\/fr\/wp-json\/wp\/v2\/pages\/266\/revisions\/19490"}],"up":[{"embeddable":true,"href":"https:\/\/vertitec.designstudio.host\/fr\/wp-json\/wp\/v2\/pages\/17389"}],"wp:attachment":[{"href":"https:\/\/vertitec.designstudio.host\/fr\/wp-json\/wp\/v2\/media?parent=266"}],"curies":[{"name":"wp","href":"https:\/\/api.w.org\/{rel}","templated":true}]}}