{"id":25343,"date":"2025-12-29T19:40:10","date_gmt":"2025-12-29T19:40:10","guid":{"rendered":"https:\/\/vertitec.designstudio.host\/nettoyer-fr\/souffleur-de-feuilles-honda-fr\/souffleur-de-feuilles-a-batterie-fr\/"},"modified":"2026-01-31T09:33:00","modified_gmt":"2026-01-31T09:33:00","slug":"souffleur-de-feuilles-a-batterie-fr","status":"publish","type":"page","link":"https:\/\/vertitec.designstudio.host\/fr\/nettoyer-fr\/souffleur-de-feuilles-honda-fr\/souffleur-de-feuilles-a-batterie-fr\/","title":{"rendered":"Souffleur de feuilles \u00e0 batterie"},"content":{"rendered":"","protected":false},"excerpt":{"rendered":"","protected":false},"author":1,"featured_media":0,"parent":25342,"menu_order":0,"comment_status":"closed","ping_status":"closed","template":"page.php","meta":{"_acf_changed":false,"footnotes":""},"class_list":["post-25343","page","type-page","status-publish","hentry"],"acf":[],"yoast_head":"<!-- This site is optimized with the Yoast SEO plugin v27.4 - https:\/\/yoast.com\/product\/yoast-seo-wordpress\/ -->\n<title>Honda Lawn and Garden Souffleur de feuilles \u00e0 batterie<\/title>\n<meta name=\"description\" content=\"Honda Souffleur de feuilles \u00e0 batterie par Vertitec BV \u00e0 Enghien, Belgique.\" \/>\n<meta name=\"robots\" content=\"noindex, follow, max-snippet:-1, max-image-preview:large, max-video-preview:-1\" \/>\n<meta property=\"og:locale\" content=\"fr_FR\" \/>\n<meta property=\"og:type\" content=\"article\" \/>\n<meta property=\"og:title\" content=\"Honda Lawn and Garden Souffleur de feuilles \u00e0 batterie\" \/>\n<meta property=\"og:description\" content=\"Honda Souffleur de feuilles \u00e0 batterie par Vertitec BV \u00e0 Enghien, Belgique.\" \/>\n<meta property=\"og:url\" content=\"https:\/\/vertitec.designstudio.host\/fr\/nettoyer-fr\/souffleur-de-feuilles-honda-fr\/souffleur-de-feuilles-a-batterie-fr\/\" \/>\n<meta property=\"og:site_name\" content=\"Vertitec BV\" \/>\n<meta property=\"article:modified_time\" content=\"2026-01-31T09:33:00+00:00\" \/>\n<meta name=\"twitter:card\" content=\"summary_large_image\" \/>\n<script type=\"application\/ld+json\" class=\"yoast-schema-graph\">{\"@context\":\"https:\\\/\\\/schema.org\",\"@graph\":[{\"@type\":\"WebPage\",\"@id\":\"https:\\\/\\\/vertitec.designstudio.host\\\/fr\\\/nettoyer-fr\\\/souffleur-de-feuilles-honda-fr\\\/souffleur-de-feuilles-a-batterie-fr\\\/\",\"url\":\"https:\\\/\\\/vertitec.designstudio.host\\\/fr\\\/nettoyer-fr\\\/souffleur-de-feuilles-honda-fr\\\/souffleur-de-feuilles-a-batterie-fr\\\/\",\"name\":\"Honda Lawn and Garden Souffleur de feuilles \u00e0 batterie\",\"isPartOf\":{\"@id\":\"https:\\\/\\\/vertitec.designstudio.host\\\/fr\\\/#website\"},\"datePublished\":\"2025-12-29T19:40:10+00:00\",\"dateModified\":\"2026-01-31T09:33:00+00:00\",\"description\":\"Honda Souffleur de feuilles \u00e0 batterie par Vertitec BV \u00e0 Enghien, Belgique.\",\"breadcrumb\":{\"@id\":\"https:\\\/\\\/vertitec.designstudio.host\\\/fr\\\/nettoyer-fr\\\/souffleur-de-feuilles-honda-fr\\\/souffleur-de-feuilles-a-batterie-fr\\\/#breadcrumb\"},\"inLanguage\":\"fr-FR\",\"potentialAction\":[{\"@type\":\"ReadAction\",\"target\":[\"https:\\\/\\\/vertitec.designstudio.host\\\/fr\\\/nettoyer-fr\\\/souffleur-de-feuilles-honda-fr\\\/souffleur-de-feuilles-a-batterie-fr\\\/\"]}]},{\"@type\":\"BreadcrumbList\",\"@id\":\"https:\\\/\\\/vertitec.designstudio.host\\\/fr\\\/nettoyer-fr\\\/souffleur-de-feuilles-honda-fr\\\/souffleur-de-feuilles-a-batterie-fr\\\/#breadcrumb\",\"itemListElement\":[{\"@type\":\"ListItem\",\"position\":1,\"name\":\"Accueil\",\"item\":\"https:\\\/\\\/vertitec.designstudio.host\\\/fr\\\/\"},{\"@type\":\"ListItem\",\"position\":2,\"name\":\"Nettoyage et rangement\",\"item\":\"https:\\\/\\\/vertitec.designstudio.host\\\/fr\\\/reinigen-en-opruimen\\\/\"},{\"@type\":\"ListItem\",\"position\":3,\"name\":\"Souffleur de feuilles Honda\",\"item\":\"https:\\\/\\\/vertitec.designstudio.host\\\/fr\\\/reinigen-en-opruimen\\\/honda-bladblazer\\\/\"},{\"@type\":\"ListItem\",\"position\":4,\"name\":\"Souffleur de feuilles \u00e0 batterie\"}]},{\"@type\":\"WebSite\",\"@id\":\"https:\\\/\\\/vertitec.designstudio.host\\\/fr\\\/#website\",\"url\":\"https:\\\/\\\/vertitec.designstudio.host\\\/fr\\\/\",\"name\":\"Vertitec BV\",\"description\":\"\",\"potentialAction\":[{\"@type\":\"SearchAction\",\"target\":{\"@type\":\"EntryPoint\",\"urlTemplate\":\"https:\\\/\\\/vertitec.designstudio.host\\\/fr\\\/?s={search_term_string}\"},\"query-input\":{\"@type\":\"PropertyValueSpecification\",\"valueRequired\":true,\"valueName\":\"search_term_string\"}}],\"inLanguage\":\"fr-FR\"}]}<\/script>\n<!-- \/ Yoast SEO plugin. -->","yoast_head_json":{"title":"Honda Lawn and Garden Souffleur de feuilles \u00e0 batterie","description":"Honda Souffleur de feuilles \u00e0 batterie par Vertitec BV \u00e0 Enghien, Belgique.","robots":{"index":"noindex","follow":"follow","max-snippet":"max-snippet:-1","max-image-preview":"max-image-preview:large","max-video-preview":"max-video-preview:-1"},"og_locale":"fr_FR","og_type":"article","og_title":"Honda Lawn and Garden Souffleur de feuilles \u00e0 batterie","og_description":"Honda Souffleur de feuilles \u00e0 batterie par Vertitec BV \u00e0 Enghien, Belgique.","og_url":"https:\/\/vertitec.designstudio.host\/fr\/nettoyer-fr\/souffleur-de-feuilles-honda-fr\/souffleur-de-feuilles-a-batterie-fr\/","og_site_name":"Vertitec BV","article_modified_time":"2026-01-31T09:33:00+00:00","twitter_card":"summary_large_image","schema":{"@context":"https:\/\/schema.org","@graph":[{"@type":"WebPage","@id":"https:\/\/vertitec.designstudio.host\/fr\/nettoyer-fr\/souffleur-de-feuilles-honda-fr\/souffleur-de-feuilles-a-batterie-fr\/","url":"https:\/\/vertitec.designstudio.host\/fr\/nettoyer-fr\/souffleur-de-feuilles-honda-fr\/souffleur-de-feuilles-a-batterie-fr\/","name":"Honda Lawn and Garden Souffleur de feuilles \u00e0 batterie","isPartOf":{"@id":"https:\/\/vertitec.designstudio.host\/fr\/#website"},"datePublished":"2025-12-29T19:40:10+00:00","dateModified":"2026-01-31T09:33:00+00:00","description":"Honda Souffleur de feuilles \u00e0 batterie par Vertitec BV \u00e0 Enghien, Belgique.","breadcrumb":{"@id":"https:\/\/vertitec.designstudio.host\/fr\/nettoyer-fr\/souffleur-de-feuilles-honda-fr\/souffleur-de-feuilles-a-batterie-fr\/#breadcrumb"},"inLanguage":"fr-FR","potentialAction":[{"@type":"ReadAction","target":["https:\/\/vertitec.designstudio.host\/fr\/nettoyer-fr\/souffleur-de-feuilles-honda-fr\/souffleur-de-feuilles-a-batterie-fr\/"]}]},{"@type":"BreadcrumbList","@id":"https:\/\/vertitec.designstudio.host\/fr\/nettoyer-fr\/souffleur-de-feuilles-honda-fr\/souffleur-de-feuilles-a-batterie-fr\/#breadcrumb","itemListElement":[{"@type":"ListItem","position":1,"name":"Accueil","item":"https:\/\/vertitec.designstudio.host\/fr\/"},{"@type":"ListItem","position":2,"name":"Nettoyage et rangement","item":"https:\/\/vertitec.designstudio.host\/fr\/reinigen-en-opruimen\/"},{"@type":"ListItem","position":3,"name":"Souffleur de feuilles Honda","item":"https:\/\/vertitec.designstudio.host\/fr\/reinigen-en-opruimen\/honda-bladblazer\/"},{"@type":"ListItem","position":4,"name":"Souffleur de feuilles \u00e0 batterie"}]},{"@type":"WebSite","@id":"https:\/\/vertitec.designstudio.host\/fr\/#website","url":"https:\/\/vertitec.designstudio.host\/fr\/","name":"Vertitec BV","description":"","potentialAction":[{"@type":"SearchAction","target":{"@type":"EntryPoint","urlTemplate":"https:\/\/vertitec.designstudio.host\/fr\/?s={search_term_string}"},"query-input":{"@type":"PropertyValueSpecification","valueRequired":true,"valueName":"search_term_string"}}],"inLanguage":"fr-FR"}]}},"_links":{"self":[{"href":"https:\/\/vertitec.designstudio.host\/fr\/wp-json\/wp\/v2\/pages\/25343","targetHints":{"allow":["GET"]}}],"collection":[{"href":"https:\/\/vertitec.designstudio.host\/fr\/wp-json\/wp\/v2\/pages"}],"about":[{"href":"https:\/\/vertitec.designstudio.host\/fr\/wp-json\/wp\/v2\/types\/page"}],"author":[{"embeddable":true,"href":"https:\/\/vertitec.designstudio.host\/fr\/wp-json\/wp\/v2\/users\/1"}],"replies":[{"embeddable":true,"href":"https:\/\/vertitec.designstudio.host\/fr\/wp-json\/wp\/v2\/comments?post=25343"}],"version-history":[{"count":1,"href":"https:\/\/vertitec.designstudio.host\/fr\/wp-json\/wp\/v2\/pages\/25343\/revisions"}],"predecessor-version":[{"id":26888,"href":"https:\/\/vertitec.designstudio.host\/fr\/wp-json\/wp\/v2\/pages\/25343\/revisions\/26888"}],"up":[{"embeddable":true,"href":"https:\/\/vertitec.designstudio.host\/fr\/wp-json\/wp\/v2\/pages\/25342"}],"wp:attachment":[{"href":"https:\/\/vertitec.designstudio.host\/fr\/wp-json\/wp\/v2\/media?parent=25343"}],"curies":[{"name":"wp","href":"https:\/\/api.w.org\/{rel}","templated":true}]}}