{"id":17153,"date":"2025-10-04T11:56:01","date_gmt":"2025-10-04T11:56:01","guid":{"rendered":"https:\/\/vertitec.designstudio.host\/securite-directives-et-normes\/"},"modified":"2026-02-21T13:20:38","modified_gmt":"2026-02-21T13:20:38","slug":"securite-directives-et-normes","status":"publish","type":"page","link":"https:\/\/vertitec.designstudio.host\/fr\/securite-directives-et-normes\/","title":{"rendered":"S\u00e9curit\u00e9  directives et normes"},"content":{"rendered":"","protected":false},"excerpt":{"rendered":"","protected":false},"author":1,"featured_media":0,"parent":0,"menu_order":0,"comment_status":"closed","ping_status":"closed","template":"page.php","meta":{"_acf_changed":false,"footnotes":""},"class_list":["post-17153","page","type-page","status-publish","hentry"],"acf":[],"yoast_head":"<!-- This site is optimized with the Yoast SEO plugin v27.4 - https:\/\/yoast.com\/product\/yoast-seo-wordpress\/ -->\n<title>STIHL S\u00e9curit\u00e9, directives et normes<\/title>\n<meta name=\"description\" content=\"Vous trouverez ici les fiches de donn\u00e9es de s\u00e9curit\u00e9 de nos lubrifiants et accessoires \u00e9cologiques. Plus d&#039;informations Vous trouverez ici toutes les...\" \/>\n<meta name=\"robots\" content=\"noindex, follow, max-snippet:-1, max-image-preview:large, max-video-preview:-1\" \/>\n<meta property=\"og:locale\" content=\"fr_FR\" \/>\n<meta property=\"og:type\" content=\"article\" \/>\n<meta property=\"og:title\" content=\"STIHL S\u00e9curit\u00e9, directives et normes\" \/>\n<meta property=\"og:description\" content=\"Vous trouverez ici les fiches de donn\u00e9es de s\u00e9curit\u00e9 de nos lubrifiants et accessoires \u00e9cologiques. Plus d&#039;informations Vous trouverez ici toutes les...\" \/>\n<meta property=\"og:url\" content=\"https:\/\/vertitec.designstudio.host\/fr\/securite-directives-et-normes\/\" \/>\n<meta property=\"og:site_name\" content=\"Vertitec BV\" \/>\n<meta property=\"article:modified_time\" content=\"2026-02-21T13:20:38+00:00\" \/>\n<meta name=\"twitter:card\" content=\"summary_large_image\" \/>\n<meta name=\"twitter:title\" content=\"STIHL S\u00e9curit\u00e9, directives et normes\" \/>\n<meta name=\"twitter:description\" content=\"Vous trouverez ici les fiches de donn\u00e9es de s\u00e9curit\u00e9 de nos lubrifiants et accessoires \u00e9cologiques. Plus d&#039;informations Vous trouverez ici toutes les...\" \/>\n<script type=\"application\/ld+json\" class=\"yoast-schema-graph\">{\"@context\":\"https:\\\/\\\/schema.org\",\"@graph\":[{\"@type\":\"WebPage\",\"@id\":\"https:\\\/\\\/vertitec.designstudio.host\\\/fr\\\/securite-directives-et-normes\\\/\",\"url\":\"https:\\\/\\\/vertitec.designstudio.host\\\/fr\\\/securite-directives-et-normes\\\/\",\"name\":\"STIHL S\u00e9curit\u00e9, directives et normes\",\"isPartOf\":{\"@id\":\"https:\\\/\\\/vertitec.designstudio.host\\\/fr\\\/#website\"},\"datePublished\":\"2025-10-04T11:56:01+00:00\",\"dateModified\":\"2026-02-21T13:20:38+00:00\",\"description\":\"Vous trouverez ici les fiches de donn\u00e9es de s\u00e9curit\u00e9 de nos lubrifiants et accessoires \u00e9cologiques. Plus d'informations Vous trouverez ici toutes les...\",\"breadcrumb\":{\"@id\":\"https:\\\/\\\/vertitec.designstudio.host\\\/fr\\\/securite-directives-et-normes\\\/#breadcrumb\"},\"inLanguage\":\"fr-FR\",\"potentialAction\":[{\"@type\":\"ReadAction\",\"target\":[\"https:\\\/\\\/vertitec.designstudio.host\\\/fr\\\/securite-directives-et-normes\\\/\"]}]},{\"@type\":\"BreadcrumbList\",\"@id\":\"https:\\\/\\\/vertitec.designstudio.host\\\/fr\\\/securite-directives-et-normes\\\/#breadcrumb\",\"itemListElement\":[{\"@type\":\"ListItem\",\"position\":1,\"name\":\"Accueil\",\"item\":\"https:\\\/\\\/vertitec.designstudio.host\\\/fr\\\/\"},{\"@type\":\"ListItem\",\"position\":2,\"name\":\"S\u00e9curit\u00e9 directives et normes\"}]},{\"@type\":\"WebSite\",\"@id\":\"https:\\\/\\\/vertitec.designstudio.host\\\/fr\\\/#website\",\"url\":\"https:\\\/\\\/vertitec.designstudio.host\\\/fr\\\/\",\"name\":\"Vertitec BV\",\"description\":\"\",\"potentialAction\":[{\"@type\":\"SearchAction\",\"target\":{\"@type\":\"EntryPoint\",\"urlTemplate\":\"https:\\\/\\\/vertitec.designstudio.host\\\/fr\\\/?s={search_term_string}\"},\"query-input\":{\"@type\":\"PropertyValueSpecification\",\"valueRequired\":true,\"valueName\":\"search_term_string\"}}],\"inLanguage\":\"fr-FR\"}]}<\/script>\n<!-- \/ Yoast SEO plugin. -->","yoast_head_json":{"title":"STIHL S\u00e9curit\u00e9, directives et normes","description":"Vous trouverez ici les fiches de donn\u00e9es de s\u00e9curit\u00e9 de nos lubrifiants et accessoires \u00e9cologiques. Plus d'informations Vous trouverez ici toutes les...","robots":{"index":"noindex","follow":"follow","max-snippet":"max-snippet:-1","max-image-preview":"max-image-preview:large","max-video-preview":"max-video-preview:-1"},"og_locale":"fr_FR","og_type":"article","og_title":"STIHL S\u00e9curit\u00e9, directives et normes","og_description":"Vous trouverez ici les fiches de donn\u00e9es de s\u00e9curit\u00e9 de nos lubrifiants et accessoires \u00e9cologiques. Plus d'informations Vous trouverez ici toutes les...","og_url":"https:\/\/vertitec.designstudio.host\/fr\/securite-directives-et-normes\/","og_site_name":"Vertitec BV","article_modified_time":"2026-02-21T13:20:38+00:00","twitter_card":"summary_large_image","twitter_title":"STIHL S\u00e9curit\u00e9, directives et normes","twitter_description":"Vous trouverez ici les fiches de donn\u00e9es de s\u00e9curit\u00e9 de nos lubrifiants et accessoires \u00e9cologiques. Plus d'informations Vous trouverez ici toutes les...","schema":{"@context":"https:\/\/schema.org","@graph":[{"@type":"WebPage","@id":"https:\/\/vertitec.designstudio.host\/fr\/securite-directives-et-normes\/","url":"https:\/\/vertitec.designstudio.host\/fr\/securite-directives-et-normes\/","name":"STIHL S\u00e9curit\u00e9, directives et normes","isPartOf":{"@id":"https:\/\/vertitec.designstudio.host\/fr\/#website"},"datePublished":"2025-10-04T11:56:01+00:00","dateModified":"2026-02-21T13:20:38+00:00","description":"Vous trouverez ici les fiches de donn\u00e9es de s\u00e9curit\u00e9 de nos lubrifiants et accessoires \u00e9cologiques. Plus d'informations Vous trouverez ici toutes les...","breadcrumb":{"@id":"https:\/\/vertitec.designstudio.host\/fr\/securite-directives-et-normes\/#breadcrumb"},"inLanguage":"fr-FR","potentialAction":[{"@type":"ReadAction","target":["https:\/\/vertitec.designstudio.host\/fr\/securite-directives-et-normes\/"]}]},{"@type":"BreadcrumbList","@id":"https:\/\/vertitec.designstudio.host\/fr\/securite-directives-et-normes\/#breadcrumb","itemListElement":[{"@type":"ListItem","position":1,"name":"Accueil","item":"https:\/\/vertitec.designstudio.host\/fr\/"},{"@type":"ListItem","position":2,"name":"S\u00e9curit\u00e9 directives et normes"}]},{"@type":"WebSite","@id":"https:\/\/vertitec.designstudio.host\/fr\/#website","url":"https:\/\/vertitec.designstudio.host\/fr\/","name":"Vertitec BV","description":"","potentialAction":[{"@type":"SearchAction","target":{"@type":"EntryPoint","urlTemplate":"https:\/\/vertitec.designstudio.host\/fr\/?s={search_term_string}"},"query-input":{"@type":"PropertyValueSpecification","valueRequired":true,"valueName":"search_term_string"}}],"inLanguage":"fr-FR"}]}},"_links":{"self":[{"href":"https:\/\/vertitec.designstudio.host\/fr\/wp-json\/wp\/v2\/pages\/17153","targetHints":{"allow":["GET"]}}],"collection":[{"href":"https:\/\/vertitec.designstudio.host\/fr\/wp-json\/wp\/v2\/pages"}],"about":[{"href":"https:\/\/vertitec.designstudio.host\/fr\/wp-json\/wp\/v2\/types\/page"}],"author":[{"embeddable":true,"href":"https:\/\/vertitec.designstudio.host\/fr\/wp-json\/wp\/v2\/users\/1"}],"replies":[{"embeddable":true,"href":"https:\/\/vertitec.designstudio.host\/fr\/wp-json\/wp\/v2\/comments?post=17153"}],"version-history":[{"count":3,"href":"https:\/\/vertitec.designstudio.host\/fr\/wp-json\/wp\/v2\/pages\/17153\/revisions"}],"predecessor-version":[{"id":29846,"href":"https:\/\/vertitec.designstudio.host\/fr\/wp-json\/wp\/v2\/pages\/17153\/revisions\/29846"}],"wp:attachment":[{"href":"https:\/\/vertitec.designstudio.host\/fr\/wp-json\/wp\/v2\/media?parent=17153"}],"curies":[{"name":"wp","href":"https:\/\/api.w.org\/{rel}","templated":true}]}}