{"id":17039,"date":"2025-10-04T11:54:09","date_gmt":"2025-10-04T11:54:09","guid":{"rendered":"https:\/\/vertitec.designstudio.host\/autour-de-la-maison-nettoyage-exterieur\/"},"modified":"2026-01-19T16:57:41","modified_gmt":"2026-01-19T16:57:41","slug":"autour-de-la-maison-nettoyage-exterieur","status":"publish","type":"page","link":"https:\/\/vertitec.designstudio.host\/fr\/autour-de-la-maison-nettoyage-exterieur\/","title":{"rendered":"Nettoyage de l&rsquo;ext\u00e9rieur de la maison"},"content":{"rendered":"","protected":false},"excerpt":{"rendered":"","protected":false},"author":1,"featured_media":0,"parent":0,"menu_order":0,"comment_status":"closed","ping_status":"closed","template":"page.php","meta":{"_acf_changed":false,"footnotes":""},"class_list":["post-17039","page","type-page","status-publish","hentry"],"acf":[],"yoast_head":"<!-- This site is optimized with the Yoast SEO plugin v27.4 - https:\/\/yoast.com\/product\/yoast-seo-wordpress\/ -->\n<title>STIHL Nettoyage ext\u00e9rieur<\/title>\n<meta name=\"description\" content=\"La salet\u00e9, les feuilles et l&#039;humidit\u00e9 laissent des traces sur les surfaces de la maison et les mettent \u00e0 rude \u00e9preuve. Dans la vid\u00e9o ci-dessus, vous verrez comment maintenir l&#039;environnement ext\u00e9rieur en parfait ...\" \/>\n<meta name=\"robots\" content=\"noindex, follow, max-snippet:-1, max-image-preview:large, max-video-preview:-1\" \/>\n<meta property=\"og:locale\" content=\"fr_FR\" \/>\n<meta property=\"og:type\" content=\"article\" \/>\n<meta property=\"og:title\" content=\"STIHL Nettoyage ext\u00e9rieur\" \/>\n<meta property=\"og:description\" content=\"La salet\u00e9, les feuilles et l&#039;humidit\u00e9 laissent des traces sur les surfaces de la maison et les mettent \u00e0 rude \u00e9preuve. Dans la vid\u00e9o ci-dessus, vous verrez comment maintenir l&#039;environnement ext\u00e9rieur en parfait ...\" \/>\n<meta property=\"og:url\" content=\"https:\/\/vertitec.designstudio.host\/fr\/autour-de-la-maison-nettoyage-exterieur\/\" \/>\n<meta property=\"og:site_name\" content=\"Vertitec BV\" \/>\n<meta property=\"article:modified_time\" content=\"2026-01-19T16:57:41+00:00\" \/>\n<meta name=\"twitter:card\" content=\"summary_large_image\" \/>\n<meta name=\"twitter:title\" content=\"STIHL Nettoyage ext\u00e9rieur\" \/>\n<meta name=\"twitter:description\" content=\"La salet\u00e9, les feuilles et l&#039;humidit\u00e9 laissent des traces sur les surfaces de la maison et les agressent. Dans la vid\u00e9o ci-dessus, vous verrez comment maintenir l&#039;environnement ext\u00e9rieur en parfait ...\" \/>\n<script type=\"application\/ld+json\" class=\"yoast-schema-graph\">{\"@context\":\"https:\\\/\\\/schema.org\",\"@graph\":[{\"@type\":\"WebPage\",\"@id\":\"https:\\\/\\\/vertitec.designstudio.host\\\/fr\\\/autour-de-la-maison-nettoyage-exterieur\\\/\",\"url\":\"https:\\\/\\\/vertitec.designstudio.host\\\/fr\\\/autour-de-la-maison-nettoyage-exterieur\\\/\",\"name\":\"STIHL Nettoyage ext\u00e9rieur\",\"isPartOf\":{\"@id\":\"https:\\\/\\\/vertitec.designstudio.host\\\/fr\\\/#website\"},\"datePublished\":\"2025-10-04T11:54:09+00:00\",\"dateModified\":\"2026-01-19T16:57:41+00:00\",\"description\":\"La salet\u00e9, les feuilles et l'humidit\u00e9 laissent des traces sur les surfaces de la maison et les mettent \u00e0 rude \u00e9preuve. Dans la vid\u00e9o ci-dessus, vous verrez comment maintenir l'environnement ext\u00e9rieur en parfait ...\",\"breadcrumb\":{\"@id\":\"https:\\\/\\\/vertitec.designstudio.host\\\/fr\\\/autour-de-la-maison-nettoyage-exterieur\\\/#breadcrumb\"},\"inLanguage\":\"fr-FR\",\"potentialAction\":[{\"@type\":\"ReadAction\",\"target\":[\"https:\\\/\\\/vertitec.designstudio.host\\\/fr\\\/autour-de-la-maison-nettoyage-exterieur\\\/\"]}]},{\"@type\":\"BreadcrumbList\",\"@id\":\"https:\\\/\\\/vertitec.designstudio.host\\\/fr\\\/autour-de-la-maison-nettoyage-exterieur\\\/#breadcrumb\",\"itemListElement\":[{\"@type\":\"ListItem\",\"position\":1,\"name\":\"Accueil\",\"item\":\"https:\\\/\\\/vertitec.designstudio.host\\\/fr\\\/\"},{\"@type\":\"ListItem\",\"position\":2,\"name\":\"Nettoyage de l&#8217;ext\u00e9rieur de la maison\"}]},{\"@type\":\"WebSite\",\"@id\":\"https:\\\/\\\/vertitec.designstudio.host\\\/fr\\\/#website\",\"url\":\"https:\\\/\\\/vertitec.designstudio.host\\\/fr\\\/\",\"name\":\"Vertitec BV\",\"description\":\"\",\"potentialAction\":[{\"@type\":\"SearchAction\",\"target\":{\"@type\":\"EntryPoint\",\"urlTemplate\":\"https:\\\/\\\/vertitec.designstudio.host\\\/fr\\\/?s={search_term_string}\"},\"query-input\":{\"@type\":\"PropertyValueSpecification\",\"valueRequired\":true,\"valueName\":\"search_term_string\"}}],\"inLanguage\":\"fr-FR\"}]}<\/script>\n<!-- \/ Yoast SEO plugin. -->","yoast_head_json":{"title":"STIHL Nettoyage ext\u00e9rieur","description":"La salet\u00e9, les feuilles et l'humidit\u00e9 laissent des traces sur les surfaces de la maison et les mettent \u00e0 rude \u00e9preuve. Dans la vid\u00e9o ci-dessus, vous verrez comment maintenir l'environnement ext\u00e9rieur en parfait ...","robots":{"index":"noindex","follow":"follow","max-snippet":"max-snippet:-1","max-image-preview":"max-image-preview:large","max-video-preview":"max-video-preview:-1"},"og_locale":"fr_FR","og_type":"article","og_title":"STIHL Nettoyage ext\u00e9rieur","og_description":"La salet\u00e9, les feuilles et l'humidit\u00e9 laissent des traces sur les surfaces de la maison et les mettent \u00e0 rude \u00e9preuve. Dans la vid\u00e9o ci-dessus, vous verrez comment maintenir l'environnement ext\u00e9rieur en parfait ...","og_url":"https:\/\/vertitec.designstudio.host\/fr\/autour-de-la-maison-nettoyage-exterieur\/","og_site_name":"Vertitec BV","article_modified_time":"2026-01-19T16:57:41+00:00","twitter_card":"summary_large_image","twitter_title":"STIHL Nettoyage ext\u00e9rieur","twitter_description":"La salet\u00e9, les feuilles et l'humidit\u00e9 laissent des traces sur les surfaces de la maison et les agressent. Dans la vid\u00e9o ci-dessus, vous verrez comment maintenir l'environnement ext\u00e9rieur en parfait ...","schema":{"@context":"https:\/\/schema.org","@graph":[{"@type":"WebPage","@id":"https:\/\/vertitec.designstudio.host\/fr\/autour-de-la-maison-nettoyage-exterieur\/","url":"https:\/\/vertitec.designstudio.host\/fr\/autour-de-la-maison-nettoyage-exterieur\/","name":"STIHL Nettoyage ext\u00e9rieur","isPartOf":{"@id":"https:\/\/vertitec.designstudio.host\/fr\/#website"},"datePublished":"2025-10-04T11:54:09+00:00","dateModified":"2026-01-19T16:57:41+00:00","description":"La salet\u00e9, les feuilles et l'humidit\u00e9 laissent des traces sur les surfaces de la maison et les mettent \u00e0 rude \u00e9preuve. Dans la vid\u00e9o ci-dessus, vous verrez comment maintenir l'environnement ext\u00e9rieur en parfait ...","breadcrumb":{"@id":"https:\/\/vertitec.designstudio.host\/fr\/autour-de-la-maison-nettoyage-exterieur\/#breadcrumb"},"inLanguage":"fr-FR","potentialAction":[{"@type":"ReadAction","target":["https:\/\/vertitec.designstudio.host\/fr\/autour-de-la-maison-nettoyage-exterieur\/"]}]},{"@type":"BreadcrumbList","@id":"https:\/\/vertitec.designstudio.host\/fr\/autour-de-la-maison-nettoyage-exterieur\/#breadcrumb","itemListElement":[{"@type":"ListItem","position":1,"name":"Accueil","item":"https:\/\/vertitec.designstudio.host\/fr\/"},{"@type":"ListItem","position":2,"name":"Nettoyage de l&#8217;ext\u00e9rieur de la maison"}]},{"@type":"WebSite","@id":"https:\/\/vertitec.designstudio.host\/fr\/#website","url":"https:\/\/vertitec.designstudio.host\/fr\/","name":"Vertitec BV","description":"","potentialAction":[{"@type":"SearchAction","target":{"@type":"EntryPoint","urlTemplate":"https:\/\/vertitec.designstudio.host\/fr\/?s={search_term_string}"},"query-input":{"@type":"PropertyValueSpecification","valueRequired":true,"valueName":"search_term_string"}}],"inLanguage":"fr-FR"}]}},"_links":{"self":[{"href":"https:\/\/vertitec.designstudio.host\/fr\/wp-json\/wp\/v2\/pages\/17039","targetHints":{"allow":["GET"]}}],"collection":[{"href":"https:\/\/vertitec.designstudio.host\/fr\/wp-json\/wp\/v2\/pages"}],"about":[{"href":"https:\/\/vertitec.designstudio.host\/fr\/wp-json\/wp\/v2\/types\/page"}],"author":[{"embeddable":true,"href":"https:\/\/vertitec.designstudio.host\/fr\/wp-json\/wp\/v2\/users\/1"}],"replies":[{"embeddable":true,"href":"https:\/\/vertitec.designstudio.host\/fr\/wp-json\/wp\/v2\/comments?post=17039"}],"version-history":[{"count":2,"href":"https:\/\/vertitec.designstudio.host\/fr\/wp-json\/wp\/v2\/pages\/17039\/revisions"}],"predecessor-version":[{"id":27425,"href":"https:\/\/vertitec.designstudio.host\/fr\/wp-json\/wp\/v2\/pages\/17039\/revisions\/27425"}],"wp:attachment":[{"href":"https:\/\/vertitec.designstudio.host\/fr\/wp-json\/wp\/v2\/media?parent=17039"}],"curies":[{"name":"wp","href":"https:\/\/api.w.org\/{rel}","templated":true}]}}