{"id":26515,"date":"2025-10-04T11:59:39","date_gmt":"2025-10-04T11:59:39","guid":{"rendered":"https:\/\/vertitec.designstudio.host\/declaration-de-conformite\/"},"modified":"2025-10-04T11:59:39","modified_gmt":"2025-10-04T11:59:39","slug":"declaration-de-conformite","status":"publish","type":"page","link":"https:\/\/vertitec.designstudio.host\/en\/declaration-de-conformite\/","title":{"rendered":"D\u00e9claration de conformit\u00e9"},"content":{"rendered":"","protected":false},"excerpt":{"rendered":"","protected":false},"author":1,"featured_media":0,"parent":0,"menu_order":0,"comment_status":"closed","ping_status":"closed","template":"page.php","meta":{"_acf_changed":false,"footnotes":""},"class_list":["post-26515","page","type-page","status-publish","hentry"],"acf":[],"yoast_head":"<!-- This site is optimized with the Yoast SEO plugin v27.4 - https:\/\/yoast.com\/product\/yoast-seo-wordpress\/ -->\n<title>STIHL D\u00e9claration de conformit\u00e9<\/title>\n<meta name=\"description\" content=\"D\u00e9claration de conformit\u00e9 des v\u00eatements haute visibilit\u00e9 STIHLpdf 797 35 Ko D\u00e9claration de conformit\u00e9 des chaussures STIHLpdf 1 17 Mo D\u00e9clarati...\" \/>\n<meta name=\"robots\" content=\"noindex, follow, max-snippet:-1, max-image-preview:large, max-video-preview:-1\" \/>\n<meta property=\"og:locale\" content=\"en_US\" \/>\n<meta property=\"og:type\" content=\"article\" \/>\n<meta property=\"og:title\" content=\"STIHL D\u00e9claration de conformit\u00e9\" \/>\n<meta property=\"og:description\" content=\"D\u00e9claration de conformit\u00e9 des v\u00eatements haute visibilit\u00e9 STIHLpdf 797 35 Ko D\u00e9claration de conformit\u00e9 des chaussures STIHLpdf 1 17 Mo D\u00e9clarati...\" \/>\n<meta property=\"og:url\" content=\"https:\/\/vertitec.designstudio.host\/en\/declaration-de-conformite\/\" \/>\n<meta property=\"og:site_name\" content=\"Vertitec BV\" \/>\n<meta name=\"twitter:card\" content=\"summary_large_image\" \/>\n<meta name=\"twitter:title\" content=\"STIHL D\u00e9claration de conformit\u00e9\" \/>\n<meta name=\"twitter:description\" content=\"D\u00e9claration de conformit\u00e9 des v\u00eatements haute visibilit\u00e9 STIHLpdf 797 35 Ko D\u00e9claration de conformit\u00e9 des chaussures STIHLpdf 1 17 Mo D\u00e9clarati...\" \/>\n<script type=\"application\/ld+json\" class=\"yoast-schema-graph\">{\"@context\":\"https:\\\/\\\/schema.org\",\"@graph\":[{\"@type\":\"WebPage\",\"@id\":\"https:\\\/\\\/vertitec.designstudio.host\\\/en\\\/declaration-de-conformite\\\/\",\"url\":\"https:\\\/\\\/vertitec.designstudio.host\\\/en\\\/declaration-de-conformite\\\/\",\"name\":\"STIHL D\u00e9claration de conformit\u00e9\",\"isPartOf\":{\"@id\":\"https:\\\/\\\/vertitec.designstudio.host\\\/en\\\/#website\"},\"datePublished\":\"2025-10-04T11:59:39+00:00\",\"description\":\"D\u00e9claration de conformit\u00e9 des v\u00eatements haute visibilit\u00e9 STIHLpdf 797 35 Ko D\u00e9claration de conformit\u00e9 des chaussures STIHLpdf 1 17 Mo D\u00e9clarati...\",\"breadcrumb\":{\"@id\":\"https:\\\/\\\/vertitec.designstudio.host\\\/en\\\/declaration-de-conformite\\\/#breadcrumb\"},\"inLanguage\":\"en-US\",\"potentialAction\":[{\"@type\":\"ReadAction\",\"target\":[\"https:\\\/\\\/vertitec.designstudio.host\\\/en\\\/declaration-de-conformite\\\/\"]}]},{\"@type\":\"BreadcrumbList\",\"@id\":\"https:\\\/\\\/vertitec.designstudio.host\\\/en\\\/declaration-de-conformite\\\/#breadcrumb\",\"itemListElement\":[{\"@type\":\"ListItem\",\"position\":1,\"name\":\"Home\",\"item\":\"https:\\\/\\\/vertitec.designstudio.host\\\/en\\\/\"},{\"@type\":\"ListItem\",\"position\":2,\"name\":\"D\u00e9claration de conformit\u00e9\"}]},{\"@type\":\"WebSite\",\"@id\":\"https:\\\/\\\/vertitec.designstudio.host\\\/en\\\/#website\",\"url\":\"https:\\\/\\\/vertitec.designstudio.host\\\/en\\\/\",\"name\":\"Vertitec BV\",\"description\":\"\",\"potentialAction\":[{\"@type\":\"SearchAction\",\"target\":{\"@type\":\"EntryPoint\",\"urlTemplate\":\"https:\\\/\\\/vertitec.designstudio.host\\\/en\\\/?s={search_term_string}\"},\"query-input\":{\"@type\":\"PropertyValueSpecification\",\"valueRequired\":true,\"valueName\":\"search_term_string\"}}],\"inLanguage\":\"en-US\"}]}<\/script>\n<!-- \/ Yoast SEO plugin. -->","yoast_head_json":{"title":"STIHL D\u00e9claration de conformit\u00e9","description":"D\u00e9claration de conformit\u00e9 des v\u00eatements haute visibilit\u00e9 STIHLpdf 797 35 Ko D\u00e9claration de conformit\u00e9 des chaussures STIHLpdf 1 17 Mo D\u00e9clarati...","robots":{"index":"noindex","follow":"follow","max-snippet":"max-snippet:-1","max-image-preview":"max-image-preview:large","max-video-preview":"max-video-preview:-1"},"og_locale":"en_US","og_type":"article","og_title":"STIHL D\u00e9claration de conformit\u00e9","og_description":"D\u00e9claration de conformit\u00e9 des v\u00eatements haute visibilit\u00e9 STIHLpdf 797 35 Ko D\u00e9claration de conformit\u00e9 des chaussures STIHLpdf 1 17 Mo D\u00e9clarati...","og_url":"https:\/\/vertitec.designstudio.host\/en\/declaration-de-conformite\/","og_site_name":"Vertitec BV","twitter_card":"summary_large_image","twitter_title":"STIHL D\u00e9claration de conformit\u00e9","twitter_description":"D\u00e9claration de conformit\u00e9 des v\u00eatements haute visibilit\u00e9 STIHLpdf 797 35 Ko D\u00e9claration de conformit\u00e9 des chaussures STIHLpdf 1 17 Mo D\u00e9clarati...","schema":{"@context":"https:\/\/schema.org","@graph":[{"@type":"WebPage","@id":"https:\/\/vertitec.designstudio.host\/en\/declaration-de-conformite\/","url":"https:\/\/vertitec.designstudio.host\/en\/declaration-de-conformite\/","name":"STIHL D\u00e9claration de conformit\u00e9","isPartOf":{"@id":"https:\/\/vertitec.designstudio.host\/en\/#website"},"datePublished":"2025-10-04T11:59:39+00:00","description":"D\u00e9claration de conformit\u00e9 des v\u00eatements haute visibilit\u00e9 STIHLpdf 797 35 Ko D\u00e9claration de conformit\u00e9 des chaussures STIHLpdf 1 17 Mo D\u00e9clarati...","breadcrumb":{"@id":"https:\/\/vertitec.designstudio.host\/en\/declaration-de-conformite\/#breadcrumb"},"inLanguage":"en-US","potentialAction":[{"@type":"ReadAction","target":["https:\/\/vertitec.designstudio.host\/en\/declaration-de-conformite\/"]}]},{"@type":"BreadcrumbList","@id":"https:\/\/vertitec.designstudio.host\/en\/declaration-de-conformite\/#breadcrumb","itemListElement":[{"@type":"ListItem","position":1,"name":"Home","item":"https:\/\/vertitec.designstudio.host\/en\/"},{"@type":"ListItem","position":2,"name":"D\u00e9claration de conformit\u00e9"}]},{"@type":"WebSite","@id":"https:\/\/vertitec.designstudio.host\/en\/#website","url":"https:\/\/vertitec.designstudio.host\/en\/","name":"Vertitec BV","description":"","potentialAction":[{"@type":"SearchAction","target":{"@type":"EntryPoint","urlTemplate":"https:\/\/vertitec.designstudio.host\/en\/?s={search_term_string}"},"query-input":{"@type":"PropertyValueSpecification","valueRequired":true,"valueName":"search_term_string"}}],"inLanguage":"en-US"}]}},"_links":{"self":[{"href":"https:\/\/vertitec.designstudio.host\/en\/wp-json\/wp\/v2\/pages\/26515","targetHints":{"allow":["GET"]}}],"collection":[{"href":"https:\/\/vertitec.designstudio.host\/en\/wp-json\/wp\/v2\/pages"}],"about":[{"href":"https:\/\/vertitec.designstudio.host\/en\/wp-json\/wp\/v2\/types\/page"}],"author":[{"embeddable":true,"href":"https:\/\/vertitec.designstudio.host\/en\/wp-json\/wp\/v2\/users\/1"}],"replies":[{"embeddable":true,"href":"https:\/\/vertitec.designstudio.host\/en\/wp-json\/wp\/v2\/comments?post=26515"}],"version-history":[{"count":0,"href":"https:\/\/vertitec.designstudio.host\/en\/wp-json\/wp\/v2\/pages\/26515\/revisions"}],"wp:attachment":[{"href":"https:\/\/vertitec.designstudio.host\/en\/wp-json\/wp\/v2\/media?parent=26515"}],"curies":[{"name":"wp","href":"https:\/\/api.w.org\/{rel}","templated":true}]}}