{"id":18994,"date":"2025-10-04T11:58:39","date_gmt":"2025-10-04T11:58:39","guid":{"rendered":"https:\/\/vertitec.designstudio.host\/entretien-de-la-tronconneuse\/"},"modified":"2025-10-04T11:58:39","modified_gmt":"2025-10-04T11:58:39","slug":"entretien-de-la-tronconneuse","status":"publish","type":"page","link":"https:\/\/vertitec.designstudio.host\/en\/entretien-de-la-tronconneuse\/","title":{"rendered":"Entretien de la tron\u00e7onneuse"},"content":{"rendered":"","protected":false},"excerpt":{"rendered":"","protected":false},"author":1,"featured_media":0,"parent":0,"menu_order":0,"comment_status":"closed","ping_status":"closed","template":"page.php","meta":{"_acf_changed":false,"footnotes":""},"class_list":["post-18994","page","type-page","status-publish","hentry"],"acf":[],"yoast_head":"<!-- This site is optimized with the Yoast SEO plugin v27.4 - https:\/\/yoast.com\/product\/yoast-seo-wordpress\/ -->\n<title>STIHL Entretien de la tron\u00e7onneuse<\/title>\n<meta name=\"description\" content=\"Les tron\u00e7onneuses sont expos\u00e9es \u00e0 de lourdes charges lors de leur utilisation. L&#039;entretien de votre tron\u00e7onneuse assure un fonctionnement optimal ...\" \/>\n<meta name=\"robots\" content=\"noindex, follow, max-snippet:-1, max-image-preview:large, max-video-preview:-1\" \/>\n<meta property=\"og:locale\" content=\"en_US\" \/>\n<meta property=\"og:type\" content=\"article\" \/>\n<meta property=\"og:title\" content=\"STIHL Entretien de la tron\u00e7onneuse\" \/>\n<meta property=\"og:description\" content=\"Les tron\u00e7onneuses sont expos\u00e9es \u00e0 de lourdes charges lors de leur utilisation. L&#039;entretien de votre tron\u00e7onneuse assure un fonctionnement optimal ...\" \/>\n<meta property=\"og:url\" content=\"https:\/\/vertitec.designstudio.host\/en\/entretien-de-la-tronconneuse\/\" \/>\n<meta property=\"og:site_name\" content=\"Vertitec BV\" \/>\n<meta name=\"twitter:card\" content=\"summary_large_image\" \/>\n<meta name=\"twitter:title\" content=\"STIHL Entretien de la tron\u00e7onneuse\" \/>\n<meta name=\"twitter:description\" content=\"Les tron\u00e7onneuses sont expos\u00e9es \u00e0 de lourdes charges lors de leur utilisation. L&#039;entretien de votre tron\u00e7onneuse assure un fonctionnement optimal ...\" \/>\n<script type=\"application\/ld+json\" class=\"yoast-schema-graph\">{\"@context\":\"https:\\\/\\\/schema.org\",\"@graph\":[{\"@type\":\"WebPage\",\"@id\":\"https:\\\/\\\/vertitec.designstudio.host\\\/en\\\/entretien-de-la-tronconneuse\\\/\",\"url\":\"https:\\\/\\\/vertitec.designstudio.host\\\/en\\\/entretien-de-la-tronconneuse\\\/\",\"name\":\"STIHL Entretien de la tron\u00e7onneuse\",\"isPartOf\":{\"@id\":\"https:\\\/\\\/vertitec.designstudio.host\\\/en\\\/#website\"},\"datePublished\":\"2025-10-04T11:58:39+00:00\",\"description\":\"Les tron\u00e7onneuses sont expos\u00e9es \u00e0 de lourdes charges lors de leur utilisation. L'entretien de votre tron\u00e7onneuse assure un fonctionnement optimal ...\",\"breadcrumb\":{\"@id\":\"https:\\\/\\\/vertitec.designstudio.host\\\/en\\\/entretien-de-la-tronconneuse\\\/#breadcrumb\"},\"inLanguage\":\"en-US\",\"potentialAction\":[{\"@type\":\"ReadAction\",\"target\":[\"https:\\\/\\\/vertitec.designstudio.host\\\/en\\\/entretien-de-la-tronconneuse\\\/\"]}]},{\"@type\":\"BreadcrumbList\",\"@id\":\"https:\\\/\\\/vertitec.designstudio.host\\\/en\\\/entretien-de-la-tronconneuse\\\/#breadcrumb\",\"itemListElement\":[{\"@type\":\"ListItem\",\"position\":1,\"name\":\"Home\",\"item\":\"https:\\\/\\\/vertitec.designstudio.host\\\/en\\\/\"},{\"@type\":\"ListItem\",\"position\":2,\"name\":\"Entretien de la tron\u00e7onneuse\"}]},{\"@type\":\"WebSite\",\"@id\":\"https:\\\/\\\/vertitec.designstudio.host\\\/en\\\/#website\",\"url\":\"https:\\\/\\\/vertitec.designstudio.host\\\/en\\\/\",\"name\":\"Vertitec BV\",\"description\":\"\",\"potentialAction\":[{\"@type\":\"SearchAction\",\"target\":{\"@type\":\"EntryPoint\",\"urlTemplate\":\"https:\\\/\\\/vertitec.designstudio.host\\\/en\\\/?s={search_term_string}\"},\"query-input\":{\"@type\":\"PropertyValueSpecification\",\"valueRequired\":true,\"valueName\":\"search_term_string\"}}],\"inLanguage\":\"en-US\"}]}<\/script>\n<!-- \/ Yoast SEO plugin. -->","yoast_head_json":{"title":"STIHL Entretien de la tron\u00e7onneuse","description":"Les tron\u00e7onneuses sont expos\u00e9es \u00e0 de lourdes charges lors de leur utilisation. L'entretien de votre tron\u00e7onneuse assure un fonctionnement optimal ...","robots":{"index":"noindex","follow":"follow","max-snippet":"max-snippet:-1","max-image-preview":"max-image-preview:large","max-video-preview":"max-video-preview:-1"},"og_locale":"en_US","og_type":"article","og_title":"STIHL Entretien de la tron\u00e7onneuse","og_description":"Les tron\u00e7onneuses sont expos\u00e9es \u00e0 de lourdes charges lors de leur utilisation. L'entretien de votre tron\u00e7onneuse assure un fonctionnement optimal ...","og_url":"https:\/\/vertitec.designstudio.host\/en\/entretien-de-la-tronconneuse\/","og_site_name":"Vertitec BV","twitter_card":"summary_large_image","twitter_title":"STIHL Entretien de la tron\u00e7onneuse","twitter_description":"Les tron\u00e7onneuses sont expos\u00e9es \u00e0 de lourdes charges lors de leur utilisation. L'entretien de votre tron\u00e7onneuse assure un fonctionnement optimal ...","schema":{"@context":"https:\/\/schema.org","@graph":[{"@type":"WebPage","@id":"https:\/\/vertitec.designstudio.host\/en\/entretien-de-la-tronconneuse\/","url":"https:\/\/vertitec.designstudio.host\/en\/entretien-de-la-tronconneuse\/","name":"STIHL Entretien de la tron\u00e7onneuse","isPartOf":{"@id":"https:\/\/vertitec.designstudio.host\/en\/#website"},"datePublished":"2025-10-04T11:58:39+00:00","description":"Les tron\u00e7onneuses sont expos\u00e9es \u00e0 de lourdes charges lors de leur utilisation. L'entretien de votre tron\u00e7onneuse assure un fonctionnement optimal ...","breadcrumb":{"@id":"https:\/\/vertitec.designstudio.host\/en\/entretien-de-la-tronconneuse\/#breadcrumb"},"inLanguage":"en-US","potentialAction":[{"@type":"ReadAction","target":["https:\/\/vertitec.designstudio.host\/en\/entretien-de-la-tronconneuse\/"]}]},{"@type":"BreadcrumbList","@id":"https:\/\/vertitec.designstudio.host\/en\/entretien-de-la-tronconneuse\/#breadcrumb","itemListElement":[{"@type":"ListItem","position":1,"name":"Home","item":"https:\/\/vertitec.designstudio.host\/en\/"},{"@type":"ListItem","position":2,"name":"Entretien de la tron\u00e7onneuse"}]},{"@type":"WebSite","@id":"https:\/\/vertitec.designstudio.host\/en\/#website","url":"https:\/\/vertitec.designstudio.host\/en\/","name":"Vertitec BV","description":"","potentialAction":[{"@type":"SearchAction","target":{"@type":"EntryPoint","urlTemplate":"https:\/\/vertitec.designstudio.host\/en\/?s={search_term_string}"},"query-input":{"@type":"PropertyValueSpecification","valueRequired":true,"valueName":"search_term_string"}}],"inLanguage":"en-US"}]}},"_links":{"self":[{"href":"https:\/\/vertitec.designstudio.host\/en\/wp-json\/wp\/v2\/pages\/18994","targetHints":{"allow":["GET"]}}],"collection":[{"href":"https:\/\/vertitec.designstudio.host\/en\/wp-json\/wp\/v2\/pages"}],"about":[{"href":"https:\/\/vertitec.designstudio.host\/en\/wp-json\/wp\/v2\/types\/page"}],"author":[{"embeddable":true,"href":"https:\/\/vertitec.designstudio.host\/en\/wp-json\/wp\/v2\/users\/1"}],"replies":[{"embeddable":true,"href":"https:\/\/vertitec.designstudio.host\/en\/wp-json\/wp\/v2\/comments?post=18994"}],"version-history":[{"count":0,"href":"https:\/\/vertitec.designstudio.host\/en\/wp-json\/wp\/v2\/pages\/18994\/revisions"}],"wp:attachment":[{"href":"https:\/\/vertitec.designstudio.host\/en\/wp-json\/wp\/v2\/media?parent=18994"}],"curies":[{"name":"wp","href":"https:\/\/api.w.org\/{rel}","templated":true}]}}