{"id":18989,"date":"2025-10-04T11:58:47","date_gmt":"2025-10-04T11:58:47","guid":{"rendered":"https:\/\/vertitec.designstudio.host\/charger-correctement-les-batteries\/"},"modified":"2025-10-04T11:58:47","modified_gmt":"2025-10-04T11:58:47","slug":"charger-correctement-les-batteries","status":"publish","type":"page","link":"https:\/\/vertitec.designstudio.host\/en\/charger-correctement-les-batteries\/","title":{"rendered":"Charger correctement les batteries"},"content":{"rendered":"","protected":false},"excerpt":{"rendered":"","protected":false},"author":1,"featured_media":0,"parent":0,"menu_order":0,"comment_status":"closed","ping_status":"closed","template":"page.php","meta":{"_acf_changed":false,"footnotes":""},"class_list":["post-18989","page","type-page","status-publish","hentry"],"acf":[],"yoast_head":"<!-- This site is optimized with the Yoast SEO plugin v27.4 - https:\/\/yoast.com\/product\/yoast-seo-wordpress\/ -->\n<title>STIHL Charger correctement les batteries<\/title>\n<meta name=\"description\" content=\"Il est normal qu&#039;une batterie chauffe pendant la charge. Ce n&#039;est pas une source d&#039;inqui\u00e9tude. The STIHL quality batteries are prot\u00e9g\u00e9es contr...\" \/>\n<meta name=\"robots\" content=\"noindex, follow, max-snippet:-1, max-image-preview:large, max-video-preview:-1\" \/>\n<meta property=\"og:locale\" content=\"en_US\" \/>\n<meta property=\"og:type\" content=\"article\" \/>\n<meta property=\"og:title\" content=\"STIHL Charger correctement les batteries\" \/>\n<meta property=\"og:description\" content=\"Il est normal qu&#039;une batterie chauffe pendant la charge. Ce n&#039;est pas une source d&#039;inqui\u00e9tude. The STIHL quality batteries are prot\u00e9g\u00e9es contr...\" \/>\n<meta property=\"og:url\" content=\"https:\/\/vertitec.designstudio.host\/en\/charger-correctement-les-batteries\/\" \/>\n<meta property=\"og:site_name\" content=\"Vertitec BV\" \/>\n<meta name=\"twitter:card\" content=\"summary_large_image\" \/>\n<meta name=\"twitter:title\" content=\"STIHL Charger correctement les batteries\" \/>\n<meta name=\"twitter:description\" content=\"Il est normal qu&#039;une batterie chauffe pendant la charge. Ce n&#039;est pas une source d&#039;inqui\u00e9tude. The STIHL quality batteries are prot\u00e9g\u00e9es contr...\" \/>\n<script type=\"application\/ld+json\" class=\"yoast-schema-graph\">{\"@context\":\"https:\\\/\\\/schema.org\",\"@graph\":[{\"@type\":\"WebPage\",\"@id\":\"https:\\\/\\\/vertitec.designstudio.host\\\/en\\\/charger-correctement-les-batteries\\\/\",\"url\":\"https:\\\/\\\/vertitec.designstudio.host\\\/en\\\/charger-correctement-les-batteries\\\/\",\"name\":\"STIHL Charger correctement les batteries\",\"isPartOf\":{\"@id\":\"https:\\\/\\\/vertitec.designstudio.host\\\/en\\\/#website\"},\"datePublished\":\"2025-10-04T11:58:47+00:00\",\"description\":\"Il est normal qu'une batterie chauffe pendant la charge. Ce n'est pas une source d'inqui\u00e9tude. The STIHL quality batteries are prot\u00e9g\u00e9es contr...\",\"breadcrumb\":{\"@id\":\"https:\\\/\\\/vertitec.designstudio.host\\\/en\\\/charger-correctement-les-batteries\\\/#breadcrumb\"},\"inLanguage\":\"en-US\",\"potentialAction\":[{\"@type\":\"ReadAction\",\"target\":[\"https:\\\/\\\/vertitec.designstudio.host\\\/en\\\/charger-correctement-les-batteries\\\/\"]}]},{\"@type\":\"BreadcrumbList\",\"@id\":\"https:\\\/\\\/vertitec.designstudio.host\\\/en\\\/charger-correctement-les-batteries\\\/#breadcrumb\",\"itemListElement\":[{\"@type\":\"ListItem\",\"position\":1,\"name\":\"Home\",\"item\":\"https:\\\/\\\/vertitec.designstudio.host\\\/en\\\/\"},{\"@type\":\"ListItem\",\"position\":2,\"name\":\"Charger correctement les batteries\"}]},{\"@type\":\"WebSite\",\"@id\":\"https:\\\/\\\/vertitec.designstudio.host\\\/en\\\/#website\",\"url\":\"https:\\\/\\\/vertitec.designstudio.host\\\/en\\\/\",\"name\":\"Vertitec BV\",\"description\":\"\",\"potentialAction\":[{\"@type\":\"SearchAction\",\"target\":{\"@type\":\"EntryPoint\",\"urlTemplate\":\"https:\\\/\\\/vertitec.designstudio.host\\\/en\\\/?s={search_term_string}\"},\"query-input\":{\"@type\":\"PropertyValueSpecification\",\"valueRequired\":true,\"valueName\":\"search_term_string\"}}],\"inLanguage\":\"en-US\"}]}<\/script>\n<!-- \/ Yoast SEO plugin. -->","yoast_head_json":{"title":"STIHL Charger correctement les batteries","description":"Il est normal qu'une batterie chauffe pendant la charge. Ce n'est pas une source d'inqui\u00e9tude. The STIHL quality batteries are prot\u00e9g\u00e9es contr...","robots":{"index":"noindex","follow":"follow","max-snippet":"max-snippet:-1","max-image-preview":"max-image-preview:large","max-video-preview":"max-video-preview:-1"},"og_locale":"en_US","og_type":"article","og_title":"STIHL Charger correctement les batteries","og_description":"Il est normal qu'une batterie chauffe pendant la charge. Ce n'est pas une source d'inqui\u00e9tude. The STIHL quality batteries are prot\u00e9g\u00e9es contr...","og_url":"https:\/\/vertitec.designstudio.host\/en\/charger-correctement-les-batteries\/","og_site_name":"Vertitec BV","twitter_card":"summary_large_image","twitter_title":"STIHL Charger correctement les batteries","twitter_description":"Il est normal qu'une batterie chauffe pendant la charge. Ce n'est pas une source d'inqui\u00e9tude. The STIHL quality batteries are prot\u00e9g\u00e9es contr...","schema":{"@context":"https:\/\/schema.org","@graph":[{"@type":"WebPage","@id":"https:\/\/vertitec.designstudio.host\/en\/charger-correctement-les-batteries\/","url":"https:\/\/vertitec.designstudio.host\/en\/charger-correctement-les-batteries\/","name":"STIHL Charger correctement les batteries","isPartOf":{"@id":"https:\/\/vertitec.designstudio.host\/en\/#website"},"datePublished":"2025-10-04T11:58:47+00:00","description":"Il est normal qu'une batterie chauffe pendant la charge. Ce n'est pas une source d'inqui\u00e9tude. The STIHL quality batteries are prot\u00e9g\u00e9es contr...","breadcrumb":{"@id":"https:\/\/vertitec.designstudio.host\/en\/charger-correctement-les-batteries\/#breadcrumb"},"inLanguage":"en-US","potentialAction":[{"@type":"ReadAction","target":["https:\/\/vertitec.designstudio.host\/en\/charger-correctement-les-batteries\/"]}]},{"@type":"BreadcrumbList","@id":"https:\/\/vertitec.designstudio.host\/en\/charger-correctement-les-batteries\/#breadcrumb","itemListElement":[{"@type":"ListItem","position":1,"name":"Home","item":"https:\/\/vertitec.designstudio.host\/en\/"},{"@type":"ListItem","position":2,"name":"Charger correctement les batteries"}]},{"@type":"WebSite","@id":"https:\/\/vertitec.designstudio.host\/en\/#website","url":"https:\/\/vertitec.designstudio.host\/en\/","name":"Vertitec BV","description":"","potentialAction":[{"@type":"SearchAction","target":{"@type":"EntryPoint","urlTemplate":"https:\/\/vertitec.designstudio.host\/en\/?s={search_term_string}"},"query-input":{"@type":"PropertyValueSpecification","valueRequired":true,"valueName":"search_term_string"}}],"inLanguage":"en-US"}]}},"_links":{"self":[{"href":"https:\/\/vertitec.designstudio.host\/en\/wp-json\/wp\/v2\/pages\/18989","targetHints":{"allow":["GET"]}}],"collection":[{"href":"https:\/\/vertitec.designstudio.host\/en\/wp-json\/wp\/v2\/pages"}],"about":[{"href":"https:\/\/vertitec.designstudio.host\/en\/wp-json\/wp\/v2\/types\/page"}],"author":[{"embeddable":true,"href":"https:\/\/vertitec.designstudio.host\/en\/wp-json\/wp\/v2\/users\/1"}],"replies":[{"embeddable":true,"href":"https:\/\/vertitec.designstudio.host\/en\/wp-json\/wp\/v2\/comments?post=18989"}],"version-history":[{"count":0,"href":"https:\/\/vertitec.designstudio.host\/en\/wp-json\/wp\/v2\/pages\/18989\/revisions"}],"wp:attachment":[{"href":"https:\/\/vertitec.designstudio.host\/en\/wp-json\/wp\/v2\/media?parent=18989"}],"curies":[{"name":"wp","href":"https:\/\/api.w.org\/{rel}","templated":true}]}}