{"id":18988,"date":"2025-10-04T11:58:56","date_gmt":"2025-10-04T11:58:56","guid":{"rendered":"https:\/\/vertitec.designstudio.host\/pose-dune-pelouse\/"},"modified":"2025-10-04T11:58:56","modified_gmt":"2025-10-04T11:58:56","slug":"pose-dune-pelouse","status":"publish","type":"page","link":"https:\/\/vertitec.designstudio.host\/en\/pose-dune-pelouse\/","title":{"rendered":"Pose d&#8217;une pelouse"},"content":{"rendered":"","protected":false},"excerpt":{"rendered":"","protected":false},"author":1,"featured_media":0,"parent":0,"menu_order":0,"comment_status":"closed","ping_status":"closed","template":"page.php","meta":{"_acf_changed":false,"footnotes":""},"class_list":["post-18988","page","type-page","status-publish","hentry"],"acf":[],"yoast_head":"<!-- This site is optimized with the Yoast SEO plugin v27.4 - https:\/\/yoast.com\/product\/yoast-seo-wordpress\/ -->\n<title>STIHL Pose d&#039;une pelouse<\/title>\n<meta name=\"description\" content=\"Vous souhaitez poser du gazon Nous vous montrons \u00e9tape par \u00e9tape comment poser rapidement la pelouse parfaite. Vous recevrez \u00e9galement des conseils...\" \/>\n<meta name=\"robots\" content=\"noindex, follow, max-snippet:-1, max-image-preview:large, max-video-preview:-1\" \/>\n<meta property=\"og:locale\" content=\"en_US\" \/>\n<meta property=\"og:type\" content=\"article\" \/>\n<meta property=\"og:title\" content=\"STIHL Pose d&#039;une pelouse\" \/>\n<meta property=\"og:description\" content=\"Vous souhaitez poser du gazon Nous vous montrons \u00e9tape par \u00e9tape comment poser rapidement la pelouse parfaite. Vous recevrez \u00e9galement des conseils...\" \/>\n<meta property=\"og:url\" content=\"https:\/\/vertitec.designstudio.host\/en\/pose-dune-pelouse\/\" \/>\n<meta property=\"og:site_name\" content=\"Vertitec BV\" \/>\n<meta name=\"twitter:card\" content=\"summary_large_image\" \/>\n<meta name=\"twitter:title\" content=\"STIHL Pose d&#039;une pelouse\" \/>\n<meta name=\"twitter:description\" content=\"Vous souhaitez poser du gazon Nous vous montrons \u00e9tape par \u00e9tape comment poser rapidement la pelouse parfaite. Vous recevrez \u00e9galement des conseils...\" \/>\n<script type=\"application\/ld+json\" class=\"yoast-schema-graph\">{\"@context\":\"https:\\\/\\\/schema.org\",\"@graph\":[{\"@type\":\"WebPage\",\"@id\":\"https:\\\/\\\/vertitec.designstudio.host\\\/en\\\/pose-dune-pelouse\\\/\",\"url\":\"https:\\\/\\\/vertitec.designstudio.host\\\/en\\\/pose-dune-pelouse\\\/\",\"name\":\"STIHL Pose d'une pelouse\",\"isPartOf\":{\"@id\":\"https:\\\/\\\/vertitec.designstudio.host\\\/en\\\/#website\"},\"datePublished\":\"2025-10-04T11:58:56+00:00\",\"description\":\"Vous souhaitez poser du gazon Nous vous montrons \u00e9tape par \u00e9tape comment poser rapidement la pelouse parfaite. Vous recevrez \u00e9galement des conseils...\",\"breadcrumb\":{\"@id\":\"https:\\\/\\\/vertitec.designstudio.host\\\/en\\\/pose-dune-pelouse\\\/#breadcrumb\"},\"inLanguage\":\"en-US\",\"potentialAction\":[{\"@type\":\"ReadAction\",\"target\":[\"https:\\\/\\\/vertitec.designstudio.host\\\/en\\\/pose-dune-pelouse\\\/\"]}]},{\"@type\":\"BreadcrumbList\",\"@id\":\"https:\\\/\\\/vertitec.designstudio.host\\\/en\\\/pose-dune-pelouse\\\/#breadcrumb\",\"itemListElement\":[{\"@type\":\"ListItem\",\"position\":1,\"name\":\"Home\",\"item\":\"https:\\\/\\\/vertitec.designstudio.host\\\/en\\\/\"},{\"@type\":\"ListItem\",\"position\":2,\"name\":\"Pose d&#8217;une pelouse\"}]},{\"@type\":\"WebSite\",\"@id\":\"https:\\\/\\\/vertitec.designstudio.host\\\/en\\\/#website\",\"url\":\"https:\\\/\\\/vertitec.designstudio.host\\\/en\\\/\",\"name\":\"Vertitec BV\",\"description\":\"\",\"potentialAction\":[{\"@type\":\"SearchAction\",\"target\":{\"@type\":\"EntryPoint\",\"urlTemplate\":\"https:\\\/\\\/vertitec.designstudio.host\\\/en\\\/?s={search_term_string}\"},\"query-input\":{\"@type\":\"PropertyValueSpecification\",\"valueRequired\":true,\"valueName\":\"search_term_string\"}}],\"inLanguage\":\"en-US\"}]}<\/script>\n<!-- \/ Yoast SEO plugin. -->","yoast_head_json":{"title":"STIHL Pose d'une pelouse","description":"Vous souhaitez poser du gazon Nous vous montrons \u00e9tape par \u00e9tape comment poser rapidement la pelouse parfaite. Vous recevrez \u00e9galement des conseils...","robots":{"index":"noindex","follow":"follow","max-snippet":"max-snippet:-1","max-image-preview":"max-image-preview:large","max-video-preview":"max-video-preview:-1"},"og_locale":"en_US","og_type":"article","og_title":"STIHL Pose d'une pelouse","og_description":"Vous souhaitez poser du gazon Nous vous montrons \u00e9tape par \u00e9tape comment poser rapidement la pelouse parfaite. Vous recevrez \u00e9galement des conseils...","og_url":"https:\/\/vertitec.designstudio.host\/en\/pose-dune-pelouse\/","og_site_name":"Vertitec BV","twitter_card":"summary_large_image","twitter_title":"STIHL Pose d'une pelouse","twitter_description":"Vous souhaitez poser du gazon Nous vous montrons \u00e9tape par \u00e9tape comment poser rapidement la pelouse parfaite. Vous recevrez \u00e9galement des conseils...","schema":{"@context":"https:\/\/schema.org","@graph":[{"@type":"WebPage","@id":"https:\/\/vertitec.designstudio.host\/en\/pose-dune-pelouse\/","url":"https:\/\/vertitec.designstudio.host\/en\/pose-dune-pelouse\/","name":"STIHL Pose d'une pelouse","isPartOf":{"@id":"https:\/\/vertitec.designstudio.host\/en\/#website"},"datePublished":"2025-10-04T11:58:56+00:00","description":"Vous souhaitez poser du gazon Nous vous montrons \u00e9tape par \u00e9tape comment poser rapidement la pelouse parfaite. Vous recevrez \u00e9galement des conseils...","breadcrumb":{"@id":"https:\/\/vertitec.designstudio.host\/en\/pose-dune-pelouse\/#breadcrumb"},"inLanguage":"en-US","potentialAction":[{"@type":"ReadAction","target":["https:\/\/vertitec.designstudio.host\/en\/pose-dune-pelouse\/"]}]},{"@type":"BreadcrumbList","@id":"https:\/\/vertitec.designstudio.host\/en\/pose-dune-pelouse\/#breadcrumb","itemListElement":[{"@type":"ListItem","position":1,"name":"Home","item":"https:\/\/vertitec.designstudio.host\/en\/"},{"@type":"ListItem","position":2,"name":"Pose d&#8217;une pelouse"}]},{"@type":"WebSite","@id":"https:\/\/vertitec.designstudio.host\/en\/#website","url":"https:\/\/vertitec.designstudio.host\/en\/","name":"Vertitec BV","description":"","potentialAction":[{"@type":"SearchAction","target":{"@type":"EntryPoint","urlTemplate":"https:\/\/vertitec.designstudio.host\/en\/?s={search_term_string}"},"query-input":{"@type":"PropertyValueSpecification","valueRequired":true,"valueName":"search_term_string"}}],"inLanguage":"en-US"}]}},"_links":{"self":[{"href":"https:\/\/vertitec.designstudio.host\/en\/wp-json\/wp\/v2\/pages\/18988","targetHints":{"allow":["GET"]}}],"collection":[{"href":"https:\/\/vertitec.designstudio.host\/en\/wp-json\/wp\/v2\/pages"}],"about":[{"href":"https:\/\/vertitec.designstudio.host\/en\/wp-json\/wp\/v2\/types\/page"}],"author":[{"embeddable":true,"href":"https:\/\/vertitec.designstudio.host\/en\/wp-json\/wp\/v2\/users\/1"}],"replies":[{"embeddable":true,"href":"https:\/\/vertitec.designstudio.host\/en\/wp-json\/wp\/v2\/comments?post=18988"}],"version-history":[{"count":0,"href":"https:\/\/vertitec.designstudio.host\/en\/wp-json\/wp\/v2\/pages\/18988\/revisions"}],"wp:attachment":[{"href":"https:\/\/vertitec.designstudio.host\/en\/wp-json\/wp\/v2\/media?parent=18988"}],"curies":[{"name":"wp","href":"https:\/\/api.w.org\/{rel}","templated":true}]}}