{"id":18987,"date":"2025-10-04T11:56:15","date_gmt":"2025-10-04T11:56:15","guid":{"rendered":"https:\/\/vertitec.designstudio.host\/quelle-tronconneuse-me-convient-le-mieux\/"},"modified":"2025-10-04T11:56:15","modified_gmt":"2025-10-04T11:56:15","slug":"quelle-tronconneuse-me-convient-le-mieux","status":"publish","type":"page","link":"https:\/\/vertitec.designstudio.host\/en\/quelle-tronconneuse-me-convient-le-mieux\/","title":{"rendered":"Quelle tron\u00e7onneuse me convient le mieux ?"},"content":{"rendered":"","protected":false},"excerpt":{"rendered":"","protected":false},"author":1,"featured_media":0,"parent":0,"menu_order":0,"comment_status":"closed","ping_status":"closed","template":"page.php","meta":{"_acf_changed":false,"footnotes":""},"class_list":["post-18987","page","type-page","status-publish","hentry"],"acf":[],"yoast_head":"<!-- This site is optimized with the Yoast SEO plugin v27.4 - https:\/\/yoast.com\/product\/yoast-seo-wordpress\/ -->\n<title>STIHL Quelle tron\u00e7onneuse me convient le mieux?<\/title>\n<meta name=\"description\" content=\"Une tron\u00e7onneuse est un outil pratique pour de nombreux travaux de jardinage mais quel mod\u00e8le choisir Optez-vous pour une version \u00e0 batterie \u00e9lect...\" \/>\n<meta name=\"robots\" content=\"noindex, follow, max-snippet:-1, max-image-preview:large, max-video-preview:-1\" \/>\n<meta property=\"og:locale\" content=\"en_US\" \/>\n<meta property=\"og:type\" content=\"article\" \/>\n<meta property=\"og:title\" content=\"STIHL Quelle tron\u00e7onneuse me convient le mieux?\" \/>\n<meta property=\"og:description\" content=\"Une tron\u00e7onneuse est un outil pratique pour de nombreux travaux de jardinage mais quel mod\u00e8le choisir Optez-vous pour une version \u00e0 batterie \u00e9lect...\" \/>\n<meta property=\"og:url\" content=\"https:\/\/vertitec.designstudio.host\/en\/quelle-tronconneuse-me-convient-le-mieux\/\" \/>\n<meta property=\"og:site_name\" content=\"Vertitec BV\" \/>\n<meta name=\"twitter:card\" content=\"summary_large_image\" \/>\n<meta name=\"twitter:title\" content=\"STIHL Quelle tron\u00e7onneuse me convient le mieux?\" \/>\n<meta name=\"twitter:description\" content=\"Une tron\u00e7onneuse est un outil pratique pour de nombreux travaux de jardinage mais quel mod\u00e8le choisir Optez-vous pour une version \u00e0 batterie \u00e9lect...\" \/>\n<script type=\"application\/ld+json\" class=\"yoast-schema-graph\">{\"@context\":\"https:\\\/\\\/schema.org\",\"@graph\":[{\"@type\":\"WebPage\",\"@id\":\"https:\\\/\\\/vertitec.designstudio.host\\\/en\\\/quelle-tronconneuse-me-convient-le-mieux\\\/\",\"url\":\"https:\\\/\\\/vertitec.designstudio.host\\\/en\\\/quelle-tronconneuse-me-convient-le-mieux\\\/\",\"name\":\"STIHL Quelle tron\u00e7onneuse me convient le mieux?\",\"isPartOf\":{\"@id\":\"https:\\\/\\\/vertitec.designstudio.host\\\/en\\\/#website\"},\"datePublished\":\"2025-10-04T11:56:15+00:00\",\"description\":\"Une tron\u00e7onneuse est un outil pratique pour de nombreux travaux de jardinage mais quel mod\u00e8le choisir Optez-vous pour une version \u00e0 batterie \u00e9lect...\",\"breadcrumb\":{\"@id\":\"https:\\\/\\\/vertitec.designstudio.host\\\/en\\\/quelle-tronconneuse-me-convient-le-mieux\\\/#breadcrumb\"},\"inLanguage\":\"en-US\",\"potentialAction\":[{\"@type\":\"ReadAction\",\"target\":[\"https:\\\/\\\/vertitec.designstudio.host\\\/en\\\/quelle-tronconneuse-me-convient-le-mieux\\\/\"]}]},{\"@type\":\"BreadcrumbList\",\"@id\":\"https:\\\/\\\/vertitec.designstudio.host\\\/en\\\/quelle-tronconneuse-me-convient-le-mieux\\\/#breadcrumb\",\"itemListElement\":[{\"@type\":\"ListItem\",\"position\":1,\"name\":\"Home\",\"item\":\"https:\\\/\\\/vertitec.designstudio.host\\\/en\\\/\"},{\"@type\":\"ListItem\",\"position\":2,\"name\":\"Quelle tron\u00e7onneuse me convient le mieux ?\"}]},{\"@type\":\"WebSite\",\"@id\":\"https:\\\/\\\/vertitec.designstudio.host\\\/en\\\/#website\",\"url\":\"https:\\\/\\\/vertitec.designstudio.host\\\/en\\\/\",\"name\":\"Vertitec BV\",\"description\":\"\",\"potentialAction\":[{\"@type\":\"SearchAction\",\"target\":{\"@type\":\"EntryPoint\",\"urlTemplate\":\"https:\\\/\\\/vertitec.designstudio.host\\\/en\\\/?s={search_term_string}\"},\"query-input\":{\"@type\":\"PropertyValueSpecification\",\"valueRequired\":true,\"valueName\":\"search_term_string\"}}],\"inLanguage\":\"en-US\"}]}<\/script>\n<!-- \/ Yoast SEO plugin. -->","yoast_head_json":{"title":"STIHL Quelle tron\u00e7onneuse me convient le mieux?","description":"Une tron\u00e7onneuse est un outil pratique pour de nombreux travaux de jardinage mais quel mod\u00e8le choisir Optez-vous pour une version \u00e0 batterie \u00e9lect...","robots":{"index":"noindex","follow":"follow","max-snippet":"max-snippet:-1","max-image-preview":"max-image-preview:large","max-video-preview":"max-video-preview:-1"},"og_locale":"en_US","og_type":"article","og_title":"STIHL Quelle tron\u00e7onneuse me convient le mieux?","og_description":"Une tron\u00e7onneuse est un outil pratique pour de nombreux travaux de jardinage mais quel mod\u00e8le choisir Optez-vous pour une version \u00e0 batterie \u00e9lect...","og_url":"https:\/\/vertitec.designstudio.host\/en\/quelle-tronconneuse-me-convient-le-mieux\/","og_site_name":"Vertitec BV","twitter_card":"summary_large_image","twitter_title":"STIHL Quelle tron\u00e7onneuse me convient le mieux?","twitter_description":"Une tron\u00e7onneuse est un outil pratique pour de nombreux travaux de jardinage mais quel mod\u00e8le choisir Optez-vous pour une version \u00e0 batterie \u00e9lect...","schema":{"@context":"https:\/\/schema.org","@graph":[{"@type":"WebPage","@id":"https:\/\/vertitec.designstudio.host\/en\/quelle-tronconneuse-me-convient-le-mieux\/","url":"https:\/\/vertitec.designstudio.host\/en\/quelle-tronconneuse-me-convient-le-mieux\/","name":"STIHL Quelle tron\u00e7onneuse me convient le mieux?","isPartOf":{"@id":"https:\/\/vertitec.designstudio.host\/en\/#website"},"datePublished":"2025-10-04T11:56:15+00:00","description":"Une tron\u00e7onneuse est un outil pratique pour de nombreux travaux de jardinage mais quel mod\u00e8le choisir Optez-vous pour une version \u00e0 batterie \u00e9lect...","breadcrumb":{"@id":"https:\/\/vertitec.designstudio.host\/en\/quelle-tronconneuse-me-convient-le-mieux\/#breadcrumb"},"inLanguage":"en-US","potentialAction":[{"@type":"ReadAction","target":["https:\/\/vertitec.designstudio.host\/en\/quelle-tronconneuse-me-convient-le-mieux\/"]}]},{"@type":"BreadcrumbList","@id":"https:\/\/vertitec.designstudio.host\/en\/quelle-tronconneuse-me-convient-le-mieux\/#breadcrumb","itemListElement":[{"@type":"ListItem","position":1,"name":"Home","item":"https:\/\/vertitec.designstudio.host\/en\/"},{"@type":"ListItem","position":2,"name":"Quelle tron\u00e7onneuse me convient le mieux ?"}]},{"@type":"WebSite","@id":"https:\/\/vertitec.designstudio.host\/en\/#website","url":"https:\/\/vertitec.designstudio.host\/en\/","name":"Vertitec BV","description":"","potentialAction":[{"@type":"SearchAction","target":{"@type":"EntryPoint","urlTemplate":"https:\/\/vertitec.designstudio.host\/en\/?s={search_term_string}"},"query-input":{"@type":"PropertyValueSpecification","valueRequired":true,"valueName":"search_term_string"}}],"inLanguage":"en-US"}]}},"_links":{"self":[{"href":"https:\/\/vertitec.designstudio.host\/en\/wp-json\/wp\/v2\/pages\/18987","targetHints":{"allow":["GET"]}}],"collection":[{"href":"https:\/\/vertitec.designstudio.host\/en\/wp-json\/wp\/v2\/pages"}],"about":[{"href":"https:\/\/vertitec.designstudio.host\/en\/wp-json\/wp\/v2\/types\/page"}],"author":[{"embeddable":true,"href":"https:\/\/vertitec.designstudio.host\/en\/wp-json\/wp\/v2\/users\/1"}],"replies":[{"embeddable":true,"href":"https:\/\/vertitec.designstudio.host\/en\/wp-json\/wp\/v2\/comments?post=18987"}],"version-history":[{"count":0,"href":"https:\/\/vertitec.designstudio.host\/en\/wp-json\/wp\/v2\/pages\/18987\/revisions"}],"wp:attachment":[{"href":"https:\/\/vertitec.designstudio.host\/en\/wp-json\/wp\/v2\/media?parent=18987"}],"curies":[{"name":"wp","href":"https:\/\/api.w.org\/{rel}","templated":true}]}}