{"id":18986,"date":"2025-10-04T11:59:05","date_gmt":"2025-10-04T11:59:05","guid":{"rendered":"https:\/\/vertitec.designstudio.host\/assemblage-dune-tronconneuse\/"},"modified":"2025-10-04T11:59:05","modified_gmt":"2025-10-04T11:59:05","slug":"assemblage-dune-tronconneuse","status":"publish","type":"page","link":"https:\/\/vertitec.designstudio.host\/en\/assemblage-dune-tronconneuse\/","title":{"rendered":"Assemblage d&#8217;une tron\u00e7onneuse"},"content":{"rendered":"","protected":false},"excerpt":{"rendered":"","protected":false},"author":1,"featured_media":0,"parent":0,"menu_order":0,"comment_status":"closed","ping_status":"closed","template":"page.php","meta":{"_acf_changed":false,"footnotes":""},"class_list":["post-18986","page","type-page","status-publish","hentry"],"acf":[],"yoast_head":"<!-- This site is optimized with the Yoast SEO plugin v27.4 - https:\/\/yoast.com\/product\/yoast-seo-wordpress\/ -->\n<title>STIHL Assemblage d&#039;une tron\u00e7onneuse<\/title>\n<meta name=\"description\" content=\"Vous souhaitez assembler votre tron\u00e7onneuse Nous vous montrons comment installer correctement une cha\u00eene sur une tron\u00e7onneuse et pr\u00e9parer la machi...\" \/>\n<meta name=\"robots\" content=\"noindex, follow, max-snippet:-1, max-image-preview:large, max-video-preview:-1\" \/>\n<meta property=\"og:locale\" content=\"en_US\" \/>\n<meta property=\"og:type\" content=\"article\" \/>\n<meta property=\"og:title\" content=\"STIHL Assemblage d&#039;une tron\u00e7onneuse\" \/>\n<meta property=\"og:description\" content=\"Vous souhaitez assembler votre tron\u00e7onneuse Nous vous montrons comment installer correctement une cha\u00eene sur une tron\u00e7onneuse et pr\u00e9parer la machi...\" \/>\n<meta property=\"og:url\" content=\"https:\/\/vertitec.designstudio.host\/en\/assemblage-dune-tronconneuse\/\" \/>\n<meta property=\"og:site_name\" content=\"Vertitec BV\" \/>\n<meta name=\"twitter:card\" content=\"summary_large_image\" \/>\n<meta name=\"twitter:title\" content=\"STIHL Assemblage d&#039;une tron\u00e7onneuse\" \/>\n<meta name=\"twitter:description\" content=\"Vous souhaitez assembler votre tron\u00e7onneuse Nous vous montrons comment installer correctement une cha\u00eene sur une tron\u00e7onneuse et pr\u00e9parer la machi...\" \/>\n<script type=\"application\/ld+json\" class=\"yoast-schema-graph\">{\"@context\":\"https:\\\/\\\/schema.org\",\"@graph\":[{\"@type\":\"WebPage\",\"@id\":\"https:\\\/\\\/vertitec.designstudio.host\\\/en\\\/assemblage-dune-tronconneuse\\\/\",\"url\":\"https:\\\/\\\/vertitec.designstudio.host\\\/en\\\/assemblage-dune-tronconneuse\\\/\",\"name\":\"STIHL Assemblage d'une tron\u00e7onneuse\",\"isPartOf\":{\"@id\":\"https:\\\/\\\/vertitec.designstudio.host\\\/en\\\/#website\"},\"datePublished\":\"2025-10-04T11:59:05+00:00\",\"description\":\"Vous souhaitez assembler votre tron\u00e7onneuse Nous vous montrons comment installer correctement une cha\u00eene sur une tron\u00e7onneuse et pr\u00e9parer la machi...\",\"breadcrumb\":{\"@id\":\"https:\\\/\\\/vertitec.designstudio.host\\\/en\\\/assemblage-dune-tronconneuse\\\/#breadcrumb\"},\"inLanguage\":\"en-US\",\"potentialAction\":[{\"@type\":\"ReadAction\",\"target\":[\"https:\\\/\\\/vertitec.designstudio.host\\\/en\\\/assemblage-dune-tronconneuse\\\/\"]}]},{\"@type\":\"BreadcrumbList\",\"@id\":\"https:\\\/\\\/vertitec.designstudio.host\\\/en\\\/assemblage-dune-tronconneuse\\\/#breadcrumb\",\"itemListElement\":[{\"@type\":\"ListItem\",\"position\":1,\"name\":\"Home\",\"item\":\"https:\\\/\\\/vertitec.designstudio.host\\\/en\\\/\"},{\"@type\":\"ListItem\",\"position\":2,\"name\":\"Assemblage d&#8217;une tron\u00e7onneuse\"}]},{\"@type\":\"WebSite\",\"@id\":\"https:\\\/\\\/vertitec.designstudio.host\\\/en\\\/#website\",\"url\":\"https:\\\/\\\/vertitec.designstudio.host\\\/en\\\/\",\"name\":\"Vertitec BV\",\"description\":\"\",\"potentialAction\":[{\"@type\":\"SearchAction\",\"target\":{\"@type\":\"EntryPoint\",\"urlTemplate\":\"https:\\\/\\\/vertitec.designstudio.host\\\/en\\\/?s={search_term_string}\"},\"query-input\":{\"@type\":\"PropertyValueSpecification\",\"valueRequired\":true,\"valueName\":\"search_term_string\"}}],\"inLanguage\":\"en-US\"}]}<\/script>\n<!-- \/ Yoast SEO plugin. -->","yoast_head_json":{"title":"STIHL Assemblage d'une tron\u00e7onneuse","description":"Vous souhaitez assembler votre tron\u00e7onneuse Nous vous montrons comment installer correctement une cha\u00eene sur une tron\u00e7onneuse et pr\u00e9parer la machi...","robots":{"index":"noindex","follow":"follow","max-snippet":"max-snippet:-1","max-image-preview":"max-image-preview:large","max-video-preview":"max-video-preview:-1"},"og_locale":"en_US","og_type":"article","og_title":"STIHL Assemblage d'une tron\u00e7onneuse","og_description":"Vous souhaitez assembler votre tron\u00e7onneuse Nous vous montrons comment installer correctement une cha\u00eene sur une tron\u00e7onneuse et pr\u00e9parer la machi...","og_url":"https:\/\/vertitec.designstudio.host\/en\/assemblage-dune-tronconneuse\/","og_site_name":"Vertitec BV","twitter_card":"summary_large_image","twitter_title":"STIHL Assemblage d'une tron\u00e7onneuse","twitter_description":"Vous souhaitez assembler votre tron\u00e7onneuse Nous vous montrons comment installer correctement une cha\u00eene sur une tron\u00e7onneuse et pr\u00e9parer la machi...","schema":{"@context":"https:\/\/schema.org","@graph":[{"@type":"WebPage","@id":"https:\/\/vertitec.designstudio.host\/en\/assemblage-dune-tronconneuse\/","url":"https:\/\/vertitec.designstudio.host\/en\/assemblage-dune-tronconneuse\/","name":"STIHL Assemblage d'une tron\u00e7onneuse","isPartOf":{"@id":"https:\/\/vertitec.designstudio.host\/en\/#website"},"datePublished":"2025-10-04T11:59:05+00:00","description":"Vous souhaitez assembler votre tron\u00e7onneuse Nous vous montrons comment installer correctement une cha\u00eene sur une tron\u00e7onneuse et pr\u00e9parer la machi...","breadcrumb":{"@id":"https:\/\/vertitec.designstudio.host\/en\/assemblage-dune-tronconneuse\/#breadcrumb"},"inLanguage":"en-US","potentialAction":[{"@type":"ReadAction","target":["https:\/\/vertitec.designstudio.host\/en\/assemblage-dune-tronconneuse\/"]}]},{"@type":"BreadcrumbList","@id":"https:\/\/vertitec.designstudio.host\/en\/assemblage-dune-tronconneuse\/#breadcrumb","itemListElement":[{"@type":"ListItem","position":1,"name":"Home","item":"https:\/\/vertitec.designstudio.host\/en\/"},{"@type":"ListItem","position":2,"name":"Assemblage d&#8217;une tron\u00e7onneuse"}]},{"@type":"WebSite","@id":"https:\/\/vertitec.designstudio.host\/en\/#website","url":"https:\/\/vertitec.designstudio.host\/en\/","name":"Vertitec BV","description":"","potentialAction":[{"@type":"SearchAction","target":{"@type":"EntryPoint","urlTemplate":"https:\/\/vertitec.designstudio.host\/en\/?s={search_term_string}"},"query-input":{"@type":"PropertyValueSpecification","valueRequired":true,"valueName":"search_term_string"}}],"inLanguage":"en-US"}]}},"_links":{"self":[{"href":"https:\/\/vertitec.designstudio.host\/en\/wp-json\/wp\/v2\/pages\/18986","targetHints":{"allow":["GET"]}}],"collection":[{"href":"https:\/\/vertitec.designstudio.host\/en\/wp-json\/wp\/v2\/pages"}],"about":[{"href":"https:\/\/vertitec.designstudio.host\/en\/wp-json\/wp\/v2\/types\/page"}],"author":[{"embeddable":true,"href":"https:\/\/vertitec.designstudio.host\/en\/wp-json\/wp\/v2\/users\/1"}],"replies":[{"embeddable":true,"href":"https:\/\/vertitec.designstudio.host\/en\/wp-json\/wp\/v2\/comments?post=18986"}],"version-history":[{"count":0,"href":"https:\/\/vertitec.designstudio.host\/en\/wp-json\/wp\/v2\/pages\/18986\/revisions"}],"wp:attachment":[{"href":"https:\/\/vertitec.designstudio.host\/en\/wp-json\/wp\/v2\/media?parent=18986"}],"curies":[{"name":"wp","href":"https:\/\/api.w.org\/{rel}","templated":true}]}}