{"id":18984,"date":"2025-10-04T11:59:08","date_gmt":"2025-10-04T11:59:08","guid":{"rendered":"https:\/\/vertitec.designstudio.host\/technology-the-battery-stihl\/"},"modified":"2025-10-04T11:59:08","modified_gmt":"2025-10-04T11:59:08","slug":"technology-the-battery-stihl","status":"publish","type":"page","link":"https:\/\/vertitec.designstudio.host\/en\/technology-the-battery-stihl\/","title":{"rendered":"Technology the battery STIHL"},"content":{"rendered":"","protected":false},"excerpt":{"rendered":"","protected":false},"author":1,"featured_media":0,"parent":0,"menu_order":0,"comment_status":"closed","ping_status":"closed","template":"page.php","meta":{"_acf_changed":false,"footnotes":""},"class_list":["post-18984","page","type-page","status-publish","hentry"],"acf":[],"yoast_head":"<!-- This site is optimized with the Yoast SEO plugin v27.4 - https:\/\/yoast.com\/product\/yoast-seo-wordpress\/ -->\n<title>STIHL Technology the battery STIHL<\/title>\n<meta name=\"description\" content=\"Syst\u00e8me AK - Projets ambitieux Le syst\u00e8me AK silencieux et puissant est id\u00e9al si votre jardin est votre projet personnel. Avec notre gamme flexible...\" \/>\n<meta name=\"robots\" content=\"noindex, follow, max-snippet:-1, max-image-preview:large, max-video-preview:-1\" \/>\n<meta property=\"og:locale\" content=\"en_US\" \/>\n<meta property=\"og:type\" content=\"article\" \/>\n<meta property=\"og:title\" content=\"STIHL Technology the battery STIHL\" \/>\n<meta property=\"og:description\" content=\"Syst\u00e8me AK - Projets ambitieux Le syst\u00e8me AK silencieux et puissant est id\u00e9al si votre jardin est votre projet personnel. Avec notre gamme flexible...\" \/>\n<meta property=\"og:url\" content=\"https:\/\/vertitec.designstudio.host\/en\/technology-the-battery-stihl\/\" \/>\n<meta property=\"og:site_name\" content=\"Vertitec BV\" \/>\n<meta name=\"twitter:card\" content=\"summary_large_image\" \/>\n<meta name=\"twitter:title\" content=\"STIHL Technology the battery STIHL\" \/>\n<meta name=\"twitter:description\" content=\"Syst\u00e8me AK - Projets ambitieux Le syst\u00e8me AK silencieux et puissant est id\u00e9al si votre jardin est votre projet personnel. Avec notre gamme flexible...\" \/>\n<script type=\"application\/ld+json\" class=\"yoast-schema-graph\">{\"@context\":\"https:\\\/\\\/schema.org\",\"@graph\":[{\"@type\":\"WebPage\",\"@id\":\"https:\\\/\\\/vertitec.designstudio.host\\\/en\\\/technology-the-battery-stihl\\\/\",\"url\":\"https:\\\/\\\/vertitec.designstudio.host\\\/en\\\/technology-the-battery-stihl\\\/\",\"name\":\"STIHL Technology the battery STIHL\",\"isPartOf\":{\"@id\":\"https:\\\/\\\/vertitec.designstudio.host\\\/en\\\/#website\"},\"datePublished\":\"2025-10-04T11:59:08+00:00\",\"description\":\"Syst\u00e8me AK - Projets ambitieux Le syst\u00e8me AK silencieux et puissant est id\u00e9al si votre jardin est votre projet personnel. Avec notre gamme flexible...\",\"breadcrumb\":{\"@id\":\"https:\\\/\\\/vertitec.designstudio.host\\\/en\\\/technology-the-battery-stihl\\\/#breadcrumb\"},\"inLanguage\":\"en-US\",\"potentialAction\":[{\"@type\":\"ReadAction\",\"target\":[\"https:\\\/\\\/vertitec.designstudio.host\\\/en\\\/technology-the-battery-stihl\\\/\"]}]},{\"@type\":\"BreadcrumbList\",\"@id\":\"https:\\\/\\\/vertitec.designstudio.host\\\/en\\\/technology-the-battery-stihl\\\/#breadcrumb\",\"itemListElement\":[{\"@type\":\"ListItem\",\"position\":1,\"name\":\"Home\",\"item\":\"https:\\\/\\\/vertitec.designstudio.host\\\/en\\\/\"},{\"@type\":\"ListItem\",\"position\":2,\"name\":\"Technology the battery STIHL\"}]},{\"@type\":\"WebSite\",\"@id\":\"https:\\\/\\\/vertitec.designstudio.host\\\/en\\\/#website\",\"url\":\"https:\\\/\\\/vertitec.designstudio.host\\\/en\\\/\",\"name\":\"Vertitec BV\",\"description\":\"\",\"potentialAction\":[{\"@type\":\"SearchAction\",\"target\":{\"@type\":\"EntryPoint\",\"urlTemplate\":\"https:\\\/\\\/vertitec.designstudio.host\\\/en\\\/?s={search_term_string}\"},\"query-input\":{\"@type\":\"PropertyValueSpecification\",\"valueRequired\":true,\"valueName\":\"search_term_string\"}}],\"inLanguage\":\"en-US\"}]}<\/script>\n<!-- \/ Yoast SEO plugin. -->","yoast_head_json":{"title":"STIHL Technology the battery STIHL","description":"Syst\u00e8me AK - Projets ambitieux Le syst\u00e8me AK silencieux et puissant est id\u00e9al si votre jardin est votre projet personnel. Avec notre gamme flexible...","robots":{"index":"noindex","follow":"follow","max-snippet":"max-snippet:-1","max-image-preview":"max-image-preview:large","max-video-preview":"max-video-preview:-1"},"og_locale":"en_US","og_type":"article","og_title":"STIHL Technology the battery STIHL","og_description":"Syst\u00e8me AK - Projets ambitieux Le syst\u00e8me AK silencieux et puissant est id\u00e9al si votre jardin est votre projet personnel. Avec notre gamme flexible...","og_url":"https:\/\/vertitec.designstudio.host\/en\/technology-the-battery-stihl\/","og_site_name":"Vertitec BV","twitter_card":"summary_large_image","twitter_title":"STIHL Technology the battery STIHL","twitter_description":"Syst\u00e8me AK - Projets ambitieux Le syst\u00e8me AK silencieux et puissant est id\u00e9al si votre jardin est votre projet personnel. Avec notre gamme flexible...","schema":{"@context":"https:\/\/schema.org","@graph":[{"@type":"WebPage","@id":"https:\/\/vertitec.designstudio.host\/en\/technology-the-battery-stihl\/","url":"https:\/\/vertitec.designstudio.host\/en\/technology-the-battery-stihl\/","name":"STIHL Technology the battery STIHL","isPartOf":{"@id":"https:\/\/vertitec.designstudio.host\/en\/#website"},"datePublished":"2025-10-04T11:59:08+00:00","description":"Syst\u00e8me AK - Projets ambitieux Le syst\u00e8me AK silencieux et puissant est id\u00e9al si votre jardin est votre projet personnel. Avec notre gamme flexible...","breadcrumb":{"@id":"https:\/\/vertitec.designstudio.host\/en\/technology-the-battery-stihl\/#breadcrumb"},"inLanguage":"en-US","potentialAction":[{"@type":"ReadAction","target":["https:\/\/vertitec.designstudio.host\/en\/technology-the-battery-stihl\/"]}]},{"@type":"BreadcrumbList","@id":"https:\/\/vertitec.designstudio.host\/en\/technology-the-battery-stihl\/#breadcrumb","itemListElement":[{"@type":"ListItem","position":1,"name":"Home","item":"https:\/\/vertitec.designstudio.host\/en\/"},{"@type":"ListItem","position":2,"name":"Technology the battery STIHL"}]},{"@type":"WebSite","@id":"https:\/\/vertitec.designstudio.host\/en\/#website","url":"https:\/\/vertitec.designstudio.host\/en\/","name":"Vertitec BV","description":"","potentialAction":[{"@type":"SearchAction","target":{"@type":"EntryPoint","urlTemplate":"https:\/\/vertitec.designstudio.host\/en\/?s={search_term_string}"},"query-input":{"@type":"PropertyValueSpecification","valueRequired":true,"valueName":"search_term_string"}}],"inLanguage":"en-US"}]}},"_links":{"self":[{"href":"https:\/\/vertitec.designstudio.host\/en\/wp-json\/wp\/v2\/pages\/18984","targetHints":{"allow":["GET"]}}],"collection":[{"href":"https:\/\/vertitec.designstudio.host\/en\/wp-json\/wp\/v2\/pages"}],"about":[{"href":"https:\/\/vertitec.designstudio.host\/en\/wp-json\/wp\/v2\/types\/page"}],"author":[{"embeddable":true,"href":"https:\/\/vertitec.designstudio.host\/en\/wp-json\/wp\/v2\/users\/1"}],"replies":[{"embeddable":true,"href":"https:\/\/vertitec.designstudio.host\/en\/wp-json\/wp\/v2\/comments?post=18984"}],"version-history":[{"count":0,"href":"https:\/\/vertitec.designstudio.host\/en\/wp-json\/wp\/v2\/pages\/18984\/revisions"}],"wp:attachment":[{"href":"https:\/\/vertitec.designstudio.host\/en\/wp-json\/wp\/v2\/media?parent=18984"}],"curies":[{"name":"wp","href":"https:\/\/api.w.org\/{rel}","templated":true}]}}