{"id":18921,"date":"2025-10-04T11:56:21","date_gmt":"2025-10-04T11:56:21","guid":{"rendered":"https:\/\/vertitec.designstudio.host\/chaines-de-scie-et-guides-chaines\/"},"modified":"2025-10-04T11:56:21","modified_gmt":"2025-10-04T11:56:21","slug":"chaines-de-scie-et-guides-chaines","status":"publish","type":"page","link":"https:\/\/vertitec.designstudio.host\/en\/chaines-de-scie-et-guides-chaines\/","title":{"rendered":"Cha\u00eenes de scie et guides-cha\u00eenes"},"content":{"rendered":"","protected":false},"excerpt":{"rendered":"","protected":false},"author":1,"featured_media":0,"parent":0,"menu_order":0,"comment_status":"closed","ping_status":"closed","template":"page.php","meta":{"_acf_changed":false,"footnotes":""},"class_list":["post-18921","page","type-page","status-publish","hentry"],"acf":[],"yoast_head":"<!-- This site is optimized with the Yoast SEO plugin v27.4 - https:\/\/yoast.com\/product\/yoast-seo-wordpress\/ -->\n<title>STIHL Cha\u00eenes de scie et guides-cha\u00eenes<\/title>\n<meta name=\"description\" content=\"Nous avons d\u00e9velopp\u00e9 nous-m\u00eames toutes les cha\u00eenes de scie et tous les guides-cha\u00eenes STIHL. De cette fa\u00e7on nous pouvons garantir que les access...\" \/>\n<meta name=\"robots\" content=\"noindex, follow, max-snippet:-1, max-image-preview:large, max-video-preview:-1\" \/>\n<meta property=\"og:locale\" content=\"en_US\" \/>\n<meta property=\"og:type\" content=\"article\" \/>\n<meta property=\"og:title\" content=\"STIHL Cha\u00eenes de scie et guides-cha\u00eenes\" \/>\n<meta property=\"og:description\" content=\"Nous avons d\u00e9velopp\u00e9 nous-m\u00eames toutes les cha\u00eenes de scie et tous les guides-cha\u00eenes STIHL. De cette fa\u00e7on nous pouvons garantir que les access...\" \/>\n<meta property=\"og:url\" content=\"https:\/\/vertitec.designstudio.host\/en\/chaines-de-scie-et-guides-chaines\/\" \/>\n<meta property=\"og:site_name\" content=\"Vertitec BV\" \/>\n<meta name=\"twitter:card\" content=\"summary_large_image\" \/>\n<meta name=\"twitter:title\" content=\"STIHL Cha\u00eenes de scie et guides-cha\u00eenes\" \/>\n<meta name=\"twitter:description\" content=\"Nous avons d\u00e9velopp\u00e9 nous-m\u00eames toutes les cha\u00eenes de scie et tous les guides-cha\u00eenes STIHL. De cette fa\u00e7on nous pouvons garantir que les access...\" \/>\n<script type=\"application\/ld+json\" class=\"yoast-schema-graph\">{\"@context\":\"https:\\\/\\\/schema.org\",\"@graph\":[{\"@type\":\"WebPage\",\"@id\":\"https:\\\/\\\/vertitec.designstudio.host\\\/en\\\/chaines-de-scie-et-guides-chaines\\\/\",\"url\":\"https:\\\/\\\/vertitec.designstudio.host\\\/en\\\/chaines-de-scie-et-guides-chaines\\\/\",\"name\":\"STIHL Cha\u00eenes de scie et guides-cha\u00eenes\",\"isPartOf\":{\"@id\":\"https:\\\/\\\/vertitec.designstudio.host\\\/en\\\/#website\"},\"datePublished\":\"2025-10-04T11:56:21+00:00\",\"description\":\"Nous avons d\u00e9velopp\u00e9 nous-m\u00eames toutes les cha\u00eenes de scie et tous les guides-cha\u00eenes STIHL. De cette fa\u00e7on nous pouvons garantir que les access...\",\"breadcrumb\":{\"@id\":\"https:\\\/\\\/vertitec.designstudio.host\\\/en\\\/chaines-de-scie-et-guides-chaines\\\/#breadcrumb\"},\"inLanguage\":\"en-US\",\"potentialAction\":[{\"@type\":\"ReadAction\",\"target\":[\"https:\\\/\\\/vertitec.designstudio.host\\\/en\\\/chaines-de-scie-et-guides-chaines\\\/\"]}]},{\"@type\":\"BreadcrumbList\",\"@id\":\"https:\\\/\\\/vertitec.designstudio.host\\\/en\\\/chaines-de-scie-et-guides-chaines\\\/#breadcrumb\",\"itemListElement\":[{\"@type\":\"ListItem\",\"position\":1,\"name\":\"Home\",\"item\":\"https:\\\/\\\/vertitec.designstudio.host\\\/en\\\/\"},{\"@type\":\"ListItem\",\"position\":2,\"name\":\"Cha\u00eenes de scie et guides-cha\u00eenes\"}]},{\"@type\":\"WebSite\",\"@id\":\"https:\\\/\\\/vertitec.designstudio.host\\\/en\\\/#website\",\"url\":\"https:\\\/\\\/vertitec.designstudio.host\\\/en\\\/\",\"name\":\"Vertitec BV\",\"description\":\"\",\"potentialAction\":[{\"@type\":\"SearchAction\",\"target\":{\"@type\":\"EntryPoint\",\"urlTemplate\":\"https:\\\/\\\/vertitec.designstudio.host\\\/en\\\/?s={search_term_string}\"},\"query-input\":{\"@type\":\"PropertyValueSpecification\",\"valueRequired\":true,\"valueName\":\"search_term_string\"}}],\"inLanguage\":\"en-US\"}]}<\/script>\n<!-- \/ Yoast SEO plugin. -->","yoast_head_json":{"title":"STIHL Cha\u00eenes de scie et guides-cha\u00eenes","description":"Nous avons d\u00e9velopp\u00e9 nous-m\u00eames toutes les cha\u00eenes de scie et tous les guides-cha\u00eenes STIHL. De cette fa\u00e7on nous pouvons garantir que les access...","robots":{"index":"noindex","follow":"follow","max-snippet":"max-snippet:-1","max-image-preview":"max-image-preview:large","max-video-preview":"max-video-preview:-1"},"og_locale":"en_US","og_type":"article","og_title":"STIHL Cha\u00eenes de scie et guides-cha\u00eenes","og_description":"Nous avons d\u00e9velopp\u00e9 nous-m\u00eames toutes les cha\u00eenes de scie et tous les guides-cha\u00eenes STIHL. De cette fa\u00e7on nous pouvons garantir que les access...","og_url":"https:\/\/vertitec.designstudio.host\/en\/chaines-de-scie-et-guides-chaines\/","og_site_name":"Vertitec BV","twitter_card":"summary_large_image","twitter_title":"STIHL Cha\u00eenes de scie et guides-cha\u00eenes","twitter_description":"Nous avons d\u00e9velopp\u00e9 nous-m\u00eames toutes les cha\u00eenes de scie et tous les guides-cha\u00eenes STIHL. De cette fa\u00e7on nous pouvons garantir que les access...","schema":{"@context":"https:\/\/schema.org","@graph":[{"@type":"WebPage","@id":"https:\/\/vertitec.designstudio.host\/en\/chaines-de-scie-et-guides-chaines\/","url":"https:\/\/vertitec.designstudio.host\/en\/chaines-de-scie-et-guides-chaines\/","name":"STIHL Cha\u00eenes de scie et guides-cha\u00eenes","isPartOf":{"@id":"https:\/\/vertitec.designstudio.host\/en\/#website"},"datePublished":"2025-10-04T11:56:21+00:00","description":"Nous avons d\u00e9velopp\u00e9 nous-m\u00eames toutes les cha\u00eenes de scie et tous les guides-cha\u00eenes STIHL. De cette fa\u00e7on nous pouvons garantir que les access...","breadcrumb":{"@id":"https:\/\/vertitec.designstudio.host\/en\/chaines-de-scie-et-guides-chaines\/#breadcrumb"},"inLanguage":"en-US","potentialAction":[{"@type":"ReadAction","target":["https:\/\/vertitec.designstudio.host\/en\/chaines-de-scie-et-guides-chaines\/"]}]},{"@type":"BreadcrumbList","@id":"https:\/\/vertitec.designstudio.host\/en\/chaines-de-scie-et-guides-chaines\/#breadcrumb","itemListElement":[{"@type":"ListItem","position":1,"name":"Home","item":"https:\/\/vertitec.designstudio.host\/en\/"},{"@type":"ListItem","position":2,"name":"Cha\u00eenes de scie et guides-cha\u00eenes"}]},{"@type":"WebSite","@id":"https:\/\/vertitec.designstudio.host\/en\/#website","url":"https:\/\/vertitec.designstudio.host\/en\/","name":"Vertitec BV","description":"","potentialAction":[{"@type":"SearchAction","target":{"@type":"EntryPoint","urlTemplate":"https:\/\/vertitec.designstudio.host\/en\/?s={search_term_string}"},"query-input":{"@type":"PropertyValueSpecification","valueRequired":true,"valueName":"search_term_string"}}],"inLanguage":"en-US"}]}},"_links":{"self":[{"href":"https:\/\/vertitec.designstudio.host\/en\/wp-json\/wp\/v2\/pages\/18921","targetHints":{"allow":["GET"]}}],"collection":[{"href":"https:\/\/vertitec.designstudio.host\/en\/wp-json\/wp\/v2\/pages"}],"about":[{"href":"https:\/\/vertitec.designstudio.host\/en\/wp-json\/wp\/v2\/types\/page"}],"author":[{"embeddable":true,"href":"https:\/\/vertitec.designstudio.host\/en\/wp-json\/wp\/v2\/users\/1"}],"replies":[{"embeddable":true,"href":"https:\/\/vertitec.designstudio.host\/en\/wp-json\/wp\/v2\/comments?post=18921"}],"version-history":[{"count":0,"href":"https:\/\/vertitec.designstudio.host\/en\/wp-json\/wp\/v2\/pages\/18921\/revisions"}],"wp:attachment":[{"href":"https:\/\/vertitec.designstudio.host\/en\/wp-json\/wp\/v2\/media?parent=18921"}],"curies":[{"name":"wp","href":"https:\/\/api.w.org\/{rel}","templated":true}]}}