{"id":18919,"date":"2025-10-04T11:56:24","date_gmt":"2025-10-04T11:56:24","guid":{"rendered":"https:\/\/vertitec.designstudio.host\/stihl-connecte\/"},"modified":"2025-10-04T11:56:24","modified_gmt":"2025-10-04T11:56:24","slug":"stihl-connecte","status":"publish","type":"page","link":"https:\/\/vertitec.designstudio.host\/en\/stihl-connecte\/","title":{"rendered":"STIHL Connect\u00e9"},"content":{"rendered":"","protected":false},"excerpt":{"rendered":"","protected":false},"author":1,"featured_media":0,"parent":0,"menu_order":0,"comment_status":"closed","ping_status":"closed","template":"page.php","meta":{"_acf_changed":false,"footnotes":""},"class_list":["post-18919","page","type-page","status-publish","hentry"],"acf":[],"yoast_head":"<!-- This site is optimized with the Yoast SEO plugin v27.4 - https:\/\/yoast.com\/product\/yoast-seo-wordpress\/ -->\n<title>STIHL STIHL Connect\u00e9<\/title>\n<meta name=\"description\" content=\"Avec STIHL connected nous avons cr\u00e9\u00e9 une solution num\u00e9rique qui vous offre une r\u00e9elle valeur ajout\u00e9e dans votre travail quotidien. Ceci est garan...\" \/>\n<meta name=\"robots\" content=\"noindex, follow, max-snippet:-1, max-image-preview:large, max-video-preview:-1\" \/>\n<meta property=\"og:locale\" content=\"en_US\" \/>\n<meta property=\"og:type\" content=\"article\" \/>\n<meta property=\"og:title\" content=\"STIHL STIHL Connect\u00e9\" \/>\n<meta property=\"og:description\" content=\"Avec STIHL connected nous avons cr\u00e9\u00e9 une solution num\u00e9rique qui vous offre une r\u00e9elle valeur ajout\u00e9e dans votre travail quotidien. Ceci est garan...\" \/>\n<meta property=\"og:url\" content=\"https:\/\/vertitec.designstudio.host\/en\/stihl-connecte\/\" \/>\n<meta property=\"og:site_name\" content=\"Vertitec BV\" \/>\n<meta name=\"twitter:card\" content=\"summary_large_image\" \/>\n<meta name=\"twitter:title\" content=\"STIHL STIHL Connect\u00e9\" \/>\n<meta name=\"twitter:description\" content=\"Avec STIHL connected nous avons cr\u00e9\u00e9 une solution num\u00e9rique qui vous offre une r\u00e9elle valeur ajout\u00e9e dans votre travail quotidien. Ceci est garan...\" \/>\n<script type=\"application\/ld+json\" class=\"yoast-schema-graph\">{\"@context\":\"https:\\\/\\\/schema.org\",\"@graph\":[{\"@type\":\"WebPage\",\"@id\":\"https:\\\/\\\/vertitec.designstudio.host\\\/en\\\/stihl-connecte\\\/\",\"url\":\"https:\\\/\\\/vertitec.designstudio.host\\\/en\\\/stihl-connecte\\\/\",\"name\":\"STIHL STIHL Connect\u00e9\",\"isPartOf\":{\"@id\":\"https:\\\/\\\/vertitec.designstudio.host\\\/en\\\/#website\"},\"datePublished\":\"2025-10-04T11:56:24+00:00\",\"description\":\"Avec STIHL connected nous avons cr\u00e9\u00e9 une solution num\u00e9rique qui vous offre une r\u00e9elle valeur ajout\u00e9e dans votre travail quotidien. Ceci est garan...\",\"breadcrumb\":{\"@id\":\"https:\\\/\\\/vertitec.designstudio.host\\\/en\\\/stihl-connecte\\\/#breadcrumb\"},\"inLanguage\":\"en-US\",\"potentialAction\":[{\"@type\":\"ReadAction\",\"target\":[\"https:\\\/\\\/vertitec.designstudio.host\\\/en\\\/stihl-connecte\\\/\"]}]},{\"@type\":\"BreadcrumbList\",\"@id\":\"https:\\\/\\\/vertitec.designstudio.host\\\/en\\\/stihl-connecte\\\/#breadcrumb\",\"itemListElement\":[{\"@type\":\"ListItem\",\"position\":1,\"name\":\"Home\",\"item\":\"https:\\\/\\\/vertitec.designstudio.host\\\/en\\\/\"},{\"@type\":\"ListItem\",\"position\":2,\"name\":\"STIHL Connect\u00e9\"}]},{\"@type\":\"WebSite\",\"@id\":\"https:\\\/\\\/vertitec.designstudio.host\\\/en\\\/#website\",\"url\":\"https:\\\/\\\/vertitec.designstudio.host\\\/en\\\/\",\"name\":\"Vertitec BV\",\"description\":\"\",\"potentialAction\":[{\"@type\":\"SearchAction\",\"target\":{\"@type\":\"EntryPoint\",\"urlTemplate\":\"https:\\\/\\\/vertitec.designstudio.host\\\/en\\\/?s={search_term_string}\"},\"query-input\":{\"@type\":\"PropertyValueSpecification\",\"valueRequired\":true,\"valueName\":\"search_term_string\"}}],\"inLanguage\":\"en-US\"}]}<\/script>\n<!-- \/ Yoast SEO plugin. -->","yoast_head_json":{"title":"STIHL STIHL Connect\u00e9","description":"Avec STIHL connected nous avons cr\u00e9\u00e9 une solution num\u00e9rique qui vous offre une r\u00e9elle valeur ajout\u00e9e dans votre travail quotidien. Ceci est garan...","robots":{"index":"noindex","follow":"follow","max-snippet":"max-snippet:-1","max-image-preview":"max-image-preview:large","max-video-preview":"max-video-preview:-1"},"og_locale":"en_US","og_type":"article","og_title":"STIHL STIHL Connect\u00e9","og_description":"Avec STIHL connected nous avons cr\u00e9\u00e9 une solution num\u00e9rique qui vous offre une r\u00e9elle valeur ajout\u00e9e dans votre travail quotidien. Ceci est garan...","og_url":"https:\/\/vertitec.designstudio.host\/en\/stihl-connecte\/","og_site_name":"Vertitec BV","twitter_card":"summary_large_image","twitter_title":"STIHL STIHL Connect\u00e9","twitter_description":"Avec STIHL connected nous avons cr\u00e9\u00e9 une solution num\u00e9rique qui vous offre une r\u00e9elle valeur ajout\u00e9e dans votre travail quotidien. Ceci est garan...","schema":{"@context":"https:\/\/schema.org","@graph":[{"@type":"WebPage","@id":"https:\/\/vertitec.designstudio.host\/en\/stihl-connecte\/","url":"https:\/\/vertitec.designstudio.host\/en\/stihl-connecte\/","name":"STIHL STIHL Connect\u00e9","isPartOf":{"@id":"https:\/\/vertitec.designstudio.host\/en\/#website"},"datePublished":"2025-10-04T11:56:24+00:00","description":"Avec STIHL connected nous avons cr\u00e9\u00e9 une solution num\u00e9rique qui vous offre une r\u00e9elle valeur ajout\u00e9e dans votre travail quotidien. Ceci est garan...","breadcrumb":{"@id":"https:\/\/vertitec.designstudio.host\/en\/stihl-connecte\/#breadcrumb"},"inLanguage":"en-US","potentialAction":[{"@type":"ReadAction","target":["https:\/\/vertitec.designstudio.host\/en\/stihl-connecte\/"]}]},{"@type":"BreadcrumbList","@id":"https:\/\/vertitec.designstudio.host\/en\/stihl-connecte\/#breadcrumb","itemListElement":[{"@type":"ListItem","position":1,"name":"Home","item":"https:\/\/vertitec.designstudio.host\/en\/"},{"@type":"ListItem","position":2,"name":"STIHL Connect\u00e9"}]},{"@type":"WebSite","@id":"https:\/\/vertitec.designstudio.host\/en\/#website","url":"https:\/\/vertitec.designstudio.host\/en\/","name":"Vertitec BV","description":"","potentialAction":[{"@type":"SearchAction","target":{"@type":"EntryPoint","urlTemplate":"https:\/\/vertitec.designstudio.host\/en\/?s={search_term_string}"},"query-input":{"@type":"PropertyValueSpecification","valueRequired":true,"valueName":"search_term_string"}}],"inLanguage":"en-US"}]}},"_links":{"self":[{"href":"https:\/\/vertitec.designstudio.host\/en\/wp-json\/wp\/v2\/pages\/18919","targetHints":{"allow":["GET"]}}],"collection":[{"href":"https:\/\/vertitec.designstudio.host\/en\/wp-json\/wp\/v2\/pages"}],"about":[{"href":"https:\/\/vertitec.designstudio.host\/en\/wp-json\/wp\/v2\/types\/page"}],"author":[{"embeddable":true,"href":"https:\/\/vertitec.designstudio.host\/en\/wp-json\/wp\/v2\/users\/1"}],"replies":[{"embeddable":true,"href":"https:\/\/vertitec.designstudio.host\/en\/wp-json\/wp\/v2\/comments?post=18919"}],"version-history":[{"count":0,"href":"https:\/\/vertitec.designstudio.host\/en\/wp-json\/wp\/v2\/pages\/18919\/revisions"}],"wp:attachment":[{"href":"https:\/\/vertitec.designstudio.host\/en\/wp-json\/wp\/v2\/media?parent=18919"}],"curies":[{"name":"wp","href":"https:\/\/api.w.org\/{rel}","templated":true}]}}