{"id":18918,"date":"2025-10-04T11:58:19","date_gmt":"2025-10-04T11:58:19","guid":{"rendered":"https:\/\/vertitec.designstudio.host\/comment-tailler-une-haie\/"},"modified":"2025-10-04T11:58:19","modified_gmt":"2025-10-04T11:58:19","slug":"comment-tailler-une-haie","status":"publish","type":"page","link":"https:\/\/vertitec.designstudio.host\/en\/comment-tailler-une-haie\/","title":{"rendered":"Comment tailler une haie ?"},"content":{"rendered":"","protected":false},"excerpt":{"rendered":"","protected":false},"author":1,"featured_media":0,"parent":0,"menu_order":0,"comment_status":"closed","ping_status":"closed","template":"page.php","meta":{"_acf_changed":false,"footnotes":""},"class_list":["post-18918","page","type-page","status-publish","hentry"],"acf":[],"yoast_head":"<!-- This site is optimized with the Yoast SEO plugin v27.4 - https:\/\/yoast.com\/product\/yoast-seo-wordpress\/ -->\n<title>STIHL Comment tailler une haie ?<\/title>\n<meta name=\"description\" content=\"Les haies qui fleurissent au printemps ne doivent \u00eatre taill\u00e9es qu&#039;apr\u00e8s la floraison. Si vous souhaitez tailler l\u00e9g\u00e8rement la forme en \u00e9t\u00e9 de m...\" \/>\n<meta name=\"robots\" content=\"noindex, follow, max-snippet:-1, max-image-preview:large, max-video-preview:-1\" \/>\n<meta property=\"og:locale\" content=\"en_US\" \/>\n<meta property=\"og:type\" content=\"article\" \/>\n<meta property=\"og:title\" content=\"STIHL Comment tailler une haie ?\" \/>\n<meta property=\"og:description\" content=\"Les haies qui fleurissent au printemps ne doivent \u00eatre taill\u00e9es qu&#039;apr\u00e8s la floraison. Si vous souhaitez tailler l\u00e9g\u00e8rement la forme en \u00e9t\u00e9 de m...\" \/>\n<meta property=\"og:url\" content=\"https:\/\/vertitec.designstudio.host\/en\/comment-tailler-une-haie\/\" \/>\n<meta property=\"og:site_name\" content=\"Vertitec BV\" \/>\n<meta name=\"twitter:card\" content=\"summary_large_image\" \/>\n<meta name=\"twitter:title\" content=\"STIHL Comment tailler une haie ?\" \/>\n<meta name=\"twitter:description\" content=\"Les haies qui fleurissent au printemps ne doivent \u00eatre taill\u00e9es qu&#039;apr\u00e8s la floraison. Si vous souhaitez tailler l\u00e9g\u00e8rement la forme en \u00e9t\u00e9 de m...\" \/>\n<script type=\"application\/ld+json\" class=\"yoast-schema-graph\">{\"@context\":\"https:\\\/\\\/schema.org\",\"@graph\":[{\"@type\":\"WebPage\",\"@id\":\"https:\\\/\\\/vertitec.designstudio.host\\\/en\\\/comment-tailler-une-haie\\\/\",\"url\":\"https:\\\/\\\/vertitec.designstudio.host\\\/en\\\/comment-tailler-une-haie\\\/\",\"name\":\"STIHL Comment tailler une haie ?\",\"isPartOf\":{\"@id\":\"https:\\\/\\\/vertitec.designstudio.host\\\/en\\\/#website\"},\"datePublished\":\"2025-10-04T11:58:19+00:00\",\"description\":\"Les haies qui fleurissent au printemps ne doivent \u00eatre taill\u00e9es qu'apr\u00e8s la floraison. Si vous souhaitez tailler l\u00e9g\u00e8rement la forme en \u00e9t\u00e9 de m...\",\"breadcrumb\":{\"@id\":\"https:\\\/\\\/vertitec.designstudio.host\\\/en\\\/comment-tailler-une-haie\\\/#breadcrumb\"},\"inLanguage\":\"en-US\",\"potentialAction\":[{\"@type\":\"ReadAction\",\"target\":[\"https:\\\/\\\/vertitec.designstudio.host\\\/en\\\/comment-tailler-une-haie\\\/\"]}]},{\"@type\":\"BreadcrumbList\",\"@id\":\"https:\\\/\\\/vertitec.designstudio.host\\\/en\\\/comment-tailler-une-haie\\\/#breadcrumb\",\"itemListElement\":[{\"@type\":\"ListItem\",\"position\":1,\"name\":\"Home\",\"item\":\"https:\\\/\\\/vertitec.designstudio.host\\\/en\\\/\"},{\"@type\":\"ListItem\",\"position\":2,\"name\":\"Comment tailler une haie ?\"}]},{\"@type\":\"WebSite\",\"@id\":\"https:\\\/\\\/vertitec.designstudio.host\\\/en\\\/#website\",\"url\":\"https:\\\/\\\/vertitec.designstudio.host\\\/en\\\/\",\"name\":\"Vertitec BV\",\"description\":\"\",\"potentialAction\":[{\"@type\":\"SearchAction\",\"target\":{\"@type\":\"EntryPoint\",\"urlTemplate\":\"https:\\\/\\\/vertitec.designstudio.host\\\/en\\\/?s={search_term_string}\"},\"query-input\":{\"@type\":\"PropertyValueSpecification\",\"valueRequired\":true,\"valueName\":\"search_term_string\"}}],\"inLanguage\":\"en-US\"}]}<\/script>\n<!-- \/ Yoast SEO plugin. -->","yoast_head_json":{"title":"STIHL Comment tailler une haie ?","description":"Les haies qui fleurissent au printemps ne doivent \u00eatre taill\u00e9es qu'apr\u00e8s la floraison. Si vous souhaitez tailler l\u00e9g\u00e8rement la forme en \u00e9t\u00e9 de m...","robots":{"index":"noindex","follow":"follow","max-snippet":"max-snippet:-1","max-image-preview":"max-image-preview:large","max-video-preview":"max-video-preview:-1"},"og_locale":"en_US","og_type":"article","og_title":"STIHL Comment tailler une haie ?","og_description":"Les haies qui fleurissent au printemps ne doivent \u00eatre taill\u00e9es qu'apr\u00e8s la floraison. Si vous souhaitez tailler l\u00e9g\u00e8rement la forme en \u00e9t\u00e9 de m...","og_url":"https:\/\/vertitec.designstudio.host\/en\/comment-tailler-une-haie\/","og_site_name":"Vertitec BV","twitter_card":"summary_large_image","twitter_title":"STIHL Comment tailler une haie ?","twitter_description":"Les haies qui fleurissent au printemps ne doivent \u00eatre taill\u00e9es qu'apr\u00e8s la floraison. Si vous souhaitez tailler l\u00e9g\u00e8rement la forme en \u00e9t\u00e9 de m...","schema":{"@context":"https:\/\/schema.org","@graph":[{"@type":"WebPage","@id":"https:\/\/vertitec.designstudio.host\/en\/comment-tailler-une-haie\/","url":"https:\/\/vertitec.designstudio.host\/en\/comment-tailler-une-haie\/","name":"STIHL Comment tailler une haie ?","isPartOf":{"@id":"https:\/\/vertitec.designstudio.host\/en\/#website"},"datePublished":"2025-10-04T11:58:19+00:00","description":"Les haies qui fleurissent au printemps ne doivent \u00eatre taill\u00e9es qu'apr\u00e8s la floraison. Si vous souhaitez tailler l\u00e9g\u00e8rement la forme en \u00e9t\u00e9 de m...","breadcrumb":{"@id":"https:\/\/vertitec.designstudio.host\/en\/comment-tailler-une-haie\/#breadcrumb"},"inLanguage":"en-US","potentialAction":[{"@type":"ReadAction","target":["https:\/\/vertitec.designstudio.host\/en\/comment-tailler-une-haie\/"]}]},{"@type":"BreadcrumbList","@id":"https:\/\/vertitec.designstudio.host\/en\/comment-tailler-une-haie\/#breadcrumb","itemListElement":[{"@type":"ListItem","position":1,"name":"Home","item":"https:\/\/vertitec.designstudio.host\/en\/"},{"@type":"ListItem","position":2,"name":"Comment tailler une haie ?"}]},{"@type":"WebSite","@id":"https:\/\/vertitec.designstudio.host\/en\/#website","url":"https:\/\/vertitec.designstudio.host\/en\/","name":"Vertitec BV","description":"","potentialAction":[{"@type":"SearchAction","target":{"@type":"EntryPoint","urlTemplate":"https:\/\/vertitec.designstudio.host\/en\/?s={search_term_string}"},"query-input":{"@type":"PropertyValueSpecification","valueRequired":true,"valueName":"search_term_string"}}],"inLanguage":"en-US"}]}},"_links":{"self":[{"href":"https:\/\/vertitec.designstudio.host\/en\/wp-json\/wp\/v2\/pages\/18918","targetHints":{"allow":["GET"]}}],"collection":[{"href":"https:\/\/vertitec.designstudio.host\/en\/wp-json\/wp\/v2\/pages"}],"about":[{"href":"https:\/\/vertitec.designstudio.host\/en\/wp-json\/wp\/v2\/types\/page"}],"author":[{"embeddable":true,"href":"https:\/\/vertitec.designstudio.host\/en\/wp-json\/wp\/v2\/users\/1"}],"replies":[{"embeddable":true,"href":"https:\/\/vertitec.designstudio.host\/en\/wp-json\/wp\/v2\/comments?post=18918"}],"version-history":[{"count":0,"href":"https:\/\/vertitec.designstudio.host\/en\/wp-json\/wp\/v2\/pages\/18918\/revisions"}],"wp:attachment":[{"href":"https:\/\/vertitec.designstudio.host\/en\/wp-json\/wp\/v2\/media?parent=18918"}],"curies":[{"name":"wp","href":"https:\/\/api.w.org\/{rel}","templated":true}]}}